{"id":29184,"date":"2024-11-23T01:19:17","date_gmt":"2024-11-23T01:19:17","guid":{"rendered":"https:\/\/jxgchocolate.com\/?post_type=product&#038;p=29184"},"modified":"2024-11-23T01:19:19","modified_gmt":"2024-11-23T01:19:19","slug":"bulk-chocolate-bars-wholesale","status":"publish","type":"product","link":"https:\/\/jxgchocolate.com\/es\/producto\/bulk-chocolate-bars-wholesale\/","title":{"rendered":"Barritas de chocolate al por mayor con cuatro sabores nuevos"},"content":{"rendered":"<div class=\"wp-block-columns is-layout-flex wp-container-core-columns-is-layout-9d6595d7 wp-block-columns-is-layout-flex\">\n<div class=\"wp-block-column is-layout-flow wp-block-column-is-layout-flow\">\n<h2 class=\"wp-block-heading\">Barras de chocolate a granel de primera calidad al por mayor Caracter\u00edsticas:<\/h2>\n\n\n\n<ul class=\"wp-block-list\">\n<li><strong>Interpretaci\u00f3n innovadora de sabores cl\u00e1sicos: <\/strong>La fusi\u00f3n perfecta de cacao de alta calidad y hojas de t\u00e9 locales aporta un sabor sedoso y delicado, revitalizando la cl\u00e1sica tableta de chocolate a granel. El rico aroma del t\u00e9 se entrelaza con la riqueza del cacao, creando una experiencia gustativa \u00fanica. La adici\u00f3n especial de galletas crujientes realza a\u00fan m\u00e1s el sabor de m\u00faltiples capas y el disfrute de las papilas gustativas.<\/li>\n\n\n\n<li><strong>Ricas opciones de sabor: <\/strong>Diferentes combinaciones de sabores en nuestras barras de chocolate al por mayor a granel pueden satisfacer las preferencias de sabor de los diferentes consumidores, si les gusta los sabores tradicionales de chocolate, o los consumidores que les gusta probar nuevos sabores o disfrutar de t\u00e9, todos ellos pueden encontrar sus sabores favoritos.<\/li>\n\n\n\n<li><strong>Sabor multinivel: <\/strong>Cada sabor de las tabletas de chocolate al por mayor tiene sus propias caracter\u00edsticas gustativas: algunas son suaves y delicadas, otras tienen una textura granulada y otras una textura crujiente parecida a la de las galletas. Varios sabores de chocolate pueden combinarse entre s\u00ed para crear m\u00e1s capas de sabor y contraste, aumentando el placer del consumo.<\/li>\n\n\n\n<li><strong>Salud y nutrici\u00f3n: <\/strong>El t\u00e9 Yashi Dancong es rico en antioxidantes como los flavanoles, que pueden ayudar a mejorar la inmunidad y favorecer la digesti\u00f3n. Nuestra barra de chocolate a granel combinado con antioxidantes en el chocolate negro, aumenta a\u00fan m\u00e1s el valor saludable del producto.<\/li>\n<\/ul>\n<\/div>\n\n\n\n<div class=\"wp-block-column is-layout-flow wp-block-column-is-layout-flow\">\n<figure class=\"wp-block-image size-full\"><img fetchpriority=\"high\" decoding=\"async\" width=\"2000\" height=\"2000\" src=\"https:\/\/jxgchocolate.com\/wp-content\/uploads\/2024\/11\/Wholesales-Chocolate-Bars-Bulk-With-Four-Newest-Flavors-In-China4.webp\" alt=\"Venta al por mayor de tabletas de chocolate al por mayor con cuatro nuevos sabores-4\" class=\"wp-image-29188\" srcset=\"https:\/\/jxgchocolate.com\/wp-content\/uploads\/2024\/11\/Wholesales-Chocolate-Bars-Bulk-With-Four-Newest-Flavors-In-China4.webp 2000w, https:\/\/jxgchocolate.com\/wp-content\/uploads\/2024\/11\/Wholesales-Chocolate-Bars-Bulk-With-Four-Newest-Flavors-In-China4-300x300.webp 300w, https:\/\/jxgchocolate.com\/wp-content\/uploads\/2024\/11\/Wholesales-Chocolate-Bars-Bulk-With-Four-Newest-Flavors-In-China4-150x150.webp 150w, https:\/\/jxgchocolate.com\/wp-content\/uploads\/2024\/11\/Wholesales-Chocolate-Bars-Bulk-With-Four-Newest-Flavors-In-China4-768x768.webp 768w, https:\/\/jxgchocolate.com\/wp-content\/uploads\/2024\/11\/Wholesales-Chocolate-Bars-Bulk-With-Four-Newest-Flavors-In-China4-12x12.webp 12w, https:\/\/jxgchocolate.com\/wp-content\/uploads\/2024\/11\/Wholesales-Chocolate-Bars-Bulk-With-Four-Newest-Flavors-In-China4-430x430.webp 430w, https:\/\/jxgchocolate.com\/wp-content\/uploads\/2024\/11\/Wholesales-Chocolate-Bars-Bulk-With-Four-Newest-Flavors-In-China4-700x700.webp 700w\" sizes=\"(max-width: 2000px) 100vw, 2000px\" \/><\/figure>\n<\/div>\n<\/div>\n\n\n\n<p><\/p>","protected":false},"excerpt":{"rendered":"<p>Bienvenido a comprar tabletas de chocolate al por mayor. Las cuatro nuevas tabletas de chocolate a granel al por mayor no s\u00f3lo satisfacen la b\u00fasqueda de exquisitez de los consumidores, sino que tambi\u00e9n proporcionan diversas opciones y experiencias de alta calidad. Ya sea como tentempi\u00e9 diario, ingrediente para hornear o un gran regalo, los cuatro sabores de la nueva secci\u00f3n de chocolate son todos una buena elecci\u00f3n.<\/p>\n<table style=\"height: 304px;\" width=\"423\">\n<tbody>\n<tr>\n<td width=\"166\">Fabricante<\/td>\n<td width=\"257\">Fruta de la suerte<\/td>\n<\/tr>\n<tr>\n<td>N\u00ba DE MODELO<\/td>\n<td>JXG52<\/td>\n<\/tr>\n<tr>\n<td>Tipo<\/td>\n<td>Barritas de chocolate<\/td>\n<\/tr>\n<tr>\n<td>Embalaje<\/td>\n<td>Embalaje en cajas<\/td>\n<\/tr>\n<tr>\n<td>Especificaci\u00f3n<\/td>\n<td>20 piezas*12 cajas<\/td>\n<\/tr>\n<tr>\n<td>Tama\u00f1o de la caja<\/td>\n<td>48.5*20*29cm<\/td>\n<\/tr>\n<tr>\n<td>N.W \/SET<\/td>\n<td>20g*20piezas<\/td>\n<\/tr>\n<tr>\n<td>Color<\/td>\n<td>Como imagen<\/td>\n<\/tr>\n<tr>\n<td>MOQ<\/td>\n<td>500 cajas<\/td>\n<\/tr>\n<tr>\n<td>Personalizaci\u00f3n<\/td>\n<td>Embalaje\/LOGO<\/td>\n<\/tr>\n<\/tbody>\n<\/table>","protected":false},"featured_media":29185,"comment_status":"closed","ping_status":"closed","template":"","meta":[],"product_cat":[91],"product_tag":[],"class_list":{"0":"post-29184","1":"product","2":"type-product","3":"status-publish","4":"has-post-thumbnail","6":"product_cat-bulk-chocolate-bars","8":"first","9":"instock","10":"shipping-taxable","11":"product-type-simple"},"_links":{"self":[{"href":"https:\/\/jxgchocolate.com\/es\/wp-json\/wp\/v2\/product\/29184","targetHints":{"allow":["GET"]}}],"collection":[{"href":"https:\/\/jxgchocolate.com\/es\/wp-json\/wp\/v2\/product"}],"about":[{"href":"https:\/\/jxgchocolate.com\/es\/wp-json\/wp\/v2\/types\/product"}],"replies":[{"embeddable":true,"href":"https:\/\/jxgchocolate.com\/es\/wp-json\/wp\/v2\/comments?post=29184"}],"version-history":[{"count":0,"href":"https:\/\/jxgchocolate.com\/es\/wp-json\/wp\/v2\/product\/29184\/revisions"}],"wp:featuredmedia":[{"embeddable":true,"href":"https:\/\/jxgchocolate.com\/es\/wp-json\/wp\/v2\/media\/29185"}],"wp:attachment":[{"href":"https:\/\/jxgchocolate.com\/es\/wp-json\/wp\/v2\/media?parent=29184"}],"wp:term":[{"taxonomy":"product_cat","embeddable":true,"href":"https:\/\/jxgchocolate.com\/es\/wp-json\/wp\/v2\/product_cat?post=29184"},{"taxonomy":"product_tag","embeddable":true,"href":"https:\/\/jxgchocolate.com\/es\/wp-json\/wp\/v2\/product_tag?post=29184"}],"curies":[{"name":"wp","href":"https:\/\/api.w.org\/{rel}","templated":true}]}}