{"id":29194,"date":"2024-11-23T01:48:27","date_gmt":"2024-11-23T01:48:27","guid":{"rendered":"https:\/\/jxgchocolate.com\/?post_type=product&#038;p=29194"},"modified":"2024-11-23T01:48:30","modified_gmt":"2024-11-23T01:48:30","slug":"buy-chocolate-bars-in-bulk","status":"publish","type":"product","link":"https:\/\/jxgchocolate.com\/es\/producto\/buy-chocolate-bars-in-bulk\/","title":{"rendered":"Comprar tabletas de chocolate a granel con sabor a t\u00e9 verde de China"},"content":{"rendered":"<div class=\"wp-block-columns is-layout-flex wp-container-core-columns-is-layout-9d6595d7 wp-block-columns-is-layout-flex\">\n<div class=\"wp-block-column is-layout-flow wp-block-column-is-layout-flow\">\n<h2 class=\"wp-block-heading\">Premium Comprar barras de chocolate a granel Caracter\u00edsticas:<\/h2>\n\n\n\n<ul class=\"wp-block-list\">\n<li><strong>Sabor \u00fanico a t\u00e9: <\/strong>Nuestras tabletas de chocolate con t\u00e9 al por mayor Yashi Dancong utilizan aut\u00e9ntico t\u00e9 en polvo de Chaozhou, Guangdong, la principal zona de producci\u00f3n de Phoenix Dancong, para elaborar la salsa de t\u00e9, lo que confiere al chocolate una fragancia \u00fanica de orqu\u00eddea Yashi Dancong. Este aroma se equilibra con la riqueza del chocolate, haciendo que su sabor sea m\u00e1s rico y tridimensional. El aroma de Yashi Dancong y del t\u00e9 se conserva perfectamente en el chocolate. Emite una encantadora fragancia floral y afrutada con capas, un rico dulzor y un regusto duradero, que permite a los consumidores sentir la frescura y la longevidad del aroma del t\u00e9 al degustarlo.<\/li>\n\n\n\n<li><strong>Experiencia gastron\u00f3mica diversificada: <\/strong>Compre tabletas de chocolate al por mayor con t\u00e9 Yashi Dancong, que tiene m\u00faltiples formas de consumo, lo que le permite experimentar directamente su aroma de t\u00e9 \u00fanico y su rico sabor. Tambi\u00e9n puede combinarse con otros ingredientes para su consumo, como leche, caf\u00e9 y otras bebidas, o utilizarse como ingrediente de reposter\u00eda para crear alimentos m\u00e1s deliciosos.<\/li>\n\n\n\n<li><strong>Salud y nutrici\u00f3n ricas: <\/strong>Nuestro t\u00e9 aromatizado Yashi Dancong contiene abundantes antioxidantes como los flavanoles, que ayudan a mejorar la inmunidad y favorecen la digesti\u00f3n. Combinado con los antioxidantes del chocolate negro, nuestras tabletas de chocolate al por mayor aumentan a\u00fan m\u00e1s el valor saludable del producto.<\/li>\n\n\n\n<li><strong>Exquisito dise\u00f1o del envase:<\/strong> Comprar tabletas de chocolate al por mayor con sabor a t\u00e9 Yashi Dancong, adopta un dise\u00f1o de envase peque\u00f1o y exquisito, que facilita su transporte y mantiene la frescura del chocolate.<\/li>\n<\/ul>\n<\/div>\n\n\n\n<div class=\"wp-block-column is-layout-flow wp-block-column-is-layout-flow\">\n<figure class=\"wp-block-image size-full\"><img fetchpriority=\"high\" decoding=\"async\" width=\"2000\" height=\"2000\" src=\"https:\/\/jxgchocolate.com\/wp-content\/uploads\/2024\/11\/Wholesales-Chocolate-Bars-In-Bulk-With-China-Green-Tea-Flavor2.webp\" alt=\"Comprar Barritas De Chocolate Al Por Mayor Con Sabor A T\u00e9 Verde De China-1\" class=\"wp-image-29196\" srcset=\"https:\/\/jxgchocolate.com\/wp-content\/uploads\/2024\/11\/Wholesales-Chocolate-Bars-In-Bulk-With-China-Green-Tea-Flavor2.webp 2000w, https:\/\/jxgchocolate.com\/wp-content\/uploads\/2024\/11\/Wholesales-Chocolate-Bars-In-Bulk-With-China-Green-Tea-Flavor2-300x300.webp 300w, https:\/\/jxgchocolate.com\/wp-content\/uploads\/2024\/11\/Wholesales-Chocolate-Bars-In-Bulk-With-China-Green-Tea-Flavor2-150x150.webp 150w, https:\/\/jxgchocolate.com\/wp-content\/uploads\/2024\/11\/Wholesales-Chocolate-Bars-In-Bulk-With-China-Green-Tea-Flavor2-768x768.webp 768w, https:\/\/jxgchocolate.com\/wp-content\/uploads\/2024\/11\/Wholesales-Chocolate-Bars-In-Bulk-With-China-Green-Tea-Flavor2-12x12.webp 12w, https:\/\/jxgchocolate.com\/wp-content\/uploads\/2024\/11\/Wholesales-Chocolate-Bars-In-Bulk-With-China-Green-Tea-Flavor2-430x430.webp 430w, https:\/\/jxgchocolate.com\/wp-content\/uploads\/2024\/11\/Wholesales-Chocolate-Bars-In-Bulk-With-China-Green-Tea-Flavor2-700x700.webp 700w\" sizes=\"(max-width: 2000px) 100vw, 2000px\" \/><\/figure>\n<\/div>\n<\/div>","protected":false},"excerpt":{"rendered":"<p>Bienvenido a comprar tabletas de chocolate al por mayor. Las barritas de chocolate al por mayor con sabor a t\u00e9 Yashi Dancong son un producto innovador que combina a la perfecci\u00f3n la cultura tradicional del t\u00e9 con la artesan\u00eda moderna del chocolate, con un sabor y un valor cultural \u00fanicos. No es s\u00f3lo un delicioso tentempi\u00e9, sino tambi\u00e9n una transmisi\u00f3n cultural y emocional, apta para consumidores que persiguen la calidad de vida y disfrutan probando cosas nuevas. Ya sea como tentempi\u00e9 diario, ingrediente de reposter\u00eda o un gran regalo, el chocolate aromatizado con t\u00e9 Yashi es una gran elecci\u00f3n.<\/p>\n<table style=\"height: 304px;\" width=\"423\">\n<tbody>\n<tr>\n<td width=\"166\">Fabricante<\/td>\n<td width=\"257\">Fruta de la suerte<\/td>\n<\/tr>\n<tr>\n<td>N\u00ba DE MODELO<\/td>\n<td>JXG53<\/td>\n<\/tr>\n<tr>\n<td>Tipo<\/td>\n<td>Barritas de chocolate<\/td>\n<\/tr>\n<tr>\n<td>Embalaje<\/td>\n<td>Embalaje en cajas<\/td>\n<\/tr>\n<tr>\n<td>Especificaci\u00f3n<\/td>\n<td>20 piezas*12 cajas<\/td>\n<\/tr>\n<tr>\n<td>Tama\u00f1o de la caja<\/td>\n<td>48.5*20*29cm<\/td>\n<\/tr>\n<tr>\n<td>N.W \/SET<\/td>\n<td>20g*20piezas<\/td>\n<\/tr>\n<tr>\n<td>Color<\/td>\n<td>Como imagen<\/td>\n<\/tr>\n<tr>\n<td>MOQ<\/td>\n<td>500 cajas<\/td>\n<\/tr>\n<tr>\n<td>Personalizaci\u00f3n<\/td>\n<td>Embalaje\/LOGO<\/td>\n<\/tr>\n<\/tbody>\n<\/table>","protected":false},"featured_media":29195,"comment_status":"closed","ping_status":"closed","template":"","meta":[],"product_cat":[91],"product_tag":[],"class_list":{"0":"post-29194","1":"product","2":"type-product","3":"status-publish","4":"has-post-thumbnail","6":"product_cat-bulk-chocolate-bars","8":"first","9":"instock","10":"shipping-taxable","11":"product-type-simple"},"_links":{"self":[{"href":"https:\/\/jxgchocolate.com\/es\/wp-json\/wp\/v2\/product\/29194","targetHints":{"allow":["GET"]}}],"collection":[{"href":"https:\/\/jxgchocolate.com\/es\/wp-json\/wp\/v2\/product"}],"about":[{"href":"https:\/\/jxgchocolate.com\/es\/wp-json\/wp\/v2\/types\/product"}],"replies":[{"embeddable":true,"href":"https:\/\/jxgchocolate.com\/es\/wp-json\/wp\/v2\/comments?post=29194"}],"version-history":[{"count":0,"href":"https:\/\/jxgchocolate.com\/es\/wp-json\/wp\/v2\/product\/29194\/revisions"}],"wp:featuredmedia":[{"embeddable":true,"href":"https:\/\/jxgchocolate.com\/es\/wp-json\/wp\/v2\/media\/29195"}],"wp:attachment":[{"href":"https:\/\/jxgchocolate.com\/es\/wp-json\/wp\/v2\/media?parent=29194"}],"wp:term":[{"taxonomy":"product_cat","embeddable":true,"href":"https:\/\/jxgchocolate.com\/es\/wp-json\/wp\/v2\/product_cat?post=29194"},{"taxonomy":"product_tag","embeddable":true,"href":"https:\/\/jxgchocolate.com\/es\/wp-json\/wp\/v2\/product_tag?post=29194"}],"curies":[{"name":"wp","href":"https:\/\/api.w.org\/{rel}","templated":true}]}}