{"id":29217,"date":"2024-11-30T10:25:21","date_gmt":"2024-11-30T10:25:21","guid":{"rendered":"https:\/\/jxgchocolate.com\/?post_type=product&#038;p=29217"},"modified":"2024-11-30T10:25:23","modified_gmt":"2024-11-30T10:25:23","slug":"custom-chocolate-bars","status":"publish","type":"product","link":"https:\/\/jxgchocolate.com\/es\/producto\/custom-chocolate-bars\/","title":{"rendered":"Barritas de Chocolate Personalizadas Sabor T\u00e9 al por Mayor con Chips de Galleta"},"content":{"rendered":"<div class=\"wp-block-columns is-layout-flex wp-container-core-columns-is-layout-9d6595d7 wp-block-columns-is-layout-flex\">\n<div class=\"wp-block-column is-layout-flow wp-block-column-is-layout-flow\">\n<h2 class=\"wp-block-heading\">Barritas de chocolate personalizadas Premium Caracter\u00edsticas:<\/h2>\n\n\n\n<ul class=\"wp-block-list\">\n<li><strong>Combinaci\u00f3n de sabores \u00fanica: <\/strong>A\u00f1adir este t\u00e9 al chocolate aporta una gran sensaci\u00f3n de estratificaci\u00f3n a estas tabletas de chocolate personalizadas. La combinaci\u00f3n de chocolate de alta calidad con galletas crujientes crea un sabor muy singular, desde la textura sedosa y delicada del chocolate hasta la textura crujiente de las galletas.<\/li>\n\n\n\n<li><strong>Patrimonio cultural especial:<\/strong> El t\u00e9 Yashi Dacong es uno de los famosos t\u00e9s tradicionales chinos, con un profundo trasfondo cultural e interesantes historias detr\u00e1s. Nuestras tabletas de chocolate al por mayor La integraci\u00f3n de este t\u00e9 en los postres modernos no es s\u00f3lo una herencia de la cultura tradicional, sino tambi\u00e9n una interpretaci\u00f3n innovadora de la misma.<\/li>\n\n\n\n<li><strong>Beneficioso para la salud:<\/strong> El t\u00e9 Yashi Dacong es rico en antioxidantes, que pueden ayudar a mejorar la inmunidad; Los flavanoles en el chocolate negro tambi\u00e9n contribuyen a la salud cardiovascular, nuestras barras de chocolate personalizadas son la combinaci\u00f3n de los dos proporciona beneficios adicionales para la salud.<\/li>\n\n\n\n<li><strong>Escenarios de consumo diversificados:<\/strong> Adecuado como tentempi\u00e9 de ocio, puede proporcionar un agradable disfrute durante las pausas en el trabajo o las reuniones familiares. Nuestras barritas de chocolate al por mayor, que combinan chocolate con galletas y t\u00e9 Yashi Dacong, crean un sabor y un aroma \u00fanicos que satisfacen las innovadoras necesidades de los consumidores.<\/li>\n<\/ul>\n<\/div>\n\n\n\n<div class=\"wp-block-column is-layout-flow wp-block-column-is-layout-flow\">\n<figure class=\"wp-block-image size-full\"><img fetchpriority=\"high\" decoding=\"async\" width=\"2000\" height=\"2000\" src=\"https:\/\/jxgchocolate.com\/wp-content\/uploads\/2024\/11\/Wholesales-Custom-Chocolate-Bar-With-Cookies-And-Tea-Flavor2.webp\" alt=\"Barritas de Chocolate Sabor T\u00e9 al por mayor con trocitos de galleta-3\" class=\"wp-image-29220\" srcset=\"https:\/\/jxgchocolate.com\/wp-content\/uploads\/2024\/11\/Wholesales-Custom-Chocolate-Bar-With-Cookies-And-Tea-Flavor2.webp 2000w, https:\/\/jxgchocolate.com\/wp-content\/uploads\/2024\/11\/Wholesales-Custom-Chocolate-Bar-With-Cookies-And-Tea-Flavor2-300x300.webp 300w, https:\/\/jxgchocolate.com\/wp-content\/uploads\/2024\/11\/Wholesales-Custom-Chocolate-Bar-With-Cookies-And-Tea-Flavor2-150x150.webp 150w, https:\/\/jxgchocolate.com\/wp-content\/uploads\/2024\/11\/Wholesales-Custom-Chocolate-Bar-With-Cookies-And-Tea-Flavor2-768x768.webp 768w, https:\/\/jxgchocolate.com\/wp-content\/uploads\/2024\/11\/Wholesales-Custom-Chocolate-Bar-With-Cookies-And-Tea-Flavor2-12x12.webp 12w, https:\/\/jxgchocolate.com\/wp-content\/uploads\/2024\/11\/Wholesales-Custom-Chocolate-Bar-With-Cookies-And-Tea-Flavor2-430x430.webp 430w, https:\/\/jxgchocolate.com\/wp-content\/uploads\/2024\/11\/Wholesales-Custom-Chocolate-Bar-With-Cookies-And-Tea-Flavor2-700x700.webp 700w\" sizes=\"(max-width: 2000px) 100vw, 2000px\" \/><\/figure>\n<\/div>\n<\/div>\n\n\n\n<p><\/p>","protected":false},"excerpt":{"rendered":"<p>Bienvenido a las barritas de chocolate personalizadas al por mayor. Nuestras barritas de chocolate al por mayor con sabor a t\u00e9 son un producto innovador que combina la cultura tradicional del t\u00e9 con las t\u00e9cnicas modernas de postres. No s\u00f3lo mezcla el aroma \u00fanico del t\u00e9 Yashi Dancong y el rico sabor del chocolate, sino que tambi\u00e9n a\u00f1ade el crujiente de las galletas.<\/p>\n<table style=\"height: 304px;\" width=\"423\">\n<tbody>\n<tr>\n<td width=\"166\">Fabricante<\/td>\n<td width=\"257\">Fruta de la suerte<\/td>\n<\/tr>\n<tr>\n<td>N\u00ba DE MODELO<\/td>\n<td>JXG54<\/td>\n<\/tr>\n<tr>\n<td>Tipo<\/td>\n<td>Barritas de chocolate<\/td>\n<\/tr>\n<tr>\n<td>Embalaje<\/td>\n<td>Embalaje en cajas<\/td>\n<\/tr>\n<tr>\n<td>Especificaci\u00f3n<\/td>\n<td>20 piezas*12 cajas<\/td>\n<\/tr>\n<tr>\n<td>Tama\u00f1o de la caja<\/td>\n<td>48.5*20*29cm<\/td>\n<\/tr>\n<tr>\n<td>N.W \/SET<\/td>\n<td>20g*20piezas<\/td>\n<\/tr>\n<tr>\n<td>Color<\/td>\n<td>Como imagen<\/td>\n<\/tr>\n<tr>\n<td>MOQ<\/td>\n<td>500 cajas<\/td>\n<\/tr>\n<tr>\n<td>Personalizaci\u00f3n<\/td>\n<td>Embalaje\/LOGO<\/td>\n<\/tr>\n<\/tbody>\n<\/table>","protected":false},"featured_media":29222,"comment_status":"closed","ping_status":"closed","template":"","meta":[],"product_cat":[91],"product_tag":[],"class_list":{"0":"post-29217","1":"product","2":"type-product","3":"status-publish","4":"has-post-thumbnail","6":"product_cat-bulk-chocolate-bars","8":"first","9":"instock","10":"shipping-taxable","11":"product-type-simple"},"_links":{"self":[{"href":"https:\/\/jxgchocolate.com\/es\/wp-json\/wp\/v2\/product\/29217","targetHints":{"allow":["GET"]}}],"collection":[{"href":"https:\/\/jxgchocolate.com\/es\/wp-json\/wp\/v2\/product"}],"about":[{"href":"https:\/\/jxgchocolate.com\/es\/wp-json\/wp\/v2\/types\/product"}],"replies":[{"embeddable":true,"href":"https:\/\/jxgchocolate.com\/es\/wp-json\/wp\/v2\/comments?post=29217"}],"version-history":[{"count":0,"href":"https:\/\/jxgchocolate.com\/es\/wp-json\/wp\/v2\/product\/29217\/revisions"}],"wp:featuredmedia":[{"embeddable":true,"href":"https:\/\/jxgchocolate.com\/es\/wp-json\/wp\/v2\/media\/29222"}],"wp:attachment":[{"href":"https:\/\/jxgchocolate.com\/es\/wp-json\/wp\/v2\/media?parent=29217"}],"wp:term":[{"taxonomy":"product_cat","embeddable":true,"href":"https:\/\/jxgchocolate.com\/es\/wp-json\/wp\/v2\/product_cat?post=29217"},{"taxonomy":"product_tag","embeddable":true,"href":"https:\/\/jxgchocolate.com\/es\/wp-json\/wp\/v2\/product_tag?post=29217"}],"curies":[{"name":"wp","href":"https:\/\/api.w.org\/{rel}","templated":true}]}}