{"id":29225,"date":"2024-11-30T10:35:07","date_gmt":"2024-11-30T10:35:07","guid":{"rendered":"https:\/\/jxgchocolate.com\/?post_type=product&#038;p=29225"},"modified":"2024-11-30T10:35:09","modified_gmt":"2024-11-30T10:35:09","slug":"bulk-dark-chocolate-bars","status":"publish","type":"product","link":"https:\/\/jxgchocolate.com\/es\/producto\/bulk-dark-chocolate-bars\/","title":{"rendered":"Barritas de Chocolate Negro al por mayor con sabor cl\u00e1sico"},"content":{"rendered":"<div class=\"wp-block-columns is-layout-flex wp-container-core-columns-is-layout-9d6595d7 wp-block-columns-is-layout-flex\">\n<div class=\"wp-block-column is-layout-flow wp-block-column-is-layout-flow\">\n<h2 class=\"wp-block-heading\">Barritas de chocolate negro a granel de primera calidad Caracter\u00edsticas:<\/h2>\n\n\n\n<ul class=\"wp-block-list\">\n<li><strong>Rico sabor y ricas capas: <\/strong>El chocolate negro tiene una alta proporci\u00f3n de s\u00f3lidos de cacao, lo que proporciona un sabor m\u00e1s rico y complejo: desde sutiles sabores frutales hasta un profundo amargor y dulzor, en cada bocado se pueden sentir diferentes capas. Nuestras tabletas de chocolate negro a granel aportan una textura sedosa cuando se funden en la boca, acompa\u00f1ada del aroma \u00fanico del cacao.<\/li>\n\n\n\n<li><strong>Alto valor nutritivo: <\/strong>La cafe\u00edna del chocolate negro y los ingredientes naturales activos del cacao -como la teofilina, la tirosina, etc.- act\u00faan refrescando la mente, potenciando la atenci\u00f3n e influyendo positivamente en la mejora de la funci\u00f3n cognitiva. Por lo tanto, los minerales ricos como magnesio, cobre, manganeso, etc., contenidos en nuestra barra de chocolate al por mayor, son buenos para mantener la salud \u00f3sea y promover el metabolismo.<\/li>\n\n\n\n<li><strong>Escenarios y experiencias de consumo diversificados:<\/strong> Nuestras tabletas de chocolate negro a granel pueden consumirse directamente como tentempi\u00e9, o utilizarse para hornear, hacer postres, etc., lo que ofrece a los consumidores diversas opciones. El amargor especial y la textura sedosa del chocolate negro crean una experiencia de sabor \u00fanica. Para los consumidores que disfrutan probando sabores nuevos, el chocolate negro es sin duda una buena elecci\u00f3n.<\/li>\n\n\n\n<li><strong>Exquisito dise\u00f1o del envase: <\/strong>Nuestra venta al por mayor de tabletas de chocolate tiene un envase peque\u00f1o e independiente que resulta f\u00e1cil de llevar; adem\u00e1s, el dise\u00f1o \u00fanico del envase atrae las miradas de m\u00e1s consumidores. Junto con una caja exterior de dise\u00f1o especial, es un gran regalo.<\/li>\n<\/ul>\n<\/div>\n\n\n\n<div class=\"wp-block-column is-layout-flow wp-block-column-is-layout-flow\">\n<figure class=\"wp-block-image size-full\"><img fetchpriority=\"high\" decoding=\"async\" width=\"2000\" height=\"2000\" src=\"https:\/\/jxgchocolate.com\/wp-content\/uploads\/2024\/11\/Wholesale-In-Bulk-Chocolate-Bars-Custom-With-Classical-Flavor2.webp\" alt=\"Barras De Chocolate Negro Al Por Mayor Con Sabor Clasico-2\" class=\"wp-image-29227\" srcset=\"https:\/\/jxgchocolate.com\/wp-content\/uploads\/2024\/11\/Wholesale-In-Bulk-Chocolate-Bars-Custom-With-Classical-Flavor2.webp 2000w, https:\/\/jxgchocolate.com\/wp-content\/uploads\/2024\/11\/Wholesale-In-Bulk-Chocolate-Bars-Custom-With-Classical-Flavor2-300x300.webp 300w, https:\/\/jxgchocolate.com\/wp-content\/uploads\/2024\/11\/Wholesale-In-Bulk-Chocolate-Bars-Custom-With-Classical-Flavor2-150x150.webp 150w, https:\/\/jxgchocolate.com\/wp-content\/uploads\/2024\/11\/Wholesale-In-Bulk-Chocolate-Bars-Custom-With-Classical-Flavor2-768x768.webp 768w, https:\/\/jxgchocolate.com\/wp-content\/uploads\/2024\/11\/Wholesale-In-Bulk-Chocolate-Bars-Custom-With-Classical-Flavor2-12x12.webp 12w, https:\/\/jxgchocolate.com\/wp-content\/uploads\/2024\/11\/Wholesale-In-Bulk-Chocolate-Bars-Custom-With-Classical-Flavor2-430x430.webp 430w, https:\/\/jxgchocolate.com\/wp-content\/uploads\/2024\/11\/Wholesale-In-Bulk-Chocolate-Bars-Custom-With-Classical-Flavor2-700x700.webp 700w\" sizes=\"(max-width: 2000px) 100vw, 2000px\" \/><\/figure>\n<\/div>\n<\/div>\n\n\n\n<p><\/p>","protected":false},"excerpt":{"rendered":"<p>Bienvenido a comprar tabletas de chocolate negro al por mayor. Nuestra barra de chocolate al por mayor destaca entre numerosos productos de chocolate debido a su sabor \u00fanico, atributos saludables y proceso de producci\u00f3n de alta calidad, convirti\u00e9ndose en el favorito de muchos consumidores. Ya sea como tentempi\u00e9 diario o como regalo para ocasiones especiales, el chocolate negro es una buena elecci\u00f3n.<\/p>\n<table style=\"height: 304px;\" width=\"423\">\n<tbody>\n<tr>\n<td width=\"166\">Fabricante<\/td>\n<td width=\"257\">Fruta de la suerte<\/td>\n<\/tr>\n<tr>\n<td>N\u00ba DE MODELO<\/td>\n<td>JXG55<\/td>\n<\/tr>\n<tr>\n<td>Tipo<\/td>\n<td>Barritas de chocolate<\/td>\n<\/tr>\n<tr>\n<td>Embalaje<\/td>\n<td>Embalaje en cajas<\/td>\n<\/tr>\n<tr>\n<td>Especificaci\u00f3n<\/td>\n<td>20 piezas*12 cajas<\/td>\n<\/tr>\n<tr>\n<td>Tama\u00f1o de la caja<\/td>\n<td>48.5*20*29cm<\/td>\n<\/tr>\n<tr>\n<td>N.W \/SET<\/td>\n<td>20g*20piezas<\/td>\n<\/tr>\n<tr>\n<td>Color<\/td>\n<td>Como imagen<\/td>\n<\/tr>\n<tr>\n<td>MOQ<\/td>\n<td>500 cajas<\/td>\n<\/tr>\n<tr>\n<td>Personalizaci\u00f3n<\/td>\n<td>Embalaje\/LOGO<\/td>\n<\/tr>\n<\/tbody>\n<\/table>","protected":false},"featured_media":29226,"comment_status":"closed","ping_status":"closed","template":"","meta":[],"product_cat":[91],"product_tag":[],"class_list":{"0":"post-29225","1":"product","2":"type-product","3":"status-publish","4":"has-post-thumbnail","6":"product_cat-bulk-chocolate-bars","8":"first","9":"instock","10":"shipping-taxable","11":"product-type-simple"},"_links":{"self":[{"href":"https:\/\/jxgchocolate.com\/es\/wp-json\/wp\/v2\/product\/29225","targetHints":{"allow":["GET"]}}],"collection":[{"href":"https:\/\/jxgchocolate.com\/es\/wp-json\/wp\/v2\/product"}],"about":[{"href":"https:\/\/jxgchocolate.com\/es\/wp-json\/wp\/v2\/types\/product"}],"replies":[{"embeddable":true,"href":"https:\/\/jxgchocolate.com\/es\/wp-json\/wp\/v2\/comments?post=29225"}],"version-history":[{"count":7,"href":"https:\/\/jxgchocolate.com\/es\/wp-json\/wp\/v2\/product\/29225\/revisions"}],"predecessor-version":[{"id":29242,"href":"https:\/\/jxgchocolate.com\/es\/wp-json\/wp\/v2\/product\/29225\/revisions\/29242"}],"wp:featuredmedia":[{"embeddable":true,"href":"https:\/\/jxgchocolate.com\/es\/wp-json\/wp\/v2\/media\/29226"}],"wp:attachment":[{"href":"https:\/\/jxgchocolate.com\/es\/wp-json\/wp\/v2\/media?parent=29225"}],"wp:term":[{"taxonomy":"product_cat","embeddable":true,"href":"https:\/\/jxgchocolate.com\/es\/wp-json\/wp\/v2\/product_cat?post=29225"},{"taxonomy":"product_tag","embeddable":true,"href":"https:\/\/jxgchocolate.com\/es\/wp-json\/wp\/v2\/product_tag?post=29225"}],"curies":[{"name":"wp","href":"https:\/\/api.w.org\/{rel}","templated":true}]}}