{"id":29241,"date":"2024-12-09T03:57:33","date_gmt":"2024-12-09T03:57:33","guid":{"rendered":"https:\/\/jxgchocolate.com\/?post_type=product&#038;p=29241"},"modified":"2024-12-09T03:57:36","modified_gmt":"2024-12-09T03:57:36","slug":"dark-chocolate-bars-bulk","status":"publish","type":"product","link":"https:\/\/jxgchocolate.com\/es\/producto\/dark-chocolate-bars-bulk\/","title":{"rendered":"Barritas de Chocolate Negro a Granel con Galletas Crujientes al por mayor"},"content":{"rendered":"<div class=\"wp-block-columns is-layout-flex wp-container-core-columns-is-layout-9d6595d7 wp-block-columns-is-layout-flex\">\n<div class=\"wp-block-column is-layout-flow wp-block-column-is-layout-flow\">\n<h2 class=\"wp-block-heading\">Barritas de chocolate negro premium a granel Caracter\u00edsticas:<\/h2>\n\n\n\n<ul class=\"wp-block-list\">\n<li><strong>Beneficioso para la salud:<\/strong> Nuestras barritas de chocolate negro a granel contienen un alto valor antioxidante que resiste a los radicales libres y protege la salud cardiovascular. Adem\u00e1s de los beneficios que aporta el chocolate, la harina integral y otros ingredientes naturales de las galletas aumentan el valor nutritivo del producto.<\/li>\n\n\n\n<li><strong>Combinaci\u00f3n de sabores \u00fanica: <\/strong>Cada barrita de chocolate con galleta al por mayor ofrece un doble sabor \u00fanico, que es el rico y sedoso chocolate mezclado con crujientes migas de galleta, formando un contraste y una complementariedad perfectos.<\/li>\n\n\n\n<li><strong>Un gran regalo: <\/strong>Nuestras tabletas de chocolate negro a granel tienen un atractivo dise\u00f1o de envase que resalta las caracter\u00edsticas del producto y realza la imagen general. Su exquisito envase lo convierte en una opci\u00f3n ideal para regalos festivos o diarios, adecuados para diversas ocasiones.<\/li>\n\n\n\n<li><strong>Adecuado para diversas ocasiones: <\/strong>Las barritas de chocolate con galletas al por mayor pueden combinarse con una taza de t\u00e9 o caf\u00e9 caliente para convertirse en un Dim sum perfecto para el t\u00e9 de la tarde. Adecuado como tentempi\u00e9 para el tiempo libre, puede aportar un agradable disfrute durante las pausas en el trabajo o las reuniones familiares. Adem\u00e1s, tambi\u00e9n puede utilizarse para elaborar postres m\u00e1s creativos, como galletas sandwich, decoraciones de tartas, etc., para aumentar la diversi\u00f3n de la reposter\u00eda.<\/li>\n<\/ul>\n<\/div>\n\n\n\n<div class=\"wp-block-column is-layout-flow wp-block-column-is-layout-flow\">\n<figure class=\"wp-block-image size-full\"><img fetchpriority=\"high\" decoding=\"async\" width=\"2000\" height=\"2000\" src=\"https:\/\/jxgchocolate.com\/wp-content\/uploads\/2024\/12\/Wholesales-Dark-Custom-Chocolate-Bars-With-Crispy-Cookies2.webp\" alt=\"Venta al Por Mayor Barritas de Chocolate Negro a Granel con Galletas Crujientes-2\" class=\"wp-image-29244\" srcset=\"https:\/\/jxgchocolate.com\/wp-content\/uploads\/2024\/12\/Wholesales-Dark-Custom-Chocolate-Bars-With-Crispy-Cookies2.webp 2000w, https:\/\/jxgchocolate.com\/wp-content\/uploads\/2024\/12\/Wholesales-Dark-Custom-Chocolate-Bars-With-Crispy-Cookies2-300x300.webp 300w, https:\/\/jxgchocolate.com\/wp-content\/uploads\/2024\/12\/Wholesales-Dark-Custom-Chocolate-Bars-With-Crispy-Cookies2-150x150.webp 150w, https:\/\/jxgchocolate.com\/wp-content\/uploads\/2024\/12\/Wholesales-Dark-Custom-Chocolate-Bars-With-Crispy-Cookies2-768x768.webp 768w, https:\/\/jxgchocolate.com\/wp-content\/uploads\/2024\/12\/Wholesales-Dark-Custom-Chocolate-Bars-With-Crispy-Cookies2-12x12.webp 12w, https:\/\/jxgchocolate.com\/wp-content\/uploads\/2024\/12\/Wholesales-Dark-Custom-Chocolate-Bars-With-Crispy-Cookies2-430x430.webp 430w, https:\/\/jxgchocolate.com\/wp-content\/uploads\/2024\/12\/Wholesales-Dark-Custom-Chocolate-Bars-With-Crispy-Cookies2-700x700.webp 700w\" sizes=\"(max-width: 2000px) 100vw, 2000px\" \/><\/figure>\n<\/div>\n<\/div>","protected":false},"excerpt":{"rendered":"<p>Bienvenido a comprar tabletas de chocolate negro al por mayor. Nuestras barritas de chocolate Cookie al por mayor combinan el crujiente de las galletas con la suavidad del chocolate, creando una experiencia irresistible y \u00fanica. No s\u00f3lo satisface la b\u00fasqueda de exquisitez de los consumidores, sino que tambi\u00e9n ofrece diversas opciones y experiencias de alta calidad. Ya sea como tentempi\u00e9 diario, ingrediente de reposter\u00eda o un gran regalo, las galletas y los chocolates son una gran elecci\u00f3n.<\/p>\n<table style=\"height: 304px;\" width=\"420\">\n<tbody>\n<tr>\n<td width=\"166\">Fabricante<\/td>\n<td width=\"257\">Fruta de la suerte<\/td>\n<\/tr>\n<tr>\n<td>N\u00ba DE MODELO<\/td>\n<td>JXG56<\/td>\n<\/tr>\n<tr>\n<td>Tipo<\/td>\n<td>Barritas de chocolate<\/td>\n<\/tr>\n<tr>\n<td>Embalaje<\/td>\n<td>Embalaje en cajas<\/td>\n<\/tr>\n<tr>\n<td>Especificaci\u00f3n<\/td>\n<td>20 piezas*12 cajas<\/td>\n<\/tr>\n<tr>\n<td>Tama\u00f1o de la caja<\/td>\n<td>48.5*20*29cm<\/td>\n<\/tr>\n<tr>\n<td>N.W \/SET<\/td>\n<td>20g*20piezas<\/td>\n<\/tr>\n<tr>\n<td>Color<\/td>\n<td>Como imagen<\/td>\n<\/tr>\n<tr>\n<td>MOQ<\/td>\n<td>500 cajas<\/td>\n<\/tr>\n<tr>\n<td>Personalizaci\u00f3n<\/td>\n<td>Embalaje\/LOGO<\/td>\n<\/tr>\n<\/tbody>\n<\/table>","protected":false},"featured_media":29243,"comment_status":"closed","ping_status":"closed","template":"","meta":[],"product_cat":[91],"product_tag":[],"class_list":{"0":"post-29241","1":"product","2":"type-product","3":"status-publish","4":"has-post-thumbnail","6":"product_cat-bulk-chocolate-bars","8":"first","9":"instock","10":"shipping-taxable","11":"product-type-simple"},"_links":{"self":[{"href":"https:\/\/jxgchocolate.com\/es\/wp-json\/wp\/v2\/product\/29241","targetHints":{"allow":["GET"]}}],"collection":[{"href":"https:\/\/jxgchocolate.com\/es\/wp-json\/wp\/v2\/product"}],"about":[{"href":"https:\/\/jxgchocolate.com\/es\/wp-json\/wp\/v2\/types\/product"}],"replies":[{"embeddable":true,"href":"https:\/\/jxgchocolate.com\/es\/wp-json\/wp\/v2\/comments?post=29241"}],"version-history":[{"count":6,"href":"https:\/\/jxgchocolate.com\/es\/wp-json\/wp\/v2\/product\/29241\/revisions"}],"predecessor-version":[{"id":29263,"href":"https:\/\/jxgchocolate.com\/es\/wp-json\/wp\/v2\/product\/29241\/revisions\/29263"}],"wp:featuredmedia":[{"embeddable":true,"href":"https:\/\/jxgchocolate.com\/es\/wp-json\/wp\/v2\/media\/29243"}],"wp:attachment":[{"href":"https:\/\/jxgchocolate.com\/es\/wp-json\/wp\/v2\/media?parent=29241"}],"wp:term":[{"taxonomy":"product_cat","embeddable":true,"href":"https:\/\/jxgchocolate.com\/es\/wp-json\/wp\/v2\/product_cat?post=29241"},{"taxonomy":"product_tag","embeddable":true,"href":"https:\/\/jxgchocolate.com\/es\/wp-json\/wp\/v2\/product_tag?post=29241"}],"curies":[{"name":"wp","href":"https:\/\/api.w.org\/{rel}","templated":true}]}}