{"id":29252,"date":"2024-12-09T03:50:26","date_gmt":"2024-12-09T03:50:26","guid":{"rendered":"https:\/\/jxgchocolate.com\/?post_type=product&#038;p=29252"},"modified":"2024-12-09T03:50:28","modified_gmt":"2024-12-09T03:50:28","slug":"gummy-choco-bulk","status":"publish","type":"product","link":"https:\/\/jxgchocolate.com\/es\/producto\/gummy-choco-bulk\/","title":{"rendered":"Yummy Gummy Choco Granel, Venta al por mayor de caramelos de goma de chocolate"},"content":{"rendered":"<div class=\"wp-block-columns is-layout-flex wp-container-core-columns-is-layout-9d6595d7 wp-block-columns-is-layout-flex\">\n<div class=\"wp-block-column is-layout-flow wp-block-column-is-layout-flow\">\n<h2 class=\"wp-block-heading\">Gominolas Premium Choco Granel Caracter\u00edsticas:<\/h2>\n\n\n\n<ul class=\"wp-block-list\">\n<li><strong>Sabor dual \u00fanico:<\/strong> Las caracter\u00edsticas blandas y masticables de las gominolas de chocolate combinadas con la sedosa sensaci\u00f3n de fusi\u00f3n del chocolate aportan a los consumidores una experiencia gustativa totalmente nueva. En cada bocado se percibe un gradiente desde la capa exterior de chocolate hasta el interior de caramelo de goma, empezando por lo dulce y siguiendo por lo \u00e1cido o viceversa, lo que aumenta el placer de comer caramelos.<\/li>\n\n\n\n<li><strong>Adecuado tanto para ni\u00f1os como para adultos: <\/strong>Gracias a su aspecto redondeado y su dulce sabor, nuestras gominolas de chocolate al por mayor son muy populares entre los ni\u00f1os. Para los adultos, este caramelo tambi\u00e9n resulta atractivo, sobre todo cuando disfrutan de momentos de ocio o descansos del trabajo, ya que puede ayudar a relajar el estado de \u00e1nimo.<\/li>\n\n\n\n<li><strong>C\u00f3modo envasado: <\/strong>La mayor\u00eda de las gominolas de chocolate a granel se envasan en bolsitas separadas, f\u00e1ciles de transportar y compartir, lo que las hace perfectas para actividades al aire libre y viajes, para disfrutarlas en cualquier momento. Adem\u00e1s, existe una versi\u00f3n en envases de gran capacidad para usuarios dom\u00e9sticos, que resulta rentable y permite comprar m\u00e1s sabores a la vez para compartir entre todos los miembros de la familia.<\/li>\n\n\n\n<li><strong>Ricas opciones de sabor: <\/strong>Nuestras gominolas de chocolate al por mayor vienen en una variedad de sabores de frutas como fresa, uva verde, melocot\u00f3n, mango, etc., para adaptarse a las preferencias de los distintos consumidores.<\/li>\n<\/ul>\n<\/div>\n\n\n\n<div class=\"wp-block-column is-layout-flow wp-block-column-is-layout-flow\">\n<figure class=\"wp-block-image size-full\"><img fetchpriority=\"high\" decoding=\"async\" width=\"2000\" height=\"2000\" src=\"https:\/\/jxgchocolate.com\/wp-content\/uploads\/2024\/12\/Wholesales-Chinese-Chocolate-Gummies-Candy-In-Bulk1.webp\" alt=\"Yummy Gummy Choco Granel, Gominolas de Chocolate al por mayor Candy-1\" class=\"wp-image-29253\" srcset=\"https:\/\/jxgchocolate.com\/wp-content\/uploads\/2024\/12\/Wholesales-Chinese-Chocolate-Gummies-Candy-In-Bulk1.webp 2000w, https:\/\/jxgchocolate.com\/wp-content\/uploads\/2024\/12\/Wholesales-Chinese-Chocolate-Gummies-Candy-In-Bulk1-300x300.webp 300w, https:\/\/jxgchocolate.com\/wp-content\/uploads\/2024\/12\/Wholesales-Chinese-Chocolate-Gummies-Candy-In-Bulk1-150x150.webp 150w, https:\/\/jxgchocolate.com\/wp-content\/uploads\/2024\/12\/Wholesales-Chinese-Chocolate-Gummies-Candy-In-Bulk1-768x768.webp 768w, https:\/\/jxgchocolate.com\/wp-content\/uploads\/2024\/12\/Wholesales-Chinese-Chocolate-Gummies-Candy-In-Bulk1-12x12.webp 12w, https:\/\/jxgchocolate.com\/wp-content\/uploads\/2024\/12\/Wholesales-Chinese-Chocolate-Gummies-Candy-In-Bulk1-430x430.webp 430w, https:\/\/jxgchocolate.com\/wp-content\/uploads\/2024\/12\/Wholesales-Chinese-Chocolate-Gummies-Candy-In-Bulk1-700x700.webp 700w\" sizes=\"(max-width: 2000px) 100vw, 2000px\" \/><\/figure>\n<\/div>\n<\/div>\n\n\n\n<p><\/p>","protected":false},"excerpt":{"rendered":"<p>Bienvenido a comprar gominolas de chocolate al por mayor. Nuestras gominolas de chocolate al por mayor combinan la sensaci\u00f3n masticable de los caramelos de goma con el rico sabor del chocolate. Es un art\u00edculo muy popular en el mercado. Entre un mont\u00f3n de caramelos, las gominolas de chocolate tienen caracter\u00edsticas sobresalientes en todos los aspectos, desde su sabor especial y variadas opciones de sabor hasta el uso de materias primas de calidad y un ingenioso dise\u00f1o de envase. Como tentempi\u00e9 diario o regalo para ocasiones especiales, el chocolate de gominola puede aportar una agradable experiencia a la gente.<\/p>\n<table width=\"275\">\n<tbody>\n<tr>\n<td width=\"108\">Fabricante<\/td>\n<td width=\"167\">Fruta de la suerte<\/td>\n<\/tr>\n<tr>\n<td>N\u00ba DE MODELO<\/td>\n<td>JXG342<\/td>\n<\/tr>\n<tr>\n<td>Tipo<\/td>\n<td>Caramelos de goma Chocolate<\/td>\n<\/tr>\n<tr>\n<td>Embalaje<\/td>\n<td>Embalaje en bolsas<\/td>\n<\/tr>\n<tr>\n<td>Especificaci\u00f3n<\/td>\n<td>20 bolsas<\/td>\n<\/tr>\n<tr>\n<td>Tama\u00f1o de la caja<\/td>\n<td>53*33*37,5 cm<\/td>\n<\/tr>\n<tr>\n<td>N.W \/SET<\/td>\n<td>23g*20Pcs*12bolsas<\/td>\n<\/tr>\n<tr>\n<td>Color<\/td>\n<td>Como imagen<\/td>\n<\/tr>\n<tr>\n<td>MOQ<\/td>\n<td>500 cajas<\/td>\n<\/tr>\n<tr>\n<td>Personalizaci\u00f3n<\/td>\n<td>Embalaje\/LOGO<\/td>\n<\/tr>\n<\/tbody>\n<\/table>","protected":false},"featured_media":29253,"comment_status":"closed","ping_status":"closed","template":"","meta":[],"product_cat":[75],"product_tag":[],"class_list":{"0":"post-29252","1":"product","2":"type-product","3":"status-publish","4":"has-post-thumbnail","6":"product_cat-wholesale-gummy-chocolate","8":"first","9":"instock","10":"shipping-taxable","11":"product-type-simple"},"_links":{"self":[{"href":"https:\/\/jxgchocolate.com\/es\/wp-json\/wp\/v2\/product\/29252","targetHints":{"allow":["GET"]}}],"collection":[{"href":"https:\/\/jxgchocolate.com\/es\/wp-json\/wp\/v2\/product"}],"about":[{"href":"https:\/\/jxgchocolate.com\/es\/wp-json\/wp\/v2\/types\/product"}],"replies":[{"embeddable":true,"href":"https:\/\/jxgchocolate.com\/es\/wp-json\/wp\/v2\/comments?post=29252"}],"version-history":[{"count":0,"href":"https:\/\/jxgchocolate.com\/es\/wp-json\/wp\/v2\/product\/29252\/revisions"}],"wp:featuredmedia":[{"embeddable":true,"href":"https:\/\/jxgchocolate.com\/es\/wp-json\/wp\/v2\/media\/29253"}],"wp:attachment":[{"href":"https:\/\/jxgchocolate.com\/es\/wp-json\/wp\/v2\/media?parent=29252"}],"wp:term":[{"taxonomy":"product_cat","embeddable":true,"href":"https:\/\/jxgchocolate.com\/es\/wp-json\/wp\/v2\/product_cat?post=29252"},{"taxonomy":"product_tag","embeddable":true,"href":"https:\/\/jxgchocolate.com\/es\/wp-json\/wp\/v2\/product_tag?post=29252"}],"curies":[{"name":"wp","href":"https:\/\/api.w.org\/{rel}","templated":true}]}}