{"id":29270,"date":"2024-12-14T09:00:59","date_gmt":"2024-12-14T09:00:59","guid":{"rendered":"https:\/\/jxgchocolate.com\/?post_type=product&#038;p=29270"},"modified":"2024-12-14T09:01:09","modified_gmt":"2024-12-14T09:01:09","slug":"chocolate-covered-gummy-beans-bulk","status":"publish","type":"product","link":"https:\/\/jxgchocolate.com\/es\/producto\/chocolate-covered-gummy-beans-bulk\/","title":{"rendered":"Caramelos de goma recubiertos de chocolate a granel con sabor a t\u00e9 Oolong"},"content":{"rendered":"<div class=\"wp-block-columns is-layout-flex wp-container-core-columns-is-layout-9d6595d7 wp-block-columns-is-layout-flex\">\n<div class=\"wp-block-column is-layout-flow wp-block-column-is-layout-flow\">\n<h2 class=\"wp-block-heading\">Caramelos de goma recubiertos de chocolate a granel Caracter\u00edsticas:<\/h2>\n\n\n\n<ul class=\"wp-block-list\">\n<li>U<strong>nica experiencia gustativa:<\/strong> Estas gominolas recubiertas de chocolate a granel con sabor \u00fanico a t\u00e9 oolong aportan un sabor a t\u00e9 fresco y \u00fanico, que se combina a la perfecci\u00f3n con el rico sabor del chocolate, aportando un nuevo disfrute a las papilas gustativas.<\/li>\n\n\n\n<li><strong>Nuevas opciones de tentempi\u00e9s:<\/strong> La innovadora combinaci\u00f3n de granos de caramelo blando y chocolate ha creado una nueva categor\u00eda de aperitivos. Este caramelo de goma de chocolate a granel tiene tanto una capa de chocolate dulce como un rico sabor a t\u00e9 oolong, satisfaciendo una gran variedad de gustos.<\/li>\n\n\n\n<li><strong>Ingredientes naturales: <\/strong>Nuestras gominolas recubiertas de chocolate a granel seleccionan chocolate de alta calidad y extracto de t\u00e9 oolong para garantizar que cada gominola contiene ingredientes naturales y saludables, permiti\u00e9ndole disfrutar del delicioso sabor mientras siente la pureza del sabor natural.<\/li>\n\n\n\n<li><strong>Suministro a granel, adecuado para diversos escenarios: <\/strong>Nuestros caramelos de goma de chocolate a granel ofrecen servicios de venta al por mayor, adecuados para la compra por parte de minoristas, empresas de catering y consumidores individuales, para satisfacer las necesidades de aperitivos en diferentes escenarios y compartir f\u00e1cilmente las delicias.<\/li>\n<\/ul>\n<\/div>\n\n\n\n<div class=\"wp-block-column is-layout-flow wp-block-column-is-layout-flow\">\n<figure class=\"wp-block-image size-full\"><img fetchpriority=\"high\" decoding=\"async\" width=\"1280\" height=\"1280\" src=\"https:\/\/jxgchocolate.com\/wp-content\/uploads\/2024\/12\/Wholesale-In-Bulk-Chinese-Gummy-Chocolate-Balls-With-Tea-Flavor2.webp\" alt=\"Caramelos de goma recubiertos de chocolate a granel con sabor a t\u00e9 Oolong-2\" class=\"wp-image-29273\" srcset=\"https:\/\/jxgchocolate.com\/wp-content\/uploads\/2024\/12\/Wholesale-In-Bulk-Chinese-Gummy-Chocolate-Balls-With-Tea-Flavor2.webp 1280w, https:\/\/jxgchocolate.com\/wp-content\/uploads\/2024\/12\/Wholesale-In-Bulk-Chinese-Gummy-Chocolate-Balls-With-Tea-Flavor2-300x300.webp 300w, https:\/\/jxgchocolate.com\/wp-content\/uploads\/2024\/12\/Wholesale-In-Bulk-Chinese-Gummy-Chocolate-Balls-With-Tea-Flavor2-150x150.webp 150w, https:\/\/jxgchocolate.com\/wp-content\/uploads\/2024\/12\/Wholesale-In-Bulk-Chinese-Gummy-Chocolate-Balls-With-Tea-Flavor2-768x768.webp 768w, https:\/\/jxgchocolate.com\/wp-content\/uploads\/2024\/12\/Wholesale-In-Bulk-Chinese-Gummy-Chocolate-Balls-With-Tea-Flavor2-12x12.webp 12w, https:\/\/jxgchocolate.com\/wp-content\/uploads\/2024\/12\/Wholesale-In-Bulk-Chinese-Gummy-Chocolate-Balls-With-Tea-Flavor2-430x430.webp 430w, https:\/\/jxgchocolate.com\/wp-content\/uploads\/2024\/12\/Wholesale-In-Bulk-Chinese-Gummy-Chocolate-Balls-With-Tea-Flavor2-700x700.webp 700w\" sizes=\"(max-width: 1280px) 100vw, 1280px\" \/><\/figure>\n<\/div>\n<\/div>","protected":false},"excerpt":{"rendered":"<p>Bienvenido a comprar caramelos de goma recubiertos de chocolate a granel. Nuestro nuevo invento de caramelos de goma de chocolate con t\u00e9 a granel combina el rico chocolate con el aroma fresco y floral del t\u00e9 oolong para crear una deliciosa experiencia de sabor que nadie m\u00e1s ofrece. Cada caramelo de goma estar\u00e1 repleto de sabores \u00fanicos para los amantes de probar nuevos sabores.<\/p>\n<table width=\"275\">\n<tbody>\n<tr>\n<td width=\"108\">Fabricante<\/td>\n<td width=\"167\">Fruta de la suerte<\/td>\n<\/tr>\n<tr>\n<td>N\u00ba DE MODELO<\/td>\n<td>JXG343<\/td>\n<\/tr>\n<tr>\n<td>Tipo<\/td>\n<td>Caramelos de goma Chocolate<\/td>\n<\/tr>\n<tr>\n<td>Embalaje<\/td>\n<td>Embalaje en bolsas<\/td>\n<\/tr>\n<tr>\n<td>Especificaci\u00f3n<\/td>\n<td>20 bolsas<\/td>\n<\/tr>\n<tr>\n<td>Tama\u00f1o de la caja<\/td>\n<td>53*33*37,5 cm<\/td>\n<\/tr>\n<tr>\n<td>N.W \/SET<\/td>\n<td>23g*20Pcs*12bolsas<\/td>\n<\/tr>\n<tr>\n<td>Color<\/td>\n<td>Como imagen<\/td>\n<\/tr>\n<tr>\n<td>MOQ<\/td>\n<td>500 cajas<\/td>\n<\/tr>\n<tr>\n<td>Personalizaci\u00f3n<\/td>\n<td>Embalaje\/LOGO<\/td>\n<\/tr>\n<\/tbody>\n<\/table>\n<p>&nbsp;<\/p>","protected":false},"featured_media":29274,"comment_status":"closed","ping_status":"closed","template":"","meta":[],"product_cat":[75],"product_tag":[],"class_list":{"0":"post-29270","1":"product","2":"type-product","3":"status-publish","4":"has-post-thumbnail","6":"product_cat-wholesale-gummy-chocolate","8":"first","9":"instock","10":"shipping-taxable","11":"product-type-simple"},"_links":{"self":[{"href":"https:\/\/jxgchocolate.com\/es\/wp-json\/wp\/v2\/product\/29270","targetHints":{"allow":["GET"]}}],"collection":[{"href":"https:\/\/jxgchocolate.com\/es\/wp-json\/wp\/v2\/product"}],"about":[{"href":"https:\/\/jxgchocolate.com\/es\/wp-json\/wp\/v2\/types\/product"}],"replies":[{"embeddable":true,"href":"https:\/\/jxgchocolate.com\/es\/wp-json\/wp\/v2\/comments?post=29270"}],"version-history":[{"count":6,"href":"https:\/\/jxgchocolate.com\/es\/wp-json\/wp\/v2\/product\/29270\/revisions"}],"predecessor-version":[{"id":29294,"href":"https:\/\/jxgchocolate.com\/es\/wp-json\/wp\/v2\/product\/29270\/revisions\/29294"}],"wp:featuredmedia":[{"embeddable":true,"href":"https:\/\/jxgchocolate.com\/es\/wp-json\/wp\/v2\/media\/29274"}],"wp:attachment":[{"href":"https:\/\/jxgchocolate.com\/es\/wp-json\/wp\/v2\/media?parent=29270"}],"wp:term":[{"taxonomy":"product_cat","embeddable":true,"href":"https:\/\/jxgchocolate.com\/es\/wp-json\/wp\/v2\/product_cat?post=29270"},{"taxonomy":"product_tag","embeddable":true,"href":"https:\/\/jxgchocolate.com\/es\/wp-json\/wp\/v2\/product_tag?post=29270"}],"curies":[{"name":"wp","href":"https:\/\/api.w.org\/{rel}","templated":true}]}}