{"id":29277,"date":"2024-12-14T09:20:36","date_gmt":"2024-12-14T09:20:36","guid":{"rendered":"https:\/\/jxgchocolate.com\/?post_type=product&#038;p=29277"},"modified":"2024-12-14T09:20:38","modified_gmt":"2024-12-14T09:20:38","slug":"chocolate-covered-peanuts-in-bulk","status":"publish","type":"product","link":"https:\/\/jxgchocolate.com\/es\/producto\/chocolate-covered-peanuts-in-bulk\/","title":{"rendered":"Venta al por mayor de cacahuetes recubiertos de chocolate caliente para su tienda"},"content":{"rendered":"<div class=\"wp-block-columns is-layout-flex wp-container-core-columns-is-layout-9d6595d7 wp-block-columns-is-layout-flex\">\n<div class=\"wp-block-column is-layout-flow wp-block-column-is-layout-flow\">\n<h2 class=\"wp-block-heading\">Cacahuetes Premium Cubiertos de Chocolate a Granel Caracter\u00edsticas:<\/h2>\n\n\n\n<ul class=\"wp-block-list\">\n<li>Rico chocolate c<strong>cacahuetes sobreexplotados:<\/strong> Nuestros cacahuetes recubiertos de chocolate a granel est\u00e1n elaborados con cacahuetes de primera calidad, recubiertos de ricos chocolates que satisfacen no s\u00f3lo las exigencias de los amantes del chocolate, sino tambi\u00e9n el crujiente de los cacahuetes de forma natural.<\/li>\n\n\n\n<li><strong>Una opci\u00f3n de tentempi\u00e9 sana y nutritiva: <\/strong>Nuestros cacahuetes con chocolate a granel son ricos en prote\u00ednas de alta calidad, grasas saludables y diversos minerales. Mezclados con chocolate, no s\u00f3lo son un delicioso tentempi\u00e9, sino tambi\u00e9n una opci\u00f3n saludable como suplemento energ\u00e9tico.<\/li>\n\n\n\n<li><strong>Suministro a granel para satisfacer las necesidades de los minoristas: <\/strong>Ofrecemos cacahuetes recubiertos de chocolate a granel con envases personalizados adecuados para minoristas, grandes supermercados y sitios web de comercio electr\u00f3nico que se abastecen de ellos y satisfacen la demanda de los consumidores.<\/li>\n\n\n\n<li>Alto cos<strong>t y una fuerte competitividad en el mercado: <\/strong>Nuestros cacahuetes de chocolate a granel son una integraci\u00f3n perfecta de chocolate de alta calidad con cacahuetes, a un precio razonable para ayudar a diversas tiendas a conseguir ventas y la satisfacci\u00f3n del cliente.<\/li>\n<\/ul>\n<\/div>\n\n\n\n<div class=\"wp-block-column is-layout-flow wp-block-column-is-layout-flow\">\n<figure class=\"wp-block-image size-full\"><img fetchpriority=\"high\" decoding=\"async\" width=\"750\" height=\"750\" src=\"https:\/\/jxgchocolate.com\/wp-content\/uploads\/2024\/12\/Hot-Sales-Bulk-Chocolate-Covered-Peanuts-Can-Be-Customized3.webp\" alt=\"Venta de cacahuetes recubiertos de chocolate caliente a granel para su tienda-3\" class=\"wp-image-29282\" srcset=\"https:\/\/jxgchocolate.com\/wp-content\/uploads\/2024\/12\/Hot-Sales-Bulk-Chocolate-Covered-Peanuts-Can-Be-Customized3.webp 750w, https:\/\/jxgchocolate.com\/wp-content\/uploads\/2024\/12\/Hot-Sales-Bulk-Chocolate-Covered-Peanuts-Can-Be-Customized3-300x300.webp 300w, https:\/\/jxgchocolate.com\/wp-content\/uploads\/2024\/12\/Hot-Sales-Bulk-Chocolate-Covered-Peanuts-Can-Be-Customized3-150x150.webp 150w, https:\/\/jxgchocolate.com\/wp-content\/uploads\/2024\/12\/Hot-Sales-Bulk-Chocolate-Covered-Peanuts-Can-Be-Customized3-12x12.webp 12w, https:\/\/jxgchocolate.com\/wp-content\/uploads\/2024\/12\/Hot-Sales-Bulk-Chocolate-Covered-Peanuts-Can-Be-Customized3-430x430.webp 430w, https:\/\/jxgchocolate.com\/wp-content\/uploads\/2024\/12\/Hot-Sales-Bulk-Chocolate-Covered-Peanuts-Can-Be-Customized3-700x700.webp 700w\" sizes=\"(max-width: 750px) 100vw, 750px\" \/><\/figure>\n<\/div>\n<\/div>","protected":false},"excerpt":{"rendered":"<p>Bienvenido a comprar cacahuetes recubiertos de chocolate al por mayor. Nuestros cacahuetes con chocolate al por mayor son unos aperitivos muy vendidos con una mezcla perfecta de rico chocolate y crujientes cacahuetes. Adecuados para la venta al por mayor, los minoristas pueden reponer muy f\u00e1cilmente su inventario y satisfacer la demanda de los clientes de deliciosos aperitivos saludables. Es el complemento perfecto para los productos m\u00e1s vendidos de su tienda.<\/p>\n<table width=\"275\">\n<tbody>\n<tr>\n<td width=\"108\">Fabricante<\/td>\n<td width=\"167\">Fruta de la suerte<\/td>\n<\/tr>\n<tr>\n<td>N\u00ba DE MODELO<\/td>\n<td>JXG344<\/td>\n<\/tr>\n<tr>\n<td>Tipo<\/td>\n<td>Cacahuetes Chocolate<\/td>\n<\/tr>\n<tr>\n<td>Embalaje<\/td>\n<td>Embalaje en bolsas<\/td>\n<\/tr>\n<tr>\n<td>Especificaci\u00f3n<\/td>\n<td>20 bolsas<\/td>\n<\/tr>\n<tr>\n<td>Tama\u00f1o de la caja<\/td>\n<td>53*33*37,5 cm<\/td>\n<\/tr>\n<tr>\n<td>N.W \/SET<\/td>\n<td>23g*20Pcs*12bolsas<\/td>\n<\/tr>\n<tr>\n<td>Color<\/td>\n<td>Como imagen<\/td>\n<\/tr>\n<tr>\n<td>MOQ<\/td>\n<td>500 cajas<\/td>\n<\/tr>\n<tr>\n<td>Personalizaci\u00f3n<\/td>\n<td>Embalaje\/LOGO<\/td>\n<\/tr>\n<\/tbody>\n<\/table>","protected":false},"featured_media":29281,"comment_status":"closed","ping_status":"closed","template":"","meta":[],"product_cat":[73],"product_tag":[],"class_list":{"0":"post-29277","1":"product","2":"type-product","3":"status-publish","4":"has-post-thumbnail","6":"product_cat-wholesale-chocolate-covered-peanuts","8":"first","9":"instock","10":"shipping-taxable","11":"product-type-simple"},"_links":{"self":[{"href":"https:\/\/jxgchocolate.com\/es\/wp-json\/wp\/v2\/product\/29277","targetHints":{"allow":["GET"]}}],"collection":[{"href":"https:\/\/jxgchocolate.com\/es\/wp-json\/wp\/v2\/product"}],"about":[{"href":"https:\/\/jxgchocolate.com\/es\/wp-json\/wp\/v2\/types\/product"}],"replies":[{"embeddable":true,"href":"https:\/\/jxgchocolate.com\/es\/wp-json\/wp\/v2\/comments?post=29277"}],"version-history":[{"count":0,"href":"https:\/\/jxgchocolate.com\/es\/wp-json\/wp\/v2\/product\/29277\/revisions"}],"wp:featuredmedia":[{"embeddable":true,"href":"https:\/\/jxgchocolate.com\/es\/wp-json\/wp\/v2\/media\/29281"}],"wp:attachment":[{"href":"https:\/\/jxgchocolate.com\/es\/wp-json\/wp\/v2\/media?parent=29277"}],"wp:term":[{"taxonomy":"product_cat","embeddable":true,"href":"https:\/\/jxgchocolate.com\/es\/wp-json\/wp\/v2\/product_cat?post=29277"},{"taxonomy":"product_tag","embeddable":true,"href":"https:\/\/jxgchocolate.com\/es\/wp-json\/wp\/v2\/product_tag?post=29277"}],"curies":[{"name":"wp","href":"https:\/\/api.w.org\/{rel}","templated":true}]}}