{"id":29285,"date":"2024-12-14T09:09:09","date_gmt":"2024-12-14T09:09:09","guid":{"rendered":"https:\/\/jxgchocolate.com\/?post_type=product&#038;p=29285"},"modified":"2024-12-14T09:21:14","modified_gmt":"2024-12-14T09:21:14","slug":"bulk-chocolate-peanuts","status":"publish","type":"product","link":"https:\/\/jxgchocolate.com\/es\/producto\/bulk-chocolate-peanuts\/","title":{"rendered":"Cacahuetes de chocolate a granel con sabor a t\u00e9 chino y envase personalizado"},"content":{"rendered":"<div class=\"wp-block-columns is-layout-flex wp-container-core-columns-is-layout-9d6595d7 wp-block-columns-is-layout-flex\">\n<div class=\"wp-block-column is-layout-flow wp-block-column-is-layout-flow\">\n<h2 class=\"wp-block-heading\">Cacahuetes de chocolate a granel de primera calidad Caracter\u00edsticas:<\/h2>\n\n\n\n<ul class=\"wp-block-list\">\n<li><strong>Sabor \u00fanico a t\u00e9: <\/strong>Estos cacahuetes de chocolate a granel utilizan t\u00e9 chino y se mezclan cuidadosamente, el abundante aroma del t\u00e9 se combina con la dulzura del chocolate. Su sabor rico y \u00fanico abre una nueva experiencia de consumo.<\/li>\n\n\n\n<li><strong>Ingredientes seleccionados de alta calidad: <\/strong>Nuestros cacahuetes recubiertos de chocolate a granel utilizan cacahuetes de alta calidad y chocolate de alta calidad para garantizar un sabor delicado, sano y delicioso que le permita disfrutar del sabor natural puro.<\/li>\n\n\n\n<li><strong>Servicio de embalaje personalizado: <\/strong>Los cacahuetes de chocolate a granel pueden envasarse a medida para satisfacer los requisitos de la marca, ya sea para regalos, promociones o regalos de empresa para mejorar la marca.<\/li>\n\n\n\n<li>Suministro a granel<strong>para satisfacer diversas necesidades: <\/strong>Nuestros cacahuetes recubiertos de chocolate al por mayor son aptos para minoristas, empresas de catering y clientes corporativos, satisfacen f\u00e1cilmente las necesidades de diferentes mercados y aumentan sus opciones de productos.<\/li>\n<\/ul>\n<\/div>\n\n\n\n<div class=\"wp-block-column is-layout-flow wp-block-column-is-layout-flow\">\n<figure class=\"wp-block-image size-full\"><img fetchpriority=\"high\" decoding=\"async\" width=\"800\" height=\"800\" src=\"https:\/\/jxgchocolate.com\/wp-content\/uploads\/2024\/12\/Customized-Chocolate-Covered-Peanuts-In-Bulk-With-Chinese-tea-Flavor2.webp\" alt=\"Cacahuetes de chocolate a granel con sabor a t\u00e9 chino y envase personalizado-3\" class=\"wp-image-29287\" srcset=\"https:\/\/jxgchocolate.com\/wp-content\/uploads\/2024\/12\/Customized-Chocolate-Covered-Peanuts-In-Bulk-With-Chinese-tea-Flavor2.webp 800w, https:\/\/jxgchocolate.com\/wp-content\/uploads\/2024\/12\/Customized-Chocolate-Covered-Peanuts-In-Bulk-With-Chinese-tea-Flavor2-300x300.webp 300w, https:\/\/jxgchocolate.com\/wp-content\/uploads\/2024\/12\/Customized-Chocolate-Covered-Peanuts-In-Bulk-With-Chinese-tea-Flavor2-150x150.webp 150w, https:\/\/jxgchocolate.com\/wp-content\/uploads\/2024\/12\/Customized-Chocolate-Covered-Peanuts-In-Bulk-With-Chinese-tea-Flavor2-768x768.webp 768w, https:\/\/jxgchocolate.com\/wp-content\/uploads\/2024\/12\/Customized-Chocolate-Covered-Peanuts-In-Bulk-With-Chinese-tea-Flavor2-12x12.webp 12w, https:\/\/jxgchocolate.com\/wp-content\/uploads\/2024\/12\/Customized-Chocolate-Covered-Peanuts-In-Bulk-With-Chinese-tea-Flavor2-430x430.webp 430w, https:\/\/jxgchocolate.com\/wp-content\/uploads\/2024\/12\/Customized-Chocolate-Covered-Peanuts-In-Bulk-With-Chinese-tea-Flavor2-700x700.webp 700w\" sizes=\"(max-width: 800px) 100vw, 800px\" \/><\/figure>\n<\/div>\n<\/div>","protected":false},"excerpt":{"rendered":"<p>Bienvenido a comprar cacahuetes con chocolate a granel. Nuestros cacahuetes recubiertos de chocolate a granel combinan el sabor \u00fanico del t\u00e9 chino con la suavidad del chocolate, ofreci\u00e9ndole una experiencia de sabor \u00fanica. Cada cacahuete est\u00e1 elaborado con ingredientes seleccionados de alta calidad, con una rica capa exterior de chocolate, cacahuetes crujientes en el interior y un toque de fragancia de t\u00e9, una mezcla perfecta. Ofrecemos servicios de envasado personalizados para satisfacer sus necesidades de venta al por menor o de marca.<\/p>\n<table width=\"275\">\n<tbody>\n<tr>\n<td width=\"108\">Fabricante<\/td>\n<td width=\"167\">Fruta de la suerte<\/td>\n<\/tr>\n<tr>\n<td>N\u00ba DE MODELO<\/td>\n<td>JXG345<\/td>\n<\/tr>\n<tr>\n<td>Tipo<\/td>\n<td>Cacahuetes Chocolate<\/td>\n<\/tr>\n<tr>\n<td>Embalaje<\/td>\n<td>Embalaje en bolsas<\/td>\n<\/tr>\n<tr>\n<td>Especificaci\u00f3n<\/td>\n<td>20 bolsas<\/td>\n<\/tr>\n<tr>\n<td>Tama\u00f1o de la caja<\/td>\n<td>53*33*37,5 cm<\/td>\n<\/tr>\n<tr>\n<td>N.W \/SET<\/td>\n<td>23g*20Pcs*12bolsas<\/td>\n<\/tr>\n<tr>\n<td>Color<\/td>\n<td>Como imagen<\/td>\n<\/tr>\n<tr>\n<td>MOQ<\/td>\n<td>500 cajas<\/td>\n<\/tr>\n<tr>\n<td>Personalizaci\u00f3n<\/td>\n<td>Embalaje\/LOGO<\/td>\n<\/tr>\n<\/tbody>\n<\/table>","protected":false},"featured_media":29287,"comment_status":"closed","ping_status":"closed","template":"","meta":[],"product_cat":[73],"product_tag":[],"class_list":{"0":"post-29285","1":"product","2":"type-product","3":"status-publish","4":"has-post-thumbnail","6":"product_cat-wholesale-chocolate-covered-peanuts","8":"first","9":"instock","10":"shipping-taxable","11":"product-type-simple"},"_links":{"self":[{"href":"https:\/\/jxgchocolate.com\/es\/wp-json\/wp\/v2\/product\/29285","targetHints":{"allow":["GET"]}}],"collection":[{"href":"https:\/\/jxgchocolate.com\/es\/wp-json\/wp\/v2\/product"}],"about":[{"href":"https:\/\/jxgchocolate.com\/es\/wp-json\/wp\/v2\/types\/product"}],"replies":[{"embeddable":true,"href":"https:\/\/jxgchocolate.com\/es\/wp-json\/wp\/v2\/comments?post=29285"}],"version-history":[{"count":0,"href":"https:\/\/jxgchocolate.com\/es\/wp-json\/wp\/v2\/product\/29285\/revisions"}],"wp:featuredmedia":[{"embeddable":true,"href":"https:\/\/jxgchocolate.com\/es\/wp-json\/wp\/v2\/media\/29287"}],"wp:attachment":[{"href":"https:\/\/jxgchocolate.com\/es\/wp-json\/wp\/v2\/media?parent=29285"}],"wp:term":[{"taxonomy":"product_cat","embeddable":true,"href":"https:\/\/jxgchocolate.com\/es\/wp-json\/wp\/v2\/product_cat?post=29285"},{"taxonomy":"product_tag","embeddable":true,"href":"https:\/\/jxgchocolate.com\/es\/wp-json\/wp\/v2\/product_tag?post=29285"}],"curies":[{"name":"wp","href":"https:\/\/api.w.org\/{rel}","templated":true}]}}