{"id":29307,"date":"2024-12-21T02:31:34","date_gmt":"2024-12-21T02:31:34","guid":{"rendered":"https:\/\/jxgchocolate.com\/?post_type=product&#038;p=29307"},"modified":"2024-12-21T02:32:14","modified_gmt":"2024-12-21T02:32:14","slug":"chocolate-coated-peanuts-bulk","status":"publish","type":"product","link":"https:\/\/jxgchocolate.com\/es\/producto\/chocolate-coated-peanuts-bulk\/","title":{"rendered":"Innovadores cacahuetes recubiertos de chocolate a granel con dos sabores"},"content":{"rendered":"<div class=\"wp-block-columns is-layout-flex wp-container-core-columns-is-layout-9d6595d7 wp-block-columns-is-layout-flex\">\n<div class=\"wp-block-column is-layout-flow wp-block-column-is-layout-flow\">\n<h2 class=\"wp-block-heading\">Cacahuetes recubiertos de chocolate Premium a granel Caracter\u00edsticas:<\/h2>\n\n\n\n<ul class=\"wp-block-list\">\n<li><strong>Suplemento energ\u00e9tico r\u00e1pido: <\/strong>Nuestros cacahuetes recubiertos de chocolate a granel contienen un alto nivel de az\u00facar y grasa, que pueden proporcionar energ\u00eda r\u00e1pida al cuerpo. Por lo tanto, es adecuado para actuar como un suplemento energ\u00e9tico cuando la gente est\u00e1 haciendo ejercicio, estudiando o trabajando y se siente fatigada. Las prote\u00ednas y los hidratos de carbono de los cacahuetes pueden ser absorbidos f\u00e1cilmente por el cuerpo, lo que puede elevar r\u00e1pidamente el nivel de az\u00facar en la sangre y ayudar a las personas a recuperar su energ\u00eda m\u00e1s r\u00e1pidamente.<\/li>\n\n\n\n<li><strong>Una experiencia gustativa \u00fanica: <\/strong>La capa exterior de nuestros cacahuetes recubiertos de chocolate a granel tiene una sedosa textura de chocolate, pero por dentro est\u00e1 llena de crujientes cacahuetes. Este contraste de sabores confiere una rica textura a cada bocado. El cacahuete en s\u00ed tiene un gran aroma, y mezclado con el chocolate, crean un sabor m\u00e1s seductor e inolvidable.<\/li>\n\n\n\n<li><strong>Rico en nutrientes:<\/strong> Los cacahuetes son ricos en prote\u00ednas de alta calidad y fibra diet\u00e9tica, que mantienen el metabolismo normal y la salud intestinal del organismo. Adem\u00e1s, los \u00e1cidos grasos insaturados de los cacahuetes pueden reducir los niveles de colesterol y disminuir el riesgo de enfermedades cardiovasculares en el cuerpo humano. Nuestro cacahuete recubierto de chocolate a granel tambi\u00e9n contiene varias vitaminas y minerales, como vitamina E, magnesio, potasio, etc., que desempe\u00f1an un papel importante en el mantenimiento de una buena salud.<\/li>\n\n\n\n<li><strong>Envases diversificados con distintos sabores: <\/strong>El exquisito dise\u00f1o del envase de nuestros cacahuetes recubiertos de chocolate a granel puede atraer la atenci\u00f3n de los consumidores y aumentar su intenci\u00f3n de compra. Adem\u00e1s del cl\u00e1sico sabor a chocolate, se ha a\u00f1adido chocolate con sabor a t\u00e9 Yashi Dancong con el objetivo de satisfacer los diferentes gustos de los consumidores.<\/li>\n<\/ul>\n<\/div>\n\n\n\n<div class=\"wp-block-column is-layout-flow wp-block-column-is-layout-flow\">\n<figure class=\"wp-block-image size-full\"><img fetchpriority=\"high\" decoding=\"async\" width=\"1800\" height=\"1500\" src=\"https:\/\/jxgchocolate.com\/wp-content\/uploads\/2024\/12\/\u82b1\u751f\u4fe9\u53e3\u54731.webp\" alt=\"Innovadores cacahuetes recubiertos de chocolate a granel con dos sabores-1\" class=\"wp-image-29309\" srcset=\"https:\/\/jxgchocolate.com\/wp-content\/uploads\/2024\/12\/\u82b1\u751f\u4fe9\u53e3\u54731.webp 1800w, https:\/\/jxgchocolate.com\/wp-content\/uploads\/2024\/12\/\u82b1\u751f\u4fe9\u53e3\u54731-360x300.webp 360w, https:\/\/jxgchocolate.com\/wp-content\/uploads\/2024\/12\/\u82b1\u751f\u4fe9\u53e3\u54731-768x640.webp 768w, https:\/\/jxgchocolate.com\/wp-content\/uploads\/2024\/12\/\u82b1\u751f\u4fe9\u53e3\u54731-14x12.webp 14w, https:\/\/jxgchocolate.com\/wp-content\/uploads\/2024\/12\/\u82b1\u751f\u4fe9\u53e3\u54731-430x358.webp 430w, https:\/\/jxgchocolate.com\/wp-content\/uploads\/2024\/12\/\u82b1\u751f\u4fe9\u53e3\u54731-700x583.webp 700w, https:\/\/jxgchocolate.com\/wp-content\/uploads\/2024\/12\/\u82b1\u751f\u4fe9\u53e3\u54731-150x125.webp 150w\" sizes=\"(max-width: 1800px) 100vw, 1800px\" \/><\/figure>\n<\/div>\n<\/div>","protected":false},"excerpt":{"rendered":"<p>Bienvenido a comprar cacahuetes recubiertos de chocolate a granel. Nuestros cacahuetes recubiertos de chocolate a granel son populares en el mercado por su experiencia de sabor \u00fanica, su r\u00e1pida reposici\u00f3n de energ\u00eda, su rico valor nutritivo y sus diversos envases y sabores. Ya sea como tentempi\u00e9 diario o como suplemento energ\u00e9tico, el chocolate con cacahuetes puede aportar a los consumidores una agradable experiencia gustativa y una saludable experiencia f\u00edsica.<\/p>\n<table width=\"275\">\n<tbody>\n<tr>\n<td width=\"108\">Fabricante<\/td>\n<td width=\"167\">Fruta de la suerte<\/td>\n<\/tr>\n<tr>\n<td>N\u00ba DE MODELO<\/td>\n<td>JXG345<\/td>\n<\/tr>\n<tr>\n<td>Tipo<\/td>\n<td>Cacahuetes Chocolate<\/td>\n<\/tr>\n<tr>\n<td>Embalaje<\/td>\n<td>Embalaje en bolsas<\/td>\n<\/tr>\n<tr>\n<td>Especificaci\u00f3n<\/td>\n<td>20 bolsas<\/td>\n<\/tr>\n<tr>\n<td>Tama\u00f1o de la caja<\/td>\n<td>53*33*37,5 cm<\/td>\n<\/tr>\n<tr>\n<td>N.W \/SET<\/td>\n<td>23g*20Pcs*12bolsas<\/td>\n<\/tr>\n<tr>\n<td>Color<\/td>\n<td>Como imagen<\/td>\n<\/tr>\n<tr>\n<td>MOQ<\/td>\n<td>500 cajas<\/td>\n<\/tr>\n<tr>\n<td>Personalizaci\u00f3n<\/td>\n<td>Embalaje\/LOGO<\/td>\n<\/tr>\n<\/tbody>\n<\/table>","protected":false},"featured_media":29310,"comment_status":"closed","ping_status":"closed","template":"","meta":[],"product_cat":[73],"product_tag":[],"class_list":{"0":"post-29307","1":"product","2":"type-product","3":"status-publish","4":"has-post-thumbnail","6":"product_cat-wholesale-chocolate-covered-peanuts","8":"first","9":"instock","10":"shipping-taxable","11":"product-type-simple"},"_links":{"self":[{"href":"https:\/\/jxgchocolate.com\/es\/wp-json\/wp\/v2\/product\/29307","targetHints":{"allow":["GET"]}}],"collection":[{"href":"https:\/\/jxgchocolate.com\/es\/wp-json\/wp\/v2\/product"}],"about":[{"href":"https:\/\/jxgchocolate.com\/es\/wp-json\/wp\/v2\/types\/product"}],"replies":[{"embeddable":true,"href":"https:\/\/jxgchocolate.com\/es\/wp-json\/wp\/v2\/comments?post=29307"}],"version-history":[{"count":7,"href":"https:\/\/jxgchocolate.com\/es\/wp-json\/wp\/v2\/product\/29307\/revisions"}],"predecessor-version":[{"id":29329,"href":"https:\/\/jxgchocolate.com\/es\/wp-json\/wp\/v2\/product\/29307\/revisions\/29329"}],"wp:featuredmedia":[{"embeddable":true,"href":"https:\/\/jxgchocolate.com\/es\/wp-json\/wp\/v2\/media\/29310"}],"wp:attachment":[{"href":"https:\/\/jxgchocolate.com\/es\/wp-json\/wp\/v2\/media?parent=29307"}],"wp:term":[{"taxonomy":"product_cat","embeddable":true,"href":"https:\/\/jxgchocolate.com\/es\/wp-json\/wp\/v2\/product_cat?post=29307"},{"taxonomy":"product_tag","embeddable":true,"href":"https:\/\/jxgchocolate.com\/es\/wp-json\/wp\/v2\/product_tag?post=29307"}],"curies":[{"name":"wp","href":"https:\/\/api.w.org\/{rel}","templated":true}]}}