{"id":29316,"date":"2024-12-21T02:39:34","date_gmt":"2024-12-21T02:39:34","guid":{"rendered":"https:\/\/jxgchocolate.com\/?post_type=product&#038;p=29316"},"modified":"2024-12-21T02:39:38","modified_gmt":"2024-12-21T02:39:38","slug":"bulk-chocolate-covered-sunflower-seed","status":"publish","type":"product","link":"https:\/\/jxgchocolate.com\/es\/producto\/bulk-chocolate-covered-sunflower-seed\/","title":{"rendered":"Semillas de girasol recubiertas de chocolate a granel con nuevo sabor"},"content":{"rendered":"<div class=\"wp-block-columns is-layout-flex wp-container-core-columns-is-layout-9d6595d7 wp-block-columns-is-layout-flex\">\n<div class=\"wp-block-column is-layout-flow wp-block-column-is-layout-flow\">\n<h2 class=\"wp-block-heading\">Semillas de girasol recubiertas de chocolate a granel de primera calidad Caracter\u00edsticas:<\/h2>\n\n\n\n<ul class=\"wp-block-list\">\n<li><strong>Cultura e innovaci\u00f3n: <\/strong>La combinaci\u00f3n de las semillas de girasol tradicionales con la artesan\u00eda moderna del chocolate encarna el encanto de la innovaci\u00f3n y el cruce de fronteras, nuestras semillas de girasol cubiertas de chocolate a granel son adecuadas para los consumidores que buscan experiencias \u00fanicas. Aunque el chocolate con semillas de girasol es una categor\u00eda de producto relativamente novedosa, su combinaci\u00f3n \u00fanica tiene cierta escasez y atractivo en el mercado.<\/li>\n\n\n\n<li><strong>Escenarios de consumo diversificados: <\/strong>Nuestras pipas de girasol recubiertas de chocolate al por mayor son adecuadas como tentempi\u00e9 para el tiempo libre, aportando un agradable disfrute tanto en las pausas del trabajo como en las reuniones familiares. Tambi\u00e9n pueden combinarse con una taza de t\u00e9 o caf\u00e9 caliente para convertirse en el Dim sum perfecto para el t\u00e9 de la tarde. Tambi\u00e9n puede utilizarse para elaborar postres m\u00e1s creativos, como galletas sandwich, decoraciones para tartas, etc., para aumentar la diversi\u00f3n de la reposter\u00eda.<\/li>\n\n\n\n<li><strong>Doble sabor \u00fanico: <\/strong>Cada bocado de nuestras semillas de girasol cubiertas de chocolate a granel le proporcionar\u00e1 una sedosa sensaci\u00f3n de fusi\u00f3n con el chocolate exterior y el crujiente aroma de las semillas de girasol interiores, creando un sabor contrastado pero armonioso. Del chocolate dulce a las semillas de girasol saladas, esta transici\u00f3n de lo dulce a lo salado aporta a los consumidores una rica gama de niveles de sabor.<\/li>\n<\/ul>\n<\/div>\n\n\n\n<div class=\"wp-block-column is-layout-flow wp-block-column-is-layout-flow\">\n<figure class=\"wp-block-image size-full\"><img fetchpriority=\"high\" decoding=\"async\" width=\"1800\" height=\"1500\" src=\"https:\/\/jxgchocolate.com\/wp-content\/uploads\/2024\/12\/\u74dc\u5b50\u4fe9\u53e3\u54731.webp\" alt=\"Semillas de girasol recubiertas de chocolate a granel con nuevo sabor-1\" class=\"wp-image-29317\" srcset=\"https:\/\/jxgchocolate.com\/wp-content\/uploads\/2024\/12\/\u74dc\u5b50\u4fe9\u53e3\u54731.webp 1800w, https:\/\/jxgchocolate.com\/wp-content\/uploads\/2024\/12\/\u74dc\u5b50\u4fe9\u53e3\u54731-360x300.webp 360w, https:\/\/jxgchocolate.com\/wp-content\/uploads\/2024\/12\/\u74dc\u5b50\u4fe9\u53e3\u54731-768x640.webp 768w, https:\/\/jxgchocolate.com\/wp-content\/uploads\/2024\/12\/\u74dc\u5b50\u4fe9\u53e3\u54731-14x12.webp 14w, https:\/\/jxgchocolate.com\/wp-content\/uploads\/2024\/12\/\u74dc\u5b50\u4fe9\u53e3\u54731-430x358.webp 430w, https:\/\/jxgchocolate.com\/wp-content\/uploads\/2024\/12\/\u74dc\u5b50\u4fe9\u53e3\u54731-700x583.webp 700w, https:\/\/jxgchocolate.com\/wp-content\/uploads\/2024\/12\/\u74dc\u5b50\u4fe9\u53e3\u54731-150x125.webp 150w\" sizes=\"(max-width: 1800px) 100vw, 1800px\" \/><\/figure>\n<\/div>\n<\/div>","protected":false},"excerpt":{"rendered":"<p>Bienvenido a comprar semillas de girasol recubiertas de chocolate al por mayor de nuestra f\u00e1brica. Nuestras semillas de girasol cubiertas de chocolate al por mayor no s\u00f3lo proporcionan una nueva experiencia de sabor, sino que tambi\u00e9n transmiten un estilo de vida saludable y un valor cultural, por lo que es una opci\u00f3n ideal para los consumidores que persiguen una vida de calidad. Ya sea como tentempi\u00e9 diario, ingrediente para hornear o un gran regalo, las semillas de girasol con chocolate aportan un disfrute \u00fanico a los consumidores.<\/p>\n<table width=\"275\">\n<tbody>\n<tr>\n<td width=\"108\">Fabricante<\/td>\n<td width=\"167\">Fruta de la suerte<\/td>\n<\/tr>\n<tr>\n<td>N\u00ba DE MODELO<\/td>\n<td>JXG346<\/td>\n<\/tr>\n<tr>\n<td>Tipo<\/td>\n<td>Pipas de girasol Chocolate<\/td>\n<\/tr>\n<tr>\n<td>Embalaje<\/td>\n<td>Embalaje en bolsas<\/td>\n<\/tr>\n<tr>\n<td>Especificaci\u00f3n<\/td>\n<td>20 bolsas<\/td>\n<\/tr>\n<tr>\n<td>Tama\u00f1o de la caja<\/td>\n<td>53*33*37,5 cm<\/td>\n<\/tr>\n<tr>\n<td>N.W \/SET<\/td>\n<td>23g*20Pcs*12bolsas<\/td>\n<\/tr>\n<tr>\n<td>Color<\/td>\n<td>Como imagen<\/td>\n<\/tr>\n<tr>\n<td>MOQ<\/td>\n<td>500 cajas<\/td>\n<\/tr>\n<tr>\n<td>Personalizaci\u00f3n<\/td>\n<td>Embalaje\/LOGO<\/td>\n<\/tr>\n<\/tbody>\n<\/table>","protected":false},"featured_media":29318,"comment_status":"closed","ping_status":"closed","template":"","meta":[],"product_cat":[72],"product_tag":[],"class_list":{"0":"post-29316","1":"product","2":"type-product","3":"status-publish","4":"has-post-thumbnail","6":"product_cat-wholesale-chocolate-covered-sunflower-seeds","8":"first","9":"instock","10":"shipping-taxable","11":"product-type-simple"},"_links":{"self":[{"href":"https:\/\/jxgchocolate.com\/es\/wp-json\/wp\/v2\/product\/29316","targetHints":{"allow":["GET"]}}],"collection":[{"href":"https:\/\/jxgchocolate.com\/es\/wp-json\/wp\/v2\/product"}],"about":[{"href":"https:\/\/jxgchocolate.com\/es\/wp-json\/wp\/v2\/types\/product"}],"replies":[{"embeddable":true,"href":"https:\/\/jxgchocolate.com\/es\/wp-json\/wp\/v2\/comments?post=29316"}],"version-history":[{"count":0,"href":"https:\/\/jxgchocolate.com\/es\/wp-json\/wp\/v2\/product\/29316\/revisions"}],"wp:featuredmedia":[{"embeddable":true,"href":"https:\/\/jxgchocolate.com\/es\/wp-json\/wp\/v2\/media\/29318"}],"wp:attachment":[{"href":"https:\/\/jxgchocolate.com\/es\/wp-json\/wp\/v2\/media?parent=29316"}],"wp:term":[{"taxonomy":"product_cat","embeddable":true,"href":"https:\/\/jxgchocolate.com\/es\/wp-json\/wp\/v2\/product_cat?post=29316"},{"taxonomy":"product_tag","embeddable":true,"href":"https:\/\/jxgchocolate.com\/es\/wp-json\/wp\/v2\/product_tag?post=29316"}],"curies":[{"name":"wp","href":"https:\/\/api.w.org\/{rel}","templated":true}]}}