{"id":29344,"date":"2025-01-02T04:09:27","date_gmt":"2025-01-02T04:09:27","guid":{"rendered":"https:\/\/jxgchocolate.com\/?post_type=product&#038;p=29344"},"modified":"2025-01-02T04:09:29","modified_gmt":"2025-01-02T04:09:29","slug":"chocolate-coated-peanuts-wholesale","status":"publish","type":"product","link":"https:\/\/jxgchocolate.com\/es\/producto\/chocolate-coated-peanuts-wholesale\/","title":{"rendered":"Cacahuetes recubiertos de chocolate con sabor a t\u00e9 al por mayor, Cacahuetes de chocolate a granel"},"content":{"rendered":"<div class=\"wp-block-columns is-layout-flex wp-container-core-columns-is-layout-9d6595d7 wp-block-columns-is-layout-flex\">\n<div class=\"wp-block-column is-layout-flow wp-block-column-is-layout-flow\">\n<h2 class=\"wp-block-heading\">Cacahuetes recubiertos de chocolate Premium al por mayor Caracter\u00edsticas:<\/h2>\n\n\n\n<ul class=\"wp-block-list\">\n<li><strong>La fusi\u00f3n perfecta de t\u00e9 y chocolate: <\/strong>Nuestros cacahuetes recubiertos de chocolate al por mayor utilizan t\u00e9 oolong Yashi Xiang como sabor principal. El exclusivo aroma floral y el sutil sabor del t\u00e9 confieren a nuestros cacahuetes con chocolate al por mayor un sabor \u00fanico. La frescura del aroma del t\u00e9 y la riqueza del chocolate se complementan, creando una rica sensaci\u00f3n en capas, y cada bocado es memorable.<\/li>\n\n\n\n<li><strong>Seleccionar materias primas de alta calidad para garantizar el sabor y la calidad: <\/strong>Nuestros cacahuetes de chocolate a granel seleccionan cacahuetes de grano entero y sabor crujiente, y los combinan con chocolate sedoso y suave de alta calidad. Se elaboran con una exquisita artesan\u00eda para garantizar que cada uno de ellos tenga una cobertura de chocolate uniforme y el mejor rendimiento de sabor.<\/li>\n\n\n\n<li><strong>Aperitivos sanos y deliciosos: <\/strong>Los ingredientes antioxidantes naturales de las hojas de t\u00e9 oolong se combinan con los \u00e1cidos grasos insaturados y las prote\u00ednas ricas de los cacahuetes, de modo que nuestro cacahuete recubierto de chocolate al por mayor puede satisfacer las papilas gustativas y tener en cuenta la salud. Ya sea para el ocio diario o para acompa\u00f1ar bebidas, este cacahuete de chocolate es una elecci\u00f3n perfecta.<\/li>\n\n\n\n<li><strong>Servicios flexibles al por mayor y personalizados: <\/strong>Nuestros cacahuetes de chocolate a granel est\u00e1n pensados para minoristas y clientes de marca, ya que ofrecen apoyo para la adquisici\u00f3n de grandes vol\u00famenes, al tiempo que aceptan requisitos de personalizaci\u00f3n de sabores, envases y marcas. Tanto si dirige una tienda minorista como si est\u00e1 creando una l\u00ednea de productos de marca, podemos satisfacer sus necesidades comerciales.<\/li>\n<\/ul>\n<\/div>\n\n\n\n<div class=\"wp-block-column is-layout-flow wp-block-column-is-layout-flow\">\n<figure class=\"wp-block-image size-full\"><img fetchpriority=\"high\" decoding=\"async\" width=\"1800\" height=\"1500\" src=\"https:\/\/jxgchocolate.com\/wp-content\/uploads\/2024\/12\/Sales-In-Bulk-Peanut-Chocolate-Candy-Ball-With-Newest-Tea-Flavor1.webp\" alt=\"Cacahuetes recubiertos de chocolate con sabor a t\u00e9 al por mayor, Cacahuetes de chocolate a granel-1\" class=\"wp-image-29345\" srcset=\"https:\/\/jxgchocolate.com\/wp-content\/uploads\/2024\/12\/Sales-In-Bulk-Peanut-Chocolate-Candy-Ball-With-Newest-Tea-Flavor1.webp 1800w, https:\/\/jxgchocolate.com\/wp-content\/uploads\/2024\/12\/Sales-In-Bulk-Peanut-Chocolate-Candy-Ball-With-Newest-Tea-Flavor1-360x300.webp 360w, https:\/\/jxgchocolate.com\/wp-content\/uploads\/2024\/12\/Sales-In-Bulk-Peanut-Chocolate-Candy-Ball-With-Newest-Tea-Flavor1-768x640.webp 768w, https:\/\/jxgchocolate.com\/wp-content\/uploads\/2024\/12\/Sales-In-Bulk-Peanut-Chocolate-Candy-Ball-With-Newest-Tea-Flavor1-14x12.webp 14w, https:\/\/jxgchocolate.com\/wp-content\/uploads\/2024\/12\/Sales-In-Bulk-Peanut-Chocolate-Candy-Ball-With-Newest-Tea-Flavor1-430x358.webp 430w, https:\/\/jxgchocolate.com\/wp-content\/uploads\/2024\/12\/Sales-In-Bulk-Peanut-Chocolate-Candy-Ball-With-Newest-Tea-Flavor1-700x583.webp 700w, https:\/\/jxgchocolate.com\/wp-content\/uploads\/2024\/12\/Sales-In-Bulk-Peanut-Chocolate-Candy-Ball-With-Newest-Tea-Flavor1-150x125.webp 150w\" sizes=\"(max-width: 1800px) 100vw, 1800px\" \/><\/figure>\n<\/div>\n<\/div>","protected":false},"excerpt":{"rendered":"<p>Bienvenido a comprar cacahuetes con chocolate al por mayor. Nuestros cacahuetes recubiertos de chocolate al por mayor son una combinaci\u00f3n de t\u00e9 oolong Yashi Xiang seleccionado y chocolate y cacahuetes de alta calidad, que aporta un aroma de t\u00e9 \u00fanico y un sabor crujiente, teniendo en cuenta tanto la exquisitez como la salud.<\/p>\n<table width=\"423\">\n<tbody>\n<tr>\n<td width=\"166\">Fabricante<\/td>\n<td width=\"257\">Fruta de la suerte<\/td>\n<\/tr>\n<tr>\n<td>N\u00ba DE MODELO<\/td>\n<td>JXG48<\/td>\n<\/tr>\n<tr>\n<td>Tipo<\/td>\n<td>Chocolate con cacahuete<\/td>\n<\/tr>\n<tr>\n<td>Embalaje<\/td>\n<td>Embalaje en cajas<\/td>\n<\/tr>\n<tr>\n<td>Especificaci\u00f3n<\/td>\n<td>20 bolsas*12 cajas<\/td>\n<\/tr>\n<tr>\n<td>Tama\u00f1o de la caja<\/td>\n<td>58*35,5*37,5 cm<\/td>\n<\/tr>\n<tr>\n<td>N.W \/SET<\/td>\n<td>23g*20bolsas<\/td>\n<\/tr>\n<tr>\n<td>Color<\/td>\n<td>Como imagen<\/td>\n<\/tr>\n<tr>\n<td>MOQ<\/td>\n<td>500 cajas<\/td>\n<\/tr>\n<tr>\n<td>Personalizaci\u00f3n<\/td>\n<td>Embalaje\/LOGO<\/td>\n<\/tr>\n<\/tbody>\n<\/table>","protected":false},"featured_media":29346,"comment_status":"closed","ping_status":"closed","template":"","meta":[],"product_cat":[73],"product_tag":[],"class_list":{"0":"post-29344","1":"product","2":"type-product","3":"status-publish","4":"has-post-thumbnail","6":"product_cat-wholesale-chocolate-covered-peanuts","8":"first","9":"instock","10":"shipping-taxable","11":"product-type-simple"},"_links":{"self":[{"href":"https:\/\/jxgchocolate.com\/es\/wp-json\/wp\/v2\/product\/29344","targetHints":{"allow":["GET"]}}],"collection":[{"href":"https:\/\/jxgchocolate.com\/es\/wp-json\/wp\/v2\/product"}],"about":[{"href":"https:\/\/jxgchocolate.com\/es\/wp-json\/wp\/v2\/types\/product"}],"replies":[{"embeddable":true,"href":"https:\/\/jxgchocolate.com\/es\/wp-json\/wp\/v2\/comments?post=29344"}],"version-history":[{"count":0,"href":"https:\/\/jxgchocolate.com\/es\/wp-json\/wp\/v2\/product\/29344\/revisions"}],"wp:featuredmedia":[{"embeddable":true,"href":"https:\/\/jxgchocolate.com\/es\/wp-json\/wp\/v2\/media\/29346"}],"wp:attachment":[{"href":"https:\/\/jxgchocolate.com\/es\/wp-json\/wp\/v2\/media?parent=29344"}],"wp:term":[{"taxonomy":"product_cat","embeddable":true,"href":"https:\/\/jxgchocolate.com\/es\/wp-json\/wp\/v2\/product_cat?post=29344"},{"taxonomy":"product_tag","embeddable":true,"href":"https:\/\/jxgchocolate.com\/es\/wp-json\/wp\/v2\/product_tag?post=29344"}],"curies":[{"name":"wp","href":"https:\/\/api.w.org\/{rel}","templated":true}]}}