{"id":29354,"date":"2025-01-02T07:18:58","date_gmt":"2025-01-02T07:18:58","guid":{"rendered":"https:\/\/jxgchocolate.com\/?post_type=product&#038;p=29354"},"modified":"2025-01-02T07:19:00","modified_gmt":"2025-01-02T07:19:00","slug":"wholesale-peanuts-with-chocolate-coating","status":"publish","type":"product","link":"https:\/\/jxgchocolate.com\/es\/producto\/wholesale-peanuts-with-chocolate-coating\/","title":{"rendered":"Cacahuetes crujientes al por mayor con cobertura de chocolate al por mayor"},"content":{"rendered":"<div class=\"wp-block-columns is-layout-flex wp-container-core-columns-is-layout-9d6595d7 wp-block-columns-is-layout-flex\">\n<div class=\"wp-block-column is-layout-flow wp-block-column-is-layout-flow\">\n<h2 class=\"wp-block-heading\">Cacahuetes al por mayor de primera calidad con recubrimiento de chocolate Caracter\u00edsticas:<\/h2>\n\n\n\n<ul class=\"wp-block-list\">\n<li><strong>Sabor y gusto \u00fanicos: <\/strong>Nuestros cacahuetes al por mayor con cobertura de chocolate combinan el sabor \u00fanico de los cacahuetes y el chocolate; los crujientes cacahuetes y el sedoso chocolate se complementan para formar una rica jerarqu\u00eda de sabores. Este sabor \u00fanico permite que nuestros cacahuetes con chocolate al por mayor destaquen entre muchos aperitivos y sean profundamente apreciados por los consumidores.<\/li>\n\n\n\n<li><strong>Valor nutritivo: <\/strong>Nuestros cacahuetes de chocolate a granel son ricos en energ\u00eda, prote\u00ednas y grasas, a\u00f1adiendo una variedad de minerales y vitaminas. 100 gramos de chocolate con cacahuetes contienen unas 514 calor\u00edas de energ\u00eda, 9,4 gramos de prote\u00ednas y 25,4 gramos de grasa, a\u00f1adiendo una variedad de minerales como magnesio, f\u00f3sforo, calcio, hierro y zinc. Esta nutrici\u00f3n ayuda a cubrir las necesidades energ\u00e9ticas del cuerpo humano y, por tanto, contribuye en general a la salud.<\/li>\n\n\n\n<li><strong>Exquisito dise\u00f1o del envase: <\/strong>Muchos cacahuetes con chocolate al por mayor prestan mucha atenci\u00f3n al dise\u00f1o del envase, utilizando un envase exquisito para captar la atenci\u00f3n de los consumidores. Los envases de nuestros cacahuetes al por mayor con cobertura de chocolate no s\u00f3lo son c\u00f3modos de transportar y colocar, sino que tambi\u00e9n pueden conservar eficazmente el chocolate fresco y aromatizarlo. Adem\u00e1s, el exquisito envase es un excelente regalo, ideal para obsequiar a amigos y familiares en diversas fiestas u ocasiones especiales.<\/li>\n<\/ul>\n<\/div>\n\n\n\n<div class=\"wp-block-column is-layout-flow wp-block-column-is-layout-flow\">\n<figure class=\"wp-block-image size-full\"><img fetchpriority=\"high\" decoding=\"async\" width=\"1800\" height=\"1500\" src=\"https:\/\/jxgchocolate.com\/wp-content\/uploads\/2025\/01\/Wholesales-In-Bulk-Crispy-Peanut-Chocolate-Ball-In-China2.webp\" alt=\"Cacahuetes crujientes al por mayor con cobertura de chocolate a granel-2\" class=\"wp-image-29356\" srcset=\"https:\/\/jxgchocolate.com\/wp-content\/uploads\/2025\/01\/Wholesales-In-Bulk-Crispy-Peanut-Chocolate-Ball-In-China2.webp 1800w, https:\/\/jxgchocolate.com\/wp-content\/uploads\/2025\/01\/Wholesales-In-Bulk-Crispy-Peanut-Chocolate-Ball-In-China2-360x300.webp 360w, https:\/\/jxgchocolate.com\/wp-content\/uploads\/2025\/01\/Wholesales-In-Bulk-Crispy-Peanut-Chocolate-Ball-In-China2-768x640.webp 768w, https:\/\/jxgchocolate.com\/wp-content\/uploads\/2025\/01\/Wholesales-In-Bulk-Crispy-Peanut-Chocolate-Ball-In-China2-14x12.webp 14w, https:\/\/jxgchocolate.com\/wp-content\/uploads\/2025\/01\/Wholesales-In-Bulk-Crispy-Peanut-Chocolate-Ball-In-China2-430x358.webp 430w, https:\/\/jxgchocolate.com\/wp-content\/uploads\/2025\/01\/Wholesales-In-Bulk-Crispy-Peanut-Chocolate-Ball-In-China2-700x583.webp 700w, https:\/\/jxgchocolate.com\/wp-content\/uploads\/2025\/01\/Wholesales-In-Bulk-Crispy-Peanut-Chocolate-Ball-In-China2-150x125.webp 150w\" sizes=\"(max-width: 1800px) 100vw, 1800px\" \/><\/figure>\n<\/div>\n<\/div>","protected":false},"excerpt":{"rendered":"<p>Bienvenido a comprar cacahuetes con chocolate al por mayor. Nuestros cacahuetes al por mayor con cobertura de chocolate son especiales por la combinaci\u00f3n de cacahuete crujiente y chocolate suave en un sabor intrigante e irresistible. Ya sea como tentempi\u00e9 habitual o como regalo para alguna ocasi\u00f3n especial, los cacahuetes con chocolate aportar\u00e1n una agradable experiencia a la gente.<\/p>\n<table width=\"423\">\n<tbody>\n<tr>\n<td width=\"166\">Fabricante<\/td>\n<td width=\"257\">Fruta de la suerte<\/td>\n<\/tr>\n<tr>\n<td>N\u00ba DE MODELO<\/td>\n<td>JXG49<\/td>\n<\/tr>\n<tr>\n<td>Tipo<\/td>\n<td>Chocolate con cacahuete<\/td>\n<\/tr>\n<tr>\n<td>Embalaje<\/td>\n<td>Embalaje en cajas<\/td>\n<\/tr>\n<tr>\n<td>Especificaci\u00f3n<\/td>\n<td>20 bolsas*12 cajas<\/td>\n<\/tr>\n<tr>\n<td>Tama\u00f1o de la caja<\/td>\n<td>58*35,5*37,5 cm<\/td>\n<\/tr>\n<tr>\n<td>N.W \/SET<\/td>\n<td>23g*20bolsas<\/td>\n<\/tr>\n<tr>\n<td>Color<\/td>\n<td>Como imagen<\/td>\n<\/tr>\n<tr>\n<td>MOQ<\/td>\n<td>500 cajas<\/td>\n<\/tr>\n<tr>\n<td>Personalizaci\u00f3n<\/td>\n<td>Embalaje\/LOGO<\/td>\n<\/tr>\n<\/tbody>\n<\/table>","protected":false},"featured_media":29355,"comment_status":"closed","ping_status":"closed","template":"","meta":[],"product_cat":[73],"product_tag":[],"class_list":{"0":"post-29354","1":"product","2":"type-product","3":"status-publish","4":"has-post-thumbnail","6":"product_cat-wholesale-chocolate-covered-peanuts","8":"first","9":"instock","10":"shipping-taxable","11":"product-type-simple"},"_links":{"self":[{"href":"https:\/\/jxgchocolate.com\/es\/wp-json\/wp\/v2\/product\/29354","targetHints":{"allow":["GET"]}}],"collection":[{"href":"https:\/\/jxgchocolate.com\/es\/wp-json\/wp\/v2\/product"}],"about":[{"href":"https:\/\/jxgchocolate.com\/es\/wp-json\/wp\/v2\/types\/product"}],"replies":[{"embeddable":true,"href":"https:\/\/jxgchocolate.com\/es\/wp-json\/wp\/v2\/comments?post=29354"}],"version-history":[{"count":7,"href":"https:\/\/jxgchocolate.com\/es\/wp-json\/wp\/v2\/product\/29354\/revisions"}],"predecessor-version":[{"id":29390,"href":"https:\/\/jxgchocolate.com\/es\/wp-json\/wp\/v2\/product\/29354\/revisions\/29390"}],"wp:featuredmedia":[{"embeddable":true,"href":"https:\/\/jxgchocolate.com\/es\/wp-json\/wp\/v2\/media\/29355"}],"wp:attachment":[{"href":"https:\/\/jxgchocolate.com\/es\/wp-json\/wp\/v2\/media?parent=29354"}],"wp:term":[{"taxonomy":"product_cat","embeddable":true,"href":"https:\/\/jxgchocolate.com\/es\/wp-json\/wp\/v2\/product_cat?post=29354"},{"taxonomy":"product_tag","embeddable":true,"href":"https:\/\/jxgchocolate.com\/es\/wp-json\/wp\/v2\/product_tag?post=29354"}],"curies":[{"name":"wp","href":"https:\/\/api.w.org\/{rel}","templated":true}]}}