{"id":29362,"date":"2025-01-02T02:56:47","date_gmt":"2025-01-02T02:56:47","guid":{"rendered":"https:\/\/jxgchocolate.com\/?post_type=product&#038;p=29362"},"modified":"2025-01-02T02:57:30","modified_gmt":"2025-01-02T02:57:30","slug":"gummy-candy-wholesale","status":"publish","type":"product","link":"https:\/\/jxgchocolate.com\/es\/producto\/gummy-candy-wholesale\/","title":{"rendered":"Caramelos de goma de chocolate sabor t\u00e9 chino al por mayor al por mayor"},"content":{"rendered":"<div class=\"wp-block-columns is-layout-flex wp-container-core-columns-is-layout-9d6595d7 wp-block-columns-is-layout-flex\">\n<div class=\"wp-block-column is-layout-flow wp-block-column-is-layout-flow\">\n<h2 class=\"wp-block-heading\">Caramelos de goma de chocolate Premium al por mayor Caracter\u00edsticas:<\/h2>\n\n\n\n<ul class=\"wp-block-list\">\n<li><strong>Profundo bagaje cultural: <\/strong>El t\u00e9 Yashi Dancong es un t\u00e9 famoso en Chaozhou, Guangdong, China, con una larga historia y un rico patrimonio cultural. A trav\u00e9s de este caramelo de goma de chocolate al por mayor, los consumidores pueden sentir el encanto de la cultura china del t\u00e9.<\/li>\n\n\n\n<li><strong>Sabor triple \u00fanico: <\/strong>El t\u00e9 Yashi Dancong es conocido por su duradero y fuerte aroma a orqu\u00eddea, aroma frutal y otras capas complejas. Este aroma \u00fanico del t\u00e9 se integra en nuestras gominolas de chocolate a granel, proporcionando a los consumidores una experiencia de sabor sin precedentes. Las caracter\u00edsticas suaves y masticables de estas gominolas de chocolate a granel proporcionan un sabor \u00fanico, aumentando el placer de comer dulces. La cobertura de chocolate negro o chocolate con leche de alta calidad proporciona distintos niveles de variaci\u00f3n, desde dulce amargo a meloso.<\/li>\n\n\n\n<li><strong>Innovaci\u00f3n y singularidad: <\/strong>La venta al por mayor de caramelos de goma de chocolate con sabor a t\u00e9 Yashi Dancong es un producto relativamente novedoso que no suele encontrarse en el mercado. Tiene un alto grado de escasez y singularidad, y puede atraer a consumidores que buscan experiencias novedosas. La combinaci\u00f3n de la cultura tradicional del t\u00e9 y la artesan\u00eda moderna de los caramelos encarna el encanto de la innovaci\u00f3n y lo transfronterizo, adecuado para los consumidores que buscan experiencias \u00fanicas.<\/li>\n\n\n\n<li><strong>El grupo de consumidores objetivo est\u00e1 claro: <\/strong>A los consumidores que disfrutan probando diversos tipos de t\u00e9 y la cultura del t\u00e9 les gustar\u00e1n especialmente los entusiastas de la cultura del t\u00e9 que combinan aroma de t\u00e9 y caramelos. Los consumidores preocupados por la salud y la nutrici\u00f3n apreciar\u00e1n los ingredientes naturales y los beneficios de las gominolas de chocolate con sabor a t\u00e9 Yashi Dancong a granel para los amantes de la salud. Adem\u00e1s, tambi\u00e9n es adecuado para regalar a amigos, familiares o parejas, especialmente a aquellos con gustos \u00fanicos en cultura y cocina.<\/li>\n<\/ul>\n<\/div>\n\n\n\n<div class=\"wp-block-column is-layout-flow wp-block-column-is-layout-flow\">\n<figure class=\"wp-block-image size-full\"><img fetchpriority=\"high\" decoding=\"async\" width=\"1500\" height=\"1500\" src=\"https:\/\/jxgchocolate.com\/wp-content\/uploads\/2025\/01\/Chinese-Tea-Flavor-Gummy-Choco-Candy-Wholesale-In-Bulk1.webp\" alt=\"Caramelos de goma de chocolate con sabor a t\u00e9 chino al por mayor a granel-1\" class=\"wp-image-29363\" srcset=\"https:\/\/jxgchocolate.com\/wp-content\/uploads\/2025\/01\/Chinese-Tea-Flavor-Gummy-Choco-Candy-Wholesale-In-Bulk1.webp 1500w, https:\/\/jxgchocolate.com\/wp-content\/uploads\/2025\/01\/Chinese-Tea-Flavor-Gummy-Choco-Candy-Wholesale-In-Bulk1-300x300.webp 300w, https:\/\/jxgchocolate.com\/wp-content\/uploads\/2025\/01\/Chinese-Tea-Flavor-Gummy-Choco-Candy-Wholesale-In-Bulk1-150x150.webp 150w, https:\/\/jxgchocolate.com\/wp-content\/uploads\/2025\/01\/Chinese-Tea-Flavor-Gummy-Choco-Candy-Wholesale-In-Bulk1-768x768.webp 768w, https:\/\/jxgchocolate.com\/wp-content\/uploads\/2025\/01\/Chinese-Tea-Flavor-Gummy-Choco-Candy-Wholesale-In-Bulk1-12x12.webp 12w, https:\/\/jxgchocolate.com\/wp-content\/uploads\/2025\/01\/Chinese-Tea-Flavor-Gummy-Choco-Candy-Wholesale-In-Bulk1-430x430.webp 430w, https:\/\/jxgchocolate.com\/wp-content\/uploads\/2025\/01\/Chinese-Tea-Flavor-Gummy-Choco-Candy-Wholesale-In-Bulk1-700x700.webp 700w\" sizes=\"(max-width: 1500px) 100vw, 1500px\" \/><\/figure>\n<\/div>\n<\/div>\n\n\n\n<p><\/p>","protected":false},"excerpt":{"rendered":"<p>Bienvenido a comprar nuestros caramelos de goma de chocolate al por mayor. Nuestro Yashi Dancong t\u00e9 con sabor a chocolate gomitas a granel es un producto de caramelo innovador que combina el aroma \u00fanico de t\u00e9 en tradicional con la textura masticable de gomitas y el rico sabor del chocolate.<\/p>\n<table width=\"423\">\n<tbody>\n<tr>\n<td width=\"166\">Fabricante<\/td>\n<td width=\"257\">Fruta de la suerte<\/td>\n<\/tr>\n<tr>\n<td>N\u00ba DE MODELO<\/td>\n<td>JXG50<\/td>\n<\/tr>\n<tr>\n<td>Tipo<\/td>\n<td>Caramelos de goma Chocolate<\/td>\n<\/tr>\n<tr>\n<td>Embalaje<\/td>\n<td>Embalaje en cajas<\/td>\n<\/tr>\n<tr>\n<td>Especificaci\u00f3n<\/td>\n<td>20 bolsas*12 cajas<\/td>\n<\/tr>\n<tr>\n<td>Tama\u00f1o de la caja<\/td>\n<td>58*35,5*37,5 cm<\/td>\n<\/tr>\n<tr>\n<td>N.W \/SET<\/td>\n<td>23g*20bolsas<\/td>\n<\/tr>\n<tr>\n<td>Color<\/td>\n<td>Como imagen<\/td>\n<\/tr>\n<tr>\n<td>MOQ<\/td>\n<td>500 cajas<\/td>\n<\/tr>\n<tr>\n<td>Personalizaci\u00f3n<\/td>\n<td>Embalaje\/LOGO<\/td>\n<\/tr>\n<\/tbody>\n<\/table>","protected":false},"featured_media":29365,"comment_status":"closed","ping_status":"closed","template":"","meta":[],"product_cat":[75],"product_tag":[],"class_list":{"0":"post-29362","1":"product","2":"type-product","3":"status-publish","4":"has-post-thumbnail","6":"product_cat-wholesale-gummy-chocolate","8":"first","9":"instock","10":"shipping-taxable","11":"product-type-simple"},"_links":{"self":[{"href":"https:\/\/jxgchocolate.com\/es\/wp-json\/wp\/v2\/product\/29362","targetHints":{"allow":["GET"]}}],"collection":[{"href":"https:\/\/jxgchocolate.com\/es\/wp-json\/wp\/v2\/product"}],"about":[{"href":"https:\/\/jxgchocolate.com\/es\/wp-json\/wp\/v2\/types\/product"}],"replies":[{"embeddable":true,"href":"https:\/\/jxgchocolate.com\/es\/wp-json\/wp\/v2\/comments?post=29362"}],"version-history":[{"count":4,"href":"https:\/\/jxgchocolate.com\/es\/wp-json\/wp\/v2\/product\/29362\/revisions"}],"predecessor-version":[{"id":29373,"href":"https:\/\/jxgchocolate.com\/es\/wp-json\/wp\/v2\/product\/29362\/revisions\/29373"}],"wp:featuredmedia":[{"embeddable":true,"href":"https:\/\/jxgchocolate.com\/es\/wp-json\/wp\/v2\/media\/29365"}],"wp:attachment":[{"href":"https:\/\/jxgchocolate.com\/es\/wp-json\/wp\/v2\/media?parent=29362"}],"wp:term":[{"taxonomy":"product_cat","embeddable":true,"href":"https:\/\/jxgchocolate.com\/es\/wp-json\/wp\/v2\/product_cat?post=29362"},{"taxonomy":"product_tag","embeddable":true,"href":"https:\/\/jxgchocolate.com\/es\/wp-json\/wp\/v2\/product_tag?post=29362"}],"curies":[{"name":"wp","href":"https:\/\/api.w.org\/{rel}","templated":true}]}}