{"id":29393,"date":"2025-01-13T08:20:18","date_gmt":"2025-01-13T08:20:18","guid":{"rendered":"https:\/\/jxgchocolate.com\/?post_type=product&#038;p=29393"},"modified":"2025-01-13T08:20:20","modified_gmt":"2025-01-13T08:20:20","slug":"wholesale-gummy-candy","status":"publish","type":"product","link":"https:\/\/jxgchocolate.com\/es\/producto\/wholesale-gummy-candy\/","title":{"rendered":"Caramelos de goma al por mayor, Caramelos de goma de chocolate a granel suaves como la seda"},"content":{"rendered":"<div class=\"wp-block-columns is-layout-flex wp-container-core-columns-is-layout-9d6595d7 wp-block-columns-is-layout-flex\">\n<div class=\"wp-block-column is-layout-flow wp-block-column-is-layout-flow\">\n<h2 class=\"wp-block-heading\">Caramelos de goma al por mayor de primera calidad Caracter\u00edsticas:<\/h2>\n\n\n\n<ul class=\"wp-block-list\">\n<li><strong>Una experiencia gustativa \u00fanica: <\/strong>Este caramelo de goma al por mayor combina la riqueza del chocolate con la masticabilidad del caramelo de goma para formar un triple sabor \u00fanico. La capa exterior es de chocolate rico y suave, y la capa intermedia es de caramelo de goma blando y pegajoso. Este sabor en capas El cambio de sabor aporta a los consumidores una rica experiencia gustativa. Hay muchos sabores de frutas, como mango, uva verde, melocot\u00f3n, fresa, etc.<\/li>\n\n\n\n<li><strong>Exquisito dise\u00f1o del envase: <\/strong>Nuestras gominolas de chocolate a granel tienen un embalaje exquisito, con un colorido envoltorio que llama la atenci\u00f3n de los clientes. Adem\u00e1s, el dise\u00f1o del envase es peque\u00f1o y port\u00e1til, por lo que los clientes podr\u00e1n disfrutar de ellas en cualquier momento y lugar.<\/li>\n\n\n\n<li><strong>Prestaciones sanitarias limitadas:<\/strong> El contenido de col\u00e1geno de estos caramelos de goma al por mayor no es suficiente para tener un impacto significativo en la salud humana, pero contienen algo de gelatina, una sustancia elaborada a partir de huesos, piel y tendones de animales cocidos. La prote\u00edna ayuda a mantener la elasticidad de la piel.<\/li>\n\n\n\n<li><strong>Formas innovadoras de servir: <\/strong>Nuestras gominolas de chocolate a granel son perfectas para combinar con t\u00e9 verde, t\u00e9 oolong u otros tipos de t\u00e9 para crear una experiencia de sabor m\u00e1s rica. Triture el chocolate de caramelo y a\u00f1\u00e1dalo a recetas horneadas como galletas, pasteles o pan para a\u00f1adir sabor y textura extra.<\/li>\n<\/ul>\n<\/div>\n\n\n\n<div class=\"wp-block-column is-layout-flow wp-block-column-is-layout-flow\">\n<figure class=\"wp-block-image size-full\"><img fetchpriority=\"high\" decoding=\"async\" width=\"1500\" height=\"1500\" src=\"https:\/\/jxgchocolate.com\/wp-content\/uploads\/2025\/01\/Bulk-Smooth-Gummy-Chocolate-Ball-With-Customized-Packaging2.webp\" alt=\"Caramelos de goma al por mayor, Caramelos de goma de chocolate a granel suaves como la seda-2\" class=\"wp-image-29396\" srcset=\"https:\/\/jxgchocolate.com\/wp-content\/uploads\/2025\/01\/Bulk-Smooth-Gummy-Chocolate-Ball-With-Customized-Packaging2.webp 1500w, https:\/\/jxgchocolate.com\/wp-content\/uploads\/2025\/01\/Bulk-Smooth-Gummy-Chocolate-Ball-With-Customized-Packaging2-300x300.webp 300w, https:\/\/jxgchocolate.com\/wp-content\/uploads\/2025\/01\/Bulk-Smooth-Gummy-Chocolate-Ball-With-Customized-Packaging2-150x150.webp 150w, https:\/\/jxgchocolate.com\/wp-content\/uploads\/2025\/01\/Bulk-Smooth-Gummy-Chocolate-Ball-With-Customized-Packaging2-768x768.webp 768w, https:\/\/jxgchocolate.com\/wp-content\/uploads\/2025\/01\/Bulk-Smooth-Gummy-Chocolate-Ball-With-Customized-Packaging2-12x12.webp 12w, https:\/\/jxgchocolate.com\/wp-content\/uploads\/2025\/01\/Bulk-Smooth-Gummy-Chocolate-Ball-With-Customized-Packaging2-430x430.webp 430w, https:\/\/jxgchocolate.com\/wp-content\/uploads\/2025\/01\/Bulk-Smooth-Gummy-Chocolate-Ball-With-Customized-Packaging2-700x700.webp 700w\" sizes=\"(max-width: 1500px) 100vw, 1500px\" \/><\/figure>\n<\/div>\n<\/div>\n\n\n\n<p><\/p>","protected":false},"excerpt":{"rendered":"<p>Bienvenido a comprar caramelos de goma al por mayor. Nuestras gominolas de chocolate al por mayor ofrecen una nueva experiencia de sabor y son ideales para los consumidores que buscan un tentempi\u00e9 con un nuevo sabor. Ya sea como tentempi\u00e9 diario, ingrediente para hornear o regalo exquisito, el chocolate de caramelo aporta un disfrute \u00fanico a los consumidores.<\/p>\n<table width=\"423\">\n<tbody>\n<tr>\n<td width=\"166\">Fabricante<\/td>\n<td width=\"257\">Fruta de la suerte<\/td>\n<\/tr>\n<tr>\n<td>N\u00ba DE MODELO<\/td>\n<td>JXG50<\/td>\n<\/tr>\n<tr>\n<td>Tipo<\/td>\n<td>Caramelos de goma Chocolate<\/td>\n<\/tr>\n<tr>\n<td>Embalaje<\/td>\n<td>Embalaje en cajas<\/td>\n<\/tr>\n<tr>\n<td>Especificaci\u00f3n<\/td>\n<td>20 bolsas*12 cajas<\/td>\n<\/tr>\n<tr>\n<td>Tama\u00f1o de la caja<\/td>\n<td>58*35,5*37,5 cm<\/td>\n<\/tr>\n<tr>\n<td>N.W \/SET<\/td>\n<td>23g*20bolsas<\/td>\n<\/tr>\n<tr>\n<td>Color<\/td>\n<td>Como imagen<\/td>\n<\/tr>\n<tr>\n<td>MOQ<\/td>\n<td>500 cajas<\/td>\n<\/tr>\n<tr>\n<td>Personalizaci\u00f3n<\/td>\n<td>Embalaje\/LOGO<\/td>\n<\/tr>\n<\/tbody>\n<\/table>","protected":false},"featured_media":29397,"comment_status":"closed","ping_status":"closed","template":"","meta":[],"product_cat":[75],"product_tag":[],"class_list":{"0":"post-29393","1":"product","2":"type-product","3":"status-publish","4":"has-post-thumbnail","6":"product_cat-wholesale-gummy-chocolate","8":"first","9":"instock","10":"shipping-taxable","11":"product-type-simple"},"_links":{"self":[{"href":"https:\/\/jxgchocolate.com\/es\/wp-json\/wp\/v2\/product\/29393","targetHints":{"allow":["GET"]}}],"collection":[{"href":"https:\/\/jxgchocolate.com\/es\/wp-json\/wp\/v2\/product"}],"about":[{"href":"https:\/\/jxgchocolate.com\/es\/wp-json\/wp\/v2\/types\/product"}],"replies":[{"embeddable":true,"href":"https:\/\/jxgchocolate.com\/es\/wp-json\/wp\/v2\/comments?post=29393"}],"version-history":[{"count":7,"href":"https:\/\/jxgchocolate.com\/es\/wp-json\/wp\/v2\/product\/29393\/revisions"}],"predecessor-version":[{"id":29419,"href":"https:\/\/jxgchocolate.com\/es\/wp-json\/wp\/v2\/product\/29393\/revisions\/29419"}],"wp:featuredmedia":[{"embeddable":true,"href":"https:\/\/jxgchocolate.com\/es\/wp-json\/wp\/v2\/media\/29397"}],"wp:attachment":[{"href":"https:\/\/jxgchocolate.com\/es\/wp-json\/wp\/v2\/media?parent=29393"}],"wp:term":[{"taxonomy":"product_cat","embeddable":true,"href":"https:\/\/jxgchocolate.com\/es\/wp-json\/wp\/v2\/product_cat?post=29393"},{"taxonomy":"product_tag","embeddable":true,"href":"https:\/\/jxgchocolate.com\/es\/wp-json\/wp\/v2\/product_tag?post=29393"}],"curies":[{"name":"wp","href":"https:\/\/api.w.org\/{rel}","templated":true}]}}