{"id":29400,"date":"2025-01-13T08:03:32","date_gmt":"2025-01-13T08:03:32","guid":{"rendered":"https:\/\/jxgchocolate.com\/?post_type=product&#038;p=29400"},"modified":"2025-01-13T08:03:35","modified_gmt":"2025-01-13T08:03:35","slug":"bulk-milk-chocolate-candy","status":"publish","type":"product","link":"https:\/\/jxgchocolate.com\/es\/producto\/bulk-milk-chocolate-candy\/","title":{"rendered":"Caramelos de chocolate con leche a granel, Semillas de girasol de chocolate amargo extremo al por mayor"},"content":{"rendered":"<div class=\"wp-block-columns is-layout-flex wp-container-core-columns-is-layout-9d6595d7 wp-block-columns-is-layout-flex\">\n<div class=\"wp-block-column is-layout-flow wp-block-column-is-layout-flow\">\n<h2 class=\"wp-block-heading\">Caramelos de chocolate con leche a granel de primera calidad Caracter\u00edsticas:<\/h2>\n\n\n\n<ul class=\"wp-block-list\">\n<li><strong>Sabor triple \u00fanico: <\/strong>Chocolate de primera calidad envuelto en un sabor \u00e1cido, nuestro caramelo de chocolate con leche a granel proporciona una experiencia gradual de \u00e1cido a rico. La capa de yogur aporta un ligero sabor \u00e1cido, que contrasta con el aroma salado de las pipas de girasol y a\u00f1ade un sabor por capas.<\/li>\n\n\n\n<li><strong>Cultura e innovaci\u00f3n:<\/strong> Estas pipas de girasol de chocolate a granel combinan los tradicionales granos de girasol con la moderna artesan\u00eda del caramelo, aptas para consumidores que persiguen una experiencia \u00fanica. Aunque el chocolate con semillas de girasol y yogur explosivo es una categor\u00eda de producto relativamente nueva, su combinaci\u00f3n \u00fanica tiene cierta escasez y atractivo en el mercado.<\/li>\n\n\n\n<li><strong>Escenarios de consumo diversificados: <\/strong>Este caramelo de chocolate con leche a granel es adecuado como tentempi\u00e9 para el tiempo libre, ya sea en una pausa en el trabajo o en una reuni\u00f3n familiar, aporta un agradable disfrute. Acompa\u00f1ado de una taza de t\u00e9 o caf\u00e9 caliente, es una merienda perfecta.<\/li>\n\n\n\n<li><strong>Diversi\u00f3n interactiva: <\/strong>El granel de semillas de girasol con chocolate y yogur explosivo se comenta y comparte f\u00e1cilmente en las redes sociales debido a su combinaci\u00f3n de sabores \u00fanica, que mejora la interacci\u00f3n entre la marca y los consumidores. Se pueden organizar sesiones de degustaci\u00f3n o actividades relacionadas para que los consumidores experimenten el encanto del chocolate con semillas de girasol y yogur explosivo y comprendan la historia cultural que hay detr\u00e1s.<\/li>\n<\/ul>\n<\/div>\n\n\n\n<div class=\"wp-block-column is-layout-flow wp-block-column-is-layout-flow\">\n<figure class=\"wp-block-image size-full\"><img fetchpriority=\"high\" decoding=\"async\" width=\"1500\" height=\"2000\" src=\"https:\/\/jxgchocolate.com\/wp-content\/uploads\/2025\/01\/Wholesales-New-Taste-Extreme-Sour-Sunflower-Seeds-Milk-Chocolate-Beans-In-Bulk2.webp\" alt=\"Caramelos de chocolate con leche a granel, Semillas de girasol de chocolate amargo extremo al por mayor-3\" class=\"wp-image-29407\" srcset=\"https:\/\/jxgchocolate.com\/wp-content\/uploads\/2025\/01\/Wholesales-New-Taste-Extreme-Sour-Sunflower-Seeds-Milk-Chocolate-Beans-In-Bulk2.webp 1500w, https:\/\/jxgchocolate.com\/wp-content\/uploads\/2025\/01\/Wholesales-New-Taste-Extreme-Sour-Sunflower-Seeds-Milk-Chocolate-Beans-In-Bulk2-225x300.webp 225w, https:\/\/jxgchocolate.com\/wp-content\/uploads\/2025\/01\/Wholesales-New-Taste-Extreme-Sour-Sunflower-Seeds-Milk-Chocolate-Beans-In-Bulk2-768x1024.webp 768w, https:\/\/jxgchocolate.com\/wp-content\/uploads\/2025\/01\/Wholesales-New-Taste-Extreme-Sour-Sunflower-Seeds-Milk-Chocolate-Beans-In-Bulk2-9x12.webp 9w, https:\/\/jxgchocolate.com\/wp-content\/uploads\/2025\/01\/Wholesales-New-Taste-Extreme-Sour-Sunflower-Seeds-Milk-Chocolate-Beans-In-Bulk2-430x573.webp 430w, https:\/\/jxgchocolate.com\/wp-content\/uploads\/2025\/01\/Wholesales-New-Taste-Extreme-Sour-Sunflower-Seeds-Milk-Chocolate-Beans-In-Bulk2-700x933.webp 700w, https:\/\/jxgchocolate.com\/wp-content\/uploads\/2025\/01\/Wholesales-New-Taste-Extreme-Sour-Sunflower-Seeds-Milk-Chocolate-Beans-In-Bulk2-150x200.webp 150w\" sizes=\"(max-width: 1500px) 100vw, 1500px\" \/><\/figure>\n<\/div>\n<\/div>","protected":false},"excerpt":{"rendered":"<p>Bienvenido a comprar caramelos de chocolate con leche a granel. Nuestra explosi\u00f3n de chocolate semillas de girasol a granel proporciona una experiencia de sabor totalmente nuevo. Ya sea como merienda diaria, ingrediente para hornear, o un excelente regalo, la explosi\u00f3n de chocolate semillas de girasol amargo trae a los consumidores un disfrute \u00fanico.<\/p>\n<table width=\"423\">\n<tbody>\n<tr>\n<td width=\"166\">Fabricante<\/td>\n<td width=\"257\">Fruta de la suerte<\/td>\n<\/tr>\n<tr>\n<td>N\u00ba DE MODELO<\/td>\n<td>JXG51<\/td>\n<\/tr>\n<tr>\n<td>Tipo<\/td>\n<td>Pipas de girasol Chocolate<\/td>\n<\/tr>\n<tr>\n<td>Embalaje<\/td>\n<td>Embalaje en cajas<\/td>\n<\/tr>\n<tr>\n<td>Especificaci\u00f3n<\/td>\n<td>20 bolsas*12 cajas<\/td>\n<\/tr>\n<tr>\n<td>Tama\u00f1o de la caja<\/td>\n<td>55*23*36cm<\/td>\n<\/tr>\n<tr>\n<td>N.W \/SET<\/td>\n<td>23g*20bolsas<\/td>\n<\/tr>\n<tr>\n<td>Color<\/td>\n<td>Como imagen<\/td>\n<\/tr>\n<tr>\n<td>MOQ<\/td>\n<td>500 cajas<\/td>\n<\/tr>\n<tr>\n<td>Personalizaci\u00f3n<\/td>\n<td>Embalaje\/LOGO<\/td>\n<\/tr>\n<\/tbody>\n<\/table>","protected":false},"featured_media":29408,"comment_status":"closed","ping_status":"closed","template":"","meta":[],"product_cat":[72],"product_tag":[],"class_list":{"0":"post-29400","1":"product","2":"type-product","3":"status-publish","4":"has-post-thumbnail","6":"product_cat-wholesale-chocolate-covered-sunflower-seeds","8":"first","9":"instock","10":"shipping-taxable","11":"product-type-simple"},"_links":{"self":[{"href":"https:\/\/jxgchocolate.com\/es\/wp-json\/wp\/v2\/product\/29400","targetHints":{"allow":["GET"]}}],"collection":[{"href":"https:\/\/jxgchocolate.com\/es\/wp-json\/wp\/v2\/product"}],"about":[{"href":"https:\/\/jxgchocolate.com\/es\/wp-json\/wp\/v2\/types\/product"}],"replies":[{"embeddable":true,"href":"https:\/\/jxgchocolate.com\/es\/wp-json\/wp\/v2\/comments?post=29400"}],"version-history":[{"count":0,"href":"https:\/\/jxgchocolate.com\/es\/wp-json\/wp\/v2\/product\/29400\/revisions"}],"wp:featuredmedia":[{"embeddable":true,"href":"https:\/\/jxgchocolate.com\/es\/wp-json\/wp\/v2\/media\/29408"}],"wp:attachment":[{"href":"https:\/\/jxgchocolate.com\/es\/wp-json\/wp\/v2\/media?parent=29400"}],"wp:term":[{"taxonomy":"product_cat","embeddable":true,"href":"https:\/\/jxgchocolate.com\/es\/wp-json\/wp\/v2\/product_cat?post=29400"},{"taxonomy":"product_tag","embeddable":true,"href":"https:\/\/jxgchocolate.com\/es\/wp-json\/wp\/v2\/product_tag?post=29400"}],"curies":[{"name":"wp","href":"https:\/\/api.w.org\/{rel}","templated":true}]}}