{"id":29422,"date":"2025-01-20T02:30:45","date_gmt":"2025-01-20T02:30:45","guid":{"rendered":"https:\/\/jxgchocolate.com\/?post_type=product&#038;p=29422"},"modified":"2025-01-20T02:30:47","modified_gmt":"2025-01-20T02:30:47","slug":"bulk-chocolate-coated-sunflower-seed","status":"publish","type":"product","link":"https:\/\/jxgchocolate.com\/es\/producto\/bulk-chocolate-coated-sunflower-seed\/","title":{"rendered":"Semillas de girasol recubiertas de chocolate a granel s\u00faper \u00e1cidas con bolsa Pack"},"content":{"rendered":"<div class=\"wp-block-columns is-layout-flex wp-container-core-columns-is-layout-9d6595d7 wp-block-columns-is-layout-flex\">\n<div class=\"wp-block-column is-layout-flow wp-block-column-is-layout-flow\">\n<h2 class=\"wp-block-heading\">Semillas de girasol recubiertas de chocolate a granel de primera calidad Caracter\u00edsticas:<\/h2>\n\n\n\n<ul class=\"wp-block-list\">\n<li><strong>Cultura e innovaci\u00f3n:<\/strong> Nuestra semilla de girasol recubierta de chocolate a granel combina los tradicionales granos de semilla de girasol con la moderna artesan\u00eda del caramelo, que encarna el encanto de la innovaci\u00f3n y lo transfronterizo, adecuado para los consumidores que persiguen experiencias \u00fanicas. Aunque el chocolate explosivo de semillas de girasol \u00e1cidas es una categor\u00eda de producto relativamente novedosa, su combinaci\u00f3n \u00fanica tiene cierta escasez y atractivo en el mercado.<\/li>\n\n\n\n<li><strong>Exquisito dise\u00f1o del envase: <\/strong>Coloridas y contrastadas, nuestras semillas de girasol recubiertas de chocolate a granel tienen un atractivo dise\u00f1o de envase que resalta las caracter\u00edsticas del producto y realza la imagen general. El exquisito envase grande lo convierte en una opci\u00f3n ideal para regalos festivos o diarios, adecuada para diversas ocasiones. El peque\u00f1o envase independiente del interior hace que sea m\u00e1s c\u00f3modo de llevar.<\/li>\n\n\n\n<li><strong>Escenarios de consumo diversificados: <\/strong>Esta semilla de girasol recubierta de chocolate a granel es adecuada como tentempi\u00e9 para el tiempo libre, aportando un agradable disfrute tanto en las pausas del trabajo como en las reuniones familiares. Con una taza de t\u00e9 o caf\u00e9 caliente, se convierte en una perfecta merienda Dim sum, y sus m\u00faltiples sabores resultan m\u00e1s llamativos y agradables para las papilas gustativas. Tambi\u00e9n se puede utilizar para hacer postres m\u00e1s creativos, como galletas sandwich, decoraciones de tartas, etc., para aumentar la diversi\u00f3n de hornear.<\/li>\n<\/ul>\n<\/div>\n\n\n\n<div class=\"wp-block-column is-layout-flow wp-block-column-is-layout-flow\">\n<figure class=\"wp-block-image size-full\"><img fetchpriority=\"high\" decoding=\"async\" width=\"2000\" height=\"2000\" src=\"https:\/\/jxgchocolate.com\/wp-content\/uploads\/2025\/01\/Super-Sour-Chocolate-Cover-Sunflower-Seeds-Wholesales-In-Bulk3.webp\" alt=\"Semillas de girasol recubiertas de chocolate a granel Super Sour con bolsa Pack-3\" class=\"wp-image-29426\" srcset=\"https:\/\/jxgchocolate.com\/wp-content\/uploads\/2025\/01\/Super-Sour-Chocolate-Cover-Sunflower-Seeds-Wholesales-In-Bulk3.webp 2000w, https:\/\/jxgchocolate.com\/wp-content\/uploads\/2025\/01\/Super-Sour-Chocolate-Cover-Sunflower-Seeds-Wholesales-In-Bulk3-300x300.webp 300w, https:\/\/jxgchocolate.com\/wp-content\/uploads\/2025\/01\/Super-Sour-Chocolate-Cover-Sunflower-Seeds-Wholesales-In-Bulk3-150x150.webp 150w, https:\/\/jxgchocolate.com\/wp-content\/uploads\/2025\/01\/Super-Sour-Chocolate-Cover-Sunflower-Seeds-Wholesales-In-Bulk3-768x768.webp 768w, https:\/\/jxgchocolate.com\/wp-content\/uploads\/2025\/01\/Super-Sour-Chocolate-Cover-Sunflower-Seeds-Wholesales-In-Bulk3-12x12.webp 12w, https:\/\/jxgchocolate.com\/wp-content\/uploads\/2025\/01\/Super-Sour-Chocolate-Cover-Sunflower-Seeds-Wholesales-In-Bulk3-430x430.webp 430w, https:\/\/jxgchocolate.com\/wp-content\/uploads\/2025\/01\/Super-Sour-Chocolate-Cover-Sunflower-Seeds-Wholesales-In-Bulk3-700x700.webp 700w\" sizes=\"(max-width: 2000px) 100vw, 2000px\" \/><\/figure>\n<\/div>\n<\/div>","protected":false},"excerpt":{"rendered":"<p>Bienvenido a comprar cacahuetes recubiertos de chocolate al por mayor. Nuestro explosivo agrio a granel chocolate recubierto de semillas de girasol no s\u00f3lo proporciona una nueva experiencia de sabor, pero tambi\u00e9n transmite un estilo de vida saludable y valor cultural, por lo que es una opci\u00f3n ideal para los consumidores que persiguen una vida de calidad.<\/p>\n<table width=\"423\">\n<tbody>\n<tr>\n<td width=\"166\">Fabricante<\/td>\n<td width=\"257\">Fruta de la suerte<\/td>\n<\/tr>\n<tr>\n<td>N\u00ba DE MODELO<\/td>\n<td>JXG52<\/td>\n<\/tr>\n<tr>\n<td>Tipo<\/td>\n<td>Pipas de girasol Chocolate<\/td>\n<\/tr>\n<tr>\n<td>Embalaje<\/td>\n<td>Embalaje en cajas<\/td>\n<\/tr>\n<tr>\n<td>Especificaci\u00f3n<\/td>\n<td>238g<\/td>\n<\/tr>\n<tr>\n<td>Tama\u00f1o de la caja<\/td>\n<td>49.5*29*32.5cm<\/td>\n<\/tr>\n<tr>\n<td>N.W \/SET<\/td>\n<td>238g*20bolsas<\/td>\n<\/tr>\n<tr>\n<td>Color<\/td>\n<td>Como imagen<\/td>\n<\/tr>\n<tr>\n<td>MOQ<\/td>\n<td>500 cajas<\/td>\n<\/tr>\n<tr>\n<td>Personalizaci\u00f3n<\/td>\n<td>Embalaje\/LOGO<\/td>\n<\/tr>\n<\/tbody>\n<\/table>\n<p>&nbsp;<\/p>","protected":false},"featured_media":29424,"comment_status":"closed","ping_status":"closed","template":"","meta":[],"product_cat":[72],"product_tag":[],"class_list":{"0":"post-29422","1":"product","2":"type-product","3":"status-publish","4":"has-post-thumbnail","6":"product_cat-wholesale-chocolate-covered-sunflower-seeds","8":"first","9":"instock","10":"shipping-taxable","11":"product-type-simple"},"_links":{"self":[{"href":"https:\/\/jxgchocolate.com\/es\/wp-json\/wp\/v2\/product\/29422","targetHints":{"allow":["GET"]}}],"collection":[{"href":"https:\/\/jxgchocolate.com\/es\/wp-json\/wp\/v2\/product"}],"about":[{"href":"https:\/\/jxgchocolate.com\/es\/wp-json\/wp\/v2\/types\/product"}],"replies":[{"embeddable":true,"href":"https:\/\/jxgchocolate.com\/es\/wp-json\/wp\/v2\/comments?post=29422"}],"version-history":[{"count":0,"href":"https:\/\/jxgchocolate.com\/es\/wp-json\/wp\/v2\/product\/29422\/revisions"}],"wp:featuredmedia":[{"embeddable":true,"href":"https:\/\/jxgchocolate.com\/es\/wp-json\/wp\/v2\/media\/29424"}],"wp:attachment":[{"href":"https:\/\/jxgchocolate.com\/es\/wp-json\/wp\/v2\/media?parent=29422"}],"wp:term":[{"taxonomy":"product_cat","embeddable":true,"href":"https:\/\/jxgchocolate.com\/es\/wp-json\/wp\/v2\/product_cat?post=29422"},{"taxonomy":"product_tag","embeddable":true,"href":"https:\/\/jxgchocolate.com\/es\/wp-json\/wp\/v2\/product_tag?post=29422"}],"curies":[{"name":"wp","href":"https:\/\/api.w.org\/{rel}","templated":true}]}}