{"id":29431,"date":"2025-01-20T02:24:25","date_gmt":"2025-01-20T02:24:25","guid":{"rendered":"https:\/\/jxgchocolate.com\/?post_type=product&#038;p=29431"},"modified":"2025-01-20T02:24:26","modified_gmt":"2025-01-20T02:24:26","slug":"peanuts-wholesale","status":"publish","type":"product","link":"https:\/\/jxgchocolate.com\/es\/producto\/peanuts-wholesale\/","title":{"rendered":"Cacahuetes cubiertos de chocolate al por mayor, Crispy Smooth Bulk Peanut Snacks"},"content":{"rendered":"<div class=\"wp-block-columns is-layout-flex wp-container-core-columns-is-layout-9d6595d7 wp-block-columns-is-layout-flex\">\n<div class=\"wp-block-column is-layout-flow wp-block-column-is-layout-flow\">\n<h2 class=\"wp-block-heading\">Cacahuetes recubiertos de chocolate al por mayor Caracter\u00edsticas:<\/h2>\n\n\n\n<ul class=\"wp-block-list\">\n<li><strong>Combinaci\u00f3n de sabores cl\u00e1sica:<\/strong> Los cacahuetes y el chocolate se han combinado durante siglos y han sido uno de los sabores populares atemporales que pueden consumir personas de todas las edades. Adem\u00e1s del tradicional chocolate con leche recubierto de cacahuetes, nuestra venta al por mayor de cacahuetes recubiertos de chocolate tambi\u00e9n ofrece opciones de chocolate negro y chocolate blanco que satisfacen las preferencias gustativas de diversos consumidores.<\/li>\n\n\n\n<li><strong>Rica gama de sabores:<\/strong> En cada bocado de nuestros cacahuetes recubiertos de chocolate a granel, la sensaci\u00f3n fundente del chocolate exterior y la crujiente fragancia de los cacahuetes interiores se funden armoniosamente entre s\u00ed en un marcado contraste. La transici\u00f3n del chocolate dulce al cacahuete salado puede ofrecer al consumidor una rica gama de niveles de sabor.<\/li>\n\n\n\n<li><strong>Nutritivo:<\/strong> Nuestros cacahuetes recubiertos de chocolate al por mayor son una gran fuente de prote\u00ednas y \u00e1cidos grasos monoinsaturados saludables, que ayudan a conservar la masa muscular y la salud del coraz\u00f3n. En realidad, los cacahuetes son una buena fuente de muchos de los nutrientes importantes que ayudan a mantener una buena salud en general, como la vitamina E y el magnesio.<\/li>\n\n\n\n<li><strong>C\u00f3modo envasado: <\/strong>Nuestros cacahuetes recubiertos de chocolate a granel se envasan en bolsitas independientes, f\u00e1ciles de transportar y compartir. Por lo tanto, es muy adecuado para llevar a actividades al aire libre y viajar para disfrutar en cualquier momento. Para los usuarios dom\u00e9sticos, hay versiones de gran capacidad del paquete, econ\u00f3mico y puede comprar unos pocos sabores a la vez para toda la familia para compartir.<\/li>\n<\/ul>\n<\/div>\n\n\n\n<div class=\"wp-block-column is-layout-flow wp-block-column-is-layout-flow\">\n<figure class=\"wp-block-image size-full\"><img fetchpriority=\"high\" decoding=\"async\" width=\"1800\" height=\"1500\" src=\"https:\/\/jxgchocolate.com\/wp-content\/uploads\/2025\/01\/Crispy-Smooth-Bulk-Chocolate-Covered-Peanuts-Beans3.webp\" alt=\"Cacahuetes recubiertos de chocolate al por mayor, Crispy Peanut Snacks-3\" class=\"wp-image-29434\" srcset=\"https:\/\/jxgchocolate.com\/wp-content\/uploads\/2025\/01\/Crispy-Smooth-Bulk-Chocolate-Covered-Peanuts-Beans3.webp 1800w, https:\/\/jxgchocolate.com\/wp-content\/uploads\/2025\/01\/Crispy-Smooth-Bulk-Chocolate-Covered-Peanuts-Beans3-360x300.webp 360w, https:\/\/jxgchocolate.com\/wp-content\/uploads\/2025\/01\/Crispy-Smooth-Bulk-Chocolate-Covered-Peanuts-Beans3-768x640.webp 768w, https:\/\/jxgchocolate.com\/wp-content\/uploads\/2025\/01\/Crispy-Smooth-Bulk-Chocolate-Covered-Peanuts-Beans3-14x12.webp 14w, https:\/\/jxgchocolate.com\/wp-content\/uploads\/2025\/01\/Crispy-Smooth-Bulk-Chocolate-Covered-Peanuts-Beans3-430x358.webp 430w, https:\/\/jxgchocolate.com\/wp-content\/uploads\/2025\/01\/Crispy-Smooth-Bulk-Chocolate-Covered-Peanuts-Beans3-700x583.webp 700w, https:\/\/jxgchocolate.com\/wp-content\/uploads\/2025\/01\/Crispy-Smooth-Bulk-Chocolate-Covered-Peanuts-Beans3-150x125.webp 150w\" sizes=\"(max-width: 1800px) 100vw, 1800px\" \/><\/figure>\n<\/div>\n<\/div>\n\n\n\n<p><\/p>","protected":false},"excerpt":{"rendered":"<p>Bienvenido a comprar cacahuetes recubiertos de chocolate al por mayor. Nuestros cacahuetes recubiertos de chocolate a granel combinan a la perfecci\u00f3n el crujiente de los cacahuetes con la dulzura y suavidad del chocolate, proporcionando una deliciosa experiencia de sabor.<\/p>\n<table width=\"423\">\n<tbody>\n<tr>\n<td width=\"166\">Fabricante<\/td>\n<td width=\"257\">Fruta de la suerte<\/td>\n<\/tr>\n<tr>\n<td>N\u00ba DE MODELO<\/td>\n<td>JXG53<\/td>\n<\/tr>\n<tr>\n<td>Tipo<\/td>\n<td>Chocolate con cacahuete<\/td>\n<\/tr>\n<tr>\n<td>Embalaje<\/td>\n<td>Embalaje en cajas<\/td>\n<\/tr>\n<tr>\n<td>Especificaci\u00f3n<\/td>\n<td>20 bolsas*12 cajas<\/td>\n<\/tr>\n<tr>\n<td>Tama\u00f1o de la caja<\/td>\n<td>58*35,5*37,5 cm<\/td>\n<\/tr>\n<tr>\n<td>N.W \/SET<\/td>\n<td>23g*20bolsas<\/td>\n<\/tr>\n<tr>\n<td>Color<\/td>\n<td>Como imagen<\/td>\n<\/tr>\n<tr>\n<td>MOQ<\/td>\n<td>500 cajas<\/td>\n<\/tr>\n<tr>\n<td>Personalizaci\u00f3n<\/td>\n<td>Embalaje\/LOGO<\/td>\n<\/tr>\n<\/tbody>\n<\/table>","protected":false},"featured_media":29432,"comment_status":"closed","ping_status":"closed","template":"","meta":[],"product_cat":[73],"product_tag":[],"class_list":{"0":"post-29431","1":"product","2":"type-product","3":"status-publish","4":"has-post-thumbnail","6":"product_cat-wholesale-chocolate-covered-peanuts","8":"first","9":"instock","10":"shipping-taxable","11":"product-type-simple"},"_links":{"self":[{"href":"https:\/\/jxgchocolate.com\/es\/wp-json\/wp\/v2\/product\/29431","targetHints":{"allow":["GET"]}}],"collection":[{"href":"https:\/\/jxgchocolate.com\/es\/wp-json\/wp\/v2\/product"}],"about":[{"href":"https:\/\/jxgchocolate.com\/es\/wp-json\/wp\/v2\/types\/product"}],"replies":[{"embeddable":true,"href":"https:\/\/jxgchocolate.com\/es\/wp-json\/wp\/v2\/comments?post=29431"}],"version-history":[{"count":0,"href":"https:\/\/jxgchocolate.com\/es\/wp-json\/wp\/v2\/product\/29431\/revisions"}],"wp:featuredmedia":[{"embeddable":true,"href":"https:\/\/jxgchocolate.com\/es\/wp-json\/wp\/v2\/media\/29432"}],"wp:attachment":[{"href":"https:\/\/jxgchocolate.com\/es\/wp-json\/wp\/v2\/media?parent=29431"}],"wp:term":[{"taxonomy":"product_cat","embeddable":true,"href":"https:\/\/jxgchocolate.com\/es\/wp-json\/wp\/v2\/product_cat?post=29431"},{"taxonomy":"product_tag","embeddable":true,"href":"https:\/\/jxgchocolate.com\/es\/wp-json\/wp\/v2\/product_tag?post=29431"}],"curies":[{"name":"wp","href":"https:\/\/api.w.org\/{rel}","templated":true}]}}