{"id":29446,"date":"2025-01-24T06:44:26","date_gmt":"2025-01-24T06:44:26","guid":{"rendered":"https:\/\/jxgchocolate.com\/?post_type=product&#038;p=29446"},"modified":"2025-01-24T06:44:28","modified_gmt":"2025-01-24T06:44:28","slug":"bulk-chocolate-sunflower-seed","status":"publish","type":"product","link":"https:\/\/jxgchocolate.com\/es\/producto\/bulk-chocolate-sunflower-seed\/","title":{"rendered":"Semillas de Girasol Suaves de Chocolate a Granel con Dos Sabores"},"content":{"rendered":"<div class=\"wp-block-columns is-layout-flex wp-container-core-columns-is-layout-9d6595d7 wp-block-columns-is-layout-flex\">\n<div class=\"wp-block-column is-layout-flow wp-block-column-is-layout-flow\">\n<h2 class=\"wp-block-heading\">Semillas de girasol de chocolate a granel Premium Caracter\u00edsticas:<\/h2>\n\n\n\n<ul class=\"wp-block-list\">\n<li><strong>Precio asequible y alta rentabilidad:<\/strong> Las semillas de girasol con chocolate a granel tienen un precio moderado en el mercado, asequible para todo el mundo. Su rico sabor y su valor nutritivo hacen que merezca la pena probar cada bocado; de ah\u00ed que sea un snack muy rentable en la mente de los consumidores.<\/li>\n\n\n\n<li><strong>Escenarios de consumo diversificados: <\/strong>Nuestras semillas de girasol con chocolate al por mayor son adecuadas para diversas ocasiones de consumo, como reuniones familiares, encuentros con amigos y siestas en la oficina. Pueden ser un tentempi\u00e9 informal o utilizarse durante las fiestas como regalo o obsequio para transmitir belleza y bendiciones.<\/li>\n\n\n\n<li><strong>Alta calidad y nutrici\u00f3n de los ingredientes:<\/strong> Nuestras semillas de girasol de chocolate a granel son ricas en nutrientes, como prote\u00ednas, grasas, vitaminas y minerales, que pueden ayudar a complementar la energ\u00eda y mantener la salud f\u00edsica.<\/li>\n\n\n\n<li><strong>Una experiencia gustativa \u00fanica:<\/strong> La capa exterior de nuestras pipas de girasol con chocolate al por mayor utiliza la crujiente c\u00e1scara de chocolate, mientras que la capa interior est\u00e1 envuelta en crujientes pipas de girasol. La combinaci\u00f3n interna y externa de esta combinaci\u00f3n de sabores permitir\u00e1 a los consumidores saborear tanto la suavidad del chocolate como el crujiente de las pipas de girasol en cada bocado, aportando la riqueza de las capas.<\/li>\n<\/ul>\n<\/div>\n\n\n\n<div class=\"wp-block-column is-layout-flow wp-block-column-is-layout-flow\">\n<figure class=\"wp-block-image size-full\"><img fetchpriority=\"high\" decoding=\"async\" width=\"1800\" height=\"1500\" src=\"https:\/\/jxgchocolate.com\/wp-content\/uploads\/2025\/01\/Bulk-Smooth-Chocolate-Covered-Sunflower-Seeds-Kernels-With-Two-Flavors3.webp\" alt=\"\" class=\"wp-image-29450\" srcset=\"https:\/\/jxgchocolate.com\/wp-content\/uploads\/2025\/01\/Bulk-Smooth-Chocolate-Covered-Sunflower-Seeds-Kernels-With-Two-Flavors3.webp 1800w, https:\/\/jxgchocolate.com\/wp-content\/uploads\/2025\/01\/Bulk-Smooth-Chocolate-Covered-Sunflower-Seeds-Kernels-With-Two-Flavors3-360x300.webp 360w, https:\/\/jxgchocolate.com\/wp-content\/uploads\/2025\/01\/Bulk-Smooth-Chocolate-Covered-Sunflower-Seeds-Kernels-With-Two-Flavors3-768x640.webp 768w, https:\/\/jxgchocolate.com\/wp-content\/uploads\/2025\/01\/Bulk-Smooth-Chocolate-Covered-Sunflower-Seeds-Kernels-With-Two-Flavors3-14x12.webp 14w, https:\/\/jxgchocolate.com\/wp-content\/uploads\/2025\/01\/Bulk-Smooth-Chocolate-Covered-Sunflower-Seeds-Kernels-With-Two-Flavors3-430x358.webp 430w, https:\/\/jxgchocolate.com\/wp-content\/uploads\/2025\/01\/Bulk-Smooth-Chocolate-Covered-Sunflower-Seeds-Kernels-With-Two-Flavors3-700x583.webp 700w, https:\/\/jxgchocolate.com\/wp-content\/uploads\/2025\/01\/Bulk-Smooth-Chocolate-Covered-Sunflower-Seeds-Kernels-With-Two-Flavors3-150x125.webp 150w\" sizes=\"(max-width: 1800px) 100vw, 1800px\" \/><\/figure>\n<\/div>\n<\/div>\n\n\n\n<p><\/p>","protected":false},"excerpt":{"rendered":"<p>Bienvenido a comprar semillas de girasol de chocolate al por mayor. Nuestras semillas de girasol de chocolate al por mayor no s\u00f3lo proporcionan una nueva experiencia de sabor, sino que tambi\u00e9n transmiten un estilo de vida saludable y un valor cultural, lo que las convierte en una opci\u00f3n ideal para los consumidores que persiguen una vida de calidad. Ya sea como tentempi\u00e9 diario, ingrediente de reposter\u00eda o un gran regalo, el chocolate con semillas de girasol aporta un disfrute \u00fanico a los consumidores.<\/p>\n<table width=\"423\">\n<tbody>\n<tr>\n<td width=\"166\">Fabricante<\/td>\n<td width=\"257\">Fruta de la suerte<\/td>\n<\/tr>\n<tr>\n<td>N\u00ba DE MODELO<\/td>\n<td>JXG54<\/td>\n<\/tr>\n<tr>\n<td>Tipo<\/td>\n<td>Pipas de girasol Chocolate<\/td>\n<\/tr>\n<tr>\n<td>Embalaje<\/td>\n<td>Embalaje en cajas<\/td>\n<\/tr>\n<tr>\n<td>Especificaci\u00f3n<\/td>\n<td>20 bolsas*12 cajas<\/td>\n<\/tr>\n<tr>\n<td>Tama\u00f1o de la caja<\/td>\n<td>58*35,5*37,5 cm<\/td>\n<\/tr>\n<tr>\n<td>N.W \/SET<\/td>\n<td>23g*20bolsas<\/td>\n<\/tr>\n<tr>\n<td>Color<\/td>\n<td>Como imagen<\/td>\n<\/tr>\n<tr>\n<td>MOQ<\/td>\n<td>500 cajas<\/td>\n<\/tr>\n<tr>\n<td>Personalizaci\u00f3n<\/td>\n<td>Embalaje\/LOGO<\/td>\n<\/tr>\n<\/tbody>\n<\/table>","protected":false},"featured_media":29448,"comment_status":"closed","ping_status":"closed","template":"","meta":[],"product_cat":[72],"product_tag":[],"class_list":{"0":"post-29446","1":"product","2":"type-product","3":"status-publish","4":"has-post-thumbnail","6":"product_cat-wholesale-chocolate-covered-sunflower-seeds","8":"first","9":"instock","10":"shipping-taxable","11":"product-type-simple"},"_links":{"self":[{"href":"https:\/\/jxgchocolate.com\/es\/wp-json\/wp\/v2\/product\/29446","targetHints":{"allow":["GET"]}}],"collection":[{"href":"https:\/\/jxgchocolate.com\/es\/wp-json\/wp\/v2\/product"}],"about":[{"href":"https:\/\/jxgchocolate.com\/es\/wp-json\/wp\/v2\/types\/product"}],"replies":[{"embeddable":true,"href":"https:\/\/jxgchocolate.com\/es\/wp-json\/wp\/v2\/comments?post=29446"}],"version-history":[{"count":0,"href":"https:\/\/jxgchocolate.com\/es\/wp-json\/wp\/v2\/product\/29446\/revisions"}],"wp:featuredmedia":[{"embeddable":true,"href":"https:\/\/jxgchocolate.com\/es\/wp-json\/wp\/v2\/media\/29448"}],"wp:attachment":[{"href":"https:\/\/jxgchocolate.com\/es\/wp-json\/wp\/v2\/media?parent=29446"}],"wp:term":[{"taxonomy":"product_cat","embeddable":true,"href":"https:\/\/jxgchocolate.com\/es\/wp-json\/wp\/v2\/product_cat?post=29446"},{"taxonomy":"product_tag","embeddable":true,"href":"https:\/\/jxgchocolate.com\/es\/wp-json\/wp\/v2\/product_tag?post=29446"}],"curies":[{"name":"wp","href":"https:\/\/api.w.org\/{rel}","templated":true}]}}