{"id":29457,"date":"2025-01-24T06:30:54","date_gmt":"2025-01-24T06:30:54","guid":{"rendered":"https:\/\/jxgchocolate.com\/?post_type=product&#038;p=29457"},"modified":"2025-01-24T06:30:56","modified_gmt":"2025-01-24T06:30:56","slug":"chocolate-gummy-beans-bulk","status":"publish","type":"product","link":"https:\/\/jxgchocolate.com\/es\/producto\/chocolate-gummy-beans-bulk\/","title":{"rendered":"Gominolas de Chocolate Suave a Granel con Diferentes Sabores"},"content":{"rendered":"<div class=\"wp-block-columns is-layout-flex wp-container-core-columns-is-layout-9d6595d7 wp-block-columns-is-layout-flex\">\n<div class=\"wp-block-column is-layout-flow wp-block-column-is-layout-flow\">\n<h2 class=\"wp-block-heading\">Gominolas de chocolate premium a granel Caracter\u00edsticas:<\/h2>\n\n\n\n<ul class=\"wp-block-list\">\n<li><strong>Sabor dual \u00fanico:<\/strong> Cada bocado de nuestras gominolas de chocolate a granel puede sentir la sedosa sensaci\u00f3n de fusi\u00f3n del chocolate exterior y las caracter\u00edsticas suaves y masticables de la gominola interior, formando una experiencia de sabor distinta pero armoniosa. Desde el chocolate dulce hasta las bellotas moderadamente dulces y \u00e1cidas, esta transici\u00f3n de lo dulce a lo \u00e1cido aporta a los consumidores una rica gama de niveles de sabor.<\/li>\n\n\n\n<li><strong>Ricas opciones de sabor: <\/strong>Nuestras gominolas de chocolate a granel ofrecen una gran variedad de sabores frutales, como fresa, uva verde, melocot\u00f3n, mango, etc., para satisfacer las preferencias de los distintos consumidores.<\/li>\n\n\n\n<li><strong>Embalaje port\u00e1til:<\/strong> Esta gominola de chocolate a granel adopta la forma de envase de bolsita independiente, que es c\u00f3modo de llevar y f\u00e1cil de compartir, lo que la hace muy adecuada para actividades al aire libre y viajes para disfrutar en cualquier momento. Tambi\u00e9n existen versiones de envases de gran capacidad para usuarios dom\u00e9sticos, que son rentables y permiten comprar varios sabores a la vez para compartir con toda la familia.<\/li>\n\n\n\n<li><strong>Una forma creativa de comer: <\/strong>Nuestras gominolas de chocolate a granel son perfectas para disfrutar con t\u00e9 verde, t\u00e9 oolong u otros tipos de t\u00e9, creando una experiencia de sabor m\u00e1s rica. Triture las gominolas de chocolate y a\u00f1\u00e1dalas a recetas de reposter\u00eda como galletas, pasteles o pan para a\u00f1adir sabor y aroma extra.<\/li>\n<\/ul>\n<\/div>\n\n\n\n<div class=\"wp-block-column is-layout-flow wp-block-column-is-layout-flow\">\n<figure class=\"wp-block-image size-full\"><img fetchpriority=\"high\" decoding=\"async\" width=\"1500\" height=\"1500\" src=\"https:\/\/jxgchocolate.com\/wp-content\/uploads\/2025\/01\/Smooth-Chocolate-Covered-Gummy-Ball-With-Different-Flavors2.webp\" alt=\"Gominolas de Chocolate Suave a Granel con Diferentes Sabores-2\" class=\"wp-image-29459\" srcset=\"https:\/\/jxgchocolate.com\/wp-content\/uploads\/2025\/01\/Smooth-Chocolate-Covered-Gummy-Ball-With-Different-Flavors2.webp 1500w, https:\/\/jxgchocolate.com\/wp-content\/uploads\/2025\/01\/Smooth-Chocolate-Covered-Gummy-Ball-With-Different-Flavors2-300x300.webp 300w, https:\/\/jxgchocolate.com\/wp-content\/uploads\/2025\/01\/Smooth-Chocolate-Covered-Gummy-Ball-With-Different-Flavors2-150x150.webp 150w, https:\/\/jxgchocolate.com\/wp-content\/uploads\/2025\/01\/Smooth-Chocolate-Covered-Gummy-Ball-With-Different-Flavors2-768x768.webp 768w, https:\/\/jxgchocolate.com\/wp-content\/uploads\/2025\/01\/Smooth-Chocolate-Covered-Gummy-Ball-With-Different-Flavors2-12x12.webp 12w, https:\/\/jxgchocolate.com\/wp-content\/uploads\/2025\/01\/Smooth-Chocolate-Covered-Gummy-Ball-With-Different-Flavors2-430x430.webp 430w, https:\/\/jxgchocolate.com\/wp-content\/uploads\/2025\/01\/Smooth-Chocolate-Covered-Gummy-Ball-With-Different-Flavors2-700x700.webp 700w\" sizes=\"(max-width: 1500px) 100vw, 1500px\" \/><\/figure>\n<\/div>\n<\/div>\n\n\n\n<p><\/p>","protected":false},"excerpt":{"rendered":"<p>Bienvenido a comprar gominolas de chocolate a granel. Nuestras gominolas de chocolate a granel han ganado un amplio reconocimiento y amor en el mercado debido a su experiencia de sabor \u00fanico, ricas opciones de sabor, exquisito dise\u00f1o de envases, proceso de producci\u00f3n de alta calidad, y la integraci\u00f3n de elementos saludables.<\/p>\n<table width=\"423\">\n<tbody>\n<tr>\n<td width=\"166\">Fabricante<\/td>\n<td width=\"257\">Fruta de la suerte<\/td>\n<\/tr>\n<tr>\n<td>N\u00ba DE MODELO<\/td>\n<td>JXG55<\/td>\n<\/tr>\n<tr>\n<td>Tipo<\/td>\n<td>Caramelos de goma Chocolate<\/td>\n<\/tr>\n<tr>\n<td>Embalaje<\/td>\n<td>Embalaje en cajas<\/td>\n<\/tr>\n<tr>\n<td>Especificaci\u00f3n<\/td>\n<td>20 bolsas*12 cajas<\/td>\n<\/tr>\n<tr>\n<td>Tama\u00f1o de la caja<\/td>\n<td>58*35,5*37,5 cm<\/td>\n<\/tr>\n<tr>\n<td>N.W \/SET<\/td>\n<td>23g*20bolsas<\/td>\n<\/tr>\n<tr>\n<td>Color<\/td>\n<td>Como imagen<\/td>\n<\/tr>\n<tr>\n<td>MOQ<\/td>\n<td>500 cajas<\/td>\n<\/tr>\n<tr>\n<td>Personalizaci\u00f3n<\/td>\n<td>Embalaje\/LOGO<\/td>\n<\/tr>\n<\/tbody>\n<\/table>","protected":false},"featured_media":29458,"comment_status":"closed","ping_status":"closed","template":"","meta":[],"product_cat":[75],"product_tag":[],"class_list":{"0":"post-29457","1":"product","2":"type-product","3":"status-publish","4":"has-post-thumbnail","6":"product_cat-wholesale-gummy-chocolate","8":"first","9":"instock","10":"shipping-taxable","11":"product-type-simple"},"_links":{"self":[{"href":"https:\/\/jxgchocolate.com\/es\/wp-json\/wp\/v2\/product\/29457","targetHints":{"allow":["GET"]}}],"collection":[{"href":"https:\/\/jxgchocolate.com\/es\/wp-json\/wp\/v2\/product"}],"about":[{"href":"https:\/\/jxgchocolate.com\/es\/wp-json\/wp\/v2\/types\/product"}],"replies":[{"embeddable":true,"href":"https:\/\/jxgchocolate.com\/es\/wp-json\/wp\/v2\/comments?post=29457"}],"version-history":[{"count":0,"href":"https:\/\/jxgchocolate.com\/es\/wp-json\/wp\/v2\/product\/29457\/revisions"}],"wp:featuredmedia":[{"embeddable":true,"href":"https:\/\/jxgchocolate.com\/es\/wp-json\/wp\/v2\/media\/29458"}],"wp:attachment":[{"href":"https:\/\/jxgchocolate.com\/es\/wp-json\/wp\/v2\/media?parent=29457"}],"wp:term":[{"taxonomy":"product_cat","embeddable":true,"href":"https:\/\/jxgchocolate.com\/es\/wp-json\/wp\/v2\/product_cat?post=29457"},{"taxonomy":"product_tag","embeddable":true,"href":"https:\/\/jxgchocolate.com\/es\/wp-json\/wp\/v2\/product_tag?post=29457"}],"curies":[{"name":"wp","href":"https:\/\/api.w.org\/{rel}","templated":true}]}}