{"id":29465,"date":"2025-01-24T06:25:48","date_gmt":"2025-01-24T06:25:48","guid":{"rendered":"https:\/\/jxgchocolate.com\/?post_type=product&#038;p=29465"},"modified":"2025-01-24T06:25:50","modified_gmt":"2025-01-24T06:25:50","slug":"bulk-chocolate-balls","status":"publish","type":"product","link":"https:\/\/jxgchocolate.com\/es\/producto\/bulk-chocolate-balls\/","title":{"rendered":"Bolas de chocolate crujientes a granel, granos de caramelo de chocolate biscuit"},"content":{"rendered":"<div class=\"wp-block-columns is-layout-flex wp-container-core-columns-is-layout-9d6595d7 wp-block-columns-is-layout-flex\">\n<div class=\"wp-block-column is-layout-flow wp-block-column-is-layout-flow\">\n<h2 class=\"wp-block-heading\">Bolas de chocolate premium a granel Caracter\u00edsticas:<\/h2>\n\n\n\n<ul class=\"wp-block-list\">\n<li><strong>Crujiente por fuera y suave por dentro, doble sabor:<\/strong> Nuestras bolas de chocolate a granel son crujientes por fuera y ricas en relleno de chocolate o galleta, aportando el nivel perfecto de sabor.<\/li>\n\n\n\n<li><strong>Chocolate seleccionado de alta calidad: <\/strong>Nuestros caramelos de chocolate en grano al por mayor utilizan materias primas de chocolate de alta calidad para garantizar que cada caramelo tenga un sabor a chocolate puro.<\/li>\n\n\n\n<li><strong>Forma \u00fanica, adecuado para una variedad de ocasiones: <\/strong>Nuestras bolas de chocolate a granel tienen una forma peque\u00f1a y simp\u00e1tica de haba de chocolate, ideal para reuniones familiares, meriendas compartidas o regalos navide\u00f1os.<\/li>\n\n\n\n<li><strong>C\u00f3modo envase, f\u00e1cil de compartir:<\/strong> Nuestros granos del caramelo del chocolate de la galleta al por mayor tienen un dise\u00f1o de empaquetado grande, que es conveniente para empaquetar y compartir, y usted puede gozar de la comida deliciosa en cualquier momento para cubrir las necesidades de la gente m\u00faltiple.<\/li>\n<\/ul>\n<\/div>\n\n\n\n<div class=\"wp-block-column is-layout-flow wp-block-column-is-layout-flow\">\n<figure class=\"wp-block-image size-full\"><img fetchpriority=\"high\" decoding=\"async\" width=\"2000\" height=\"2000\" src=\"https:\/\/jxgchocolate.com\/wp-content\/uploads\/2025\/01\/Wholesales-Smooth-and-Crispy-Biscuit-Chocolate-Candy-Beans-With-OEM-Design3.webp\" alt=\"Bolas de Chocolate Crujientes a Granel, Bombones de Chocolate Biscuit-1\" class=\"wp-image-29466\" srcset=\"https:\/\/jxgchocolate.com\/wp-content\/uploads\/2025\/01\/Wholesales-Smooth-and-Crispy-Biscuit-Chocolate-Candy-Beans-With-OEM-Design3.webp 2000w, https:\/\/jxgchocolate.com\/wp-content\/uploads\/2025\/01\/Wholesales-Smooth-and-Crispy-Biscuit-Chocolate-Candy-Beans-With-OEM-Design3-300x300.webp 300w, https:\/\/jxgchocolate.com\/wp-content\/uploads\/2025\/01\/Wholesales-Smooth-and-Crispy-Biscuit-Chocolate-Candy-Beans-With-OEM-Design3-150x150.webp 150w, https:\/\/jxgchocolate.com\/wp-content\/uploads\/2025\/01\/Wholesales-Smooth-and-Crispy-Biscuit-Chocolate-Candy-Beans-With-OEM-Design3-768x768.webp 768w, https:\/\/jxgchocolate.com\/wp-content\/uploads\/2025\/01\/Wholesales-Smooth-and-Crispy-Biscuit-Chocolate-Candy-Beans-With-OEM-Design3-12x12.webp 12w, https:\/\/jxgchocolate.com\/wp-content\/uploads\/2025\/01\/Wholesales-Smooth-and-Crispy-Biscuit-Chocolate-Candy-Beans-With-OEM-Design3-430x430.webp 430w, https:\/\/jxgchocolate.com\/wp-content\/uploads\/2025\/01\/Wholesales-Smooth-and-Crispy-Biscuit-Chocolate-Candy-Beans-With-OEM-Design3-700x700.webp 700w\" sizes=\"(max-width: 2000px) 100vw, 2000px\" \/><\/figure>\n<\/div>\n<\/div>","protected":false},"excerpt":{"rendered":"<p>Bienvenido a comprar bolas de chocolate al por mayor. Nuestros granos del caramelo del chocolate de la galleta al por mayor son crujientes en el exterior y suaves en el interior, con los rellenos seleccionados del chocolate y de la galleta, gusto rico, convenientes para compartir y una variedad de ocasiones, para resolver las papilas gustativas de usted y de sus parientes y amigos.<\/p>\n<table width=\"423\">\n<tbody>\n<tr>\n<td width=\"166\">Fabricante<\/td>\n<td width=\"257\">Fruta de la suerte<\/td>\n<\/tr>\n<tr>\n<td>N\u00ba DE MODELO<\/td>\n<td>JXG56<\/td>\n<\/tr>\n<tr>\n<td>Tipo<\/td>\n<td>Galleta de chocolate<\/td>\n<\/tr>\n<tr>\n<td>Embalaje<\/td>\n<td>Embalaje en cajas<\/td>\n<\/tr>\n<tr>\n<td>Especificaci\u00f3n<\/td>\n<td>20 bolsas*12 cajas<\/td>\n<\/tr>\n<tr>\n<td>Tama\u00f1o de la caja<\/td>\n<td>58*35,5*37,5 cm<\/td>\n<\/tr>\n<tr>\n<td>N.W \/SET<\/td>\n<td>23g*20bolsas<\/td>\n<\/tr>\n<tr>\n<td>Color<\/td>\n<td>Como imagen<\/td>\n<\/tr>\n<tr>\n<td>MOQ<\/td>\n<td>500 cajas<\/td>\n<\/tr>\n<tr>\n<td>Personalizaci\u00f3n<\/td>\n<td>Embalaje\/LOGO<\/td>\n<\/tr>\n<\/tbody>\n<\/table>","protected":false},"featured_media":29467,"comment_status":"closed","ping_status":"closed","template":"","meta":[],"product_cat":[74],"product_tag":[],"class_list":{"0":"post-29465","1":"product","2":"type-product","3":"status-publish","4":"has-post-thumbnail","6":"product_cat-wholesale-crunchy-chocolate-balls","8":"first","9":"instock","10":"shipping-taxable","11":"product-type-simple"},"_links":{"self":[{"href":"https:\/\/jxgchocolate.com\/es\/wp-json\/wp\/v2\/product\/29465","targetHints":{"allow":["GET"]}}],"collection":[{"href":"https:\/\/jxgchocolate.com\/es\/wp-json\/wp\/v2\/product"}],"about":[{"href":"https:\/\/jxgchocolate.com\/es\/wp-json\/wp\/v2\/types\/product"}],"replies":[{"embeddable":true,"href":"https:\/\/jxgchocolate.com\/es\/wp-json\/wp\/v2\/comments?post=29465"}],"version-history":[{"count":0,"href":"https:\/\/jxgchocolate.com\/es\/wp-json\/wp\/v2\/product\/29465\/revisions"}],"wp:featuredmedia":[{"embeddable":true,"href":"https:\/\/jxgchocolate.com\/es\/wp-json\/wp\/v2\/media\/29467"}],"wp:attachment":[{"href":"https:\/\/jxgchocolate.com\/es\/wp-json\/wp\/v2\/media?parent=29465"}],"wp:term":[{"taxonomy":"product_cat","embeddable":true,"href":"https:\/\/jxgchocolate.com\/es\/wp-json\/wp\/v2\/product_cat?post=29465"},{"taxonomy":"product_tag","embeddable":true,"href":"https:\/\/jxgchocolate.com\/es\/wp-json\/wp\/v2\/product_tag?post=29465"}],"curies":[{"name":"wp","href":"https:\/\/api.w.org\/{rel}","templated":true}]}}