{"id":29515,"date":"2025-02-15T01:57:13","date_gmt":"2025-02-15T01:57:13","guid":{"rendered":"https:\/\/jxgchocolate.com\/?post_type=product&#038;p=29515"},"modified":"2025-02-15T03:13:32","modified_gmt":"2025-02-15T03:13:32","slug":"chocolate-candy-bulk","status":"publish","type":"product","link":"https:\/\/jxgchocolate.com\/es\/producto\/chocolate-candy-bulk\/","title":{"rendered":"Lucky Twins Caramelos de Chocolate a Granel, Semillas de Girasol Cubiertas de Chocolate al por Mayor"},"content":{"rendered":"<div class=\"wp-block-columns is-layout-flex wp-container-core-columns-is-layout-9d6595d7 wp-block-columns-is-layout-flex\">\n<div class=\"wp-block-column is-layout-flow wp-block-column-is-layout-flow\">\n<h2 class=\"wp-block-heading\">Caramelos de chocolate premium a granel Caracter\u00edsticas:<\/h2>\n\n\n\n<ul class=\"wp-block-list\">\n<li><strong>Combinaciones creativas de sabores:<\/strong> El caramelo de chocolate con yogur a granel es \u00fanico con respecto al chocolate normal, con su propio sabor agridulce a leche, que atrae a los consumidores que quieren probar nuevos sabores. Su combinaci\u00f3n con granos de girasol proporciona una nueva experiencia de sabor y aroma, ideal para quienes desean una experiencia \u00fanica como tentempi\u00e9.<\/li>\n\n\n\n<li><strong>Nutritivo:<\/strong> Las pipas de girasol tienen un contenido saludable de grasas monoinsaturadas y poliinsaturadas, buenas para el coraz\u00f3n. Tambi\u00e9n constituyen una excelente fuente de prote\u00edna vegetal, perfecta para vegetarianos o para quienes desean prote\u00ednas alternativas. Nuestras pipas de girasol recubiertas de chocolate al por mayor tambi\u00e9n contienen nutrientes importantes como vitamina E, magnesio y zinc.<\/li>\n\n\n\n<li><strong>Grupos de consumidores claros: <\/strong>Los consumidores concienciados con la salud y sensibles a la nutrici\u00f3n disfrutar\u00e1n de los ingredientes naturales y los beneficios para la salud de los caramelos de chocolate y yogur a granel. Al mismo tiempo, los entusiastas de los aperitivos que disfrutan con nuevos sabores tambi\u00e9n se sentir\u00e1n atra\u00eddos por esta inusual combinaci\u00f3n.<\/li>\n\n\n\n<li><strong>Ideal para regalar:<\/strong> Nuestras pipas de girasol recubiertas de chocolate al por mayor son dignas de regalo para amigos, familiares o parejas, sobre todo para aquellos con gustos culturales y gastron\u00f3micos distintos.<\/li>\n<\/ul>\n<\/div>\n\n\n\n<div class=\"wp-block-column is-layout-flow wp-block-column-is-layout-flow\">\n<figure class=\"wp-block-image size-full\"><img fetchpriority=\"high\" decoding=\"async\" width=\"2000\" height=\"2000\" src=\"https:\/\/jxgchocolate.com\/wp-content\/uploads\/2025\/02\/Deep-Sour-Milk-Chocolate-Covered-Sunflower-Seeds-Nuts-Wholesales-Chocolate-Candy-In-Bulk3.webp\" alt=\"Caramelos de Chocolate a Granel, Yogurt Semillas de Girasol Cubiertas de Chocolate al por Mayor-1\" class=\"wp-image-29517\" srcset=\"https:\/\/jxgchocolate.com\/wp-content\/uploads\/2025\/02\/Deep-Sour-Milk-Chocolate-Covered-Sunflower-Seeds-Nuts-Wholesales-Chocolate-Candy-In-Bulk3.webp 2000w, https:\/\/jxgchocolate.com\/wp-content\/uploads\/2025\/02\/Deep-Sour-Milk-Chocolate-Covered-Sunflower-Seeds-Nuts-Wholesales-Chocolate-Candy-In-Bulk3-300x300.webp 300w, https:\/\/jxgchocolate.com\/wp-content\/uploads\/2025\/02\/Deep-Sour-Milk-Chocolate-Covered-Sunflower-Seeds-Nuts-Wholesales-Chocolate-Candy-In-Bulk3-150x150.webp 150w, https:\/\/jxgchocolate.com\/wp-content\/uploads\/2025\/02\/Deep-Sour-Milk-Chocolate-Covered-Sunflower-Seeds-Nuts-Wholesales-Chocolate-Candy-In-Bulk3-768x768.webp 768w, https:\/\/jxgchocolate.com\/wp-content\/uploads\/2025\/02\/Deep-Sour-Milk-Chocolate-Covered-Sunflower-Seeds-Nuts-Wholesales-Chocolate-Candy-In-Bulk3-12x12.webp 12w, https:\/\/jxgchocolate.com\/wp-content\/uploads\/2025\/02\/Deep-Sour-Milk-Chocolate-Covered-Sunflower-Seeds-Nuts-Wholesales-Chocolate-Candy-In-Bulk3-430x430.webp 430w, https:\/\/jxgchocolate.com\/wp-content\/uploads\/2025\/02\/Deep-Sour-Milk-Chocolate-Covered-Sunflower-Seeds-Nuts-Wholesales-Chocolate-Candy-In-Bulk3-700x700.webp 700w\" sizes=\"(max-width: 2000px) 100vw, 2000px\" \/><\/figure>\n<\/div>\n<\/div>","protected":false},"excerpt":{"rendered":"<p>Bienvenido a comprar al por mayor de chocolate cubierto de semillas de girasol nueces. Yogur caramelo de chocolate a granel no s\u00f3lo traer un nuevo sentido de sabor, sino tambi\u00e9n un h\u00e1bito saludable y atributo cultural, por lo que es muy recomendable para los consumidores que persiguen una vida de calidad. Como postre diario, material de reposter\u00eda o el mejor regalo, el chocolate de semillas de girasol con leche agria aporta una felicidad \u00fanica a los consumidores.<\/p>\n<table width=\"423\">\n<tbody>\n<tr>\n<td width=\"166\">Fabricante<\/td>\n<td width=\"257\">Fruta de la suerte<\/td>\n<\/tr>\n<tr>\n<td>N\u00ba DE MODELO<\/td>\n<td>JXG53<\/td>\n<\/tr>\n<tr>\n<td>Tipo<\/td>\n<td>Pipas de girasol Chocolate<\/td>\n<\/tr>\n<tr>\n<td>Embalaje<\/td>\n<td>Embalaje en cajas<\/td>\n<\/tr>\n<tr>\n<td>Especificaci\u00f3n<\/td>\n<td>238g<\/td>\n<\/tr>\n<tr>\n<td>Tama\u00f1o de la caja<\/td>\n<td>49.5*29*32.5cm<\/td>\n<\/tr>\n<tr>\n<td>N.W \/SET<\/td>\n<td>238g*20bolsas<\/td>\n<\/tr>\n<tr>\n<td>Color<\/td>\n<td>Como imagen<\/td>\n<\/tr>\n<tr>\n<td>MOQ<\/td>\n<td>500 cajas<\/td>\n<\/tr>\n<tr>\n<td>Personalizaci\u00f3n<\/td>\n<td>Embalaje\/LOGO<\/td>\n<\/tr>\n<\/tbody>\n<\/table>","protected":false},"featured_media":29518,"comment_status":"closed","ping_status":"closed","template":"","meta":[],"product_cat":[72],"product_tag":[],"class_list":{"0":"post-29515","1":"product","2":"type-product","3":"status-publish","4":"has-post-thumbnail","6":"product_cat-wholesale-chocolate-covered-sunflower-seeds","8":"first","9":"instock","10":"shipping-taxable","11":"product-type-simple"},"_links":{"self":[{"href":"https:\/\/jxgchocolate.com\/es\/wp-json\/wp\/v2\/product\/29515","targetHints":{"allow":["GET"]}}],"collection":[{"href":"https:\/\/jxgchocolate.com\/es\/wp-json\/wp\/v2\/product"}],"about":[{"href":"https:\/\/jxgchocolate.com\/es\/wp-json\/wp\/v2\/types\/product"}],"replies":[{"embeddable":true,"href":"https:\/\/jxgchocolate.com\/es\/wp-json\/wp\/v2\/comments?post=29515"}],"version-history":[{"count":0,"href":"https:\/\/jxgchocolate.com\/es\/wp-json\/wp\/v2\/product\/29515\/revisions"}],"wp:featuredmedia":[{"embeddable":true,"href":"https:\/\/jxgchocolate.com\/es\/wp-json\/wp\/v2\/media\/29518"}],"wp:attachment":[{"href":"https:\/\/jxgchocolate.com\/es\/wp-json\/wp\/v2\/media?parent=29515"}],"wp:term":[{"taxonomy":"product_cat","embeddable":true,"href":"https:\/\/jxgchocolate.com\/es\/wp-json\/wp\/v2\/product_cat?post=29515"},{"taxonomy":"product_tag","embeddable":true,"href":"https:\/\/jxgchocolate.com\/es\/wp-json\/wp\/v2\/product_tag?post=29515"}],"curies":[{"name":"wp","href":"https:\/\/api.w.org\/{rel}","templated":true}]}}