{"id":29523,"date":"2025-02-15T02:16:36","date_gmt":"2025-02-15T02:16:36","guid":{"rendered":"https:\/\/jxgchocolate.com\/?post_type=product&#038;p=29523"},"modified":"2025-02-15T03:12:52","modified_gmt":"2025-02-15T03:12:52","slug":"chocolate-beans-bulk","status":"publish","type":"product","link":"https:\/\/jxgchocolate.com\/es\/producto\/chocolate-beans-bulk\/","title":{"rendered":"Lucky Twins Granos de Chocolate de Colores a Granel, Cacahuetes Cubiertos de Chocolate al por mayor"},"content":{"rendered":"<div class=\"wp-block-columns is-layout-flex wp-container-core-columns-is-layout-9d6595d7 wp-block-columns-is-layout-flex\">\n<div class=\"wp-block-column is-layout-flow wp-block-column-is-layout-flow\">\n<h2 class=\"wp-block-heading\">Granos de chocolate de colores Premium a granel Caracter\u00edsticas:<\/h2>\n\n\n\n<ul class=\"wp-block-list\">\n<li><strong>Atractivo visual \u00fanico:<\/strong> Los granos de chocolate de colores a granel atraen la atenci\u00f3n en el lineal por su aspecto colorido, especialmente atractivo para ni\u00f1os y j\u00f3venes. La introducci\u00f3n de envases tem\u00e1ticos festivos\/estacionales en colores espec\u00edficos contribuye al valor l\u00fadico y festivo del producto.<\/li>\n\n\n\n<li><strong>Rica experiencia de sabor:<\/strong> Cada bocado de cacahuetes recubiertos de chocolate al por mayor permite disfrutar de la suave fusi\u00f3n de la capa exterior de chocolate y del aroma crepitante de la capa interior de cacahuetes para generar una experiencia gustativa contrastada y armoniosa. La transici\u00f3n del chocolate dulce a los cacahuetes salados proporciona una gran cantidad de sabor a los consumidores.<\/li>\n\n\n\n<li><strong>C\u00f3modo envasado: <\/strong>Nuestros granos de chocolate a granel se envasan en bolsitas independientes, f\u00e1ciles de transportar y compartir, muy adecuadas para actividades al aire libre y viajes. Disfrute en cualquier momento. Al mismo tiempo, el producto tambi\u00e9n ofrece una versi\u00f3n de envasado en cajas de gran capacidad, que resulta econ\u00f3mica y asequible.<\/li>\n\n\n\n<li><strong>Diversos escenarios de consumo: <\/strong>Los cacahuetes recubiertos de chocolate de colores al por mayor no s\u00f3lo son adecuados para el disfrute personal en cualquier momento, sino tambi\u00e9n como tentempi\u00e9 para actividades al aire libre, viajes o reuniones familiares, satisfaciendo las necesidades de los consumidores en diferentes escenarios.<\/li>\n<\/ul>\n<\/div>\n\n\n\n<div class=\"wp-block-column is-layout-flow wp-block-column-is-layout-flow\">\n<figure class=\"wp-block-image size-full\"><img fetchpriority=\"high\" decoding=\"async\" width=\"750\" height=\"750\" src=\"https:\/\/jxgchocolate.com\/wp-content\/uploads\/2025\/02\/Wholesales-Colored-Chocolate-Covered-Peanuts-Manufacturer-In-China4-1.webp\" alt=\"Granos de chocolate de colores a granel, Cacahuetes recubiertos de chocolate al por mayor-1\" class=\"wp-image-29528\" srcset=\"https:\/\/jxgchocolate.com\/wp-content\/uploads\/2025\/02\/Wholesales-Colored-Chocolate-Covered-Peanuts-Manufacturer-In-China4-1.webp 750w, https:\/\/jxgchocolate.com\/wp-content\/uploads\/2025\/02\/Wholesales-Colored-Chocolate-Covered-Peanuts-Manufacturer-In-China4-1-300x300.webp 300w, https:\/\/jxgchocolate.com\/wp-content\/uploads\/2025\/02\/Wholesales-Colored-Chocolate-Covered-Peanuts-Manufacturer-In-China4-1-150x150.webp 150w, https:\/\/jxgchocolate.com\/wp-content\/uploads\/2025\/02\/Wholesales-Colored-Chocolate-Covered-Peanuts-Manufacturer-In-China4-1-12x12.webp 12w, https:\/\/jxgchocolate.com\/wp-content\/uploads\/2025\/02\/Wholesales-Colored-Chocolate-Covered-Peanuts-Manufacturer-In-China4-1-430x430.webp 430w, https:\/\/jxgchocolate.com\/wp-content\/uploads\/2025\/02\/Wholesales-Colored-Chocolate-Covered-Peanuts-Manufacturer-In-China4-1-700x700.webp 700w\" sizes=\"(max-width: 750px) 100vw, 750px\" \/><\/figure>\n<\/div>\n<\/div>","protected":false},"excerpt":{"rendered":"<p>Bienvenido a comprar granos de chocolate de colores al por mayor. Nuestros cacahuetes recubiertos de chocolate al por mayor combinan la textura crujiente de los cacahuetes con la dulzura y suavidad del chocolate, al tiempo que a\u00f1aden una colorida capa exterior o recubrimiento para hacerlo visualmente m\u00e1s atractivo.<\/p>\n<table width=\"423\">\n<tbody>\n<tr>\n<td width=\"166\">Fabricante<\/td>\n<td width=\"257\">Fruta de la suerte<\/td>\n<\/tr>\n<tr>\n<td>N\u00ba DE MODELO<\/td>\n<td>JXG54<\/td>\n<\/tr>\n<tr>\n<td>Tipo<\/td>\n<td>Cacahuetes Chocolate<\/td>\n<\/tr>\n<tr>\n<td>Embalaje<\/td>\n<td>Embalaje en cajas<\/td>\n<\/tr>\n<tr>\n<td>Especificaci\u00f3n<\/td>\n<td>16g*30Pcs<\/td>\n<\/tr>\n<tr>\n<td>Tama\u00f1o de la caja<\/td>\n<td>54.5*29.5*31.5<span style=\"font-family: inherit; font-size: inherit;\">cm<\/span><\/td>\n<\/tr>\n<tr>\n<td>N.W \/SET<\/td>\n<td>30Pcs*24Cajas<\/td>\n<\/tr>\n<tr>\n<td>Color<\/td>\n<td>Como imagen<\/td>\n<\/tr>\n<tr>\n<td>MOQ<\/td>\n<td>500 cajas<\/td>\n<\/tr>\n<tr>\n<td>Personalizaci\u00f3n<\/td>\n<td>Embalaje\/LOGO<\/td>\n<\/tr>\n<\/tbody>\n<\/table>","protected":false},"featured_media":29524,"comment_status":"closed","ping_status":"closed","template":"","meta":[],"product_cat":[73],"product_tag":[],"class_list":{"0":"post-29523","1":"product","2":"type-product","3":"status-publish","4":"has-post-thumbnail","6":"product_cat-wholesale-chocolate-covered-peanuts","8":"first","9":"instock","10":"shipping-taxable","11":"product-type-simple"},"_links":{"self":[{"href":"https:\/\/jxgchocolate.com\/es\/wp-json\/wp\/v2\/product\/29523","targetHints":{"allow":["GET"]}}],"collection":[{"href":"https:\/\/jxgchocolate.com\/es\/wp-json\/wp\/v2\/product"}],"about":[{"href":"https:\/\/jxgchocolate.com\/es\/wp-json\/wp\/v2\/types\/product"}],"replies":[{"embeddable":true,"href":"https:\/\/jxgchocolate.com\/es\/wp-json\/wp\/v2\/comments?post=29523"}],"version-history":[{"count":8,"href":"https:\/\/jxgchocolate.com\/es\/wp-json\/wp\/v2\/product\/29523\/revisions"}],"predecessor-version":[{"id":29554,"href":"https:\/\/jxgchocolate.com\/es\/wp-json\/wp\/v2\/product\/29523\/revisions\/29554"}],"wp:featuredmedia":[{"embeddable":true,"href":"https:\/\/jxgchocolate.com\/es\/wp-json\/wp\/v2\/media\/29524"}],"wp:attachment":[{"href":"https:\/\/jxgchocolate.com\/es\/wp-json\/wp\/v2\/media?parent=29523"}],"wp:term":[{"taxonomy":"product_cat","embeddable":true,"href":"https:\/\/jxgchocolate.com\/es\/wp-json\/wp\/v2\/product_cat?post=29523"},{"taxonomy":"product_tag","embeddable":true,"href":"https:\/\/jxgchocolate.com\/es\/wp-json\/wp\/v2\/product_tag?post=29523"}],"curies":[{"name":"wp","href":"https:\/\/api.w.org\/{rel}","templated":true}]}}