{"id":29553,"date":"2025-03-04T06:49:06","date_gmt":"2025-03-04T06:49:06","guid":{"rendered":"https:\/\/jxgchocolate.com\/?post_type=product&#038;p=29553"},"modified":"2025-03-04T06:50:03","modified_gmt":"2025-03-04T06:50:03","slug":"colored-chocolate-peanuts-bulk","status":"publish","type":"product","link":"https:\/\/jxgchocolate.com\/es\/producto\/colored-chocolate-peanuts-bulk\/","title":{"rendered":"Cacahuetes de chocolate de colores a granel con envase personalizado de marca blanca"},"content":{"rendered":"<div class=\"wp-block-columns is-layout-flex wp-container-core-columns-is-layout-9d6595d7 wp-block-columns-is-layout-flex\">\n<div class=\"wp-block-column is-layout-flow wp-block-column-is-layout-flow\">\n<h2 class=\"wp-block-heading\">Cacahuetes de chocolate de colores Premium a granel Caracter\u00edsticas:<\/h2>\n\n\n\n<ul class=\"wp-block-list\">\n<li><strong>Rico sabor:<\/strong> Estos cacahuetes de chocolate de colores a granel mezclan el sabor de los cacahuetes y el chocolate. El crujiente de los cacahuetes y la cremosidad del chocolate se funden a la perfecci\u00f3n, proporcionando una experiencia inigualable y deliciosa. Por eso el chocolate con cacahuetes de colores es el preferido de los entusiastas del chocolate.<\/li>\n\n\n\n<li><strong>Nutrici\u00f3n equilibrada:<\/strong> Nuestros cacahuetes recubiertos de chocolate al por mayor son un alimento muy nutritivo con un alto contenido en grasas, prote\u00ednas y toda la gama de vitaminas y minerales. El chocolate contiene sustancias como la teobromina y la fenetilamina, que s\u00f3lo tienen efectos estimulantes muy leves en el cerebro. Poner cacahuetes en el chocolate no s\u00f3lo aporta una textura m\u00e1s agradable al alimento, sino tambi\u00e9n una nutrici\u00f3n m\u00e1s equilibrada para el chocolate con cacahuetes de colores.<\/li>\n\n\n\n<li><strong>Colores tentadores:<\/strong> Los colores de relleno de estos cacahuetes de chocolate de colores a granel atraen a los consumidores con sus colores vibrantes y brillantes. Varios colores de chocolate significan varios sabores, satisfaciendo la necesidad de los consumidores de diversificar el sabor. Al mismo tiempo, este colorido tambi\u00e9n hace que el chocolate con cacahuetes de colores sea m\u00e1s atractivo visualmente.<\/li>\n\n\n\n<li><strong>Embalaje exquisito: <\/strong>Nuestros cacahuetes recubiertos de chocolate al por mayor tienen muchos chocolates de cacahuetes de colores que vienen en peque\u00f1os paquetes separados, que son convenientes para llevar y f\u00e1ciles de compartir. Este exquisito envase eleva el grado del producto, es una excelente opci\u00f3n para regalar a familiares y amigos o como un peque\u00f1o aperitivo para uno mismo.<\/li>\n<\/ul>\n<\/div>\n\n\n\n<div class=\"wp-block-column is-layout-flow wp-block-column-is-layout-flow\">\n<figure class=\"wp-block-image size-full\"><img fetchpriority=\"high\" decoding=\"async\" width=\"750\" height=\"750\" src=\"https:\/\/jxgchocolate.com\/wp-content\/uploads\/2025\/02\/photobank-35.webp\" alt=\"Cacahuetes de chocolate de colores a granel con etiqueta privada personalizada-4\" class=\"wp-image-29560\" srcset=\"https:\/\/jxgchocolate.com\/wp-content\/uploads\/2025\/02\/photobank-35.webp 750w, https:\/\/jxgchocolate.com\/wp-content\/uploads\/2025\/02\/photobank-35-300x300.webp 300w, https:\/\/jxgchocolate.com\/wp-content\/uploads\/2025\/02\/photobank-35-150x150.webp 150w, https:\/\/jxgchocolate.com\/wp-content\/uploads\/2025\/02\/photobank-35-12x12.webp 12w, https:\/\/jxgchocolate.com\/wp-content\/uploads\/2025\/02\/photobank-35-430x430.webp 430w, https:\/\/jxgchocolate.com\/wp-content\/uploads\/2025\/02\/photobank-35-700x700.webp 700w\" sizes=\"(max-width: 750px) 100vw, 750px\" \/><\/figure>\n<\/div>\n<\/div>\n\n\n\n<p><\/p>","protected":false},"excerpt":{"rendered":"<p>Bienvenido a comprar nuestros cacahuetes de chocolate de colores al por mayor. Estos cacahuetes recubiertos de chocolate de colores al por mayor se han convertido en un producto popular en el mercado debido a su sabor \u00fanico, rica nutrici\u00f3n, colores atractivos, exquisito embalaje y garant\u00eda de calidad. Ya sea como tentempi\u00e9 o como regalo, los cacahuetes de chocolate de colores pueden satisfacer las necesidades de los consumidores.<\/p>\n<table width=\"423\">\n<tbody>\n<tr>\n<td width=\"166\">Fabricante<\/td>\n<td width=\"257\">Fruta de la suerte<\/td>\n<\/tr>\n<tr>\n<td>N\u00ba DE MODELO<\/td>\n<td>JXG55<\/td>\n<\/tr>\n<tr>\n<td>Tipo<\/td>\n<td>Cacahuetes Chocolate<\/td>\n<\/tr>\n<tr>\n<td>Embalaje<\/td>\n<td>Embalaje en cajas<\/td>\n<\/tr>\n<tr>\n<td>Especificaci\u00f3n<\/td>\n<td>16g*30Pcs<\/td>\n<\/tr>\n<tr>\n<td>Tama\u00f1o de la caja<\/td>\n<td>54.5*29.5*31.5<span style=\"font-family: inherit; font-size: inherit;\">cm<\/span><\/td>\n<\/tr>\n<tr>\n<td>N.W \/SET<\/td>\n<td>30Pcs*24Cajas<\/td>\n<\/tr>\n<tr>\n<td>Color<\/td>\n<td>Como imagen<\/td>\n<\/tr>\n<tr>\n<td>MOQ<\/td>\n<td>500 cajas<\/td>\n<\/tr>\n<tr>\n<td>Personalizaci\u00f3n<\/td>\n<td>Embalaje\/LOGO<\/td>\n<\/tr>\n<\/tbody>\n<\/table>","protected":false},"featured_media":29558,"comment_status":"closed","ping_status":"closed","template":"","meta":[],"product_cat":[73],"product_tag":[],"class_list":{"0":"post-29553","1":"product","2":"type-product","3":"status-publish","4":"has-post-thumbnail","6":"product_cat-wholesale-chocolate-covered-peanuts","8":"first","9":"instock","10":"shipping-taxable","11":"product-type-simple"},"_links":{"self":[{"href":"https:\/\/jxgchocolate.com\/es\/wp-json\/wp\/v2\/product\/29553","targetHints":{"allow":["GET"]}}],"collection":[{"href":"https:\/\/jxgchocolate.com\/es\/wp-json\/wp\/v2\/product"}],"about":[{"href":"https:\/\/jxgchocolate.com\/es\/wp-json\/wp\/v2\/types\/product"}],"replies":[{"embeddable":true,"href":"https:\/\/jxgchocolate.com\/es\/wp-json\/wp\/v2\/comments?post=29553"}],"version-history":[{"count":0,"href":"https:\/\/jxgchocolate.com\/es\/wp-json\/wp\/v2\/product\/29553\/revisions"}],"wp:featuredmedia":[{"embeddable":true,"href":"https:\/\/jxgchocolate.com\/es\/wp-json\/wp\/v2\/media\/29558"}],"wp:attachment":[{"href":"https:\/\/jxgchocolate.com\/es\/wp-json\/wp\/v2\/media?parent=29553"}],"wp:term":[{"taxonomy":"product_cat","embeddable":true,"href":"https:\/\/jxgchocolate.com\/es\/wp-json\/wp\/v2\/product_cat?post=29553"},{"taxonomy":"product_tag","embeddable":true,"href":"https:\/\/jxgchocolate.com\/es\/wp-json\/wp\/v2\/product_tag?post=29553"}],"curies":[{"name":"wp","href":"https:\/\/api.w.org\/{rel}","templated":true}]}}