{"id":29645,"date":"2025-03-14T02:03:30","date_gmt":"2025-03-14T02:03:30","guid":{"rendered":"https:\/\/jxgchocolate.com\/?post_type=product&#038;p=29645"},"modified":"2025-03-14T02:03:32","modified_gmt":"2025-03-14T02:03:32","slug":"wholesale-chocolate-covered-peanuts","status":"publish","type":"product","link":"https:\/\/jxgchocolate.com\/es\/producto\/wholesale-chocolate-covered-peanuts\/","title":{"rendered":"Cacahuetes recubiertos de chocolate al por mayor de f\u00e1brica en envase port\u00e1til"},"content":{"rendered":"<div class=\"wp-block-columns is-layout-flex wp-container-core-columns-is-layout-9d6595d7 wp-block-columns-is-layout-flex\">\n<div class=\"wp-block-column is-layout-flow wp-block-column-is-layout-flow\">\n<h2 class=\"wp-block-heading\">Cacahuetes recubiertos de chocolate al por mayor de primera calidad Caracter\u00edsticas:<\/h2>\n\n\n\n<ul class=\"wp-block-list\">\n<li><strong>Doble placer gustativo:<\/strong> Nuestros cacahuetes recubiertos de chocolate al por mayor se seleccionan cuidadosamente a partir de cacahuetes de alta calidad, se tuestan cuidadosamente hasta que cada uno de ellos resulta crujiente y sabroso, y despu\u00e9s se recubren de chocolate cremoso y fino, proporcionando un maravilloso sabor de combinaci\u00f3n crujiente y meloso.<\/li>\n\n\n\n<li><strong>Embalaje port\u00e1til:<\/strong> Estos cacahuetes de chocolate a granel se presentan en peque\u00f1os envases port\u00e1tiles, c\u00f3modos de transportar. Son perfectos para compartir durante las pausas en el trabajo, mientras se viaja, despu\u00e9s de hacer ejercicio o en fiestas, lo que permite a los consumidores disfrutar de una buena comida en cualquier momento y lugar, aumentando el atractivo del mercado.<\/li>\n\n\n\n<li><strong>Alto rendimiento econ\u00f3mico: <\/strong>Nuestros cacahuetes recubiertos de chocolate al por mayor directos de f\u00e1brica garantizan la calidad del producto y ofrecen a los consumidores cacahuetes recubiertos de chocolate de alta calidad a un precio muy razonable, por lo que son perfectos para compras al por mayor.<\/li>\n\n\n\n<li><strong>Adecuado para minoristas, supermercados y personalizaci\u00f3n de marcas: <\/strong>Estos envases port\u00e1tiles de cacahuetes de chocolate a granel son compatibles con la venta al por menor en supermercados, adecuados para la venta en tiendas de conveniencia, envases de regalo y otras necesidades del mercado. La personalizaci\u00f3n OEM\/ODM se puede realizar para adaptarse a las necesidades de envasado personalizadas de diferentes marcas y proporcionar un mercado m\u00e1s amplio para los consumidores.<\/li>\n<\/ul>\n<\/div>\n\n\n\n<div class=\"wp-block-column is-layout-flow wp-block-column-is-layout-flow\">\n<figure class=\"wp-block-image size-full\"><img fetchpriority=\"high\" decoding=\"async\" width=\"800\" height=\"800\" src=\"https:\/\/jxgchocolate.com\/wp-content\/uploads\/2025\/03\/Wholesales-In-Bulk-Colorful-Peanut-Chocolate-Beans-With-Custom-Packaging5.webp\" alt=\"Cacahuetes Cubiertos De Chocolate Al Por Mayor De F\u00e1brica En Paquete Port\u00e1til-5\" class=\"wp-image-29651\" srcset=\"https:\/\/jxgchocolate.com\/wp-content\/uploads\/2025\/03\/Wholesales-In-Bulk-Colorful-Peanut-Chocolate-Beans-With-Custom-Packaging5.webp 800w, https:\/\/jxgchocolate.com\/wp-content\/uploads\/2025\/03\/Wholesales-In-Bulk-Colorful-Peanut-Chocolate-Beans-With-Custom-Packaging5-300x300.webp 300w, https:\/\/jxgchocolate.com\/wp-content\/uploads\/2025\/03\/Wholesales-In-Bulk-Colorful-Peanut-Chocolate-Beans-With-Custom-Packaging5-150x150.webp 150w, https:\/\/jxgchocolate.com\/wp-content\/uploads\/2025\/03\/Wholesales-In-Bulk-Colorful-Peanut-Chocolate-Beans-With-Custom-Packaging5-768x768.webp 768w, https:\/\/jxgchocolate.com\/wp-content\/uploads\/2025\/03\/Wholesales-In-Bulk-Colorful-Peanut-Chocolate-Beans-With-Custom-Packaging5-12x12.webp 12w, https:\/\/jxgchocolate.com\/wp-content\/uploads\/2025\/03\/Wholesales-In-Bulk-Colorful-Peanut-Chocolate-Beans-With-Custom-Packaging5-430x430.webp 430w, https:\/\/jxgchocolate.com\/wp-content\/uploads\/2025\/03\/Wholesales-In-Bulk-Colorful-Peanut-Chocolate-Beans-With-Custom-Packaging5-700x700.webp 700w\" sizes=\"(max-width: 800px) 100vw, 800px\" \/><\/figure>\n<\/div>\n<\/div>","protected":false},"excerpt":{"rendered":"<p>Bienvenido a comprar cacahuetes recubiertos de chocolate al por mayor. Nuestros cacahuetes de chocolate a granel de suministro directo de f\u00e1brica tienen un rico sabor y son dulces pero no grasientos. Est\u00e1n envasados en envases port\u00e1tiles y se pueden disfrutar f\u00e1cilmente en cualquier momento y en cualquier lugar, adecuados para la venta al por menor, supermercados, aperitivos de oficina y mercados de aperitivos. Suministro directo de f\u00e1brica, precios preferenciales al por mayor.<\/p>\n<table width=\"423\">\n<tbody>\n<tr>\n<td width=\"166\">Fabricante<\/td>\n<td width=\"257\">Fruta de la suerte<\/td>\n<\/tr>\n<tr>\n<td>N\u00ba DE MODELO<\/td>\n<td>JXG57<\/td>\n<\/tr>\n<tr>\n<td>Tipo<\/td>\n<td>Cacahuetes Chocolate<\/td>\n<\/tr>\n<tr>\n<td>Embalaje<\/td>\n<td>Embalaje en cajas<\/td>\n<\/tr>\n<tr>\n<td>Especificaci\u00f3n<\/td>\n<td>16g*20Pcs<\/td>\n<\/tr>\n<tr>\n<td>Tama\u00f1o de la caja<\/td>\n<td>50*29*25.5<span style=\"font-family: inherit; font-size: inherit;\">cm<\/span><\/td>\n<\/tr>\n<tr>\n<td>N.W \/SET<\/td>\n<td>20Pcs*24Cajas<\/td>\n<\/tr>\n<tr>\n<td>Color<\/td>\n<td>Como imagen<\/td>\n<\/tr>\n<tr>\n<td>MOQ<\/td>\n<td>500 cajas<\/td>\n<\/tr>\n<tr>\n<td>Personalizaci\u00f3n<\/td>\n<td>Embalaje\/LOGO<\/td>\n<\/tr>\n<\/tbody>\n<\/table>","protected":false},"featured_media":29647,"comment_status":"closed","ping_status":"closed","template":"","meta":[],"product_cat":[73],"product_tag":[],"class_list":{"0":"post-29645","1":"product","2":"type-product","3":"status-publish","4":"has-post-thumbnail","6":"product_cat-wholesale-chocolate-covered-peanuts","8":"first","9":"instock","10":"shipping-taxable","11":"product-type-simple"},"_links":{"self":[{"href":"https:\/\/jxgchocolate.com\/es\/wp-json\/wp\/v2\/product\/29645","targetHints":{"allow":["GET"]}}],"collection":[{"href":"https:\/\/jxgchocolate.com\/es\/wp-json\/wp\/v2\/product"}],"about":[{"href":"https:\/\/jxgchocolate.com\/es\/wp-json\/wp\/v2\/types\/product"}],"replies":[{"embeddable":true,"href":"https:\/\/jxgchocolate.com\/es\/wp-json\/wp\/v2\/comments?post=29645"}],"version-history":[{"count":6,"href":"https:\/\/jxgchocolate.com\/es\/wp-json\/wp\/v2\/product\/29645\/revisions"}],"predecessor-version":[{"id":29778,"href":"https:\/\/jxgchocolate.com\/es\/wp-json\/wp\/v2\/product\/29645\/revisions\/29778"}],"wp:featuredmedia":[{"embeddable":true,"href":"https:\/\/jxgchocolate.com\/es\/wp-json\/wp\/v2\/media\/29647"}],"wp:attachment":[{"href":"https:\/\/jxgchocolate.com\/es\/wp-json\/wp\/v2\/media?parent=29645"}],"wp:term":[{"taxonomy":"product_cat","embeddable":true,"href":"https:\/\/jxgchocolate.com\/es\/wp-json\/wp\/v2\/product_cat?post=29645"},{"taxonomy":"product_tag","embeddable":true,"href":"https:\/\/jxgchocolate.com\/es\/wp-json\/wp\/v2\/product_tag?post=29645"}],"curies":[{"name":"wp","href":"https:\/\/api.w.org\/{rel}","templated":true}]}}