{"id":29654,"date":"2025-03-14T01:41:25","date_gmt":"2025-03-14T01:41:25","guid":{"rendered":"https:\/\/jxgchocolate.com\/?post_type=product&#038;p=29654"},"modified":"2025-03-14T01:42:17","modified_gmt":"2025-03-14T01:42:17","slug":"bulk-peanuts-covered-with-chocolate","status":"publish","type":"product","link":"https:\/\/jxgchocolate.com\/es\/producto\/bulk-peanuts-covered-with-chocolate\/","title":{"rendered":"Cacahuetes recubiertos de chocolate a granel, precio directo de f\u00e1brica"},"content":{"rendered":"<div class=\"wp-block-columns is-layout-flex wp-container-core-columns-is-layout-9d6595d7 wp-block-columns-is-layout-flex\">\n<div class=\"wp-block-column is-layout-flow wp-block-column-is-layout-flow\">\n<h2 class=\"wp-block-heading\">Cacahuetes Premium a Granel Cubiertos de Chocolate Caracter\u00edsticas:<\/h2>\n\n\n\n<ul class=\"wp-block-list\">\n<li><strong>Cacahuetes seleccionados de alta calidad: <\/strong>Nuestros cacahuetes a granel recubiertos de chocolate consisten en cacahuetes especialmente seleccionados, que poseen granos enteros, sabor crujiente y muchas prote\u00ednas, fibra diet\u00e9tica y grasas saludables, proporcionando un doble placer de sabor y nutrici\u00f3n.<\/li>\n\n\n\n<li><strong>Envoltorio de chocolate sedoso:<\/strong> Nuestros cacahuetes recubiertos de chocolate al por mayor utilizan chocolate de calidad para recubrir cada cacahuete a la perfecci\u00f3n, proporcionando una experiencia de sabor arom\u00e1tica y suave. El dulzor del chocolate y el crujiente del cacahuete se combinan a la perfecci\u00f3n para satisfacer el paladar de todo tipo de consumidores.<\/li>\n\n\n\n<li><strong>Suministro directo de f\u00e1brica: <\/strong>Estos cacahuetes recubiertos de chocolate a granel son producidos y suministrados directamente por Jixiangguo Food Factory, con alta calidad garantizada y precios al por mayor muy competitivos, que son perfectos para que las marcas de alimentaci\u00f3n y los minoristas los vendan al por mayor a granel.<\/li>\n\n\n\n<li><strong>Aperitivos multiusos:<\/strong> Nuestros cacahuetes recubiertos de chocolate al por mayor son aperitivos perfectos que pueden utilizarse en supermercados, marcas de aperitivos, cajas de regalo para alimentos, etc. Disfrutan de una amplia demanda en el mercado y pueden ayudar f\u00e1cilmente a su negocio a expandirse.<\/li>\n<\/ul>\n<\/div>\n\n\n\n<div class=\"wp-block-column is-layout-flow wp-block-column-is-layout-flow\">\n<figure class=\"wp-block-image size-full\"><img fetchpriority=\"high\" decoding=\"async\" width=\"750\" height=\"750\" src=\"https:\/\/jxgchocolate.com\/wp-content\/uploads\/2025\/03\/Bulk-Peanut-Chocolate-Candy-With-Colored-Coating-Can-Be-Customized2.webp\" alt=\"Cacahuetes a Granel Cubiertos de Chocolate, Precio Directo de F\u00e1brica-1\" class=\"wp-image-29656\" srcset=\"https:\/\/jxgchocolate.com\/wp-content\/uploads\/2025\/03\/Bulk-Peanut-Chocolate-Candy-With-Colored-Coating-Can-Be-Customized2.webp 750w, https:\/\/jxgchocolate.com\/wp-content\/uploads\/2025\/03\/Bulk-Peanut-Chocolate-Candy-With-Colored-Coating-Can-Be-Customized2-300x300.webp 300w, https:\/\/jxgchocolate.com\/wp-content\/uploads\/2025\/03\/Bulk-Peanut-Chocolate-Candy-With-Colored-Coating-Can-Be-Customized2-150x150.webp 150w, https:\/\/jxgchocolate.com\/wp-content\/uploads\/2025\/03\/Bulk-Peanut-Chocolate-Candy-With-Colored-Coating-Can-Be-Customized2-12x12.webp 12w, https:\/\/jxgchocolate.com\/wp-content\/uploads\/2025\/03\/Bulk-Peanut-Chocolate-Candy-With-Colored-Coating-Can-Be-Customized2-430x430.webp 430w, https:\/\/jxgchocolate.com\/wp-content\/uploads\/2025\/03\/Bulk-Peanut-Chocolate-Candy-With-Colored-Coating-Can-Be-Customized2-700x700.webp 700w\" sizes=\"(max-width: 750px) 100vw, 750px\" \/><\/figure>\n<\/div>\n<\/div>","protected":false},"excerpt":{"rendered":"<p>Bienvenido a comprar cacahuetes recubiertos de chocolate al por mayor. Nuestros cacahuetes a granel cubiertos de chocolate consisten en cacahuetes de alta calidad elegidos, cubiertos en chocolate rico y liso, y cada mordisco da una mezcla ideal de crujiente y melosidad. Suministro directo de f\u00e1brica, precio favorable, y ofrecemos pedidos al por mayor y servicios de personalizaci\u00f3n OEM.<\/p>\n<table width=\"423\">\n<tbody>\n<tr>\n<td width=\"166\">Fabricante<\/td>\n<td width=\"257\">Fruta de la suerte<\/td>\n<\/tr>\n<tr>\n<td>N\u00ba DE MODELO<\/td>\n<td>JXG58<\/td>\n<\/tr>\n<tr>\n<td>Tipo<\/td>\n<td>Cacahuetes Chocolate<\/td>\n<\/tr>\n<tr>\n<td>Embalaje<\/td>\n<td>Embalaje en cajas<\/td>\n<\/tr>\n<tr>\n<td>Especificaci\u00f3n<\/td>\n<td>16g*30Pcs<\/td>\n<\/tr>\n<tr>\n<td>Tama\u00f1o de la caja<\/td>\n<td>54.5*29.5*31.5<span style=\"font-family: inherit; font-size: inherit;\">cm<\/span><\/td>\n<\/tr>\n<tr>\n<td>N.W \/SET<\/td>\n<td>30Pcs*24Cajas<\/td>\n<\/tr>\n<tr>\n<td>Color<\/td>\n<td>Como imagen<\/td>\n<\/tr>\n<tr>\n<td>MOQ<\/td>\n<td>500 cajas<\/td>\n<\/tr>\n<tr>\n<td>Personalizaci\u00f3n<\/td>\n<td>Embalaje\/LOGO<\/td>\n<\/tr>\n<\/tbody>\n<\/table>","protected":false},"featured_media":29659,"comment_status":"closed","ping_status":"closed","template":"","meta":[],"product_cat":[73],"product_tag":[],"class_list":{"0":"post-29654","1":"product","2":"type-product","3":"status-publish","4":"has-post-thumbnail","6":"product_cat-wholesale-chocolate-covered-peanuts","8":"first","9":"instock","10":"shipping-taxable","11":"product-type-simple"},"_links":{"self":[{"href":"https:\/\/jxgchocolate.com\/es\/wp-json\/wp\/v2\/product\/29654","targetHints":{"allow":["GET"]}}],"collection":[{"href":"https:\/\/jxgchocolate.com\/es\/wp-json\/wp\/v2\/product"}],"about":[{"href":"https:\/\/jxgchocolate.com\/es\/wp-json\/wp\/v2\/types\/product"}],"replies":[{"embeddable":true,"href":"https:\/\/jxgchocolate.com\/es\/wp-json\/wp\/v2\/comments?post=29654"}],"version-history":[{"count":6,"href":"https:\/\/jxgchocolate.com\/es\/wp-json\/wp\/v2\/product\/29654\/revisions"}],"predecessor-version":[{"id":29667,"href":"https:\/\/jxgchocolate.com\/es\/wp-json\/wp\/v2\/product\/29654\/revisions\/29667"}],"wp:featuredmedia":[{"embeddable":true,"href":"https:\/\/jxgchocolate.com\/es\/wp-json\/wp\/v2\/media\/29659"}],"wp:attachment":[{"href":"https:\/\/jxgchocolate.com\/es\/wp-json\/wp\/v2\/media?parent=29654"}],"wp:term":[{"taxonomy":"product_cat","embeddable":true,"href":"https:\/\/jxgchocolate.com\/es\/wp-json\/wp\/v2\/product_cat?post=29654"},{"taxonomy":"product_tag","embeddable":true,"href":"https:\/\/jxgchocolate.com\/es\/wp-json\/wp\/v2\/product_tag?post=29654"}],"curies":[{"name":"wp","href":"https:\/\/api.w.org\/{rel}","templated":true}]}}