{"id":29683,"date":"2025-03-22T07:58:40","date_gmt":"2025-03-22T07:58:40","guid":{"rendered":"https:\/\/jxgchocolate.com\/?post_type=product&#038;p=29683"},"modified":"2025-03-22T09:00:06","modified_gmt":"2025-03-22T09:00:06","slug":"wholesale-milk-chocolate-candy","status":"publish","type":"product","link":"https:\/\/jxgchocolate.com\/es\/producto\/wholesale-milk-chocolate-candy\/","title":{"rendered":"Venta al por mayor de caramelos de chocolate con leche,Las semillas de girasol de chocolate de sabor m\u00e1s \u00e1cido a granel"},"content":{"rendered":"<div class=\"wp-block-columns is-layout-flex wp-container-core-columns-is-layout-9d6595d7 wp-block-columns-is-layout-flex\">\n<div class=\"wp-block-column is-layout-flow wp-block-column-is-layout-flow\">\n<h2 class=\"wp-block-heading\">Semillas de Girasol Premium Granos de Chocolate con Leche Caracter\u00edsticas:<\/h2>\n\n\n\n<p><strong>Combinaci\u00f3n de sabores \u00fanica:<\/strong> El chocolate con pipas de girasol \u00e1cidas combina sabores de frutas dulces y \u00e1cidas con un rico aroma a chocolate, lo que aporta a los consumidores una experiencia gustativa totalmente nueva. Esta combinaci\u00f3n \u00fanica de sabores puede estimular la curiosidad y el deseo de compra de los consumidores, satisfaciendo su b\u00fasqueda de nuevos sabores.<\/p>\n\n\n\n<p><strong>Rico sabor:<\/strong> La combinaci\u00f3n del crujiente de las pipas de girasol y la suavidad del chocolate crea un marcado contraste de sabor, haciendo que cada bocado est\u00e9 lleno de capas. Este rico sabor puede mejorar la experiencia gastron\u00f3mica de los consumidores y aumentar el atractivo del producto.<\/p>\n\n\n\n<p><strong>C\u00f3modo envasado: <\/strong>Bolsas peque\u00f1as independientes: Los productos de chocolate con semillas de girasol \u00e1cidas se envasan en bolsitas independientes, que son f\u00e1ciles de transportar y compartir, lo que las hace muy adecuadas para actividades al aire libre y viajes para disfrutar en cualquier momento. Tambi\u00e9n existen versiones de envases de gran capacidad para uso dom\u00e9stico, que resultan rentables y permiten comprar varios sabores a la vez para compartir con toda la familia.<\/p>\n\n\n\n<ol class=\"wp-block-list\">\n<li><\/li>\n<\/ol>\n<\/div>\n\n\n\n<div class=\"wp-block-column is-layout-flow wp-block-column-is-layout-flow\">\n<figure class=\"wp-block-image size-full\"><img fetchpriority=\"high\" decoding=\"async\" width=\"2000\" height=\"2000\" src=\"https:\/\/jxgchocolate.com\/wp-content\/uploads\/2025\/01\/Super-Sour-Chocolate-Cover-Sunflower-Seeds-Wholesales-In-Bulk2.webp\" alt=\"Semillas de girasol recubiertas de chocolate a granel Super Sour con bolsa Pack-2\" class=\"wp-image-29425\" srcset=\"https:\/\/jxgchocolate.com\/wp-content\/uploads\/2025\/01\/Super-Sour-Chocolate-Cover-Sunflower-Seeds-Wholesales-In-Bulk2.webp 2000w, https:\/\/jxgchocolate.com\/wp-content\/uploads\/2025\/01\/Super-Sour-Chocolate-Cover-Sunflower-Seeds-Wholesales-In-Bulk2-300x300.webp 300w, https:\/\/jxgchocolate.com\/wp-content\/uploads\/2025\/01\/Super-Sour-Chocolate-Cover-Sunflower-Seeds-Wholesales-In-Bulk2-150x150.webp 150w, https:\/\/jxgchocolate.com\/wp-content\/uploads\/2025\/01\/Super-Sour-Chocolate-Cover-Sunflower-Seeds-Wholesales-In-Bulk2-768x768.webp 768w, https:\/\/jxgchocolate.com\/wp-content\/uploads\/2025\/01\/Super-Sour-Chocolate-Cover-Sunflower-Seeds-Wholesales-In-Bulk2-12x12.webp 12w, https:\/\/jxgchocolate.com\/wp-content\/uploads\/2025\/01\/Super-Sour-Chocolate-Cover-Sunflower-Seeds-Wholesales-In-Bulk2-430x430.webp 430w, https:\/\/jxgchocolate.com\/wp-content\/uploads\/2025\/01\/Super-Sour-Chocolate-Cover-Sunflower-Seeds-Wholesales-In-Bulk2-700x700.webp 700w\" sizes=\"(max-width: 2000px) 100vw, 2000px\" \/><\/figure>\n<\/div>\n<\/div>","protected":false},"excerpt":{"rendered":"<p>Bienvenido a la compra de semillas de girasol con leche de chocolate en grano. Las semillas de girasol \u00e1cidas El chocolate es un producto de caramelo \u00fanico que combina el crujiente de las semillas de girasol con la dulzura y suavidad del chocolate, al tiempo que proporciona una experiencia de sabor \u00fanica mediante la adici\u00f3n de elementos \u00e1cidos.<\/p>\n<table width=\"423\">\n<tbody>\n<tr>\n<td width=\"166\">Fabricante<\/td>\n<td width=\"257\">Fruta de la suerte<\/td>\n<\/tr>\n<tr>\n<td>N\u00ba DE MODELO<\/td>\n<td>JXG52<\/td>\n<\/tr>\n<tr>\n<td>Tipo<\/td>\n<td>Pipas de girasol Chocolate<\/td>\n<\/tr>\n<tr>\n<td>Embalaje<\/td>\n<td>Embalaje en cajas<\/td>\n<\/tr>\n<tr>\n<td>Especificaci\u00f3n<\/td>\n<td>238g<\/td>\n<\/tr>\n<tr>\n<td>Tama\u00f1o de la caja<\/td>\n<td>49.5*29*32.5cm<\/td>\n<\/tr>\n<tr>\n<td>N.W \/SET<\/td>\n<td>238g*20bolsas<\/td>\n<\/tr>\n<tr>\n<td>Color<\/td>\n<td>Como imagen<\/td>\n<\/tr>\n<tr>\n<td>MOQ<\/td>\n<td>500 cajas<\/td>\n<\/tr>\n<tr>\n<td>Personalizaci\u00f3n<\/td>\n<td>Embalaje\/LOGO<\/td>\n<\/tr>\n<\/tbody>\n<\/table>\n<p>&nbsp;<\/p>","protected":false},"featured_media":29426,"comment_status":"closed","ping_status":"closed","template":"","meta":[],"product_cat":[72],"product_tag":[],"class_list":{"0":"post-29683","1":"product","2":"type-product","3":"status-publish","4":"has-post-thumbnail","6":"product_cat-wholesale-chocolate-covered-sunflower-seeds","8":"first","9":"instock","10":"shipping-taxable","11":"product-type-simple"},"_links":{"self":[{"href":"https:\/\/jxgchocolate.com\/es\/wp-json\/wp\/v2\/product\/29683","targetHints":{"allow":["GET"]}}],"collection":[{"href":"https:\/\/jxgchocolate.com\/es\/wp-json\/wp\/v2\/product"}],"about":[{"href":"https:\/\/jxgchocolate.com\/es\/wp-json\/wp\/v2\/types\/product"}],"replies":[{"embeddable":true,"href":"https:\/\/jxgchocolate.com\/es\/wp-json\/wp\/v2\/comments?post=29683"}],"version-history":[{"count":0,"href":"https:\/\/jxgchocolate.com\/es\/wp-json\/wp\/v2\/product\/29683\/revisions"}],"wp:featuredmedia":[{"embeddable":true,"href":"https:\/\/jxgchocolate.com\/es\/wp-json\/wp\/v2\/media\/29426"}],"wp:attachment":[{"href":"https:\/\/jxgchocolate.com\/es\/wp-json\/wp\/v2\/media?parent=29683"}],"wp:term":[{"taxonomy":"product_cat","embeddable":true,"href":"https:\/\/jxgchocolate.com\/es\/wp-json\/wp\/v2\/product_cat?post=29683"},{"taxonomy":"product_tag","embeddable":true,"href":"https:\/\/jxgchocolate.com\/es\/wp-json\/wp\/v2\/product_tag?post=29683"}],"curies":[{"name":"wp","href":"https:\/\/api.w.org\/{rel}","templated":true}]}}