{"id":29688,"date":"2025-03-22T08:35:20","date_gmt":"2025-03-22T08:35:20","guid":{"rendered":"https:\/\/jxgchocolate.com\/?post_type=product&#038;p=29688"},"modified":"2025-03-22T08:35:22","modified_gmt":"2025-03-22T08:35:22","slug":"sunflower-seed-chocolate-wholesale","status":"publish","type":"product","link":"https:\/\/jxgchocolate.com\/es\/producto\/sunflower-seed-chocolate-wholesale\/","title":{"rendered":"Chocolate con semillas de girasol de sabor agrio al por mayor, Comprar caramelos de chocolate a granel"},"content":{"rendered":"<div class=\"wp-block-columns is-layout-flex wp-container-core-columns-is-layout-9d6595d7 wp-block-columns-is-layout-flex\">\n<div class=\"wp-block-column is-layout-flow wp-block-column-is-layout-flow\">\n<h2 class=\"wp-block-heading\">Chocolate de semillas de girasol de primera calidad al por mayor Caracter\u00edsticas:<\/h2>\n\n\n\n<p><strong>Concepto de salud:<\/strong> Comprar caramelos de chocolate a granel, los \u00e1cidos grasos insaturados, las prote\u00ednas y otros minerales y vitaminas que contienen las semillas de girasol son saludables para el organismo de los seres humanos. El consumo moderado de chocolate tambi\u00e9n tiene la funci\u00f3n de equilibrar las emociones y aliviar el estr\u00e9s. Con ambas cosas, el chocolate con semillas de girasol amargo no s\u00f3lo sabe muy bien, sino tambi\u00e9n la idea de comer sano.<\/p>\n\n\n\n<p><strong>Dise\u00f1o innovador: <\/strong>El chocolate con semillas de girasol agrio al por mayor tiene un dise\u00f1o de apariencia \u00fanica, que suele utilizar envases peque\u00f1os y finos que se pueden llevar y distribuir f\u00e1cilmente. El envase del producto tambi\u00e9n puede incluir elementos de moda y motivos creativos para captar la atenci\u00f3n de los consumidores m\u00e1s j\u00f3venes.<\/p>\n\n\n\n<p><strong>Resonancia emocional: <\/strong>Como tentempi\u00e9 tradicional, el chocolate con semillas de girasol al por mayor encierra los recuerdos de la infancia y el apoyo emocional de muchas personas. Mezclar semillas de girasol con chocolate no solo satisface las papilas gustativas, sino que tambi\u00e9n produce resonancia emocional en los consumidores, lo que aumenta a\u00fan m\u00e1s el valor a\u00f1adido del producto.<\/p>\n\n\n\n<p><strong>Amplia gama de escenarios de aplicaci\u00f3n:<\/strong> Compra caramelos de chocolate a granel,<strong> <\/strong>El chocolate amargo con semillas de girasol puede aplicarse en diversos escenarios de uso, como aperitivos para el tiempo libre, compa\u00f1eros de teatro o regalos festivos. Su sabor \u00fanico y su exquisito envase lo convierten en un popular medio de comunicaci\u00f3n social, que ayuda a acercar a la gente.<\/p>\n<\/div>\n\n\n\n<div class=\"wp-block-column is-layout-flow wp-block-column-is-layout-flow\">\n<figure class=\"wp-block-image size-full\"><img fetchpriority=\"high\" decoding=\"async\" width=\"2000\" height=\"2000\" src=\"https:\/\/jxgchocolate.com\/wp-content\/uploads\/2025\/01\/Wholesales-New-Taste-Extreme-Sour-Sunflower-Seeds-Milk-Chocolate-Beans-In-Bulk1.webp\" alt=\"chocolate agridulce con semillas de girasol al por mayor para comprar caramelos de chocolate a granel-1\" class=\"wp-image-29406\" srcset=\"https:\/\/jxgchocolate.com\/wp-content\/uploads\/2025\/01\/Wholesales-New-Taste-Extreme-Sour-Sunflower-Seeds-Milk-Chocolate-Beans-In-Bulk1.webp 2000w, https:\/\/jxgchocolate.com\/wp-content\/uploads\/2025\/01\/Wholesales-New-Taste-Extreme-Sour-Sunflower-Seeds-Milk-Chocolate-Beans-In-Bulk1-300x300.webp 300w, https:\/\/jxgchocolate.com\/wp-content\/uploads\/2025\/01\/Wholesales-New-Taste-Extreme-Sour-Sunflower-Seeds-Milk-Chocolate-Beans-In-Bulk1-150x150.webp 150w, https:\/\/jxgchocolate.com\/wp-content\/uploads\/2025\/01\/Wholesales-New-Taste-Extreme-Sour-Sunflower-Seeds-Milk-Chocolate-Beans-In-Bulk1-768x768.webp 768w, https:\/\/jxgchocolate.com\/wp-content\/uploads\/2025\/01\/Wholesales-New-Taste-Extreme-Sour-Sunflower-Seeds-Milk-Chocolate-Beans-In-Bulk1-12x12.webp 12w, https:\/\/jxgchocolate.com\/wp-content\/uploads\/2025\/01\/Wholesales-New-Taste-Extreme-Sour-Sunflower-Seeds-Milk-Chocolate-Beans-In-Bulk1-430x430.webp 430w, https:\/\/jxgchocolate.com\/wp-content\/uploads\/2025\/01\/Wholesales-New-Taste-Extreme-Sour-Sunflower-Seeds-Milk-Chocolate-Beans-In-Bulk1-700x700.webp 700w\" sizes=\"(max-width: 2000px) 100vw, 2000px\" \/><\/figure>\n<\/div>\n<\/div>\n\n\n\n<p><\/p>","protected":false},"excerpt":{"rendered":"<p>Bienvenido a comprar caramelos de chocolate al por mayor. Nuestro chocolate de semillas de girasol agrio al por mayor no s\u00f3lo ofrece una nueva experiencia de sabor, sino que tambi\u00e9n representa la filosof\u00eda de una vida sana y la connotaci\u00f3n cultural. Con su mezcla \u00fanica de sabores, su sabor robusto y su amplio uso, es una gran opci\u00f3n para que los consumidores busquen una vida mejor.<\/p>\n<table width=\"423\">\n<tbody>\n<tr>\n<td width=\"166\">Fabricante<\/td>\n<td width=\"257\">Fruta de la suerte<\/td>\n<\/tr>\n<tr>\n<td>N\u00ba DE MODELO<\/td>\n<td>JXG51<\/td>\n<\/tr>\n<tr>\n<td>Tipo<\/td>\n<td>Pipas de girasol Chocolate<\/td>\n<\/tr>\n<tr>\n<td>Embalaje<\/td>\n<td>Embalaje en cajas<\/td>\n<\/tr>\n<tr>\n<td>Especificaci\u00f3n<\/td>\n<td>20 bolsas*12 cajas<\/td>\n<\/tr>\n<tr>\n<td>Tama\u00f1o de la caja<\/td>\n<td>55*23*36cm<\/td>\n<\/tr>\n<tr>\n<td>N.W \/SET<\/td>\n<td>23g*20bolsas<\/td>\n<\/tr>\n<tr>\n<td>Color<\/td>\n<td>Como imagen<\/td>\n<\/tr>\n<tr>\n<td>MOQ<\/td>\n<td>500 cajas<\/td>\n<\/tr>\n<tr>\n<td>Personalizaci\u00f3n<\/td>\n<td>Embalaje\/LOGO<\/td>\n<\/tr>\n<\/tbody>\n<\/table>","protected":false},"featured_media":29406,"comment_status":"closed","ping_status":"closed","template":"","meta":[],"product_cat":[72],"product_tag":[],"class_list":{"0":"post-29688","1":"product","2":"type-product","3":"status-publish","4":"has-post-thumbnail","6":"product_cat-wholesale-chocolate-covered-sunflower-seeds","8":"first","9":"instock","10":"shipping-taxable","11":"product-type-simple"},"_links":{"self":[{"href":"https:\/\/jxgchocolate.com\/es\/wp-json\/wp\/v2\/product\/29688","targetHints":{"allow":["GET"]}}],"collection":[{"href":"https:\/\/jxgchocolate.com\/es\/wp-json\/wp\/v2\/product"}],"about":[{"href":"https:\/\/jxgchocolate.com\/es\/wp-json\/wp\/v2\/types\/product"}],"replies":[{"embeddable":true,"href":"https:\/\/jxgchocolate.com\/es\/wp-json\/wp\/v2\/comments?post=29688"}],"version-history":[{"count":0,"href":"https:\/\/jxgchocolate.com\/es\/wp-json\/wp\/v2\/product\/29688\/revisions"}],"wp:featuredmedia":[{"embeddable":true,"href":"https:\/\/jxgchocolate.com\/es\/wp-json\/wp\/v2\/media\/29406"}],"wp:attachment":[{"href":"https:\/\/jxgchocolate.com\/es\/wp-json\/wp\/v2\/media?parent=29688"}],"wp:term":[{"taxonomy":"product_cat","embeddable":true,"href":"https:\/\/jxgchocolate.com\/es\/wp-json\/wp\/v2\/product_cat?post=29688"},{"taxonomy":"product_tag","embeddable":true,"href":"https:\/\/jxgchocolate.com\/es\/wp-json\/wp\/v2\/product_tag?post=29688"}],"curies":[{"name":"wp","href":"https:\/\/api.w.org\/{rel}","templated":true}]}}