{"id":29719,"date":"2025-04-01T02:47:35","date_gmt":"2025-04-01T02:47:35","guid":{"rendered":"https:\/\/jxgchocolate.com\/?post_type=product&#038;p=29719"},"modified":"2025-04-01T02:47:37","modified_gmt":"2025-04-01T02:47:37","slug":"white-chocolate-covered-sunflower-seeds-bulk","status":"publish","type":"product","link":"https:\/\/jxgchocolate.com\/es\/producto\/white-chocolate-covered-sunflower-seeds-bulk\/","title":{"rendered":"Semillas de girasol recubiertas de chocolate blanco superamargo a granel con distintos envases"},"content":{"rendered":"<div class=\"wp-block-columns is-layout-flex wp-container-core-columns-is-layout-9d6595d7 wp-block-columns-is-layout-flex\">\n<div class=\"wp-block-column is-layout-flow wp-block-column-is-layout-flow\">\n<h2 class=\"wp-block-heading\">Semillas de Girasol Premium Cubiertas de Chocolate Blanco a Granel Caracter\u00edsticas:<\/h2>\n\n\n\n<p><strong>Saludable: <\/strong>Los saludables \u00e1cidos grasos monoinsaturados y poliinsaturados de estas semillas de girasol con chocolate al por mayor son excelentes para un sistema cardiovascular sano. Se encuentra entre las prote\u00ednas vegetales de alta calidad y es especialmente adecuada para vegetarianos o como fuente sustitutiva de prote\u00ednas. Posee valiosos nutrientes como la vitamina E, el magnesio y el zinc, beneficiosos para la salud f\u00edsica.<\/p>\n\n\n\n<p><strong>Adecuado para diversas ocasiones: <\/strong>Las pipas de girasol cubiertas de chocolate blanco a granel son adecuadas como tentempi\u00e9 para el tiempo libre, ofreciendo un agradable placer en las pausas del trabajo o en las reuniones familiares. Acomp\u00e1\u00f1elas con una taza de t\u00e9 o caf\u00e9 caliente para preparar una merienda Dim sum perfecta. Tambi\u00e9n puede utilizarse para elaborar postres m\u00e1s creativos, como galletas sandwich, decoraciones para tartas, etc., para aumentar la diversi\u00f3n de la reposter\u00eda.<\/p>\n\n\n\n<p><strong>Una forma creativa de comer:<\/strong> El chocolate blanco amargo recubierto de pipas de girasol a granel se disfruta m\u00e1s cuando se toma junto con t\u00e9 verde, t\u00e9 oolong o cualquier otro tipo de t\u00e9, con lo que se obtiene una experiencia de mayor disfrute gustativo. Derrita el chocolate con semillas de girasol \u00e1cidas y util\u00edcelo en reposter\u00eda como galletas, pasteles o pan para a\u00f1adir m\u00e1s sabor y gusto. Tambi\u00e9n puede fundir y calentar el chocolate con semillas de girasol \u00e1cidas como salsa para mojar frutas, frutos secos u otros aperitivos, con un toque de dulzura y frescura.<\/p>\n\n\n\n<p><strong>Varios envases: <\/strong>Estas semillas de girasol de chocolate al por mayor son a granel y m\u00faltiples especificaciones, listo para la venta al por menor, al por mayor y las necesidades personalizadas.<\/p>\n<\/div>\n\n\n\n<div class=\"wp-block-column is-layout-flow wp-block-column-is-layout-flow\">\n<figure class=\"wp-block-image size-full\"><img fetchpriority=\"high\" decoding=\"async\" width=\"1500\" height=\"1500\" src=\"https:\/\/jxgchocolate.com\/wp-content\/uploads\/2025\/03\/super-sour-white-chocolate-covered-sunflower-seeds-bulk-with-different-packaging-5.webp\" alt=\"semillas de girasol recubiertas de chocolate blanco superamargo-a granel-con-envase-diferente-5\" class=\"wp-image-29737\" srcset=\"https:\/\/jxgchocolate.com\/wp-content\/uploads\/2025\/03\/super-sour-white-chocolate-covered-sunflower-seeds-bulk-with-different-packaging-5.webp 1500w, https:\/\/jxgchocolate.com\/wp-content\/uploads\/2025\/03\/super-sour-white-chocolate-covered-sunflower-seeds-bulk-with-different-packaging-5-300x300.webp 300w, https:\/\/jxgchocolate.com\/wp-content\/uploads\/2025\/03\/super-sour-white-chocolate-covered-sunflower-seeds-bulk-with-different-packaging-5-150x150.webp 150w, https:\/\/jxgchocolate.com\/wp-content\/uploads\/2025\/03\/super-sour-white-chocolate-covered-sunflower-seeds-bulk-with-different-packaging-5-768x768.webp 768w, https:\/\/jxgchocolate.com\/wp-content\/uploads\/2025\/03\/super-sour-white-chocolate-covered-sunflower-seeds-bulk-with-different-packaging-5-12x12.webp 12w, https:\/\/jxgchocolate.com\/wp-content\/uploads\/2025\/03\/super-sour-white-chocolate-covered-sunflower-seeds-bulk-with-different-packaging-5-430x430.webp 430w, https:\/\/jxgchocolate.com\/wp-content\/uploads\/2025\/03\/super-sour-white-chocolate-covered-sunflower-seeds-bulk-with-different-packaging-5-700x700.webp 700w\" sizes=\"(max-width: 1500px) 100vw, 1500px\" \/><\/figure>\n<\/div>\n<\/div>\n\n\n\n<p><\/p>","protected":false},"excerpt":{"rendered":"<p>Bienvenido a comprar semillas de girasol s\u00faper \u00e1cidas cubiertas de chocolate blanco al por mayor. Estas semillas de girasol al por mayor de chocolate es un producto de caramelo agrio \u00fanico que combina la nitidez de las semillas de girasol con la dulzura y la suavidad del chocolate al tiempo que proporciona una experiencia de sabor \u00fanico mediante la adici\u00f3n de elementos amargos.<\/p>\n<table width=\"423\">\n<tbody>\n<tr>\n<td width=\"166\">Fabricante<\/td>\n<td width=\"257\">Fruta de la suerte<\/td>\n<\/tr>\n<tr>\n<td>N\u00ba DE MODELO<\/td>\n<td>JXG53<\/td>\n<\/tr>\n<tr>\n<td>Tipo<\/td>\n<td>Pipas de girasol Chocolate<\/td>\n<\/tr>\n<tr>\n<td>Embalaje<\/td>\n<td>Embalaje en cajas<\/td>\n<\/tr>\n<tr>\n<td>Especificaci\u00f3n<\/td>\n<td>238g<\/td>\n<\/tr>\n<tr>\n<td>Tama\u00f1o de la caja<\/td>\n<td>49.5*29*32.5cm<\/td>\n<\/tr>\n<tr>\n<td>N.W \/SET<\/td>\n<td>238g*20bolsas<\/td>\n<\/tr>\n<tr>\n<td>Color<\/td>\n<td>Como imagen<\/td>\n<\/tr>\n<tr>\n<td>MOQ<\/td>\n<td>500 cajas<\/td>\n<\/tr>\n<tr>\n<td>Personalizaci\u00f3n<\/td>\n<td>Embalaje\/LOGO<\/td>\n<\/tr>\n<\/tbody>\n<\/table>","protected":false},"featured_media":29735,"comment_status":"closed","ping_status":"closed","template":"","meta":[],"product_cat":[72],"product_tag":[],"class_list":{"0":"post-29719","1":"product","2":"type-product","3":"status-publish","4":"has-post-thumbnail","6":"product_cat-wholesale-chocolate-covered-sunflower-seeds","8":"first","9":"instock","10":"shipping-taxable","11":"product-type-simple"},"_links":{"self":[{"href":"https:\/\/jxgchocolate.com\/es\/wp-json\/wp\/v2\/product\/29719","targetHints":{"allow":["GET"]}}],"collection":[{"href":"https:\/\/jxgchocolate.com\/es\/wp-json\/wp\/v2\/product"}],"about":[{"href":"https:\/\/jxgchocolate.com\/es\/wp-json\/wp\/v2\/types\/product"}],"replies":[{"embeddable":true,"href":"https:\/\/jxgchocolate.com\/es\/wp-json\/wp\/v2\/comments?post=29719"}],"version-history":[{"count":0,"href":"https:\/\/jxgchocolate.com\/es\/wp-json\/wp\/v2\/product\/29719\/revisions"}],"wp:featuredmedia":[{"embeddable":true,"href":"https:\/\/jxgchocolate.com\/es\/wp-json\/wp\/v2\/media\/29735"}],"wp:attachment":[{"href":"https:\/\/jxgchocolate.com\/es\/wp-json\/wp\/v2\/media?parent=29719"}],"wp:term":[{"taxonomy":"product_cat","embeddable":true,"href":"https:\/\/jxgchocolate.com\/es\/wp-json\/wp\/v2\/product_cat?post=29719"},{"taxonomy":"product_tag","embeddable":true,"href":"https:\/\/jxgchocolate.com\/es\/wp-json\/wp\/v2\/product_tag?post=29719"}],"curies":[{"name":"wp","href":"https:\/\/api.w.org\/{rel}","templated":true}]}}