{"id":29725,"date":"2025-04-01T03:30:50","date_gmt":"2025-04-01T03:30:50","guid":{"rendered":"https:\/\/jxgchocolate.com\/?post_type=product&#038;p=29725"},"modified":"2025-04-01T03:30:52","modified_gmt":"2025-04-01T03:30:52","slug":"bulk-buy-chocolate-balls","status":"publish","type":"product","link":"https:\/\/jxgchocolate.com\/es\/producto\/bulk-buy-chocolate-balls\/","title":{"rendered":"Comprar a granel Bolas de Chocolate Populares Bolas Crujientes de Chocolate de M\u00faltiples Colores al por mayor"},"content":{"rendered":"<div class=\"wp-block-columns is-layout-flex wp-container-core-columns-is-layout-9d6595d7 wp-block-columns-is-layout-flex\">\n<div class=\"wp-block-column is-layout-flow wp-block-column-is-layout-flow\">\n<h2 class=\"wp-block-heading\">Premium Bulk Comprar Bolas de Chocolate Caracter\u00edsticas:<\/h2>\n\n\n\n<p><strong>Sabor \u00fanico de varias capas:<\/strong> Al comprar bolas de chocolate a granel, en cada bocado se puede sentir la sedosa sensaci\u00f3n de fusi\u00f3n del chocolate exterior y el crujiente de las galletas interiores, creando una experiencia de sabor contrastada pero armoniosa. Del chocolate dulce a las galletas crujientes, esta transici\u00f3n de lo dulce a lo crujiente aporta a los consumidores un rico nivel de sabor.<\/p>\n\n\n\n<p><strong>Atractivo colorido: <\/strong>Estas bolas crujientes de chocolate de colores al por mayor suelen estar disponibles en una gama de colores vivos como rojo, azul, verde, amarillo, etc., por lo que llaman la atenci\u00f3n en las estanter\u00edas y atraen especialmente a ni\u00f1os y j\u00f3venes.<\/p>\n\n\n\n<p><strong>C\u00f3modo envasado: <\/strong>Los productos de chocolate color galleta se envasan en bolsitas independientes. Las bolas de chocolate compradas a granel son f\u00e1ciles de transportar y compartir, por lo que resultan muy adecuadas para actividades al aire libre y viajes, para disfrutarlas en cualquier momento.<\/p>\n\n\n\n<p><strong>Adecuado para diversas ocasiones:<\/strong> Estas bolas crujientes de chocolate al por mayor son adecuadas como tentempi\u00e9 para el tiempo libre; pueden proporcionar un agradable disfrute durante las pausas del trabajo o las reuniones familiares. Acomp\u00e1\u00f1elas con una taza de t\u00e9 o caf\u00e9 caliente para preparar un Dim sum perfecto para el t\u00e9 de la tarde. Tambi\u00e9n pueden utilizarse para hacer postres m\u00e1s creativos, como galletas sandwich, decoraciones para tartas, etc., para aumentar la diversi\u00f3n de la reposter\u00eda.<\/p>\n<\/div>\n\n\n\n<div class=\"wp-block-column is-layout-flow wp-block-column-is-layout-flow\">\n<figure class=\"wp-block-image size-full\"><img fetchpriority=\"high\" decoding=\"async\" width=\"750\" height=\"750\" src=\"https:\/\/jxgchocolate.com\/wp-content\/uploads\/2025\/03\/bulk-buy-chocolate-balls-popular-multiple-colors-chocolate-crunchy-balls-wholesale-5.webp\" alt=\"compra-al-mayor-bolas-de-chocolate-populares-de-m\u00faltiples-colores-bolas-de-chocolate-crujientes-mayorista-5\" class=\"wp-image-29745\" srcset=\"https:\/\/jxgchocolate.com\/wp-content\/uploads\/2025\/03\/bulk-buy-chocolate-balls-popular-multiple-colors-chocolate-crunchy-balls-wholesale-5.webp 750w, https:\/\/jxgchocolate.com\/wp-content\/uploads\/2025\/03\/bulk-buy-chocolate-balls-popular-multiple-colors-chocolate-crunchy-balls-wholesale-5-300x300.webp 300w, https:\/\/jxgchocolate.com\/wp-content\/uploads\/2025\/03\/bulk-buy-chocolate-balls-popular-multiple-colors-chocolate-crunchy-balls-wholesale-5-150x150.webp 150w, https:\/\/jxgchocolate.com\/wp-content\/uploads\/2025\/03\/bulk-buy-chocolate-balls-popular-multiple-colors-chocolate-crunchy-balls-wholesale-5-12x12.webp 12w, https:\/\/jxgchocolate.com\/wp-content\/uploads\/2025\/03\/bulk-buy-chocolate-balls-popular-multiple-colors-chocolate-crunchy-balls-wholesale-5-430x430.webp 430w, https:\/\/jxgchocolate.com\/wp-content\/uploads\/2025\/03\/bulk-buy-chocolate-balls-popular-multiple-colors-chocolate-crunchy-balls-wholesale-5-700x700.webp 700w\" sizes=\"(max-width: 750px) 100vw, 750px\" \/><\/figure>\n<\/div>\n<\/div>\n\n\n\n<p><\/p>","protected":false},"excerpt":{"rendered":"<p>Bienvenido a la compra al por mayor de bolas de chocolate. Estas bolas crujientes de chocolate al por mayor de colores es un producto de caramelo innovador que combina la textura dulce y sedosa de chocolate con el sabor crujiente de galletas y a\u00f1ade atractivo visual a trav\u00e9s de su dise\u00f1o exterior de colores.<\/p>\n<table width=\"275\">\n<tbody>\n<tr>\n<td width=\"108\">Fabricante<\/td>\n<td width=\"167\">Gemelos de la suerte<\/td>\n<\/tr>\n<tr>\n<td>N\u00ba DE MODELO<\/td>\n<td>JXG11<\/td>\n<\/tr>\n<tr>\n<td>Tipo<\/td>\n<td>Bolas crujientes de chocolate<\/td>\n<\/tr>\n<tr>\n<td>Embalaje<\/td>\n<td>Embalaje en bolsas<\/td>\n<\/tr>\n<tr>\n<td>Especificaci\u00f3n<\/td>\n<td>280g*30bolsas<\/td>\n<\/tr>\n<tr>\n<td>Tama\u00f1o de la caja<\/td>\n<td>53*33*39 cm<\/td>\n<\/tr>\n<tr>\n<td>N.W \/SET<\/td>\n<td>4g*70pcs*30bolsas<\/td>\n<\/tr>\n<tr>\n<td>Color<\/td>\n<td>Multicolor<\/td>\n<\/tr>\n<tr>\n<td>MOQ<\/td>\n<td>500 cajas<\/td>\n<\/tr>\n<tr>\n<td>Personalizaci\u00f3n<\/td>\n<td>Embalaje\/LOGO<\/td>\n<\/tr>\n<\/tbody>\n<\/table>","protected":false},"featured_media":29744,"comment_status":"closed","ping_status":"closed","template":"","meta":[],"product_cat":[74],"product_tag":[],"class_list":{"0":"post-29725","1":"product","2":"type-product","3":"status-publish","4":"has-post-thumbnail","6":"product_cat-wholesale-crunchy-chocolate-balls","8":"first","9":"instock","10":"shipping-taxable","11":"product-type-simple"},"_links":{"self":[{"href":"https:\/\/jxgchocolate.com\/es\/wp-json\/wp\/v2\/product\/29725","targetHints":{"allow":["GET"]}}],"collection":[{"href":"https:\/\/jxgchocolate.com\/es\/wp-json\/wp\/v2\/product"}],"about":[{"href":"https:\/\/jxgchocolate.com\/es\/wp-json\/wp\/v2\/types\/product"}],"replies":[{"embeddable":true,"href":"https:\/\/jxgchocolate.com\/es\/wp-json\/wp\/v2\/comments?post=29725"}],"version-history":[{"count":0,"href":"https:\/\/jxgchocolate.com\/es\/wp-json\/wp\/v2\/product\/29725\/revisions"}],"wp:featuredmedia":[{"embeddable":true,"href":"https:\/\/jxgchocolate.com\/es\/wp-json\/wp\/v2\/media\/29744"}],"wp:attachment":[{"href":"https:\/\/jxgchocolate.com\/es\/wp-json\/wp\/v2\/media?parent=29725"}],"wp:term":[{"taxonomy":"product_cat","embeddable":true,"href":"https:\/\/jxgchocolate.com\/es\/wp-json\/wp\/v2\/product_cat?post=29725"},{"taxonomy":"product_tag","embeddable":true,"href":"https:\/\/jxgchocolate.com\/es\/wp-json\/wp\/v2\/product_tag?post=29725"}],"curies":[{"name":"wp","href":"https:\/\/api.w.org\/{rel}","templated":true}]}}