{"id":29749,"date":"2025-04-07T07:14:49","date_gmt":"2025-04-07T07:14:49","guid":{"rendered":"https:\/\/jxgchocolate.com\/?post_type=product&#038;p=29749"},"modified":"2025-04-07T07:14:52","modified_gmt":"2025-04-07T07:14:52","slug":"maltesers-wholesale","status":"publish","type":"product","link":"https:\/\/jxgchocolate.com\/es\/producto\/maltesers-wholesale\/","title":{"rendered":"Maltesers clasicos al por mayor, Bolas de chocolate con galleta al por mayor Sandwich"},"content":{"rendered":"<div class=\"wp-block-columns is-layout-flex wp-container-core-columns-is-layout-9d6595d7 wp-block-columns-is-layout-flex\">\n<div class=\"wp-block-column is-layout-flow wp-block-column-is-layout-flow\">\n<h2 class=\"wp-block-heading\">Maltesers Premium al por mayor Caracter\u00edsticas:<\/h2>\n\n\n\n<p><strong>Una experiencia gustativa \u00fanica:<\/strong> Estas bolas de chocolate al por mayor con forma de s\u00e1ndwich de galleta suelen tener una suave cobertura de chocolate en el exterior y un crujiente centro de malta en el interior, lo que proporciona una rica transici\u00f3n de sabor de suave a crujiente. En comparaci\u00f3n con otros productos de chocolate, la estructura interior de Malibu es comparativamente ligera y nada grasienta, lo que facilita su consumo a quienes disfrutan con los dulces.<\/p>\n\n\n\n<p><strong>Cl\u00e1sico y nost\u00e1lgico: <\/strong>Como marca con una larga historia, Mylikes es portadora de los recuerdos de la infancia de muchas personas. Para quienes esperan revivir bonitos recuerdos, no es s\u00f3lo un aperitivo, sino tambi\u00e9n un v\u00ednculo emocional. Podemos personalizar dise\u00f1os de envases para Maltesers al por mayor con un estilo retro para evocar a\u00fan m\u00e1s las emociones nost\u00e1lgicas de los consumidores.<\/p>\n\n\n\n<p><strong>C\u00f3modo dise\u00f1o del envase:<\/strong> La cl\u00e1sica venta al por mayor de maltesers est\u00e1 dise\u00f1ada en bolsitas independientes, que son f\u00e1ciles de transportar y compartir, lo que las hace muy adecuadas para actividades al aire libre y viajes, para disfrutarlas en cualquier momento. Un envase en caja de gran capacidad dise\u00f1ado para usuarios dom\u00e9sticos, que es rentable y permite comprar varios sabores a la vez para compartir con toda la familia.<\/p>\n\n\n\n<p><strong>Adecuado para ventas en varios escenarios:<\/strong> Estos envases de marca de maltesers al por mayor o especificaciones a granel se pueden personalizar seg\u00fan la demanda del mercado; adecuados para la venta al por menor, supermercados, tiendas de aperitivos informales y cajas de regalo navide\u00f1as a juego.<\/p>\n<\/div>\n\n\n\n<div class=\"wp-block-column is-layout-flow wp-block-column-is-layout-flow\">\n<figure class=\"wp-block-image size-full\"><img fetchpriority=\"high\" decoding=\"async\" width=\"750\" height=\"750\" src=\"https:\/\/jxgchocolate.com\/wp-content\/uploads\/2025\/04\/Classical-Mylikes-Chocolate-Beans-with-Biscuit-Sandwich-From-China-Supplier1.webp\" alt=\"malteadores-cl\u00e1sicos-mayoristas- mayoristas-bolas-de-chocolate-con-biscuit-sandwich-1\" class=\"wp-image-29753\" srcset=\"https:\/\/jxgchocolate.com\/wp-content\/uploads\/2025\/04\/Classical-Mylikes-Chocolate-Beans-with-Biscuit-Sandwich-From-China-Supplier1.webp 750w, https:\/\/jxgchocolate.com\/wp-content\/uploads\/2025\/04\/Classical-Mylikes-Chocolate-Beans-with-Biscuit-Sandwich-From-China-Supplier1-300x300.webp 300w, https:\/\/jxgchocolate.com\/wp-content\/uploads\/2025\/04\/Classical-Mylikes-Chocolate-Beans-with-Biscuit-Sandwich-From-China-Supplier1-150x150.webp 150w, https:\/\/jxgchocolate.com\/wp-content\/uploads\/2025\/04\/Classical-Mylikes-Chocolate-Beans-with-Biscuit-Sandwich-From-China-Supplier1-12x12.webp 12w, https:\/\/jxgchocolate.com\/wp-content\/uploads\/2025\/04\/Classical-Mylikes-Chocolate-Beans-with-Biscuit-Sandwich-From-China-Supplier1-430x430.webp 430w, https:\/\/jxgchocolate.com\/wp-content\/uploads\/2025\/04\/Classical-Mylikes-Chocolate-Beans-with-Biscuit-Sandwich-From-China-Supplier1-700x700.webp 700w\" sizes=\"(max-width: 750px) 100vw, 750px\" \/><\/figure>\n<\/div>\n<\/div>","protected":false},"excerpt":{"rendered":"<p>Bienvenido a comprar maltesers al por mayor. Las bolas de chocolate con bocadillos de galleta al por mayor de Mylikes ocupan un lugar entre muchos productos de chocolate con su sabor \u00fanico, su imagen de marca cl\u00e1sica y sus diversas opciones de sabor. Ya sea como tentempi\u00e9 diario, regalo navide\u00f1o o recuerdo de una ocasi\u00f3n especial, las bolas de chocolate Malteser pueden proporcionar un agradable disfrute a los consumidores.<\/p>\n<table style=\"border-collapse: collapse; width: 275.02pt;\" border=\"0\" width=\"275\" cellspacing=\"0\" cellpadding=\"0\">\n<tbody>\n<tr style=\"height: 17.60pt;\">\n<td class=\"et3\" style=\"height: 17.60pt; width: 108.35pt;\" width=\"108\" height=\"17\">Fabricante<\/td>\n<td class=\"et3\" style=\"width: 167.10pt;\" width=\"167\">Gemelos de la suerte<\/td>\n<\/tr>\n<tr style=\"height: 17.60pt;\">\n<td class=\"et3\" style=\"height: 17.60pt;\" height=\"17\">N\u00ba DE MODELO<\/td>\n<td class=\"et3\">JXG14<\/td>\n<\/tr>\n<tr style=\"height: 17.60pt;\">\n<td class=\"et3\" style=\"height: 17.60pt;\" height=\"17\">Tipo<\/td>\n<td class=\"et3\">Bolas crujientes de chocolate<\/td>\n<\/tr>\n<tr style=\"height: 17.60pt;\">\n<td class=\"et3\" style=\"height: 17.60pt;\" height=\"17\">Embalaje<\/td>\n<td class=\"et3\">Embalaje en caja<\/td>\n<\/tr>\n<tr style=\"height: 17.60pt;\">\n<td class=\"et3\" style=\"height: 17.60pt;\" height=\"17\">Especificaci\u00f3n<\/td>\n<td class=\"et3\">30 bolsas*20 cajas<\/td>\n<\/tr>\n<tr style=\"height: 17.60pt;\">\n<td class=\"et3\" style=\"height: 17.60pt;\" height=\"17\">Tama\u00f1o de la caja<\/td>\n<td class=\"et3\">49*40,5*40,5 cm<\/td>\n<\/tr>\n<tr style=\"height: 17.60pt;\">\n<td class=\"et3\" style=\"height: 17.60pt;\" height=\"17\">N.W \/SET<\/td>\n<td class=\"et3\">12g*30bolsas*20cajas<\/td>\n<\/tr>\n<tr style=\"height: 17.60pt;\">\n<td class=\"et3\" style=\"height: 17.60pt;\" height=\"17\">Color<\/td>\n<td class=\"et3\">Oscuro<\/td>\n<\/tr>\n<tr style=\"height: 17.60pt;\">\n<td class=\"et3\" style=\"height: 17.60pt;\" height=\"17\">MOQ<\/td>\n<td class=\"et3\">500 cajas<\/td>\n<\/tr>\n<tr style=\"height: 17.60pt;\">\n<td class=\"et3\" style=\"height: 17.60pt;\" height=\"17\">Personalizaci\u00f3n<\/td>\n<td class=\"et3\">Embalaje\/LOGO<\/td>\n<\/tr>\n<\/tbody>\n<\/table>","protected":false},"featured_media":29752,"comment_status":"closed","ping_status":"closed","template":"","meta":[],"product_cat":[74],"product_tag":[],"class_list":{"0":"post-29749","1":"product","2":"type-product","3":"status-publish","4":"has-post-thumbnail","6":"product_cat-wholesale-crunchy-chocolate-balls","8":"first","9":"instock","10":"shipping-taxable","11":"product-type-simple"},"_links":{"self":[{"href":"https:\/\/jxgchocolate.com\/es\/wp-json\/wp\/v2\/product\/29749","targetHints":{"allow":["GET"]}}],"collection":[{"href":"https:\/\/jxgchocolate.com\/es\/wp-json\/wp\/v2\/product"}],"about":[{"href":"https:\/\/jxgchocolate.com\/es\/wp-json\/wp\/v2\/types\/product"}],"replies":[{"embeddable":true,"href":"https:\/\/jxgchocolate.com\/es\/wp-json\/wp\/v2\/comments?post=29749"}],"version-history":[{"count":0,"href":"https:\/\/jxgchocolate.com\/es\/wp-json\/wp\/v2\/product\/29749\/revisions"}],"wp:featuredmedia":[{"embeddable":true,"href":"https:\/\/jxgchocolate.com\/es\/wp-json\/wp\/v2\/media\/29752"}],"wp:attachment":[{"href":"https:\/\/jxgchocolate.com\/es\/wp-json\/wp\/v2\/media?parent=29749"}],"wp:term":[{"taxonomy":"product_cat","embeddable":true,"href":"https:\/\/jxgchocolate.com\/es\/wp-json\/wp\/v2\/product_cat?post=29749"},{"taxonomy":"product_tag","embeddable":true,"href":"https:\/\/jxgchocolate.com\/es\/wp-json\/wp\/v2\/product_tag?post=29749"}],"curies":[{"name":"wp","href":"https:\/\/api.w.org\/{rel}","templated":true}]}}