{"id":29759,"date":"2025-04-07T07:49:41","date_gmt":"2025-04-07T07:49:41","guid":{"rendered":"https:\/\/jxgchocolate.com\/?post_type=product&#038;p=29759"},"modified":"2025-04-07T07:49:43","modified_gmt":"2025-04-07T07:49:43","slug":"wholesale-chocolate-balls","status":"publish","type":"product","link":"https:\/\/jxgchocolate.com\/es\/producto\/wholesale-chocolate-balls\/","title":{"rendered":"Venta al por mayor Galletas recubiertas de bolas de chocolate, Halal Caramelos de chocolate de colores crujientes a granel"},"content":{"rendered":"<div class=\"wp-block-columns is-layout-flex wp-container-core-columns-is-layout-9d6595d7 wp-block-columns-is-layout-flex\">\n<div class=\"wp-block-column is-layout-flow wp-block-column-is-layout-flow\">\n<h2 class=\"wp-block-heading\">Bolas de chocolate al por mayor de primera calidad Caracter\u00edsticas:<\/h2>\n\n\n\n<p><strong>Aspecto coloreado: <\/strong>Las galletas recubiertas de bolas de chocolate al por mayor de colores suelen presentarse en una variedad de colores brillantes, como rojo, azul, verde, amarillo, etc., lo que las hace destacar en los estantes y resultar especialmente atractivas para ni\u00f1os y j\u00f3venes. Pueden lanzarse envases con temas estacionales o festivos basados en diferentes fiestas o estaciones, como rojo y rosa para San Valent\u00edn, verde y rojo para Navidad, naranja y negro para Halloween, etc., para celebrar la diversi\u00f3n y el tema festivo de los productos.<\/p>\n\n\n\n<p><strong>Envases funcionales: <\/strong>La mayor\u00eda de las galletas de chocolate a granel son de colores y se presentan en peque\u00f1os paquetes individuales, por lo que son f\u00e1ciles de transportar y compartir y, por tanto, muy apropiadas para actividades al aire libre y viajes para consumir en cualquier momento. Los envases en caja de gran capacidad lanzados para usuarios familiares son rentables y permiten comprar varios sabores a la vez para compartir con toda la familia.<\/p>\n\n\n\n<p><strong>Sabor \u00fanico de varias capas:<\/strong> Con las galletas recubiertas de bolitas de chocolate al por mayor, en cada bocado se puede sentir la sedosa sensaci\u00f3n de fusi\u00f3n del chocolate exterior y el crujiente de las galletas interiores, creando una experiencia de sabor contrastada pero armoniosa. Del chocolate dulce a las galletas crujientes, esta transici\u00f3n de lo dulce a lo crujiente aporta a los consumidores un rico nivel de sabor.<\/p>\n\n\n\n<p><strong>Certificaci\u00f3n Halal: <\/strong>Nuestros caramelos de chocolate a granel cumplen las normas diet\u00e9ticas musulmanas, aptos para la venta en el mercado mundial. Apoyo a la personalizaci\u00f3n al por mayor, adecuado para las marcas de aperitivos, supermercados, suministros para fiestas y otros escenarios B-lado.<\/p>\n<\/div>\n\n\n\n<div class=\"wp-block-column is-layout-flow wp-block-column-is-layout-flow\">\n<figure class=\"wp-block-image size-full\"><img fetchpriority=\"high\" decoding=\"async\" width=\"750\" height=\"750\" src=\"https:\/\/jxgchocolate.com\/wp-content\/uploads\/2025\/04\/Bulk-Colored-Candy-Chocolate-Covered-Biscuits-Beans-Halal-Crispy-Candy5.jpg\" alt=\"mayorista-biscuits-balls-de-chocolate-cubiertos-halal-chocolate-dulces-granel-1\" class=\"wp-image-29764\" srcset=\"https:\/\/jxgchocolate.com\/wp-content\/uploads\/2025\/04\/Bulk-Colored-Candy-Chocolate-Covered-Biscuits-Beans-Halal-Crispy-Candy5.jpg 750w, https:\/\/jxgchocolate.com\/wp-content\/uploads\/2025\/04\/Bulk-Colored-Candy-Chocolate-Covered-Biscuits-Beans-Halal-Crispy-Candy5-300x300.jpg 300w, https:\/\/jxgchocolate.com\/wp-content\/uploads\/2025\/04\/Bulk-Colored-Candy-Chocolate-Covered-Biscuits-Beans-Halal-Crispy-Candy5-150x150.jpg 150w, https:\/\/jxgchocolate.com\/wp-content\/uploads\/2025\/04\/Bulk-Colored-Candy-Chocolate-Covered-Biscuits-Beans-Halal-Crispy-Candy5-12x12.jpg 12w, https:\/\/jxgchocolate.com\/wp-content\/uploads\/2025\/04\/Bulk-Colored-Candy-Chocolate-Covered-Biscuits-Beans-Halal-Crispy-Candy5-430x430.jpg 430w, https:\/\/jxgchocolate.com\/wp-content\/uploads\/2025\/04\/Bulk-Colored-Candy-Chocolate-Covered-Biscuits-Beans-Halal-Crispy-Candy5-700x700.jpg 700w\" sizes=\"(max-width: 750px) 100vw, 750px\" \/><\/figure>\n<\/div>\n<\/div>\n\n\n\n<p><\/p>","protected":false},"excerpt":{"rendered":"<p>Bienvenido a comprar nuestras galletas recubiertas de bolitas de chocolate al por mayor. Nuestro caramelo de chocolate de colores al por mayor es un particular producto de confiter\u00eda que combina la dulzura y suavidad del chocolate, el crujido de las galletas y m\u00faltiples colores. Su color \u00fanico, sabor suave y amplia aplicabilidad lo convierten en una opci\u00f3n ideal para los consumidores que persiguen una vida de calidad. Ya sea como tentempi\u00e9 diario, ingrediente de reposter\u00eda o un gran regalo, las habas de chocolate de colores para galletas aportan un disfrute \u00fanico a los consumidores.<\/p>\n<table style=\"border-collapse: collapse; width: 275.02pt;\" border=\"0\" width=\"275\" cellspacing=\"0\" cellpadding=\"0\">\n<tbody>\n<tr style=\"height: 17.60pt;\">\n<td class=\"et3\" style=\"height: 17.60pt; width: 108.35pt;\" width=\"108\" height=\"17\">Fabricante<\/td>\n<td class=\"et3\" style=\"width: 167.10pt;\" width=\"167\">Gemelos de la suerte<\/td>\n<\/tr>\n<tr style=\"height: 17.60pt;\">\n<td class=\"et3\" style=\"height: 17.60pt;\" height=\"17\">N\u00ba DE MODELO<\/td>\n<td class=\"et3\">JXG12<\/td>\n<\/tr>\n<tr style=\"height: 17.60pt;\">\n<td class=\"et3\" style=\"height: 17.60pt;\" height=\"17\">Tipo<\/td>\n<td class=\"et3\">Bolas crujientes de chocolate<\/td>\n<\/tr>\n<tr style=\"height: 17.60pt;\">\n<td class=\"et3\" style=\"height: 17.60pt;\" height=\"17\">Embalaje<\/td>\n<td class=\"et3\">Embalaje en caja<\/td>\n<\/tr>\n<tr style=\"height: 17.60pt;\">\n<td class=\"et3\" style=\"height: 17.60pt;\" height=\"17\">Especificaci\u00f3n<\/td>\n<td class=\"et3\">30 bolsas*20 cajas<\/td>\n<\/tr>\n<tr style=\"height: 17.60pt;\">\n<td class=\"et3\" style=\"height: 17.60pt;\" height=\"17\">Tama\u00f1o de la caja<\/td>\n<td class=\"et3\">49*40,5*40,5 cm<\/td>\n<\/tr>\n<tr style=\"height: 17.60pt;\">\n<td class=\"et3\" style=\"height: 17.60pt;\" height=\"17\">N.W \/SET<\/td>\n<td class=\"et3\">12g*30bolsas*20cajas<\/td>\n<\/tr>\n<tr style=\"height: 17.60pt;\">\n<td class=\"et3\" style=\"height: 17.60pt;\" height=\"17\">Color<\/td>\n<td class=\"et3\">Multicolor<\/td>\n<\/tr>\n<tr style=\"height: 17.60pt;\">\n<td class=\"et3\" style=\"height: 17.60pt;\" height=\"17\">MOQ<\/td>\n<td class=\"et3\">500 cajas<\/td>\n<\/tr>\n<tr style=\"height: 17.60pt;\">\n<td class=\"et3\" style=\"height: 17.60pt;\" height=\"17\">Personalizaci\u00f3n<\/td>\n<td class=\"et3\">Embalaje\/LOGO<\/td>\n<\/tr>\n<\/tbody>\n<\/table>","protected":false},"featured_media":29760,"comment_status":"closed","ping_status":"closed","template":"","meta":[],"product_cat":[74],"product_tag":[],"class_list":{"0":"post-29759","1":"product","2":"type-product","3":"status-publish","4":"has-post-thumbnail","6":"product_cat-wholesale-crunchy-chocolate-balls","8":"first","9":"instock","10":"shipping-taxable","11":"product-type-simple"},"_links":{"self":[{"href":"https:\/\/jxgchocolate.com\/es\/wp-json\/wp\/v2\/product\/29759","targetHints":{"allow":["GET"]}}],"collection":[{"href":"https:\/\/jxgchocolate.com\/es\/wp-json\/wp\/v2\/product"}],"about":[{"href":"https:\/\/jxgchocolate.com\/es\/wp-json\/wp\/v2\/types\/product"}],"replies":[{"embeddable":true,"href":"https:\/\/jxgchocolate.com\/es\/wp-json\/wp\/v2\/comments?post=29759"}],"version-history":[{"count":0,"href":"https:\/\/jxgchocolate.com\/es\/wp-json\/wp\/v2\/product\/29759\/revisions"}],"wp:featuredmedia":[{"embeddable":true,"href":"https:\/\/jxgchocolate.com\/es\/wp-json\/wp\/v2\/media\/29760"}],"wp:attachment":[{"href":"https:\/\/jxgchocolate.com\/es\/wp-json\/wp\/v2\/media?parent=29759"}],"wp:term":[{"taxonomy":"product_cat","embeddable":true,"href":"https:\/\/jxgchocolate.com\/es\/wp-json\/wp\/v2\/product_cat?post=29759"},{"taxonomy":"product_tag","embeddable":true,"href":"https:\/\/jxgchocolate.com\/es\/wp-json\/wp\/v2\/product_tag?post=29759"}],"curies":[{"name":"wp","href":"https:\/\/api.w.org\/{rel}","templated":true}]}}