{"id":29777,"date":"2025-04-16T08:46:02","date_gmt":"2025-04-16T08:46:02","guid":{"rendered":"https:\/\/jxgchocolate.com\/?post_type=product&#038;p=29777"},"modified":"2025-04-16T08:46:04","modified_gmt":"2025-04-16T08:46:04","slug":"chocolate-beans-wholesale","status":"publish","type":"product","link":"https:\/\/jxgchocolate.com\/es\/producto\/chocolate-beans-wholesale\/","title":{"rendered":"Granos de Chocolate Crujientes Muti-colores Biscuit al por mayor, Bolas de Chocolate Crujientes al por mayor"},"content":{"rendered":"<div class=\"wp-block-columns is-layout-flex wp-container-core-columns-is-layout-9d6595d7 wp-block-columns-is-layout-flex\">\n<div class=\"wp-block-column is-layout-flow wp-block-column-is-layout-flow\">\n<h2 class=\"wp-block-heading\">Premium Biscuit Granos de Chocolate al por mayor Caracter\u00edsticas:<\/h2>\n\n\n\n<p><strong>Adecuado para diversas ocasiones: <\/strong>Estas galletas de chocolate multicolores al por mayor son adecuadas como tentempi\u00e9 para el tiempo libre. Puede aportar un agradable placer durante las pausas en el trabajo o las reuniones familiares. Util\u00edcelas con un humeante t\u00e9 o caf\u00e9 para preparar el Dim sum ideal para el t\u00e9 de la tarde. Incluso puede utilizarse para preparar postres m\u00e1s creativos, por ejemplo, decoraciones para tartas, galletas de s\u00e1ndwich, etc., para disfrutar al m\u00e1ximo de la emoci\u00f3n de hornear.<\/p>\n\n\n\n<p><strong>Base de consumidores objetivo:<\/strong> Las bolas de chocolate crujiente de colores vivos a granel tienen formas divertidas y colores vibrantes y resultan muy atractivas para ni\u00f1os y adolescentes, siendo uno de sus aperitivos favoritos. Adecuadas para regalar a amigos, familiares o parejas, sobre todo como regalos navide\u00f1os o recuerdos para ocasiones especiales.<\/p>\n\n\n\n<p><strong>Sabor \u00fanico de varias capas:<\/strong> Con estas galletas de chocolate multicolor al por mayor, en cada bocado se puede sentir la sedosa sensaci\u00f3n de fusi\u00f3n del chocolate exterior y el crujiente de las galletas interiores, creando una experiencia de sabor contrastada pero armoniosa. Del chocolate dulce a las galletas crujientes e incluso a las posibles salsas para s\u00e1ndwiches (si las hay), esta transici\u00f3n de lo dulce a lo crujiente aporta a los consumidores una rica gama de niveles de sabor.<\/p>\n<\/div>\n\n\n\n<div class=\"wp-block-column is-layout-flow wp-block-column-is-layout-flow\">\n<figure class=\"wp-block-image size-full\"><img fetchpriority=\"high\" decoding=\"async\" width=\"750\" height=\"750\" src=\"https:\/\/jxgchocolate.com\/wp-content\/uploads\/2025\/04\/Crispy-and-Smooth-Muti-colors-Biscuit-chocolate-beans-China-Wholesales-in-Bulk1.webp\" alt=\"alubias de chocolate al por mayor bolas de chocolate crujientes a granel-1\" class=\"wp-image-29779\" srcset=\"https:\/\/jxgchocolate.com\/wp-content\/uploads\/2025\/04\/Crispy-and-Smooth-Muti-colors-Biscuit-chocolate-beans-China-Wholesales-in-Bulk1.webp 750w, https:\/\/jxgchocolate.com\/wp-content\/uploads\/2025\/04\/Crispy-and-Smooth-Muti-colors-Biscuit-chocolate-beans-China-Wholesales-in-Bulk1-300x300.webp 300w, https:\/\/jxgchocolate.com\/wp-content\/uploads\/2025\/04\/Crispy-and-Smooth-Muti-colors-Biscuit-chocolate-beans-China-Wholesales-in-Bulk1-150x150.webp 150w, https:\/\/jxgchocolate.com\/wp-content\/uploads\/2025\/04\/Crispy-and-Smooth-Muti-colors-Biscuit-chocolate-beans-China-Wholesales-in-Bulk1-12x12.webp 12w, https:\/\/jxgchocolate.com\/wp-content\/uploads\/2025\/04\/Crispy-and-Smooth-Muti-colors-Biscuit-chocolate-beans-China-Wholesales-in-Bulk1-430x430.webp 430w, https:\/\/jxgchocolate.com\/wp-content\/uploads\/2025\/04\/Crispy-and-Smooth-Muti-colors-Biscuit-chocolate-beans-China-Wholesales-in-Bulk1-700x700.webp 700w\" sizes=\"(max-width: 750px) 100vw, 750px\" \/><\/figure>\n<\/div>\n<\/div>\n\n\n\n<p><\/p>","protected":false},"excerpt":{"rendered":"<p>Le damos la bienvenida a la compra al por mayor de bolas de chocolate multicolor. Las bolas crujientes de chocolate al por mayor de granos de chocolate de galletas de colores son un producto de caramelo \u00fanico que combina la textura dulce y sedosa del chocolate, el sabor crujiente de las galletas y el aspecto colorido. Ya sea como tentempi\u00e9 diario, ingrediente de reposter\u00eda o un magn\u00edfico regalo, las bolas de chocolate con n\u00facleo de galleta de colores aportan un disfrute \u00fanico a los consumidores.<\/p>\n<table width=\"423\">\n<tbody>\n<tr>\n<td width=\"166\">Fabricante<\/td>\n<td width=\"257\">Fruta de la suerte<\/td>\n<\/tr>\n<tr>\n<td>N\u00ba DE MODELO<\/td>\n<td>JXG58<\/td>\n<\/tr>\n<tr>\n<td>Tipo<\/td>\n<td>Galleta de chocolate<\/td>\n<\/tr>\n<tr>\n<td>Embalaje<\/td>\n<td>Embalaje en bolsas<\/td>\n<\/tr>\n<tr>\n<td>Especificaci\u00f3n<\/td>\n<td>16g*20Pcs<\/td>\n<\/tr>\n<tr>\n<td>Tama\u00f1o de la caja<\/td>\n<td>58*38*30<span style=\"font-family: inherit; font-size: inherit;\">cm<\/span><\/td>\n<\/tr>\n<tr>\n<td>N.W \/SET<\/td>\n<td>20Pcs*20Bolsas<\/td>\n<\/tr>\n<tr>\n<td>Color<\/td>\n<td>Como imagen<\/td>\n<\/tr>\n<tr>\n<td>MOQ<\/td>\n<td>500 cajas<\/td>\n<\/tr>\n<tr>\n<td>Personalizaci\u00f3n<\/td>\n<td>Embalaje\/LOGO<\/td>\n<\/tr>\n<\/tbody>\n<\/table>","protected":false},"featured_media":29779,"comment_status":"closed","ping_status":"closed","template":"","meta":[],"product_cat":[74],"product_tag":[],"class_list":{"0":"post-29777","1":"product","2":"type-product","3":"status-publish","4":"has-post-thumbnail","6":"product_cat-wholesale-crunchy-chocolate-balls","8":"first","9":"instock","10":"shipping-taxable","11":"product-type-simple"},"_links":{"self":[{"href":"https:\/\/jxgchocolate.com\/es\/wp-json\/wp\/v2\/product\/29777","targetHints":{"allow":["GET"]}}],"collection":[{"href":"https:\/\/jxgchocolate.com\/es\/wp-json\/wp\/v2\/product"}],"about":[{"href":"https:\/\/jxgchocolate.com\/es\/wp-json\/wp\/v2\/types\/product"}],"replies":[{"embeddable":true,"href":"https:\/\/jxgchocolate.com\/es\/wp-json\/wp\/v2\/comments?post=29777"}],"version-history":[{"count":0,"href":"https:\/\/jxgchocolate.com\/es\/wp-json\/wp\/v2\/product\/29777\/revisions"}],"wp:featuredmedia":[{"embeddable":true,"href":"https:\/\/jxgchocolate.com\/es\/wp-json\/wp\/v2\/media\/29779"}],"wp:attachment":[{"href":"https:\/\/jxgchocolate.com\/es\/wp-json\/wp\/v2\/media?parent=29777"}],"wp:term":[{"taxonomy":"product_cat","embeddable":true,"href":"https:\/\/jxgchocolate.com\/es\/wp-json\/wp\/v2\/product_cat?post=29777"},{"taxonomy":"product_tag","embeddable":true,"href":"https:\/\/jxgchocolate.com\/es\/wp-json\/wp\/v2\/product_tag?post=29777"}],"curies":[{"name":"wp","href":"https:\/\/api.w.org\/{rel}","templated":true}]}}