{"id":29789,"date":"2025-04-16T09:35:40","date_gmt":"2025-04-16T09:35:40","guid":{"rendered":"https:\/\/jxgchocolate.com\/?post_type=product&#038;p=29789"},"modified":"2025-04-16T09:35:42","modified_gmt":"2025-04-16T09:35:42","slug":"bulk-chocolate-beans","status":"publish","type":"product","link":"https:\/\/jxgchocolate.com\/es\/producto\/bulk-chocolate-beans\/","title":{"rendered":"Nuevo Granos de Chocolate a Granel, Bolas de Chocolate Crujiente de F\u00e1brica"},"content":{"rendered":"<div class=\"wp-block-columns is-layout-flex wp-container-core-columns-is-layout-9d6595d7 wp-block-columns-is-layout-flex\">\n<div class=\"wp-block-column is-layout-flow wp-block-column-is-layout-flow\">\n<h2 class=\"wp-block-heading\">Granos de chocolate a granel de primera calidad Caracter\u00edsticas:<\/h2>\n\n\n\n<p><strong>Sabor rico y estratificado:<\/strong> Con estos granos de chocolate a granel, en cada bocado se puede sentir el delicado fundido del chocolate exterior y el crujiente de las galletas interiores, formando un sabor \u00fanico que contrasta fuertemente pero coexiste armoniosamente. Del chocolate dulce a las galletas crujientes, esta transici\u00f3n de lo dulce a lo a\u00fan m\u00e1s dulce aporta a los consumidores un rico nivel de sabor.<\/p>\n\n\n\n<p><strong>Adecuado para diversas ocasiones:<\/strong> Nuestra f\u00e1brica suministra bolas crujientes de chocolate adecuadas como tentempi\u00e9 para el tiempo de ocio; pueden aportar un agradable disfrute durante las pausas en el trabajo o las reuniones familiares. Comb\u00ednelas con una taza de t\u00e9 o caf\u00e9 caliente para servir como un perfecto Dim sum de t\u00e9 por la tarde. Tambi\u00e9n se puede utilizar para hacer postres m\u00e1s creativos, como galletas de s\u00e1ndwich, coberturas de tartas, etc., para divertirse m\u00e1s horneando.<\/p>\n\n\n\n<p><strong>C\u00f3modo estilo de envasado: <\/strong>El producto de habas de chocolate a granel se presenta en forma de envases individuales de bolsa peque\u00f1a, c\u00f3modos de transportar y f\u00e1ciles de compartir, por lo que resultan muy adecuados para actividades al aire libre y viajes, para utilizar en cualquier momento. Tambi\u00e9n hay disponibles versiones de envases de gran capacidad para usuarios dom\u00e9sticos, que resultan econ\u00f3micas y pueden comprarse en grandes cantidades de una sola vez para compartir con toda la familia.<\/p>\n<\/div>\n\n\n\n<div class=\"wp-block-column is-layout-flow wp-block-column-is-layout-flow\">\n<figure class=\"wp-block-image size-full\"><img fetchpriority=\"high\" decoding=\"async\" width=\"2000\" height=\"2000\" src=\"https:\/\/jxgchocolate.com\/wp-content\/uploads\/2025\/04\/bulk-chocolate-beans-factory-supply-chocolate-crisp-balls-3.webp\" alt=\"alubias de chocolate a granel-factory-supply-bolas de chocolate crujientes-1\" class=\"wp-image-29806\" srcset=\"https:\/\/jxgchocolate.com\/wp-content\/uploads\/2025\/04\/bulk-chocolate-beans-factory-supply-chocolate-crisp-balls-3.webp 2000w, https:\/\/jxgchocolate.com\/wp-content\/uploads\/2025\/04\/bulk-chocolate-beans-factory-supply-chocolate-crisp-balls-3-300x300.webp 300w, https:\/\/jxgchocolate.com\/wp-content\/uploads\/2025\/04\/bulk-chocolate-beans-factory-supply-chocolate-crisp-balls-3-150x150.webp 150w, https:\/\/jxgchocolate.com\/wp-content\/uploads\/2025\/04\/bulk-chocolate-beans-factory-supply-chocolate-crisp-balls-3-768x768.webp 768w, https:\/\/jxgchocolate.com\/wp-content\/uploads\/2025\/04\/bulk-chocolate-beans-factory-supply-chocolate-crisp-balls-3-12x12.webp 12w, https:\/\/jxgchocolate.com\/wp-content\/uploads\/2025\/04\/bulk-chocolate-beans-factory-supply-chocolate-crisp-balls-3-430x430.webp 430w, https:\/\/jxgchocolate.com\/wp-content\/uploads\/2025\/04\/bulk-chocolate-beans-factory-supply-chocolate-crisp-balls-3-700x700.webp 700w\" sizes=\"(max-width: 2000px) 100vw, 2000px\" \/><\/figure>\n<\/div>\n<\/div>","protected":false},"excerpt":{"rendered":"<p>Bienvenido a comprar granos de chocolate a granel. Nuestra f\u00e1brica suministra bolas de chocolate crujiente no s\u00f3lo para proporcionar una nueva experiencia de sabor, sino tambi\u00e9n para transmitir valores culturales \u00fanicos. Ya sea como tentempi\u00e9 diario, ingrediente de reposter\u00eda o un gran regalo, las bolas de chocolate para galletas aportan un disfrute \u00fanico a los consumidores.<\/p>\n<table width=\"423\">\n<tbody>\n<tr>\n<td width=\"166\">Fabricante<\/td>\n<td width=\"257\">Fruta de la suerte<\/td>\n<\/tr>\n<tr>\n<td>N\u00ba DE MODELO<\/td>\n<td>JXG56<\/td>\n<\/tr>\n<tr>\n<td>Tipo<\/td>\n<td>Galleta de chocolate<\/td>\n<\/tr>\n<tr>\n<td>Embalaje<\/td>\n<td>Embalaje en cajas<\/td>\n<\/tr>\n<tr>\n<td>Especificaci\u00f3n<\/td>\n<td>20 bolsas*12 cajas<\/td>\n<\/tr>\n<tr>\n<td>Tama\u00f1o de la caja<\/td>\n<td>58*35,5*37,5 cm<\/td>\n<\/tr>\n<tr>\n<td>N.W \/SET<\/td>\n<td>23g*20bolsas<\/td>\n<\/tr>\n<tr>\n<td>Color<\/td>\n<td>Como imagen<\/td>\n<\/tr>\n<tr>\n<td>MOQ<\/td>\n<td>500 cajas<\/td>\n<\/tr>\n<tr>\n<td>Personalizaci\u00f3n<\/td>\n<td>Embalaje\/LOGO<\/td>\n<\/tr>\n<\/tbody>\n<\/table>","protected":false},"featured_media":29806,"comment_status":"closed","ping_status":"closed","template":"","meta":[],"product_cat":[74],"product_tag":[],"class_list":{"0":"post-29789","1":"product","2":"type-product","3":"status-publish","4":"has-post-thumbnail","6":"product_cat-wholesale-crunchy-chocolate-balls","8":"first","9":"instock","10":"shipping-taxable","11":"product-type-simple"},"_links":{"self":[{"href":"https:\/\/jxgchocolate.com\/es\/wp-json\/wp\/v2\/product\/29789","targetHints":{"allow":["GET"]}}],"collection":[{"href":"https:\/\/jxgchocolate.com\/es\/wp-json\/wp\/v2\/product"}],"about":[{"href":"https:\/\/jxgchocolate.com\/es\/wp-json\/wp\/v2\/types\/product"}],"replies":[{"embeddable":true,"href":"https:\/\/jxgchocolate.com\/es\/wp-json\/wp\/v2\/comments?post=29789"}],"version-history":[{"count":0,"href":"https:\/\/jxgchocolate.com\/es\/wp-json\/wp\/v2\/product\/29789\/revisions"}],"wp:featuredmedia":[{"embeddable":true,"href":"https:\/\/jxgchocolate.com\/es\/wp-json\/wp\/v2\/media\/29806"}],"wp:attachment":[{"href":"https:\/\/jxgchocolate.com\/es\/wp-json\/wp\/v2\/media?parent=29789"}],"wp:term":[{"taxonomy":"product_cat","embeddable":true,"href":"https:\/\/jxgchocolate.com\/es\/wp-json\/wp\/v2\/product_cat?post=29789"},{"taxonomy":"product_tag","embeddable":true,"href":"https:\/\/jxgchocolate.com\/es\/wp-json\/wp\/v2\/product_tag?post=29789"}],"curies":[{"name":"wp","href":"https:\/\/api.w.org\/{rel}","templated":true}]}}