{"id":29799,"date":"2025-04-22T02:57:40","date_gmt":"2025-04-22T02:57:40","guid":{"rendered":"https:\/\/jxgchocolate.com\/?post_type=product&#038;p=29799"},"modified":"2025-04-22T02:57:42","modified_gmt":"2025-04-22T02:57:42","slug":"bulk-crispy-chocolate-ball","status":"publish","type":"product","link":"https:\/\/jxgchocolate.com\/es\/producto\/bulk-crispy-chocolate-ball\/","title":{"rendered":"Bola de Chocolate Crujiente a Granel, Caramelos de Chocolate Chinos al por Mayor con Interior de Galleta"},"content":{"rendered":"<div class=\"wp-block-columns is-layout-flex wp-container-core-columns-is-layout-9d6595d7 wp-block-columns-is-layout-flex\">\n<div class=\"wp-block-column is-layout-flow wp-block-column-is-layout-flow\">\n<h2 class=\"wp-block-heading\">Bola de chocolate crujiente a granel de primera calidad Caracter\u00edsticas:<\/h2>\n\n\n\n<p><strong>Variedad de sabores:<\/strong> Nuestras bolas de chocolate crujiente a granel, adem\u00e1s de las tradicionales galletas envueltas en chocolate con leche, tambi\u00e9n ofrecen varias opciones, como chocolate negro, chocolate blanco, etc., para satisfacer las preferencias gustativas de los distintos consumidores. Se lanzan sabores especialmente dise\u00f1ados seg\u00fan las distintas fiestas o temporadas, como el sabor a pan de jengibre para la temporada navide\u00f1a, el sabor a calabaza para Halloween, etc., para atraer a los consumidores a probar nuevos sabores. Aceptamos servicios personalizados de OEM y ODM.<\/p>\n\n\n\n<p><strong>Experiencia multisensorial:<\/strong> La c\u00e1scara crujiente de caramelo de chocolate al por mayor de las galletas contrasta con la textura sedosa del chocolate, satisfaciendo la doble exigencia gustativa de \"crujiente + dulce\".<\/p>\n\n\n\n<p><strong>Sabor \u00fanico: <\/strong>Nuestras bolas de chocolate crujiente a granel que cada bocado puede sentir el delicado fundido del chocolate exterior y el crujiente de las galletas interiores, formando un sabor \u00fanico que contrasta fuertemente pero coexiste armoniosamente. Del chocolate dulce a las galletas crujientes, esta transici\u00f3n de lo dulce a lo a\u00fan m\u00e1s dulce aporta a los consumidores un rico nivel de sabor.<\/p>\n<\/div>\n\n\n\n<div class=\"wp-block-column is-layout-flow wp-block-column-is-layout-flow\">\n<figure class=\"wp-block-image size-full\"><img fetchpriority=\"high\" decoding=\"async\" width=\"1500\" height=\"2000\" src=\"https:\/\/jxgchocolate.com\/wp-content\/uploads\/2025\/04\/bulk-crispy-chocolate-ball-chinese-wholesale-chocolate-candy-1.webp\" alt=\"caramelos de chocolate al por mayor chinos a granel-1\" class=\"wp-image-29819\" srcset=\"https:\/\/jxgchocolate.com\/wp-content\/uploads\/2025\/04\/bulk-crispy-chocolate-ball-chinese-wholesale-chocolate-candy-1.webp 1500w, https:\/\/jxgchocolate.com\/wp-content\/uploads\/2025\/04\/bulk-crispy-chocolate-ball-chinese-wholesale-chocolate-candy-1-225x300.webp 225w, https:\/\/jxgchocolate.com\/wp-content\/uploads\/2025\/04\/bulk-crispy-chocolate-ball-chinese-wholesale-chocolate-candy-1-768x1024.webp 768w, https:\/\/jxgchocolate.com\/wp-content\/uploads\/2025\/04\/bulk-crispy-chocolate-ball-chinese-wholesale-chocolate-candy-1-9x12.webp 9w, https:\/\/jxgchocolate.com\/wp-content\/uploads\/2025\/04\/bulk-crispy-chocolate-ball-chinese-wholesale-chocolate-candy-1-430x573.webp 430w, https:\/\/jxgchocolate.com\/wp-content\/uploads\/2025\/04\/bulk-crispy-chocolate-ball-chinese-wholesale-chocolate-candy-1-700x933.webp 700w, https:\/\/jxgchocolate.com\/wp-content\/uploads\/2025\/04\/bulk-crispy-chocolate-ball-chinese-wholesale-chocolate-candy-1-150x200.webp 150w\" sizes=\"(max-width: 1500px) 100vw, 1500px\" \/><\/figure>\n<\/div>\n<\/div>\n\n\n\n<p><\/p>","protected":false},"excerpt":{"rendered":"<p>Bienvenido a comprar nuestras bolas de chocolate crujiente al por mayor. El caramelo de chocolate al por mayor es un delicioso tentempi\u00e9 que simplemente mezcla galletas crujientes y rico chocolate. No s\u00f3lo tiene un sabor \u00fanico, sino que tambi\u00e9n atrae a clientes de diferentes edades de diferentes maneras.<\/p>\n<table width=\"423\">\n<tbody>\n<tr>\n<td width=\"166\">Fabricante<\/td>\n<td width=\"257\">Fruta de la suerte<\/td>\n<\/tr>\n<tr>\n<td>N\u00ba DE MODELO<\/td>\n<td>JXG56<\/td>\n<\/tr>\n<tr>\n<td>Tipo<\/td>\n<td>Galletas Chocolate<\/td>\n<\/tr>\n<tr>\n<td>Embalaje<\/td>\n<td>Envasado de botellas<\/td>\n<\/tr>\n<tr>\n<td>Especificaci\u00f3n<\/td>\n<td>23g*20Unidades<\/td>\n<\/tr>\n<tr>\n<td>Tama\u00f1o de la caja<\/td>\n<td>49*37*26,2cm<\/td>\n<\/tr>\n<tr>\n<td>N.W \/SET<\/td>\n<td>20Pzas*12Botellas<\/td>\n<\/tr>\n<tr>\n<td>Color<\/td>\n<td>Como imagen<\/td>\n<\/tr>\n<tr>\n<td>MOQ<\/td>\n<td>500 cajas<\/td>\n<\/tr>\n<tr>\n<td>Personalizaci\u00f3n<\/td>\n<td>Embalaje\/LOGO<\/td>\n<\/tr>\n<\/tbody>\n<\/table>","protected":false},"featured_media":29819,"comment_status":"closed","ping_status":"closed","template":"","meta":[],"product_cat":[74],"product_tag":[],"class_list":{"0":"post-29799","1":"product","2":"type-product","3":"status-publish","4":"has-post-thumbnail","6":"product_cat-wholesale-crunchy-chocolate-balls","8":"first","9":"instock","10":"shipping-taxable","11":"product-type-simple"},"_links":{"self":[{"href":"https:\/\/jxgchocolate.com\/es\/wp-json\/wp\/v2\/product\/29799","targetHints":{"allow":["GET"]}}],"collection":[{"href":"https:\/\/jxgchocolate.com\/es\/wp-json\/wp\/v2\/product"}],"about":[{"href":"https:\/\/jxgchocolate.com\/es\/wp-json\/wp\/v2\/types\/product"}],"replies":[{"embeddable":true,"href":"https:\/\/jxgchocolate.com\/es\/wp-json\/wp\/v2\/comments?post=29799"}],"version-history":[{"count":0,"href":"https:\/\/jxgchocolate.com\/es\/wp-json\/wp\/v2\/product\/29799\/revisions"}],"wp:featuredmedia":[{"embeddable":true,"href":"https:\/\/jxgchocolate.com\/es\/wp-json\/wp\/v2\/media\/29819"}],"wp:attachment":[{"href":"https:\/\/jxgchocolate.com\/es\/wp-json\/wp\/v2\/media?parent=29799"}],"wp:term":[{"taxonomy":"product_cat","embeddable":true,"href":"https:\/\/jxgchocolate.com\/es\/wp-json\/wp\/v2\/product_cat?post=29799"},{"taxonomy":"product_tag","embeddable":true,"href":"https:\/\/jxgchocolate.com\/es\/wp-json\/wp\/v2\/product_tag?post=29799"}],"curies":[{"name":"wp","href":"https:\/\/api.w.org\/{rel}","templated":true}]}}