{"id":29830,"date":"2025-04-30T03:32:53","date_gmt":"2025-04-30T03:32:53","guid":{"rendered":"https:\/\/jxgchocolate.com\/?post_type=product&#038;p=29830"},"modified":"2025-04-30T03:32:55","modified_gmt":"2025-04-30T03:32:55","slug":"bulk-chocolate-candy","status":"publish","type":"product","link":"https:\/\/jxgchocolate.com\/es\/producto\/bulk-chocolate-candy\/","title":{"rendered":"Hot Item Caramelos de chocolate a granel Bolas de chocolate crujiente de colores al por mayor"},"content":{"rendered":"<div class=\"wp-block-columns is-layout-flex wp-container-core-columns-is-layout-9d6595d7 wp-block-columns-is-layout-flex\">\n<div class=\"wp-block-column is-layout-flow wp-block-column-is-layout-flow\">\n<h2 class=\"wp-block-heading\">Caramelos de chocolate premium a granel Caracter\u00edsticas:<\/h2>\n\n\n\n<p><strong>Sabor \u00fanico de varias capas: <\/strong>El caramelo de chocolate a granel, del chocolate dulce a las galletas crujientes, esta transici\u00f3n del dulce al crujiente aporta a los consumidores una rica gama de niveles de sabor. En un bocado se puede saborear la suave sensaci\u00f3n de fusi\u00f3n del chocolate exterior y el crujiente de las galletas interiores, ofreciendo una experiencia gustativa contrastada pero armoniosa.<\/p>\n\n\n\n<p><strong>Atractivo aspecto colorido:<\/strong> Estas bolas de chocolate crujientes y coloreadas suelen ofrecerse al por mayor en varios colores vivos, como rojo, verde, amarillo, etc., por lo que son muy visibles en las estanter\u00edas de las tiendas y resultan muy atractivas para ni\u00f1os y adolescentes.<\/p>\n\n\n\n<p><strong>Nutritivo:<\/strong> El caramelo de chocolate a granel es una fuente de hidratos de carbono de alta calidad que puede utilizarse para reponer energ\u00eda r\u00e1pidamente y, por lo tanto, puede tomarse despu\u00e9s de hacer ejercicio o cuando se necesita una recuperaci\u00f3n r\u00e1pida. El chocolate es la fuente de energ\u00eda que el cuerpo necesita.<\/p>\n\n\n\n<p><strong>Soporte para personalizaci\u00f3n masiva:<\/strong> Estas bolas de chocolate crujientes de colores al por mayor son adecuadas para supermercados, marcas de caramelos, festivales y otras compras de gran volumen, pueden personalizarse seg\u00fan las necesidades de envasado, combinaciones de colores o etiquetas de marca.<\/p>\n<\/div>\n\n\n\n<div class=\"wp-block-column is-layout-flow wp-block-column-is-layout-flow\">\n<figure class=\"wp-block-image size-full\"><img fetchpriority=\"high\" decoding=\"async\" width=\"750\" height=\"750\" src=\"https:\/\/jxgchocolate.com\/wp-content\/uploads\/2025\/04\/Hot-Item-Customized-Design-Colored-Crispy-Chocolate-Beans-Wholesales2.jpg\" alt=\"hot-item-bulk-chocolate-caramelos-de-color-bolas-de-chocolate crujiente-mayorista-1\" class=\"wp-image-29833\" srcset=\"https:\/\/jxgchocolate.com\/wp-content\/uploads\/2025\/04\/Hot-Item-Customized-Design-Colored-Crispy-Chocolate-Beans-Wholesales2.jpg 750w, https:\/\/jxgchocolate.com\/wp-content\/uploads\/2025\/04\/Hot-Item-Customized-Design-Colored-Crispy-Chocolate-Beans-Wholesales2-300x300.jpg 300w, https:\/\/jxgchocolate.com\/wp-content\/uploads\/2025\/04\/Hot-Item-Customized-Design-Colored-Crispy-Chocolate-Beans-Wholesales2-150x150.jpg 150w, https:\/\/jxgchocolate.com\/wp-content\/uploads\/2025\/04\/Hot-Item-Customized-Design-Colored-Crispy-Chocolate-Beans-Wholesales2-12x12.jpg 12w, https:\/\/jxgchocolate.com\/wp-content\/uploads\/2025\/04\/Hot-Item-Customized-Design-Colored-Crispy-Chocolate-Beans-Wholesales2-430x430.jpg 430w, https:\/\/jxgchocolate.com\/wp-content\/uploads\/2025\/04\/Hot-Item-Customized-Design-Colored-Crispy-Chocolate-Beans-Wholesales2-700x700.jpg 700w\" sizes=\"(max-width: 750px) 100vw, 750px\" \/><\/figure>\n<\/div>\n<\/div>","protected":false},"excerpt":{"rendered":"<p>Bienvenido a comprar nuestras bolas de chocolate crujientes de colores al por mayor. El caramelo de chocolate al por mayor es un producto de caramelo \u00fanico que combina la textura dulce y sedosa del chocolate, el sabor crujiente de las galletas y el aspecto colorido. No s\u00f3lo proporciona una nueva experiencia de sabor, sino que tambi\u00e9n transmite un estilo de vida saludable y valores culturales.<\/p>\n<table width=\"423\">\n<tbody>\n<tr>\n<td width=\"166\">Fabricante<\/td>\n<td width=\"257\">Fruta de la suerte<\/td>\n<\/tr>\n<tr>\n<td>N\u00ba DE MODELO<\/td>\n<td>JXG60<\/td>\n<\/tr>\n<tr>\n<td>Tipo<\/td>\n<td>Galletas de chocolate de colores<\/td>\n<\/tr>\n<tr>\n<td>Embalaje<\/td>\n<td>Embalaje en bolsas<\/td>\n<\/tr>\n<tr>\n<td>Especificaci\u00f3n<\/td>\n<td>18g*30Pcs<\/td>\n<\/tr>\n<tr>\n<td>Tama\u00f1o de la caja<\/td>\n<td>60*30*50cm<\/td>\n<\/tr>\n<tr>\n<td>N.W \/SET<\/td>\n<td>30Pcs*30Bolsas<\/td>\n<\/tr>\n<tr>\n<td>Color<\/td>\n<td>Como imagen<\/td>\n<\/tr>\n<tr>\n<td>MOQ<\/td>\n<td>500 cajas<\/td>\n<\/tr>\n<tr>\n<td>Personalizaci\u00f3n<\/td>\n<td>Embalaje\/LOGO<\/td>\n<\/tr>\n<\/tbody>\n<\/table>","protected":false},"featured_media":29832,"comment_status":"closed","ping_status":"closed","template":"","meta":[],"product_cat":[74],"product_tag":[],"class_list":{"0":"post-29830","1":"product","2":"type-product","3":"status-publish","4":"has-post-thumbnail","6":"product_cat-wholesale-crunchy-chocolate-balls","8":"first","9":"instock","10":"shipping-taxable","11":"product-type-simple"},"_links":{"self":[{"href":"https:\/\/jxgchocolate.com\/es\/wp-json\/wp\/v2\/product\/29830","targetHints":{"allow":["GET"]}}],"collection":[{"href":"https:\/\/jxgchocolate.com\/es\/wp-json\/wp\/v2\/product"}],"about":[{"href":"https:\/\/jxgchocolate.com\/es\/wp-json\/wp\/v2\/types\/product"}],"replies":[{"embeddable":true,"href":"https:\/\/jxgchocolate.com\/es\/wp-json\/wp\/v2\/comments?post=29830"}],"version-history":[{"count":0,"href":"https:\/\/jxgchocolate.com\/es\/wp-json\/wp\/v2\/product\/29830\/revisions"}],"wp:featuredmedia":[{"embeddable":true,"href":"https:\/\/jxgchocolate.com\/es\/wp-json\/wp\/v2\/media\/29832"}],"wp:attachment":[{"href":"https:\/\/jxgchocolate.com\/es\/wp-json\/wp\/v2\/media?parent=29830"}],"wp:term":[{"taxonomy":"product_cat","embeddable":true,"href":"https:\/\/jxgchocolate.com\/es\/wp-json\/wp\/v2\/product_cat?post=29830"},{"taxonomy":"product_tag","embeddable":true,"href":"https:\/\/jxgchocolate.com\/es\/wp-json\/wp\/v2\/product_tag?post=29830"}],"curies":[{"name":"wp","href":"https:\/\/api.w.org\/{rel}","templated":true}]}}