{"id":29841,"date":"2025-04-30T08:53:07","date_gmt":"2025-04-30T08:53:07","guid":{"rendered":"https:\/\/jxgchocolate.com\/?post_type=product&#038;p=29841"},"modified":"2025-04-30T08:53:09","modified_gmt":"2025-04-30T08:53:09","slug":"chocolate-malt-balls-wholesale","status":"publish","type":"product","link":"https:\/\/jxgchocolate.com\/es\/producto\/chocolate-malt-balls-wholesale\/","title":{"rendered":"Bolas de malta de chocolate al por mayor, Coraz\u00f3n inflado cubierto de caramelo de chocolate personalizado"},"content":{"rendered":"<div class=\"wp-block-columns is-layout-flex wp-container-core-columns-is-layout-9d6595d7 wp-block-columns-is-layout-flex\">\n<div class=\"wp-block-column is-layout-flow wp-block-column-is-layout-flow\">\n<h2 class=\"wp-block-heading\">Bolas de Malta de Chocolate Premium al por mayor Caracter\u00edsticas:<\/h2>\n\n\n\n<p><strong>C\u00f3modo envasado: <\/strong>Las bolas de malta de chocolate al por mayor adoptan la forma de envase independiente de bolsa peque\u00f1a, que es c\u00f3modo de llevar y f\u00e1cil de compartir, por lo que resulta muy adecuado para actividades al aire libre y viajes para disfrutar en cualquier momento. La versi\u00f3n de envase de gran capacidad lanzada para usuarios dom\u00e9sticos es rentable y permite comprar varios sabores a la vez para compartir con toda la familia.<\/p>\n\n\n\n<p><strong>Adecuado para diversas ocasiones: <\/strong>En comparaci\u00f3n con otros productos de chocolate, la estructura interna del caramelo de chocolate personalizado es relativamente ligera y no produce f\u00e1cilmente sensaci\u00f3n de grasa, por lo que es adecuado para las personas a las que les gusta disfrutar f\u00e1cilmente de la comida dulce. Mylikes es adecuado como tentempi\u00e9 para el tiempo libre, aportando un agradable disfrute tanto en las pausas del trabajo como en las reuniones familiares. Tambi\u00e9n puede combinarse con una taza de t\u00e9 o caf\u00e9 caliente para convertirse en el perfecto t\u00e9 de la tarde, Dim sum. Tambi\u00e9n puede utilizarse para hacer postres m\u00e1s creativos, como galletas sandwich, decoraciones para tartas, etc., para aumentar la diversi\u00f3n de la reposter\u00eda.<\/p>\n\n\n\n<p><strong>Cl\u00e1sicos y nost\u00e1lgicos: <\/strong>Como marca con una larga historia, Mylikes es portadora de los recuerdos de la infancia de muchas personas. Para quienes esperan revivir bonitos recuerdos, no es solo un tentempi\u00e9, sino tambi\u00e9n un v\u00ednculo emocional.<\/p>\n\n\n\n<p><strong>Admite embalaje personalizado y logotipo de marca:<\/strong> La producci\u00f3n en masa de bolas de malta de chocolate al por mayor admite la personalizaci\u00f3n personalizada, incluido el embalaje de colores, las cajas de regalo para las fiestas y la impresi\u00f3n del logotipo de la marca, ideal para promociones navide\u00f1as, productos de marca blanca y regalos de empresa.<\/p>\n<\/div>\n\n\n\n<div class=\"wp-block-column is-layout-flow wp-block-column-is-layout-flow\">\n<figure class=\"wp-block-image size-full\"><img fetchpriority=\"high\" decoding=\"async\" width=\"750\" height=\"750\" src=\"https:\/\/jxgchocolate.com\/wp-content\/uploads\/2025\/04\/Wholesale-Mylikes-Chocolate-Smooth-Chocolate-Covered-Puffed-Heart-3.webp\" alt=\"bolas de chocolate y malta - al por mayor - personalizadas - coraz\u00f3n relleno de chocolate y caramelo - 1\" class=\"wp-image-29844\" srcset=\"https:\/\/jxgchocolate.com\/wp-content\/uploads\/2025\/04\/Wholesale-Mylikes-Chocolate-Smooth-Chocolate-Covered-Puffed-Heart-3.webp 750w, https:\/\/jxgchocolate.com\/wp-content\/uploads\/2025\/04\/Wholesale-Mylikes-Chocolate-Smooth-Chocolate-Covered-Puffed-Heart-3-300x300.webp 300w, https:\/\/jxgchocolate.com\/wp-content\/uploads\/2025\/04\/Wholesale-Mylikes-Chocolate-Smooth-Chocolate-Covered-Puffed-Heart-3-150x150.webp 150w, https:\/\/jxgchocolate.com\/wp-content\/uploads\/2025\/04\/Wholesale-Mylikes-Chocolate-Smooth-Chocolate-Covered-Puffed-Heart-3-12x12.webp 12w, https:\/\/jxgchocolate.com\/wp-content\/uploads\/2025\/04\/Wholesale-Mylikes-Chocolate-Smooth-Chocolate-Covered-Puffed-Heart-3-430x430.webp 430w, https:\/\/jxgchocolate.com\/wp-content\/uploads\/2025\/04\/Wholesale-Mylikes-Chocolate-Smooth-Chocolate-Covered-Puffed-Heart-3-700x700.webp 700w\" sizes=\"(max-width: 750px) 100vw, 750px\" \/><\/figure>\n<\/div>\n<\/div>\n\n\n\n<p><\/p>","protected":false},"excerpt":{"rendered":"<p>Bienvenido a comprar nuestras bolas de malta de chocolate al por mayor. El coraz\u00f3n inflado cubierto de caramelo de chocolate personalizado ocupa un lugar entre muchos productos de chocolate con su sabor \u00fanico, imagen de marca cl\u00e1sica y diversas opciones de sabor. Ya sea como tentempi\u00e9 diario, regalo navide\u00f1o o recuerdo de una ocasi\u00f3n especial, Mylikes puede proporcionar un agradable disfrute a los consumidores.<\/p>\n<table width=\"423\">\n<tbody>\n<tr>\n<td width=\"166\">Fabricante<\/td>\n<td width=\"257\">Fruta de la suerte<\/td>\n<\/tr>\n<tr>\n<td>N\u00ba DE MODELO<\/td>\n<td>JXG61<\/td>\n<\/tr>\n<tr>\n<td>Tipo<\/td>\n<td>Chocolate Mylikes<\/td>\n<\/tr>\n<tr>\n<td>Embalaje<\/td>\n<td>Embalaje en bolsas<\/td>\n<\/tr>\n<tr>\n<td>Especificaci\u00f3n<\/td>\n<td>16g*30Pcs<\/td>\n<\/tr>\n<tr>\n<td>Tama\u00f1o de la caja<\/td>\n<td>60*30*50cm<\/td>\n<\/tr>\n<tr>\n<td>N.W \/SET<\/td>\n<td>30Pcs*30Bolsas<\/td>\n<\/tr>\n<tr>\n<td>Color<\/td>\n<td>Como imagen<\/td>\n<\/tr>\n<tr>\n<td>MOQ<\/td>\n<td>500 cajas<\/td>\n<\/tr>\n<tr>\n<td>Personalizaci\u00f3n<\/td>\n<td>Embalaje\/LOGO<\/td>\n<\/tr>\n<\/tbody>\n<\/table>","protected":false},"featured_media":29842,"comment_status":"closed","ping_status":"closed","template":"","meta":[],"product_cat":[74],"product_tag":[],"class_list":{"0":"post-29841","1":"product","2":"type-product","3":"status-publish","4":"has-post-thumbnail","6":"product_cat-wholesale-crunchy-chocolate-balls","8":"first","9":"instock","10":"shipping-taxable","11":"product-type-simple"},"_links":{"self":[{"href":"https:\/\/jxgchocolate.com\/es\/wp-json\/wp\/v2\/product\/29841","targetHints":{"allow":["GET"]}}],"collection":[{"href":"https:\/\/jxgchocolate.com\/es\/wp-json\/wp\/v2\/product"}],"about":[{"href":"https:\/\/jxgchocolate.com\/es\/wp-json\/wp\/v2\/types\/product"}],"replies":[{"embeddable":true,"href":"https:\/\/jxgchocolate.com\/es\/wp-json\/wp\/v2\/comments?post=29841"}],"version-history":[{"count":0,"href":"https:\/\/jxgchocolate.com\/es\/wp-json\/wp\/v2\/product\/29841\/revisions"}],"wp:featuredmedia":[{"embeddable":true,"href":"https:\/\/jxgchocolate.com\/es\/wp-json\/wp\/v2\/media\/29842"}],"wp:attachment":[{"href":"https:\/\/jxgchocolate.com\/es\/wp-json\/wp\/v2\/media?parent=29841"}],"wp:term":[{"taxonomy":"product_cat","embeddable":true,"href":"https:\/\/jxgchocolate.com\/es\/wp-json\/wp\/v2\/product_cat?post=29841"},{"taxonomy":"product_tag","embeddable":true,"href":"https:\/\/jxgchocolate.com\/es\/wp-json\/wp\/v2\/product_tag?post=29841"}],"curies":[{"name":"wp","href":"https:\/\/api.w.org\/{rel}","templated":true}]}}