{"id":27274,"date":"2024-04-27T01:42:37","date_gmt":"2024-04-27T01:42:37","guid":{"rendered":"https:\/\/jxgchocolate.com\/?post_type=product&#038;p=27274"},"modified":"2024-11-11T02:22:05","modified_gmt":"2024-11-11T02:22:05","slug":"wholesale-crunchy-chocolate-balls","status":"publish","type":"product","link":"https:\/\/jxgchocolate.com\/fr\/produit\/wholesale-crunchy-chocolate-balls\/","title":{"rendered":"Boules de chocolat croustillantes en gros, boules de chocolat en vrac"},"content":{"rendered":"<div class=\"wp-block-columns is-layout-flex wp-container-core-columns-is-layout-9d6595d7 wp-block-columns-is-layout-flex\">\n<div class=\"wp-block-column is-vertically-aligned-center is-layout-flow wp-block-column-is-layout-flow\">\n<h3 class=\"wp-block-heading\">Premium Wholesale Crunchy Chocolate Balls Caract\u00e9ristiques :<\/h3>\n\n\n\n<ol class=\"wp-block-list\">\n<li><strong>Belle texture : <\/strong>Ces boules de chocolat croustillantes en gros ont une texture tr\u00e8s agr\u00e9able : elles sont recouvertes de chocolat fin \u00e0 l'ext\u00e9rieur, dodues et croustillantes \u00e0 l'int\u00e9rieur, et chaque bouch\u00e9e est remplie de couches et de saveurs riches.<\/li>\n\n\n\n<li><strong>Polyvalent : <\/strong>En plus d'\u00eatre de d\u00e9licieux en-cas, ces boules de chocolat en vrac peuvent \u00e9galement \u00eatre utilis\u00e9es pour d\u00e9corer des p\u00e2tisseries, des glaces et des desserts, ajoutant ainsi un int\u00e9r\u00eat visuel et gustatif \u00e0 de nombreux types de cuisine.<\/li>\n\n\n\n<li><strong>Garantie de fra\u00eecheur : <\/strong>Nous garantissons \u00e0 nos clients que chacun de leurs achats de boules de chocolat croustillantes en gros chez nous sera frais, tandis que notre fa\u00e7on d'utiliser des m\u00e9thodes d'emballage et de stockage de haute qualit\u00e9 assure \u00e9galement un go\u00fbt r\u00e9gulier en mati\u00e8re de qualit\u00e9.<\/li>\n\n\n\n<li><strong>Prix comp\u00e9titifs : <\/strong>Nos boules de chocolat en vrac de haute qualit\u00e9 \u00e0 des prix de gros offrent des b\u00e9n\u00e9fices stables et un avantage concurrentiel sur le march\u00e9.<\/li>\n<\/ol>\n<\/div>\n\n\n\n<div class=\"wp-block-column is-layout-flow wp-block-column-is-layout-flow\">\n<figure class=\"wp-block-image size-full\"><img fetchpriority=\"high\" decoding=\"async\" width=\"750\" height=\"750\" src=\"https:\/\/jxgchocolate.com\/wp-content\/uploads\/2024\/04\/wholesale-crunchy-chocolate-balls-6_\u526f\u672c.webp\" alt=\"Boules de chocolat croustillantes en gros, boules de chocolat en vrac\" class=\"wp-image-28393\" srcset=\"https:\/\/jxgchocolate.com\/wp-content\/uploads\/2024\/04\/wholesale-crunchy-chocolate-balls-6_\u526f\u672c.webp 750w, https:\/\/jxgchocolate.com\/wp-content\/uploads\/2024\/04\/wholesale-crunchy-chocolate-balls-6_\u526f\u672c-300x300.webp 300w, https:\/\/jxgchocolate.com\/wp-content\/uploads\/2024\/04\/wholesale-crunchy-chocolate-balls-6_\u526f\u672c-150x150.webp 150w, https:\/\/jxgchocolate.com\/wp-content\/uploads\/2024\/04\/wholesale-crunchy-chocolate-balls-6_\u526f\u672c-430x430.webp 430w, https:\/\/jxgchocolate.com\/wp-content\/uploads\/2024\/04\/wholesale-crunchy-chocolate-balls-6_\u526f\u672c-700x700.webp 700w\" sizes=\"(max-width: 750px) 100vw, 750px\" \/><\/figure>\n<\/div>\n<\/div>","protected":false},"excerpt":{"rendered":"<p>Bienvenue pour acheter des boules de chocolat en vrac. Nos boules de chocolat croustillantes en gros ont un go\u00fbt sucr\u00e9, avec un enrobage de chocolat fin pour satisfaire les go\u00fbts et les besoins de nombreux consommateurs, apportant ainsi succ\u00e8s et expansion \u00e0 votre entreprise.<\/p>\n<table width=\"275\">\n<tbody>\n<tr>\n<td width=\"108\">Fabricant<\/td>\n<td width=\"167\">Le fruit de la chance<\/td>\n<\/tr>\n<tr>\n<td>MOD\u00c8LE NO.<\/td>\n<td>JXG11<\/td>\n<\/tr>\n<tr>\n<td>Type<\/td>\n<td>Boules de chocolat croustillantes<\/td>\n<\/tr>\n<tr>\n<td>Emballage<\/td>\n<td>Emballage des sacs<\/td>\n<\/tr>\n<tr>\n<td>Sp\u00e9cifications<\/td>\n<td>70pcs*30 sacs<\/td>\n<\/tr>\n<tr>\n<td>Taille du carton<\/td>\n<td>53*33*39 cm<\/td>\n<\/tr>\n<tr>\n<td>N.W \/SET<\/td>\n<td>4g*70pcs*30bags<\/td>\n<\/tr>\n<tr>\n<td>Couleur<\/td>\n<td>Multicolore<\/td>\n<\/tr>\n<tr>\n<td>MOQ<\/td>\n<td>500 cartons<\/td>\n<\/tr>\n<tr>\n<td>Personnalisation<\/td>\n<td>Emballage\/LOGO<\/td>\n<\/tr>\n<\/tbody>\n<\/table>","protected":false},"featured_media":28394,"comment_status":"closed","ping_status":"closed","template":"","meta":[],"product_cat":[74],"product_tag":[],"class_list":{"0":"post-27274","1":"product","2":"type-product","3":"status-publish","4":"has-post-thumbnail","6":"product_cat-wholesale-crunchy-chocolate-balls","8":"first","9":"instock","10":"shipping-taxable","11":"product-type-simple"},"_links":{"self":[{"href":"https:\/\/jxgchocolate.com\/fr\/wp-json\/wp\/v2\/product\/27274","targetHints":{"allow":["GET"]}}],"collection":[{"href":"https:\/\/jxgchocolate.com\/fr\/wp-json\/wp\/v2\/product"}],"about":[{"href":"https:\/\/jxgchocolate.com\/fr\/wp-json\/wp\/v2\/types\/product"}],"replies":[{"embeddable":true,"href":"https:\/\/jxgchocolate.com\/fr\/wp-json\/wp\/v2\/comments?post=27274"}],"version-history":[{"count":0,"href":"https:\/\/jxgchocolate.com\/fr\/wp-json\/wp\/v2\/product\/27274\/revisions"}],"wp:featuredmedia":[{"embeddable":true,"href":"https:\/\/jxgchocolate.com\/fr\/wp-json\/wp\/v2\/media\/28394"}],"wp:attachment":[{"href":"https:\/\/jxgchocolate.com\/fr\/wp-json\/wp\/v2\/media?parent=27274"}],"wp:term":[{"taxonomy":"product_cat","embeddable":true,"href":"https:\/\/jxgchocolate.com\/fr\/wp-json\/wp\/v2\/product_cat?post=27274"},{"taxonomy":"product_tag","embeddable":true,"href":"https:\/\/jxgchocolate.com\/fr\/wp-json\/wp\/v2\/product_tag?post=27274"}],"curies":[{"name":"wp","href":"https:\/\/api.w.org\/{rel}","templated":true}]}}