{"id":27290,"date":"2024-04-27T02:47:34","date_gmt":"2024-04-27T02:47:34","guid":{"rendered":"https:\/\/jxgchocolate.com\/?post_type=product&#038;p=27290"},"modified":"2024-06-28T02:44:58","modified_gmt":"2024-06-28T02:44:58","slug":"chocolate-covered-sunflower-seeds-bulk","status":"publish","type":"product","link":"https:\/\/jxgchocolate.com\/fr\/produit\/chocolate-covered-sunflower-seeds-bulk\/","title":{"rendered":"D\u00e9licieuses graines de tournesol enrob\u00e9es de chocolat en vrac"},"content":{"rendered":"<div class=\"wp-block-columns is-layout-flex wp-container-core-columns-is-layout-9d6595d7 wp-block-columns-is-layout-flex\">\n<div class=\"wp-block-column is-layout-flow wp-block-column-is-layout-flow\">\n<h2 class=\"wp-block-heading\">Graines de tournesol enrob\u00e9es de chocolat de premi\u00e8re qualit\u00e9 Caract\u00e9ristiques en vrac :<\/h2>\n\n\n\n<ol class=\"wp-block-list\">\n<li>Coquille de chocolat de haute qualit\u00e9 : Nos graines de tournesol enrob\u00e9es de chocolat sont fabriqu\u00e9es \u00e0 partir de chocolat de haute qualit\u00e9, riche en go\u00fbt, sucr\u00e9 et d\u00e9licieux.<\/li>\n\n\n\n<li>Graines de tournesol fra\u00eeches : Choisissez des graines de tournesol fra\u00eeches pour garantir un go\u00fbt intense et une nutrition riche.<\/li>\n\n\n\n<li>Un en-cas sain : Les graines de tournesol sont riches en nutriments et leur enrobage de chocolat les rend encore plus d\u00e9licieuses, ce qui en fait un en-cas sain.<\/li>\n\n\n\n<li>Facile \u00e0 transporter : Faciles \u00e0 transporter, nos graines de tournesol enrob\u00e9es de chocolat en vrac peuvent \u00eatre utilis\u00e9es comme en-cas au bureau ou lors d'activit\u00e9s de plein air.<\/li>\n<\/ol>\n<\/div>\n\n\n\n<div class=\"wp-block-column is-layout-flow wp-block-column-is-layout-flow\">\n<figure class=\"wp-block-image size-full\"><img fetchpriority=\"high\" decoding=\"async\" width=\"4480\" height=\"4480\" src=\"https:\/\/jxgchocolate.com\/wp-content\/uploads\/2024\/04\/chocolate-covered-sunflower-seeds-bulk-5_\u526f\u672c.webp\" alt=\"graines de tournesol enrob\u00e9es de chocolat-bulk-5\" class=\"wp-image-28397\" srcset=\"https:\/\/jxgchocolate.com\/wp-content\/uploads\/2024\/04\/chocolate-covered-sunflower-seeds-bulk-5_\u526f\u672c.webp 4480w, https:\/\/jxgchocolate.com\/wp-content\/uploads\/2024\/04\/chocolate-covered-sunflower-seeds-bulk-5_\u526f\u672c-300x300.webp 300w, https:\/\/jxgchocolate.com\/wp-content\/uploads\/2024\/04\/chocolate-covered-sunflower-seeds-bulk-5_\u526f\u672c-150x150.webp 150w, https:\/\/jxgchocolate.com\/wp-content\/uploads\/2024\/04\/chocolate-covered-sunflower-seeds-bulk-5_\u526f\u672c-768x768.webp 768w, https:\/\/jxgchocolate.com\/wp-content\/uploads\/2024\/04\/chocolate-covered-sunflower-seeds-bulk-5_\u526f\u672c-430x430.webp 430w, https:\/\/jxgchocolate.com\/wp-content\/uploads\/2024\/04\/chocolate-covered-sunflower-seeds-bulk-5_\u526f\u672c-700x700.webp 700w\" sizes=\"(max-width: 4480px) 100vw, 4480px\" \/><\/figure>\n<\/div>\n<\/div>","protected":false},"excerpt":{"rendered":"<p>Les graines de tournesol fra\u00eeches s\u00e9lectionn\u00e9es et la couverture de chocolat de haute qualit\u00e9 garantissent un go\u00fbt riche et une alimentation vari\u00e9e. Faciles \u00e0 transporter, elles peuvent \u00eatre utilis\u00e9es comme en-cas au bureau ou lors d'activit\u00e9s de plein air. Nos graines de tournesol enrob\u00e9es de chocolat en vrac sont devenues une option d'en-cas populaire pour toutes les occasions et tous les publics.<\/p>\n<table width=\"275\">\n<tbody>\n<tr>\n<td width=\"108\">Fabricant<\/td>\n<td width=\"167\">Le fruit de la chance<\/td>\n<\/tr>\n<tr>\n<td>MOD\u00c8LE NO.<\/td>\n<td>JXG04<\/td>\n<\/tr>\n<tr>\n<td>Type<\/td>\n<td>Graines de tournesol au chocolat<\/td>\n<\/tr>\n<tr>\n<td>Emballage<\/td>\n<td>Emballage en bo\u00eete<\/td>\n<\/tr>\n<tr>\n<td>Sp\u00e9cifications<\/td>\n<td>4g*70pcs*30bags<\/td>\n<\/tr>\n<tr>\n<td>Taille du carton<\/td>\n<td>43,5*33*33 cm<\/td>\n<\/tr>\n<tr>\n<td>N.W \/SET<\/td>\n<td>21g*12sacs*24bo\u00eetes<\/td>\n<\/tr>\n<tr>\n<td>Couleur<\/td>\n<td>Sombre<\/td>\n<\/tr>\n<tr>\n<td>MOQ<\/td>\n<td>500 cartons<\/td>\n<\/tr>\n<tr>\n<td>Personnalisation<\/td>\n<td>Emballage\/LOGO<\/td>\n<\/tr>\n<\/tbody>\n<\/table>","protected":false},"featured_media":28397,"comment_status":"closed","ping_status":"closed","template":"","meta":[],"product_cat":[72],"product_tag":[],"class_list":{"0":"post-27290","1":"product","2":"type-product","3":"status-publish","4":"has-post-thumbnail","6":"product_cat-wholesale-chocolate-covered-sunflower-seeds","8":"first","9":"instock","10":"shipping-taxable","11":"product-type-simple"},"_links":{"self":[{"href":"https:\/\/jxgchocolate.com\/fr\/wp-json\/wp\/v2\/product\/27290","targetHints":{"allow":["GET"]}}],"collection":[{"href":"https:\/\/jxgchocolate.com\/fr\/wp-json\/wp\/v2\/product"}],"about":[{"href":"https:\/\/jxgchocolate.com\/fr\/wp-json\/wp\/v2\/types\/product"}],"replies":[{"embeddable":true,"href":"https:\/\/jxgchocolate.com\/fr\/wp-json\/wp\/v2\/comments?post=27290"}],"version-history":[{"count":0,"href":"https:\/\/jxgchocolate.com\/fr\/wp-json\/wp\/v2\/product\/27290\/revisions"}],"wp:featuredmedia":[{"embeddable":true,"href":"https:\/\/jxgchocolate.com\/fr\/wp-json\/wp\/v2\/media\/28397"}],"wp:attachment":[{"href":"https:\/\/jxgchocolate.com\/fr\/wp-json\/wp\/v2\/media?parent=27290"}],"wp:term":[{"taxonomy":"product_cat","embeddable":true,"href":"https:\/\/jxgchocolate.com\/fr\/wp-json\/wp\/v2\/product_cat?post=27290"},{"taxonomy":"product_tag","embeddable":true,"href":"https:\/\/jxgchocolate.com\/fr\/wp-json\/wp\/v2\/product_tag?post=27290"}],"curies":[{"name":"wp","href":"https:\/\/api.w.org\/{rel}","templated":true}]}}