{"id":27299,"date":"2024-04-27T02:38:14","date_gmt":"2024-04-27T02:38:14","guid":{"rendered":"https:\/\/jxgchocolate.com\/?post_type=product&#038;p=27299"},"modified":"2024-06-28T02:41:07","modified_gmt":"2024-06-28T02:41:07","slug":"wholesale-chocolate-covered-sunflower-seeds","status":"publish","type":"product","link":"https:\/\/jxgchocolate.com\/fr\/produit\/wholesale-chocolate-covered-sunflower-seeds\/","title":{"rendered":"Wholesale Graines de tournesol enrob\u00e9es de chocolat avec multicolore"},"content":{"rendered":"<div class=\"wp-block-columns is-layout-flex wp-container-core-columns-is-layout-9d6595d7 wp-block-columns-is-layout-flex\">\n<div class=\"wp-block-column is-layout-flow wp-block-column-is-layout-flow\">\n<h2 class=\"wp-block-heading\">Graines de tournesol enrob\u00e9es de chocolat Premium Wholesale Caract\u00e9ristiques :<\/h2>\n\n\n\n<ol class=\"wp-block-list\">\n<li>Des mat\u00e9riaux de haute qualit\u00e9 s\u00e9lectionn\u00e9s : Nous s\u00e9lectionnons soigneusement du chocolat de haute qualit\u00e9 pour garantir un go\u00fbt riche et satisfaisant. Les graines de tournesol sont des en-cas naturels et sains, riches en prot\u00e9ines, en fibres et en multivitamines, qui procurent aux consommateurs le double plaisir de la gourmandise et de la nutrition.<\/li>\n\n\n\n<li>Caract\u00e9ristiques riches et color\u00e9es : Nos graines de tournesol enrob\u00e9es de chocolat adoptent des caract\u00e9ristiques color\u00e9es, qui non seulement attirent l'\u0153il, mais apportent \u00e9galement une exp\u00e9rience visuelle agr\u00e9able, augmentant ainsi l'attrait du produit.<\/li>\n\n\n\n<li>Convient \u00e0 diverses occasions : Qu'il s'agisse d'en-cas ou de cadeaux, nos graines de tournesol enrob\u00e9es de chocolat conviennent parfaitement \u00e0 diverses occasions, c'est-\u00e0-dire qu'elles peuvent \u00eatre consomm\u00e9es directement ou utilis\u00e9es pour d\u00e9corer des g\u00e2teaux, des cr\u00e8mes glac\u00e9es et d'autres desserts. Elles peuvent r\u00e9pondre aux besoins personnels et professionnels.<\/li>\n\n\n\n<li>Des options de vente en gros de haute qualit\u00e9 : Nous proposons des produits de gros de haute qualit\u00e9 qui peuvent r\u00e9pondre aux besoins de clients de tailles et de types diff\u00e9rents, offrant ainsi aux d\u00e9taillants et aux entreprises des choix diversifi\u00e9s.<\/li>\n<\/ol>\n<\/div>\n\n\n\n<div class=\"wp-block-column is-layout-flow wp-block-column-is-layout-flow\">\n<figure class=\"wp-block-image size-full\"><img fetchpriority=\"high\" decoding=\"async\" width=\"3688\" height=\"3689\" src=\"https:\/\/jxgchocolate.com\/wp-content\/uploads\/2024\/04\/wholesale-chocolate-covered-sunflower-seeds-with-multicolor-1.webp\" alt=\"Graines de tournesol enrob\u00e9es de chocolat avec multicolore-1\" class=\"wp-image-27304\" srcset=\"https:\/\/jxgchocolate.com\/wp-content\/uploads\/2024\/04\/wholesale-chocolate-covered-sunflower-seeds-with-multicolor-1.webp 3688w, https:\/\/jxgchocolate.com\/wp-content\/uploads\/2024\/04\/wholesale-chocolate-covered-sunflower-seeds-with-multicolor-1-300x300.webp 300w, https:\/\/jxgchocolate.com\/wp-content\/uploads\/2024\/04\/wholesale-chocolate-covered-sunflower-seeds-with-multicolor-1-150x150.webp 150w, https:\/\/jxgchocolate.com\/wp-content\/uploads\/2024\/04\/wholesale-chocolate-covered-sunflower-seeds-with-multicolor-1-768x768.webp 768w, https:\/\/jxgchocolate.com\/wp-content\/uploads\/2024\/04\/wholesale-chocolate-covered-sunflower-seeds-with-multicolor-1-430x430.webp 430w, https:\/\/jxgchocolate.com\/wp-content\/uploads\/2024\/04\/wholesale-chocolate-covered-sunflower-seeds-with-multicolor-1-700x700.webp 700w\" sizes=\"(max-width: 3688px) 100vw, 3688px\" \/><\/figure>\n<\/div>\n<\/div>","protected":false},"excerpt":{"rendered":"<p>Nos graines de tournesol enrob\u00e9es de chocolat s\u00e9lectionnent des mat\u00e9riaux de haute qualit\u00e9 pour garantir un go\u00fbt riche et sont riches en prot\u00e9ines, en fibres et en vitamines multiples, offrant aux consommateurs un double plaisir de la gourmandise et de la nutrition. Elles peuvent r\u00e9pondre aux besoins des particuliers et des entreprises.<\/p>\n<table width=\"275\">\n<tbody>\n<tr>\n<td width=\"108\">Fabricant<\/td>\n<td width=\"167\">Le fruit de la chance<\/td>\n<\/tr>\n<tr>\n<td>MOD\u00c8LE NO.<\/td>\n<td>JXG06<\/td>\n<\/tr>\n<tr>\n<td>Type<\/td>\n<td>Graines de tournesol au chocolat\u00a0<\/td>\n<\/tr>\n<tr>\n<td>Emballage<\/td>\n<td>Emballage en bo\u00eete<\/td>\n<\/tr>\n<tr>\n<td>Sp\u00e9cifications<\/td>\n<td>4g*70pcs*30bags<\/td>\n<\/tr>\n<tr>\n<td>Taille du carton<\/td>\n<td>43,5*33*33 cm<\/td>\n<\/tr>\n<tr>\n<td>N.W \/SET<\/td>\n<td>21g*12sacs*24bo\u00eetes<\/td>\n<\/tr>\n<tr>\n<td>Couleur<\/td>\n<td>Multicolore<\/td>\n<\/tr>\n<tr>\n<td>MOQ<\/td>\n<td>500 cartons<\/td>\n<\/tr>\n<tr>\n<td>Personnalisation<\/td>\n<td>Emballage\/LOGO<\/td>\n<\/tr>\n<\/tbody>\n<\/table>","protected":false},"featured_media":28379,"comment_status":"closed","ping_status":"closed","template":"","meta":[],"product_cat":[72],"product_tag":[],"class_list":{"0":"post-27299","1":"product","2":"type-product","3":"status-publish","4":"has-post-thumbnail","6":"product_cat-wholesale-chocolate-covered-sunflower-seeds","8":"first","9":"instock","10":"shipping-taxable","11":"product-type-simple"},"_links":{"self":[{"href":"https:\/\/jxgchocolate.com\/fr\/wp-json\/wp\/v2\/product\/27299","targetHints":{"allow":["GET"]}}],"collection":[{"href":"https:\/\/jxgchocolate.com\/fr\/wp-json\/wp\/v2\/product"}],"about":[{"href":"https:\/\/jxgchocolate.com\/fr\/wp-json\/wp\/v2\/types\/product"}],"replies":[{"embeddable":true,"href":"https:\/\/jxgchocolate.com\/fr\/wp-json\/wp\/v2\/comments?post=27299"}],"version-history":[{"count":0,"href":"https:\/\/jxgchocolate.com\/fr\/wp-json\/wp\/v2\/product\/27299\/revisions"}],"wp:featuredmedia":[{"embeddable":true,"href":"https:\/\/jxgchocolate.com\/fr\/wp-json\/wp\/v2\/media\/28379"}],"wp:attachment":[{"href":"https:\/\/jxgchocolate.com\/fr\/wp-json\/wp\/v2\/media?parent=27299"}],"wp:term":[{"taxonomy":"product_cat","embeddable":true,"href":"https:\/\/jxgchocolate.com\/fr\/wp-json\/wp\/v2\/product_cat?post=27299"},{"taxonomy":"product_tag","embeddable":true,"href":"https:\/\/jxgchocolate.com\/fr\/wp-json\/wp\/v2\/product_tag?post=27299"}],"curies":[{"name":"wp","href":"https:\/\/api.w.org\/{rel}","templated":true}]}}