{"id":27314,"date":"2024-04-27T03:35:26","date_gmt":"2024-04-27T03:35:26","guid":{"rendered":"https:\/\/jxgchocolate.com\/?post_type=product&#038;p=27314"},"modified":"2024-11-02T07:55:27","modified_gmt":"2024-11-02T07:55:27","slug":"milk-chocolate-covered-sunflower-seeds-bulk","status":"publish","type":"product","link":"https:\/\/jxgchocolate.com\/fr\/produit\/milk-chocolate-covered-sunflower-seeds-bulk\/","title":{"rendered":"Graines de tournesol enrob\u00e9es de chocolat au lait saines en vrac"},"content":{"rendered":"<div class=\"wp-block-columns is-layout-flex wp-container-core-columns-is-layout-9d6595d7 wp-block-columns-is-layout-flex\">\n<div class=\"wp-block-column is-layout-flow wp-block-column-is-layout-flow\">\n<h2 class=\"wp-block-heading\">Graines de tournesol enrob\u00e9es de chocolat au lait Premium Caract\u00e9ristiques en vrac :<\/h2>\n\n\n\n<ul class=\"wp-block-list\">\n<li><strong>Source naturelle d'\u00e9nergie : <\/strong>Nos graines de tournesol enrob\u00e9es de chocolat au lait en vrac constituent un en-cas sain et naturel, riche en prot\u00e9ines, en fibres et en multivitamines, que les consommateurs consid\u00e8rent comme une combinaison parfaite entre sant\u00e9 et gourmandise. Nos graines de tournesol au chocolat en vrac sont soigneusement cueillies \u00e0 la main, puis enrob\u00e9es du meilleur chocolat au lait pour garantir la richesse et la gourmandise du go\u00fbt.<\/li>\n\n\n\n<li><strong>Utilisation diversifi\u00e9e : <\/strong>Ces graines de tournesol enrob\u00e9es de chocolat en vrac peuvent \u00eatre consomm\u00e9es directement comme en-cas ; en outre, elles peuvent \u00e9galement \u00eatre utilis\u00e9es dans toutes sortes de transformations alimentaires, telles que la cuisson du pain, les m\u00e9langes de noix et la pr\u00e9paration de desserts. Elles peuvent \u00eatre consomm\u00e9es comme en-cas ou \u00e0 des fins commerciales.<\/li>\n\n\n\n<li><strong>Emballage de grande capacit\u00e9 pour la vente en gros : <\/strong>Nous fournissons des emballages en gros de grande capacit\u00e9 pour les graines de tournesol enrob\u00e9es de chocolat au lait en vrac, qui conviennent aux d\u00e9taillants, aux supermarch\u00e9s et \u00e0 d'autres clients commerciaux pour r\u00e9pondre \u00e0 leurs besoins d'achat en vrac.<\/li>\n\n\n\n<li><strong>Garantie de fra\u00eecheur : <\/strong>Nous garantissons la fourniture de graines de tournesol enrob\u00e9es de chocolat fra\u00eeches en vrac avec une excellente qualit\u00e9 d'emballage et de conservation afin que le produit conserve un go\u00fbt et une fra\u00eecheur constants.<\/li>\n\n\n\n<li><strong>Avantage de prix : <\/strong>Ces graines de tournesol enrob\u00e9es de chocolat au lait en vrac sont non seulement de bonne qualit\u00e9, mais elles sont \u00e9galement propos\u00e9es \u00e0 des prix raisonnables, ce qui garantit des marges b\u00e9n\u00e9ficiaires consid\u00e9rables pour votre commerce de d\u00e9tail et vous permet d'\u00eatre plus comp\u00e9titif sur le march\u00e9.<\/li>\n<\/ul>\n<\/div>\n\n\n\n<div class=\"wp-block-column is-layout-flow wp-block-column-is-layout-flow\">\n<figure class=\"wp-block-image size-full\"><img fetchpriority=\"high\" decoding=\"async\" width=\"4172\" height=\"4172\" src=\"https:\/\/jxgchocolate.com\/wp-content\/uploads\/2024\/04\/milk-chocolate-covered-sunflower-seeds-bulk-1.webp\" alt=\"graines de tournesol enrob\u00e9es de chocolat au lait - paquet 1\" class=\"wp-image-27315\" srcset=\"https:\/\/jxgchocolate.com\/wp-content\/uploads\/2024\/04\/milk-chocolate-covered-sunflower-seeds-bulk-1.webp 4172w, https:\/\/jxgchocolate.com\/wp-content\/uploads\/2024\/04\/milk-chocolate-covered-sunflower-seeds-bulk-1-300x300.webp 300w, https:\/\/jxgchocolate.com\/wp-content\/uploads\/2024\/04\/milk-chocolate-covered-sunflower-seeds-bulk-1-150x150.webp 150w, https:\/\/jxgchocolate.com\/wp-content\/uploads\/2024\/04\/milk-chocolate-covered-sunflower-seeds-bulk-1-768x768.webp 768w, https:\/\/jxgchocolate.com\/wp-content\/uploads\/2024\/04\/milk-chocolate-covered-sunflower-seeds-bulk-1-430x430.webp 430w, https:\/\/jxgchocolate.com\/wp-content\/uploads\/2024\/04\/milk-chocolate-covered-sunflower-seeds-bulk-1-700x700.webp 700w\" sizes=\"(max-width: 4172px) 100vw, 4172px\" \/><\/figure>\n<\/div>\n<\/div>","protected":false},"excerpt":{"rendered":"<p>Nous vous invitons \u00e0 acheter des graines de tournesol enrob\u00e9es de chocolat en vrac. Nos graines de tournesol enrob\u00e9es de chocolat au lait en vrac sont capables d'attirer un large \u00e9ventail de groupes de consommateurs gr\u00e2ce \u00e0 leur go\u00fbt parfait et \u00e0 leur richesse nutritionnelle, satisfaisant ainsi leurs go\u00fbts et leurs besoins pour un succ\u00e8s et une croissance continus de votre entreprise.<\/p>\n<table width=\"275\">\n<tbody>\n<tr>\n<td width=\"108\">Fabricant<\/td>\n<td width=\"167\">Le fruit de la chance<\/td>\n<\/tr>\n<tr>\n<td>MOD\u00c8LE NO.<\/td>\n<td>JXG05<\/td>\n<\/tr>\n<tr>\n<td>Type<\/td>\n<td>Graines de tournesol au chocolat\u00a0<\/td>\n<\/tr>\n<tr>\n<td>Emballage<\/td>\n<td>Emballage en bo\u00eete<\/td>\n<\/tr>\n<tr>\n<td>Sp\u00e9cifications<\/td>\n<td>4g*70pcs*30bags<\/td>\n<\/tr>\n<tr>\n<td>Taille du carton<\/td>\n<td>43,5*33*33 cm<\/td>\n<\/tr>\n<tr>\n<td>N.W \/SET<\/td>\n<td>21g*12sacs*24bo\u00eetes<\/td>\n<\/tr>\n<tr>\n<td>Couleur<\/td>\n<td>Blanc<\/td>\n<\/tr>\n<tr>\n<td>MOQ<\/td>\n<td>500 cartons<\/td>\n<\/tr>\n<tr>\n<td>Personnalisation<\/td>\n<td>Emballage\/LOGO<\/td>\n<\/tr>\n<\/tbody>\n<\/table>","protected":false},"featured_media":28403,"comment_status":"closed","ping_status":"closed","template":"","meta":[],"product_cat":[72],"product_tag":[],"class_list":{"0":"post-27314","1":"product","2":"type-product","3":"status-publish","4":"has-post-thumbnail","6":"product_cat-wholesale-chocolate-covered-sunflower-seeds","8":"first","9":"instock","10":"shipping-taxable","11":"product-type-simple"},"_links":{"self":[{"href":"https:\/\/jxgchocolate.com\/fr\/wp-json\/wp\/v2\/product\/27314","targetHints":{"allow":["GET"]}}],"collection":[{"href":"https:\/\/jxgchocolate.com\/fr\/wp-json\/wp\/v2\/product"}],"about":[{"href":"https:\/\/jxgchocolate.com\/fr\/wp-json\/wp\/v2\/types\/product"}],"replies":[{"embeddable":true,"href":"https:\/\/jxgchocolate.com\/fr\/wp-json\/wp\/v2\/comments?post=27314"}],"version-history":[{"count":0,"href":"https:\/\/jxgchocolate.com\/fr\/wp-json\/wp\/v2\/product\/27314\/revisions"}],"wp:featuredmedia":[{"embeddable":true,"href":"https:\/\/jxgchocolate.com\/fr\/wp-json\/wp\/v2\/media\/28403"}],"wp:attachment":[{"href":"https:\/\/jxgchocolate.com\/fr\/wp-json\/wp\/v2\/media?parent=27314"}],"wp:term":[{"taxonomy":"product_cat","embeddable":true,"href":"https:\/\/jxgchocolate.com\/fr\/wp-json\/wp\/v2\/product_cat?post=27314"},{"taxonomy":"product_tag","embeddable":true,"href":"https:\/\/jxgchocolate.com\/fr\/wp-json\/wp\/v2\/product_tag?post=27314"}],"curies":[{"name":"wp","href":"https:\/\/api.w.org\/{rel}","templated":true}]}}