{"id":27324,"date":"2024-04-27T03:47:36","date_gmt":"2024-04-27T03:47:36","guid":{"rendered":"https:\/\/jxgchocolate.com\/?post_type=product&#038;p=27324"},"modified":"2024-11-02T07:59:59","modified_gmt":"2024-11-02T07:59:59","slug":"multicolored-chocolate-covered-sunflower-seeds-bulk","status":"publish","type":"product","link":"https:\/\/jxgchocolate.com\/fr\/produit\/multicolored-chocolate-covered-sunflower-seeds-bulk\/","title":{"rendered":"Savoureuses graines de tournesol multicolores enrob\u00e9es de chocolat en vrac"},"content":{"rendered":"<div class=\"wp-block-columns is-layout-flex wp-container-core-columns-is-layout-9d6595d7 wp-block-columns-is-layout-flex\">\n<div class=\"wp-block-column is-layout-flow wp-block-column-is-layout-flow\">\n<h2 class=\"wp-block-heading\">Graines de tournesol enrob\u00e9es de chocolat multicolores en vrac Caract\u00e9ristiques :<\/h2>\n\n\n\n<ul class=\"wp-block-list\">\n<li><strong>Enrobage chocolat\u00e9 color\u00e9 :<\/strong> Nos graines de tournesol multicolores enrob\u00e9es de chocolat en vrac sont enrob\u00e9es de chocolat color\u00e9, brillant et attrayant, apportant aux consommateurs un plaisir \u00e0 la fois visuel et gustatif.<\/li>\n\n\n\n<li><strong>Une alimentation \u00e9quilibr\u00e9e : <\/strong>Ces graines de tournesol au chocolat en vrac constituent une excellente source de prot\u00e9ines, de fibres et de vitamines, tandis que l'enrobage au chocolat ajoute une d\u00e9licieuse saveur qui les rend saines et savoureuses.<\/li>\n\n\n\n<li><strong>Polyvalent : <\/strong>Ce produit en vrac de graines de tournesol multicolores enrob\u00e9es de chocolat convient non seulement \u00e0 la consommation directe en tant qu'en-cas, mais peut \u00e9galement \u00eatre utilis\u00e9 pour d\u00e9corer des g\u00e2teaux, des cr\u00e8mes glac\u00e9es, des noix m\u00e9lang\u00e9es, etc.<\/li>\n\n\n\n<li><strong>Garantie de fra\u00eecheur : <\/strong>Nous nous engageons \u00e0 fournir les graines de tournesol chocolat\u00e9es en vrac les plus fra\u00eeches, en utilisant des m\u00e9thodes d'emballage et de stockage de haute qualit\u00e9 pour garantir un go\u00fbt et une qualit\u00e9 constants.<\/li>\n\n\n\n<li><strong>Rapport qualit\u00e9-prix : <\/strong>Nos graines de tournesol multicolores enrob\u00e9es de chocolat en vrac sont de haute qualit\u00e9 mais abordables, offrant une marge b\u00e9n\u00e9ficiaire stable pour vos op\u00e9rations commerciales et vous permettant d'\u00eatre comp\u00e9titif sur le march\u00e9.<\/li>\n<\/ul>\n<\/div>\n\n\n\n<div class=\"wp-block-column is-layout-flow wp-block-column-is-layout-flow\">\n<figure class=\"wp-block-image size-full\"><img fetchpriority=\"high\" decoding=\"async\" width=\"800\" height=\"800\" src=\"https:\/\/jxgchocolate.com\/wp-content\/uploads\/2024\/04\/multicolored-chocolate-covered-sunflower-seeds-bulk-2.webp\" alt=\"graines de tournesol enrob\u00e9es de chocolat multicolores-bulk-2\" class=\"wp-image-27326\" srcset=\"https:\/\/jxgchocolate.com\/wp-content\/uploads\/2024\/04\/multicolored-chocolate-covered-sunflower-seeds-bulk-2.webp 800w, https:\/\/jxgchocolate.com\/wp-content\/uploads\/2024\/04\/multicolored-chocolate-covered-sunflower-seeds-bulk-2-300x300.webp 300w, https:\/\/jxgchocolate.com\/wp-content\/uploads\/2024\/04\/multicolored-chocolate-covered-sunflower-seeds-bulk-2-150x150.webp 150w, https:\/\/jxgchocolate.com\/wp-content\/uploads\/2024\/04\/multicolored-chocolate-covered-sunflower-seeds-bulk-2-768x768.webp 768w, https:\/\/jxgchocolate.com\/wp-content\/uploads\/2024\/04\/multicolored-chocolate-covered-sunflower-seeds-bulk-2-430x430.webp 430w, https:\/\/jxgchocolate.com\/wp-content\/uploads\/2024\/04\/multicolored-chocolate-covered-sunflower-seeds-bulk-2-700x700.webp 700w\" sizes=\"(max-width: 800px) 100vw, 800px\" \/><\/figure>\n<\/div>\n<\/div>","protected":false},"excerpt":{"rendered":"<p>Nous vous invitons \u00e0 acheter des graines de tournesol en chocolat en vrac. Ces graines de tournesol multicolores enrob\u00e9es de chocolat en vrac sont suffisamment color\u00e9es, saines et d\u00e9licieuses pour r\u00e9pondre aux go\u00fbts et aux besoins des diff\u00e9rents consommateurs et assurer le succ\u00e8s et la croissance de votre entreprise.<\/p>\n<table width=\"275\">\n<tbody>\n<tr>\n<td width=\"108\">Fabricant<\/td>\n<td width=\"167\">Le fruit de la chance<\/td>\n<\/tr>\n<tr>\n<td>MOD\u00c8LE NO.<\/td>\n<td>JXG07<\/td>\n<\/tr>\n<tr>\n<td>Type<\/td>\n<td>Graines de tournesol au chocolat\u00a0<\/td>\n<\/tr>\n<tr>\n<td>Emballage<\/td>\n<td>Emballage des sacs<\/td>\n<\/tr>\n<tr>\n<td>Sp\u00e9cifications<\/td>\n<td>20 sacs<\/td>\n<\/tr>\n<tr>\n<td>Taille du carton<\/td>\n<td>44*29*26 cm<\/td>\n<\/tr>\n<tr>\n<td>N.W \/SET<\/td>\n<td>280g*20 sacs<\/td>\n<\/tr>\n<tr>\n<td>Couleur<\/td>\n<td>Multicolore<\/td>\n<\/tr>\n<tr>\n<td>MOQ<\/td>\n<td>500 cartons<\/td>\n<\/tr>\n<tr>\n<td>Personnalisation<\/td>\n<td>Emballage\/LOGO<\/td>\n<\/tr>\n<\/tbody>\n<\/table>","protected":false},"featured_media":28404,"comment_status":"closed","ping_status":"closed","template":"","meta":[],"product_cat":[72],"product_tag":[],"class_list":{"0":"post-27324","1":"product","2":"type-product","3":"status-publish","4":"has-post-thumbnail","6":"product_cat-wholesale-chocolate-covered-sunflower-seeds","8":"first","9":"instock","10":"shipping-taxable","11":"product-type-simple"},"_links":{"self":[{"href":"https:\/\/jxgchocolate.com\/fr\/wp-json\/wp\/v2\/product\/27324","targetHints":{"allow":["GET"]}}],"collection":[{"href":"https:\/\/jxgchocolate.com\/fr\/wp-json\/wp\/v2\/product"}],"about":[{"href":"https:\/\/jxgchocolate.com\/fr\/wp-json\/wp\/v2\/types\/product"}],"replies":[{"embeddable":true,"href":"https:\/\/jxgchocolate.com\/fr\/wp-json\/wp\/v2\/comments?post=27324"}],"version-history":[{"count":0,"href":"https:\/\/jxgchocolate.com\/fr\/wp-json\/wp\/v2\/product\/27324\/revisions"}],"wp:featuredmedia":[{"embeddable":true,"href":"https:\/\/jxgchocolate.com\/fr\/wp-json\/wp\/v2\/media\/28404"}],"wp:attachment":[{"href":"https:\/\/jxgchocolate.com\/fr\/wp-json\/wp\/v2\/media?parent=27324"}],"wp:term":[{"taxonomy":"product_cat","embeddable":true,"href":"https:\/\/jxgchocolate.com\/fr\/wp-json\/wp\/v2\/product_cat?post=27324"},{"taxonomy":"product_tag","embeddable":true,"href":"https:\/\/jxgchocolate.com\/fr\/wp-json\/wp\/v2\/product_tag?post=27324"}],"curies":[{"name":"wp","href":"https:\/\/api.w.org\/{rel}","templated":true}]}}