{"id":27332,"date":"2024-04-27T03:59:51","date_gmt":"2024-04-27T03:59:51","guid":{"rendered":"https:\/\/jxgchocolate.com\/?post_type=product&#038;p=27332"},"modified":"2024-11-02T08:07:29","modified_gmt":"2024-11-02T08:07:29","slug":"wholesale-milk-chocolate-covered-sunflower-seeds","status":"publish","type":"product","link":"https:\/\/jxgchocolate.com\/fr\/produit\/wholesale-milk-chocolate-covered-sunflower-seeds\/","title":{"rendered":"Graines de tournesol enrob\u00e9es de chocolat au lait Delicious Wholesale"},"content":{"rendered":"<div class=\"wp-block-columns is-layout-flex wp-container-core-columns-is-layout-9d6595d7 wp-block-columns-is-layout-flex\">\n<div class=\"wp-block-column is-layout-flow wp-block-column-is-layout-flow\">\n<h2 class=\"wp-block-heading\">Graines de tournesol enrob\u00e9es de chocolat au lait Premium Wholesale Caract\u00e9ristiques :<\/h2>\n\n\n\n<ul class=\"wp-block-list\">\n<li><strong>D\u00e9licatesse cr\u00e9ative : <\/strong>Ces graines de tournesol enrob\u00e9es de chocolat au lait cr\u00e9ent une combinaison parfaite entre la douceur du chocolat au lait et le croquant des graines de tournesol. Il s'agit d'une friandise unique et cr\u00e9ative qui convient aux consommateurs de tous \u00e2ges.<\/li>\n\n\n\n<li><strong>Riche en \u00e9l\u00e9ments nutritifs : <\/strong>D\u00e9licieuses et saines, ces graines de tournesol enrob\u00e9es de chocolat en vrac regorgent de prot\u00e9ines et de fibres alimentaires saines, satisfaisant pleinement les besoins \u00e9nerg\u00e9tiques du consommateur et donc nutritionnellement correctes.<\/li>\n\n\n\n<li><strong>Personnalisation : <\/strong>Nous proposons des services de personnalisation pour les graines de tournesol enrob\u00e9es de chocolat au lait en gros. Nous pouvons adapter l'emballage, les ingr\u00e9dients ou les sp\u00e9cifications du produit en fonction des besoins des diff\u00e9rents clients et proposer un programme sur mesure.<\/li>\n\n\n\n<li><strong>La qualit\u00e9 \u00e0 un prix abordable :<\/strong> Nos graines de tournesol enrob\u00e9es de chocolat en vrac sont de haute qualit\u00e9 et \u00e0 un prix comp\u00e9titif pour assurer une marge b\u00e9n\u00e9ficiaire stable dans vos op\u00e9rations et vous permettre de rester comp\u00e9titif sur le march\u00e9.<\/li>\n<\/ul>\n<\/div>\n\n\n\n<div class=\"wp-block-column is-layout-flow wp-block-column-is-layout-flow\">\n<figure class=\"wp-block-image size-full\"><img fetchpriority=\"high\" decoding=\"async\" width=\"800\" height=\"800\" src=\"https:\/\/jxgchocolate.com\/wp-content\/uploads\/2024\/04\/multicolored-chocolate-covered-sunflower-seeds-bulk-4.webp\" alt=\"graines de tournesol enrob\u00e9es de chocolat - gros - vrac-4\" class=\"wp-image-27328\" srcset=\"https:\/\/jxgchocolate.com\/wp-content\/uploads\/2024\/04\/multicolored-chocolate-covered-sunflower-seeds-bulk-4.webp 800w, https:\/\/jxgchocolate.com\/wp-content\/uploads\/2024\/04\/multicolored-chocolate-covered-sunflower-seeds-bulk-4-300x300.webp 300w, https:\/\/jxgchocolate.com\/wp-content\/uploads\/2024\/04\/multicolored-chocolate-covered-sunflower-seeds-bulk-4-150x150.webp 150w, https:\/\/jxgchocolate.com\/wp-content\/uploads\/2024\/04\/multicolored-chocolate-covered-sunflower-seeds-bulk-4-768x768.webp 768w, https:\/\/jxgchocolate.com\/wp-content\/uploads\/2024\/04\/multicolored-chocolate-covered-sunflower-seeds-bulk-4-430x430.webp 430w, https:\/\/jxgchocolate.com\/wp-content\/uploads\/2024\/04\/multicolored-chocolate-covered-sunflower-seeds-bulk-4-700x700.webp 700w\" sizes=\"(max-width: 800px) 100vw, 800px\" \/><\/figure>\n<\/div>\n<\/div>\n\n\n\n<p><\/p>","protected":false},"excerpt":{"rendered":"<p>Bienvenue pour acheter des graines de tournesol enrob\u00e9es de chocolat en vrac. Nos graines de tournesol enrob\u00e9es de chocolat au lait en gros sont d\u00e9licieuses et saines, augmentant la comp\u00e9titivit\u00e9 de votre entreprise avec un prix comp\u00e9titif, r\u00e9pondant aux exigences \u00e9lev\u00e9es de qualit\u00e9 et de service nutritionnel pour les consommateurs.<\/p>\n<table width=\"275\">\n<tbody>\n<tr>\n<td width=\"108\">Fabricant<\/td>\n<td width=\"167\">Le fruit de la chance<\/td>\n<\/tr>\n<tr>\n<td>MOD\u00c8LE NO.<\/td>\n<td>JXG08<\/td>\n<\/tr>\n<tr>\n<td>Type<\/td>\n<td>Graines de tournesol au chocolat\u00a0<\/td>\n<\/tr>\n<tr>\n<td>Emballage<\/td>\n<td>Emballage des sacs<\/td>\n<\/tr>\n<tr>\n<td>Sp\u00e9cifications<\/td>\n<td>20pcs*24 sacs<\/td>\n<\/tr>\n<tr>\n<td>Taille du carton<\/td>\n<td>54*29*29 cm<\/td>\n<\/tr>\n<tr>\n<td>N.W \/SET<\/td>\n<td>15g*20pcs*24bags<\/td>\n<\/tr>\n<tr>\n<td>Couleur<\/td>\n<td>Blanc<\/td>\n<\/tr>\n<tr>\n<td>MOQ<\/td>\n<td>500 cartons<\/td>\n<\/tr>\n<tr>\n<td>Personnalisation<\/td>\n<td>Emballage\/LOGO<\/td>\n<\/tr>\n<\/tbody>\n<\/table>","protected":false},"featured_media":28402,"comment_status":"closed","ping_status":"closed","template":"","meta":[],"product_cat":[72],"product_tag":[],"class_list":{"0":"post-27332","1":"product","2":"type-product","3":"status-publish","4":"has-post-thumbnail","6":"product_cat-wholesale-chocolate-covered-sunflower-seeds","8":"first","9":"instock","10":"shipping-taxable","11":"product-type-simple"},"_links":{"self":[{"href":"https:\/\/jxgchocolate.com\/fr\/wp-json\/wp\/v2\/product\/27332","targetHints":{"allow":["GET"]}}],"collection":[{"href":"https:\/\/jxgchocolate.com\/fr\/wp-json\/wp\/v2\/product"}],"about":[{"href":"https:\/\/jxgchocolate.com\/fr\/wp-json\/wp\/v2\/types\/product"}],"replies":[{"embeddable":true,"href":"https:\/\/jxgchocolate.com\/fr\/wp-json\/wp\/v2\/comments?post=27332"}],"version-history":[{"count":0,"href":"https:\/\/jxgchocolate.com\/fr\/wp-json\/wp\/v2\/product\/27332\/revisions"}],"wp:featuredmedia":[{"embeddable":true,"href":"https:\/\/jxgchocolate.com\/fr\/wp-json\/wp\/v2\/media\/28402"}],"wp:attachment":[{"href":"https:\/\/jxgchocolate.com\/fr\/wp-json\/wp\/v2\/media?parent=27332"}],"wp:term":[{"taxonomy":"product_cat","embeddable":true,"href":"https:\/\/jxgchocolate.com\/fr\/wp-json\/wp\/v2\/product_cat?post=27332"},{"taxonomy":"product_tag","embeddable":true,"href":"https:\/\/jxgchocolate.com\/fr\/wp-json\/wp\/v2\/product_tag?post=27332"}],"curies":[{"name":"wp","href":"https:\/\/api.w.org\/{rel}","templated":true}]}}