{"id":27346,"date":"2024-04-27T07:12:57","date_gmt":"2024-04-27T07:12:57","guid":{"rendered":"https:\/\/jxgchocolate.com\/?post_type=product&#038;p=27346"},"modified":"2024-11-02T08:15:17","modified_gmt":"2024-11-02T08:15:17","slug":"dark-chocolate-covered-sunflower-seeds-bulk","status":"publish","type":"product","link":"https:\/\/jxgchocolate.com\/fr\/produit\/dark-chocolate-covered-sunflower-seeds-bulk\/","title":{"rendered":"Graines de tournesol enrob\u00e9es de chocolat noir Savory Bulk"},"content":{"rendered":"<div class=\"wp-block-columns is-layout-flex wp-container-core-columns-is-layout-9d6595d7 wp-block-columns-is-layout-flex\">\n<div class=\"wp-block-column is-layout-flow wp-block-column-is-layout-flow\">\n<h2 class=\"wp-block-heading\">Graines de tournesol enrob\u00e9es de chocolat noir de premi\u00e8re qualit\u00e9 en vrac Caract\u00e9ristiques :<\/h2>\n\n\n\n<ul class=\"wp-block-list\">\n<li><strong>Enrobage savoureux de chocolat noir : <\/strong>Nos graines de tournesol enrob\u00e9es de chocolat en vrac, emball\u00e9es sur mesure, ont une saveur riche et profonde avec un noyau de tournesol croquant, qui rendrait quelqu'un en \u00e9tat d'\u00e9bri\u00e9t\u00e9.<\/li>\n\n\n\n<li><strong>Sant\u00e9 et nutrition :<\/strong> Ces graines de tournesol enrob\u00e9es de chocolat en vrac sont riches en antioxydants, tandis que les graines de tournesol Ces graines aideront non seulement \u00e0 satisfaire les d\u00e9licieux besoins de grignotage, mais aussi \u00e0 apporter des compl\u00e9ments nutritionnels sains.<\/li>\n\n\n\n<li><strong>Emballage de gros :<\/strong> Nous fournissons des emballages de gros pour les graines de tournesol enrob\u00e9es de chocolat noir en vrac pour les d\u00e9taillants, les supermarch\u00e9s et d'autres cat\u00e9gories commerciales afin de r\u00e9pondre aux demandes d'achats en vrac et de garantir les affaires.<\/li>\n\n\n\n<li><strong>Garantie de fra\u00eecheur : <\/strong>Nous garantissons la fra\u00eecheur de nos graines de tournesol enrob\u00e9es de chocolat en vrac, en utilisant des m\u00e9thodes d'emballage et de stockage de qualit\u00e9 qui garantissent la constance du go\u00fbt et de la qualit\u00e9.<\/li>\n<\/ul>\n<\/div>\n\n\n\n<div class=\"wp-block-column is-layout-flow wp-block-column-is-layout-flow\">\n<figure class=\"wp-block-image size-full\"><img fetchpriority=\"high\" decoding=\"async\" width=\"750\" height=\"750\" src=\"https:\/\/jxgchocolate.com\/wp-content\/uploads\/2024\/04\/dark-chocolate-covered-sunflower-seeds-bulk-2.webp\" alt=\"graines de tournesol enrob\u00e9es de chocolat noir - paquet 2\" class=\"wp-image-27348\" srcset=\"https:\/\/jxgchocolate.com\/wp-content\/uploads\/2024\/04\/dark-chocolate-covered-sunflower-seeds-bulk-2.webp 750w, https:\/\/jxgchocolate.com\/wp-content\/uploads\/2024\/04\/dark-chocolate-covered-sunflower-seeds-bulk-2-300x300.webp 300w, https:\/\/jxgchocolate.com\/wp-content\/uploads\/2024\/04\/dark-chocolate-covered-sunflower-seeds-bulk-2-150x150.webp 150w, https:\/\/jxgchocolate.com\/wp-content\/uploads\/2024\/04\/dark-chocolate-covered-sunflower-seeds-bulk-2-430x430.webp 430w, https:\/\/jxgchocolate.com\/wp-content\/uploads\/2024\/04\/dark-chocolate-covered-sunflower-seeds-bulk-2-700x700.webp 700w\" sizes=\"(max-width: 750px) 100vw, 750px\" \/><\/figure>\n<\/div>\n<\/div>","protected":false},"excerpt":{"rendered":"<p>Bienvenue \u00e0 l'achat de graines de tournesol enrob\u00e9es de chocolat en vrac. Ces d\u00e9licieuses graines de tournesol enrob\u00e9es de chocolat noir en vrac r\u00e9pondent \u00e0 la recherche d'un go\u00fbt d\u00e9licieux chez les consommateurs et de suppl\u00e9ments nutritionnels sains. Avec une disponibilit\u00e9 en gros, des utilisations polyvalentes et un prix abordable, ce produit est id\u00e9al pour diverses situations commerciales et de vente au d\u00e9tail.<\/p>\n<table width=\"275\">\n<tbody>\n<tr>\n<td width=\"108\">Fabricant<\/td>\n<td width=\"167\">Le fruit de la chance<\/td>\n<\/tr>\n<tr>\n<td>MOD\u00c8LE NO.<\/td>\n<td>JXG09<\/td>\n<\/tr>\n<tr>\n<td>Type<\/td>\n<td>Graines de tournesol au chocolat\u00a0<\/td>\n<\/tr>\n<tr>\n<td>Emballage<\/td>\n<td>Emballage des sacs<\/td>\n<\/tr>\n<tr>\n<td>Sp\u00e9cifications<\/td>\n<td>20pcs*24 sacs<\/td>\n<\/tr>\n<tr>\n<td>Taille du carton<\/td>\n<td>54*29*29 cm<\/td>\n<\/tr>\n<tr>\n<td>N.W \/SET<\/td>\n<td>15g*20pcs*24bags<\/td>\n<\/tr>\n<tr>\n<td>Couleur<\/td>\n<td>Sombre<\/td>\n<\/tr>\n<tr>\n<td>MOQ<\/td>\n<td>500 cartons<\/td>\n<\/tr>\n<tr>\n<td>Personnalisation<\/td>\n<td>Emballage\/LOGO<\/td>\n<\/tr>\n<\/tbody>\n<\/table>\n<p>&nbsp;<\/p>","protected":false},"featured_media":28400,"comment_status":"closed","ping_status":"closed","template":"","meta":[],"product_cat":[72],"product_tag":[],"class_list":{"0":"post-27346","1":"product","2":"type-product","3":"status-publish","4":"has-post-thumbnail","6":"product_cat-wholesale-chocolate-covered-sunflower-seeds","8":"first","9":"instock","10":"shipping-taxable","11":"product-type-simple"},"_links":{"self":[{"href":"https:\/\/jxgchocolate.com\/fr\/wp-json\/wp\/v2\/product\/27346","targetHints":{"allow":["GET"]}}],"collection":[{"href":"https:\/\/jxgchocolate.com\/fr\/wp-json\/wp\/v2\/product"}],"about":[{"href":"https:\/\/jxgchocolate.com\/fr\/wp-json\/wp\/v2\/types\/product"}],"replies":[{"embeddable":true,"href":"https:\/\/jxgchocolate.com\/fr\/wp-json\/wp\/v2\/comments?post=27346"}],"version-history":[{"count":0,"href":"https:\/\/jxgchocolate.com\/fr\/wp-json\/wp\/v2\/product\/27346\/revisions"}],"wp:featuredmedia":[{"embeddable":true,"href":"https:\/\/jxgchocolate.com\/fr\/wp-json\/wp\/v2\/media\/28400"}],"wp:attachment":[{"href":"https:\/\/jxgchocolate.com\/fr\/wp-json\/wp\/v2\/media?parent=27346"}],"wp:term":[{"taxonomy":"product_cat","embeddable":true,"href":"https:\/\/jxgchocolate.com\/fr\/wp-json\/wp\/v2\/product_cat?post=27346"},{"taxonomy":"product_tag","embeddable":true,"href":"https:\/\/jxgchocolate.com\/fr\/wp-json\/wp\/v2\/product_tag?post=27346"}],"curies":[{"name":"wp","href":"https:\/\/api.w.org\/{rel}","templated":true}]}}