{"id":27354,"date":"2024-04-27T07:27:05","date_gmt":"2024-04-27T07:27:05","guid":{"rendered":"https:\/\/jxgchocolate.com\/?post_type=product&#038;p=27354"},"modified":"2024-11-02T08:25:52","modified_gmt":"2024-11-02T08:25:52","slug":"matcha-chocolate-sunflower-seeds-bulk","status":"publish","type":"product","link":"https:\/\/jxgchocolate.com\/fr\/produit\/matcha-chocolate-sunflower-seeds-bulk\/","title":{"rendered":"Delicious Matcha Chocolate Sunflower Seeds Bulk From Factory (Graines de tournesol au chocolat Matcha en vrac)"},"content":{"rendered":"<div class=\"wp-block-columns is-layout-flex wp-container-core-columns-is-layout-9d6595d7 wp-block-columns-is-layout-flex\">\n<div class=\"wp-block-column is-layout-flow wp-block-column-is-layout-flow\">\n<h2 class=\"wp-block-heading\">Premium Matcha Chocolate Sunflower Seeds Bulk Caract\u00e9ristiques :<\/h2>\n\n\n\n<ul class=\"wp-block-list\">\n<li><strong>Une exp\u00e9rience gustative unique : <\/strong>Le vrac de graines de tournesol au chocolat matcha est d\u00e9licieux et sain, et vous offre une exp\u00e9rience gustative diff\u00e9rente que vous n'oublierez jamais.<\/li>\n\n\n\n<li><strong>Haute qualit\u00e9 : <\/strong>Nous utilisons des mati\u00e8res premi\u00e8res de haute qualit\u00e9 et le processus de production est tr\u00e8s strict afin que ces graines de tournesol au chocolat en vrac conservent un go\u00fbt et une qualit\u00e9 constants.<\/li>\n\n\n\n<li><strong>Ingr\u00e9dients sains et nutritifs : <\/strong>Le matcha est riche en antioxydants et en acides amin\u00e9s, tandis que les graines de tournesol sont pleines de prot\u00e9ines et de fibres, ainsi que de diverses vitamines. C'est pourquoi notre produit en vrac de graines de tournesol au chocolat matcha r\u00e9pondra \u00e0 l'envie d'en-cas d\u00e9licieux et de compl\u00e9ments nutritionnels sains.<\/li>\n\n\n\n<li><strong>Approvisionnement \u00e0 la vente : <\/strong>Nous vendons en gros une grande quantit\u00e9 d'emballages qui peuvent convenir aux d\u00e9taillants, aux supermarch\u00e9s et \u00e0 tout autre client commercial. Nos graines de tournesol au chocolat en vrac r\u00e9pondent \u00e0 la demande d'achat en vrac et soutiennent le processus commercial en cons\u00e9quence.<\/li>\n<\/ul>\n<\/div>\n\n\n\n<div class=\"wp-block-column is-layout-flow wp-block-column-is-layout-flow\">\n<figure class=\"wp-block-image size-full\"><img fetchpriority=\"high\" decoding=\"async\" width=\"750\" height=\"750\" src=\"https:\/\/jxgchocolate.com\/wp-content\/uploads\/2024\/04\/matcha-chocolate-covered-sunflower-seeds-bulk-2.webp\" alt=\"graines de tournesol enrob\u00e9es de chocolat - paquet 2\" class=\"wp-image-27356\" srcset=\"https:\/\/jxgchocolate.com\/wp-content\/uploads\/2024\/04\/matcha-chocolate-covered-sunflower-seeds-bulk-2.webp 750w, https:\/\/jxgchocolate.com\/wp-content\/uploads\/2024\/04\/matcha-chocolate-covered-sunflower-seeds-bulk-2-300x300.webp 300w, https:\/\/jxgchocolate.com\/wp-content\/uploads\/2024\/04\/matcha-chocolate-covered-sunflower-seeds-bulk-2-150x150.webp 150w, https:\/\/jxgchocolate.com\/wp-content\/uploads\/2024\/04\/matcha-chocolate-covered-sunflower-seeds-bulk-2-430x430.webp 430w, https:\/\/jxgchocolate.com\/wp-content\/uploads\/2024\/04\/matcha-chocolate-covered-sunflower-seeds-bulk-2-700x700.webp 700w\" sizes=\"(max-width: 750px) 100vw, 750px\" \/><\/figure>\n<\/div>\n<\/div>","protected":false},"excerpt":{"rendered":"<p>Nous vous invitons \u00e0 acheter des graines de tournesol au chocolat en vrac. Nos graines de tournesol au chocolat matcha en vrac offrent une exp\u00e9rience gustative unique et inoubliable. Tr\u00e8s appr\u00e9ci\u00e9es des clients, elles conviennent aux d\u00e9taillants, aux supermarch\u00e9s et \u00e0 d'autres clients commerciaux.<\/p>\n<table width=\"275\">\n<tbody>\n<tr>\n<td width=\"108\">Fabricant<\/td>\n<td width=\"167\">Le fruit de la chance<\/td>\n<\/tr>\n<tr>\n<td>MOD\u00c8LE NO.<\/td>\n<td>JXG10<\/td>\n<\/tr>\n<tr>\n<td>Type<\/td>\n<td>Graines de tournesol au chocolat\u00a0<\/td>\n<\/tr>\n<tr>\n<td>Emballage<\/td>\n<td>Emballage des sacs<\/td>\n<\/tr>\n<tr>\n<td>Sp\u00e9cifications<\/td>\n<td>20pcs*24 sacs<\/td>\n<\/tr>\n<tr>\n<td>Taille du carton<\/td>\n<td>54*29*29 cm<\/td>\n<\/tr>\n<tr>\n<td>N.W \/SET<\/td>\n<td>15g*20pcs*24bags<\/td>\n<\/tr>\n<tr>\n<td>Couleur<\/td>\n<td>Matcha vert<\/td>\n<\/tr>\n<tr>\n<td>MOQ<\/td>\n<td>500 cartons<\/td>\n<\/tr>\n<tr>\n<td>Personnalisation<\/td>\n<td>Emballage\/LOGO<\/td>\n<\/tr>\n<\/tbody>\n<\/table>","protected":false},"featured_media":28401,"comment_status":"closed","ping_status":"closed","template":"","meta":[],"product_cat":[72],"product_tag":[],"class_list":{"0":"post-27354","1":"product","2":"type-product","3":"status-publish","4":"has-post-thumbnail","6":"product_cat-wholesale-chocolate-covered-sunflower-seeds","8":"first","9":"instock","10":"shipping-taxable","11":"product-type-simple"},"_links":{"self":[{"href":"https:\/\/jxgchocolate.com\/fr\/wp-json\/wp\/v2\/product\/27354","targetHints":{"allow":["GET"]}}],"collection":[{"href":"https:\/\/jxgchocolate.com\/fr\/wp-json\/wp\/v2\/product"}],"about":[{"href":"https:\/\/jxgchocolate.com\/fr\/wp-json\/wp\/v2\/types\/product"}],"replies":[{"embeddable":true,"href":"https:\/\/jxgchocolate.com\/fr\/wp-json\/wp\/v2\/comments?post=27354"}],"version-history":[{"count":3,"href":"https:\/\/jxgchocolate.com\/fr\/wp-json\/wp\/v2\/product\/27354\/revisions"}],"predecessor-version":[{"id":29008,"href":"https:\/\/jxgchocolate.com\/fr\/wp-json\/wp\/v2\/product\/27354\/revisions\/29008"}],"wp:featuredmedia":[{"embeddable":true,"href":"https:\/\/jxgchocolate.com\/fr\/wp-json\/wp\/v2\/media\/28401"}],"wp:attachment":[{"href":"https:\/\/jxgchocolate.com\/fr\/wp-json\/wp\/v2\/media?parent=27354"}],"wp:term":[{"taxonomy":"product_cat","embeddable":true,"href":"https:\/\/jxgchocolate.com\/fr\/wp-json\/wp\/v2\/product_cat?post=27354"},{"taxonomy":"product_tag","embeddable":true,"href":"https:\/\/jxgchocolate.com\/fr\/wp-json\/wp\/v2\/product_tag?post=27354"}],"curies":[{"name":"wp","href":"https:\/\/api.w.org\/{rel}","templated":true}]}}