{"id":27362,"date":"2024-04-27T07:49:00","date_gmt":"2024-04-27T07:49:00","guid":{"rendered":"https:\/\/jxgchocolate.com\/?post_type=product&#038;p=27362"},"modified":"2024-11-09T08:44:44","modified_gmt":"2024-11-09T08:44:44","slug":"bulk-chocolate-covered-peanuts","status":"publish","type":"product","link":"https:\/\/jxgchocolate.com\/fr\/produit\/bulk-chocolate-covered-peanuts\/","title":{"rendered":"D\u00e9licieuses cacahu\u00e8tes enrob\u00e9es de chocolat en vrac avec une cro\u00fbte de gla\u00e7age blanc"},"content":{"rendered":"<div class=\"wp-block-columns is-layout-flex wp-container-core-columns-is-layout-9d6595d7 wp-block-columns-is-layout-flex\">\n<div class=\"wp-block-column is-layout-flow wp-block-column-is-layout-flow\">\n<h2 class=\"wp-block-heading\">Cacahu\u00e8tes enrob\u00e9es de chocolat en vrac de premi\u00e8re qualit\u00e9 Caract\u00e9ristiques :<\/h2>\n\n\n\n<ul class=\"wp-block-list\">\n<li><strong>Gla\u00e7age blanc unique : <\/strong>Les cacahu\u00e8tes s\u00e9lectionn\u00e9es sont recouvertes de chocolat riche, puis une fine couche de gla\u00e7age blanc est utilis\u00e9e pour les congeler afin de former un beau contraste, ce qui rend nos cacahu\u00e8tes enrob\u00e9es de chocolat en vrac encore plus attrayantes. La saveur sucr\u00e9e suppl\u00e9mentaire apporte un double plaisir visuel et gustatif.<\/li>\n\n\n\n<li><strong>Un m\u00e9lange parfait d'ingr\u00e9dients de qualit\u00e9 :<\/strong> Nos cacahu\u00e8tes au chocolat en gros sont fabriqu\u00e9es \u00e0 partir de chocolat de haute qualit\u00e9 et de cacahu\u00e8tes fra\u00eeches. L'onctuosit\u00e9 du chocolat \u00e9quilibre parfaitement le croquant des cacahu\u00e8tes, tandis qu'une touche de gla\u00e7age lui conf\u00e8re une douce douceur. Vous ressentirez le d\u00e9lice \u00e0 plusieurs niveaux dans chaque bouch\u00e9e.<\/li>\n\n\n\n<li><strong>R\u00e9pondre aux diff\u00e9rentes demandes du march\u00e9 : <\/strong>Nos cacahu\u00e8tes enrob\u00e9es de chocolat peuvent \u00eatre command\u00e9es en grande quantit\u00e9, ce qui convient parfaitement aux d\u00e9taillants, aux traiteurs et aux fournisseurs de cadeaux, qu'il s'agisse de la vente au d\u00e9tail dans les supermarch\u00e9s, des en-cas d'apr\u00e8s-d\u00eener dans les magasins de restauration ou m\u00eame des coffrets cadeaux pour les f\u00eates, ces cacahu\u00e8tes glac\u00e9es au chocolat peuvent ajouter de l'attrait et de la valeur \u00e0 l'inventaire.<\/li>\n\n\n\n<li><strong>Augmenter la valeur ajout\u00e9e de la marque : <\/strong>Nous pouvons fournir plusieurs solutions d'emballage pour les cacahu\u00e8tes au chocolat en gros, y compris en vrac, en petits paquets individuels et en bo\u00eetes-cadeaux, afin de r\u00e9pondre aux diverses exigences des diff\u00e9rents march\u00e9s et aux diff\u00e9rents positionnements des marques. Par ailleurs, nous pouvons concevoir des emballages personnalis\u00e9s afin de rendre votre produit plus identifiable sur le march\u00e9.<\/li>\n<\/ul>\n<\/div>\n\n\n\n<div class=\"wp-block-column is-layout-flow wp-block-column-is-layout-flow\">\n<figure class=\"wp-block-image size-full\"><img fetchpriority=\"high\" decoding=\"async\" width=\"1200\" height=\"1200\" src=\"https:\/\/jxgchocolate.com\/wp-content\/uploads\/2024\/04\/bulk-chocolate-covered-peanuts-2.webp\" alt=\"bulk-chocolate-covered-peanuts-2\" class=\"wp-image-27364\" srcset=\"https:\/\/jxgchocolate.com\/wp-content\/uploads\/2024\/04\/bulk-chocolate-covered-peanuts-2.webp 1200w, https:\/\/jxgchocolate.com\/wp-content\/uploads\/2024\/04\/bulk-chocolate-covered-peanuts-2-300x300.webp 300w, https:\/\/jxgchocolate.com\/wp-content\/uploads\/2024\/04\/bulk-chocolate-covered-peanuts-2-150x150.webp 150w, https:\/\/jxgchocolate.com\/wp-content\/uploads\/2024\/04\/bulk-chocolate-covered-peanuts-2-768x768.webp 768w, https:\/\/jxgchocolate.com\/wp-content\/uploads\/2024\/04\/bulk-chocolate-covered-peanuts-2-430x430.webp 430w, https:\/\/jxgchocolate.com\/wp-content\/uploads\/2024\/04\/bulk-chocolate-covered-peanuts-2-700x700.webp 700w\" sizes=\"(max-width: 1200px) 100vw, 1200px\" \/><\/figure>\n<\/div>\n<\/div>","protected":false},"excerpt":{"rendered":"<p>Achetez en gros des cacahu\u00e8tes enrob\u00e9es de chocolat aupr\u00e8s de l'usine. Nos cacahu\u00e8tes enrob\u00e9es de chocolat en vrac combinent parfaitement les cacahu\u00e8tes croquantes, le chocolat riche et le gla\u00e7age blanc pour offrir une exp\u00e9rience sucr\u00e9e unique. Gr\u00e2ce \u00e0 l'achat en gros et \u00e0 l'emballage personnalis\u00e9, elles sont id\u00e9ales pour les march\u00e9s de la vente au d\u00e9tail, de la restauration et des cadeaux.<\/p>\n<table style=\"border-collapse: collapse; width: 275.02pt;\" border=\"0\" width=\"275\" cellspacing=\"0\" cellpadding=\"0\">\n<tbody>\n<tr style=\"height: 17.60pt;\">\n<td class=\"et3\" style=\"height: 17.60pt; width: 108.35pt;\" width=\"108\" height=\"17\">Fabricant<\/td>\n<td class=\"et3\" style=\"width: 167.10pt;\" width=\"167\">Le fruit de la chance<\/td>\n<\/tr>\n<tr style=\"height: 17.60pt;\">\n<td class=\"et3\" style=\"height: 17.60pt;\" height=\"17\">MOD\u00c8LE NO.<\/td>\n<td class=\"et3\">JXG01<\/td>\n<\/tr>\n<tr style=\"height: 17.60pt;\">\n<td class=\"et3\" style=\"height: 17.60pt;\" height=\"17\">Type<\/td>\n<td class=\"et3\">Cacahu\u00e8tes au chocolat<\/td>\n<\/tr>\n<tr style=\"height: 17.60pt;\">\n<td class=\"et3\" style=\"height: 17.60pt;\" height=\"17\">Emballage<\/td>\n<td class=\"et3\">Emballage en bo\u00eete<\/td>\n<\/tr>\n<tr style=\"height: 17.60pt;\">\n<td class=\"et3\" style=\"height: 17.60pt;\" height=\"17\">Sp\u00e9cifications<\/td>\n<td class=\"et3\">20 sacs*12 bo\u00eetes<\/td>\n<\/tr>\n<tr style=\"height: 17.60pt;\">\n<td class=\"et3\" style=\"height: 17.60pt;\" height=\"17\">Taille du carton<\/td>\n<td class=\"et3\">50*30*32 cm<\/td>\n<\/tr>\n<tr style=\"height: 17.60pt;\">\n<td class=\"et3\" style=\"height: 17.60pt;\" height=\"17\">N.W \/SET<\/td>\n<td class=\"et3\">11g\/pcs<\/td>\n<\/tr>\n<tr style=\"height: 17.60pt;\">\n<td class=\"et3\" style=\"height: 17.60pt;\" height=\"17\">Couleur<\/td>\n<td class=\"et3\">Multicolore<\/td>\n<\/tr>\n<tr style=\"height: 17.60pt;\">\n<td class=\"et3\" style=\"height: 17.60pt;\" height=\"17\">MOQ<\/td>\n<td class=\"et3\">500 cartons<\/td>\n<\/tr>\n<tr style=\"height: 17.60pt;\">\n<td class=\"et3\" style=\"height: 17.60pt;\" height=\"17\">Personnalisation<\/td>\n<td class=\"et3\">Emballage\/LOGO<\/td>\n<\/tr>\n<\/tbody>\n<\/table>","protected":false},"featured_media":28410,"comment_status":"closed","ping_status":"closed","template":"","meta":[],"product_cat":[73],"product_tag":[],"class_list":{"0":"post-27362","1":"product","2":"type-product","3":"status-publish","4":"has-post-thumbnail","6":"product_cat-wholesale-chocolate-covered-peanuts","8":"first","9":"instock","10":"shipping-taxable","11":"product-type-simple"},"_links":{"self":[{"href":"https:\/\/jxgchocolate.com\/fr\/wp-json\/wp\/v2\/product\/27362","targetHints":{"allow":["GET"]}}],"collection":[{"href":"https:\/\/jxgchocolate.com\/fr\/wp-json\/wp\/v2\/product"}],"about":[{"href":"https:\/\/jxgchocolate.com\/fr\/wp-json\/wp\/v2\/types\/product"}],"replies":[{"embeddable":true,"href":"https:\/\/jxgchocolate.com\/fr\/wp-json\/wp\/v2\/comments?post=27362"}],"version-history":[{"count":3,"href":"https:\/\/jxgchocolate.com\/fr\/wp-json\/wp\/v2\/product\/27362\/revisions"}],"predecessor-version":[{"id":29084,"href":"https:\/\/jxgchocolate.com\/fr\/wp-json\/wp\/v2\/product\/27362\/revisions\/29084"}],"wp:featuredmedia":[{"embeddable":true,"href":"https:\/\/jxgchocolate.com\/fr\/wp-json\/wp\/v2\/media\/28410"}],"wp:attachment":[{"href":"https:\/\/jxgchocolate.com\/fr\/wp-json\/wp\/v2\/media?parent=27362"}],"wp:term":[{"taxonomy":"product_cat","embeddable":true,"href":"https:\/\/jxgchocolate.com\/fr\/wp-json\/wp\/v2\/product_cat?post=27362"},{"taxonomy":"product_tag","embeddable":true,"href":"https:\/\/jxgchocolate.com\/fr\/wp-json\/wp\/v2\/product_tag?post=27362"}],"curies":[{"name":"wp","href":"https:\/\/api.w.org\/{rel}","templated":true}]}}