{"id":27373,"date":"2024-04-27T08:26:02","date_gmt":"2024-04-27T08:26:02","guid":{"rendered":"https:\/\/jxgchocolate.com\/?post_type=product&#038;p=27373"},"modified":"2024-11-09T08:36:00","modified_gmt":"2024-11-09T08:36:00","slug":"chocolate-covered-peanuts-wholesale","status":"publish","type":"product","link":"https:\/\/jxgchocolate.com\/fr\/produit\/chocolate-covered-peanuts-wholesale\/","title":{"rendered":"D\u00e9lectables cacahu\u00e8tes enrob\u00e9es de chocolat doublement tremp\u00e9es Wholesale"},"content":{"rendered":"<div class=\"wp-block-columns is-layout-flex wp-container-core-columns-is-layout-9d6595d7 wp-block-columns-is-layout-flex\">\n<div class=\"wp-block-column is-layout-flow wp-block-column-is-layout-flow\">\n<h2 class=\"wp-block-heading\">Cacahu\u00e8tes enrob\u00e9es de chocolat de premi\u00e8re qualit\u00e9 Caract\u00e9ristiques de la vente en gros :<\/h2>\n\n\n\n<ul class=\"wp-block-list\">\n<li><strong>Double couverture de chocolat : <\/strong>Nos cacahu\u00e8tes enrob\u00e9es de chocolat sont fabriqu\u00e9es \u00e0 partir de cacahu\u00e8tes de qualit\u00e9, qui sont recouvertes d'une double couche de chocolat onctueux. Le chocolat est \u00e9paissi avec du chocolat double \u00e9paisseur pour que chaque bouch\u00e9e soit tr\u00e8s moelleuse. Les couches de chocolat s'ajoutent au croquant des cacahu\u00e8tes, ce qui en fait un d\u00e9licieux plaisir.<\/li>\n\n\n\n<li><strong>Ingr\u00e9dients de haute qualit\u00e9 s\u00e9lectionn\u00e9s : <\/strong>Ces cacahu\u00e8tes enrob\u00e9es de chocolat en vrac \u00e0 double trempage utilisent du chocolat de haute qualit\u00e9 et des cacahu\u00e8tes fra\u00eeches et croustillantes pour garantir que chaque cacahu\u00e8te enrob\u00e9e de chocolat a le go\u00fbt et la saveur les plus \u00e9lev\u00e9s possibles afin d'offrir aux consommateurs une exp\u00e9rience d'excellente qualit\u00e9.<\/li>\n\n\n\n<li><strong>Fourniture en gros : <\/strong>Nous vendons en gros une grande quantit\u00e9 de cacahu\u00e8tes enrob\u00e9es de chocolat, adapt\u00e9es \u00e0 la vente au d\u00e9tail, \u00e0 la personnalisation de cadeaux et aux \u00e9v\u00e9nements d'entreprise. Qu'il s'agisse de vente au d\u00e9tail dans les supermarch\u00e9s, de bo\u00eetes-cadeaux pour les snacks ou d'aide sociale aux entreprises, nos produits peuvent r\u00e9pondre \u00e0 vos besoins en mati\u00e8re d'approvisionnement.<\/li>\n\n\n\n<li><strong>Emballages diversifi\u00e9s :<\/strong> Nous proposons des solutions d'emballage flexibles pour les cacahu\u00e8tes enrob\u00e9es de chocolat en vrac, y compris des emballages en vrac, des bo\u00eetes-cadeaux et des petits paquets pour s'adapter aux besoins de la marque et au positionnement sur le march\u00e9. Le style de l'emballage peut \u00eatre personnalis\u00e9 en fonction des exigences du client afin d'am\u00e9liorer l'image de la marque et l'attrait du march\u00e9.<\/li>\n<\/ul>\n<\/div>\n\n\n\n<div class=\"wp-block-column is-layout-flow wp-block-column-is-layout-flow\">\n<figure class=\"wp-block-image size-full\"><img fetchpriority=\"high\" decoding=\"async\" width=\"750\" height=\"750\" src=\"https:\/\/jxgchocolate.com\/wp-content\/uploads\/2024\/04\/bulk-double-dipped-chocolate-covered-peanuts-wholesale-4.webp\" alt=\"bulk-double-dipped-chocolate-covered-peanuts-wholesale-4\" class=\"wp-image-27377\" srcset=\"https:\/\/jxgchocolate.com\/wp-content\/uploads\/2024\/04\/bulk-double-dipped-chocolate-covered-peanuts-wholesale-4.webp 750w, https:\/\/jxgchocolate.com\/wp-content\/uploads\/2024\/04\/bulk-double-dipped-chocolate-covered-peanuts-wholesale-4-300x300.webp 300w, https:\/\/jxgchocolate.com\/wp-content\/uploads\/2024\/04\/bulk-double-dipped-chocolate-covered-peanuts-wholesale-4-150x150.webp 150w, https:\/\/jxgchocolate.com\/wp-content\/uploads\/2024\/04\/bulk-double-dipped-chocolate-covered-peanuts-wholesale-4-430x430.webp 430w, https:\/\/jxgchocolate.com\/wp-content\/uploads\/2024\/04\/bulk-double-dipped-chocolate-covered-peanuts-wholesale-4-700x700.webp 700w\" sizes=\"(max-width: 750px) 100vw, 750px\" \/><\/figure>\n<\/div>\n<\/div>","protected":false},"excerpt":{"rendered":"<p>Achetez en gros des cacahu\u00e8tes enrob\u00e9es de chocolat \u00e0 double couche. Nos cacahu\u00e8tes enrob\u00e9es de chocolat en gros sont des cacahu\u00e8tes croustillantes envelopp\u00e9es d'une double couche de chocolat, apportant un double go\u00fbt riche. La vente en gros et la personnalisation de l'emballage conviennent \u00e0 la vente au d\u00e9tail, aux cadeaux et aux achats commerciaux. Il s'agit d'un en-cas chocolat\u00e9 de haute qualit\u00e9 qui attire les consommateurs.<\/p>\n<table style=\"border-collapse: collapse; width: 275.02pt;\" border=\"0\" width=\"275\" cellspacing=\"0\" cellpadding=\"0\">\n<tbody>\n<tr style=\"height: 17.60pt;\">\n<td class=\"et3\" style=\"height: 17.60pt; width: 108.35pt;\" width=\"108\" height=\"17\">Fabricant<\/td>\n<td class=\"et3\" style=\"width: 167.10pt;\" width=\"167\">Le fruit de la chance<\/td>\n<\/tr>\n<tr style=\"height: 17.60pt;\">\n<td class=\"et3\" style=\"height: 17.60pt;\" height=\"17\">MOD\u00c8LE NO.<\/td>\n<td class=\"et3\">JXG02<\/td>\n<\/tr>\n<tr style=\"height: 17.60pt;\">\n<td class=\"et3\" style=\"height: 17.60pt;\" height=\"17\">Type<\/td>\n<td class=\"et3\">Cacahu\u00e8tes au chocolat<\/td>\n<\/tr>\n<tr style=\"height: 17.60pt;\">\n<td class=\"et3\" style=\"height: 17.60pt;\" height=\"17\">Emballage<\/td>\n<td class=\"et3\">Emballage en bo\u00eete<\/td>\n<\/tr>\n<tr style=\"height: 17.60pt;\">\n<td class=\"et3\" style=\"height: 17.60pt;\" height=\"17\">Sp\u00e9cifications<\/td>\n<td class=\"et3\">20 sacs*12 bo\u00eetes<\/td>\n<\/tr>\n<tr style=\"height: 17.60pt;\">\n<td class=\"et3\" style=\"height: 17.60pt;\" height=\"17\">Taille du carton<\/td>\n<td class=\"et3\">55*23*36 cm<\/td>\n<\/tr>\n<tr style=\"height: 17.60pt;\">\n<td class=\"et3\" style=\"height: 17.60pt;\" height=\"17\">N.W \/SET<\/td>\n<td class=\"et3\">21g*20sacs*12bo\u00eetes<\/td>\n<\/tr>\n<tr style=\"height: 17.60pt;\">\n<td class=\"et3\" style=\"height: 17.60pt;\" height=\"17\">Couleur<\/td>\n<td class=\"et3\">Sombre<\/td>\n<\/tr>\n<tr style=\"height: 17.60pt;\">\n<td class=\"et3\" style=\"height: 17.60pt;\" height=\"17\">MOQ<\/td>\n<td class=\"et3\">500 cartons<\/td>\n<\/tr>\n<tr style=\"height: 17.60pt;\">\n<td class=\"et3\" style=\"height: 17.60pt;\" height=\"17\">Personnalisation<\/td>\n<td class=\"et3\">Emballage\/LOGO<\/td>\n<\/tr>\n<\/tbody>\n<\/table>","protected":false},"featured_media":28414,"comment_status":"closed","ping_status":"closed","template":"","meta":[],"product_cat":[73],"product_tag":[],"class_list":{"0":"post-27373","1":"product","2":"type-product","3":"status-publish","4":"has-post-thumbnail","6":"product_cat-wholesale-chocolate-covered-peanuts","8":"first","9":"instock","10":"shipping-taxable","11":"product-type-simple"},"_links":{"self":[{"href":"https:\/\/jxgchocolate.com\/fr\/wp-json\/wp\/v2\/product\/27373","targetHints":{"allow":["GET"]}}],"collection":[{"href":"https:\/\/jxgchocolate.com\/fr\/wp-json\/wp\/v2\/product"}],"about":[{"href":"https:\/\/jxgchocolate.com\/fr\/wp-json\/wp\/v2\/types\/product"}],"replies":[{"embeddable":true,"href":"https:\/\/jxgchocolate.com\/fr\/wp-json\/wp\/v2\/comments?post=27373"}],"version-history":[{"count":3,"href":"https:\/\/jxgchocolate.com\/fr\/wp-json\/wp\/v2\/product\/27373\/revisions"}],"predecessor-version":[{"id":29082,"href":"https:\/\/jxgchocolate.com\/fr\/wp-json\/wp\/v2\/product\/27373\/revisions\/29082"}],"wp:featuredmedia":[{"embeddable":true,"href":"https:\/\/jxgchocolate.com\/fr\/wp-json\/wp\/v2\/media\/28414"}],"wp:attachment":[{"href":"https:\/\/jxgchocolate.com\/fr\/wp-json\/wp\/v2\/media?parent=27373"}],"wp:term":[{"taxonomy":"product_cat","embeddable":true,"href":"https:\/\/jxgchocolate.com\/fr\/wp-json\/wp\/v2\/product_cat?post=27373"},{"taxonomy":"product_tag","embeddable":true,"href":"https:\/\/jxgchocolate.com\/fr\/wp-json\/wp\/v2\/product_tag?post=27373"}],"curies":[{"name":"wp","href":"https:\/\/api.w.org\/{rel}","templated":true}]}}