{"id":27382,"date":"2024-04-27T08:37:42","date_gmt":"2024-04-27T08:37:42","guid":{"rendered":"https:\/\/jxgchocolate.com\/?post_type=product&#038;p=27382"},"modified":"2025-03-08T02:30:51","modified_gmt":"2025-03-08T02:30:51","slug":"bulk-dark-chocolate-covered-peanuts","status":"publish","type":"product","link":"https:\/\/jxgchocolate.com\/fr\/produit\/bulk-dark-chocolate-covered-peanuts\/","title":{"rendered":"Cacahu\u00e8tes enrob\u00e9es de chocolat noir en vrac \u00e0 un prix imbattable"},"content":{"rendered":"<div class=\"wp-block-columns is-layout-flex wp-container-core-columns-is-layout-9d6595d7 wp-block-columns-is-layout-flex\">\n<div class=\"wp-block-column is-layout-flow wp-block-column-is-layout-flow\">\n<h2 class=\"wp-block-heading\">Cacahu\u00e8tes enrob\u00e9es de chocolat noir en vrac de premi\u00e8re qualit\u00e9 Caract\u00e9ristiques :<\/h2>\n\n\n\n<ul class=\"wp-block-list\">\n<li><strong>Un m\u00e9lange parfait de chocolat et de cacahu\u00e8tes :<\/strong> Des cacahu\u00e8tes fra\u00eeches et croustillantes sont recouvertes d'une sauce au chocolat noir de premi\u00e8re qualit\u00e9. Le riche ar\u00f4me du chocolat s'harmonise avec l'ar\u00f4me naturel des cacahu\u00e8tes. Nos cacahu\u00e8tes enrob\u00e9es de chocolat noir en gros conservent un go\u00fbt riche et non sucr\u00e9.<\/li>\n\n\n\n<li><strong>Des en-cas sains :<\/strong> Les chocolats noirs ont une teneur \u00e9lev\u00e9e en antioxydants et, associ\u00e9s aux cacahu\u00e8tes riches en prot\u00e9ines, ils constituent l'une des alternatives d'en-cas les plus savoureuses et les plus saines. Nos cacahu\u00e8tes au chocolat en vrac sont pr\u00eates \u00e0 \u00eatre consomm\u00e9es \u00e0 tout moment et en tout lieu pour r\u00e9pondre aux besoins de grignotage quotidiens.<\/li>\n\n\n\n<li><strong>Approvisionnement en vrac pour en profiter \u00e0 diff\u00e9rentes occasions :<\/strong> Notre vente en gros de cacahu\u00e8tes enrob\u00e9es de chocolat noir permet les commandes en gros, en particulier pour les d\u00e9taillants, les organisateurs d'\u00e9v\u00e9nements et les fournisseurs de cadeaux. Qu'il s'agisse d'un en-cas au supermarch\u00e9 ou d'une aide sociale ou d'un cadeau d'entreprise, il peut facilement r\u00e9pondre aux besoins de grandes quantit\u00e9s.<\/li>\n\n\n\n<li><strong>Diff\u00e9rents types d'emballages pour s'adapter aux besoins de la marque et du march\u00e9 :<\/strong> Nous proposons diff\u00e9rentes formes d'emballage pour les cacahu\u00e8tes au chocolat en vrac. Ceux-ci peuvent \u00eatre personnalis\u00e9s de mani\u00e8re flexible en fonction des besoins des clients. Ils peuvent \u00eatre utilis\u00e9s pour les emballages de vente au d\u00e9tail, les ventes en vrac ou les petits emballages qui peuvent mettre en valeur votre marque sur le march\u00e9.<\/li>\n<\/ul>\n<\/div>\n\n\n\n<div class=\"wp-block-column is-layout-flow wp-block-column-is-layout-flow\">\n<figure class=\"wp-block-image size-full\"><img fetchpriority=\"high\" decoding=\"async\" width=\"4480\" height=\"4480\" src=\"https:\/\/jxgchocolate.com\/wp-content\/uploads\/2024\/04\/bulk-chocolate-covered-peanuts-wholesale-chocolate-peanuts-3-edited.webp\" alt=\"bulk-dark-chocolate-covered-peanuts-wholesale-chocolate-peanuts\" class=\"wp-image-27389\" srcset=\"https:\/\/jxgchocolate.com\/wp-content\/uploads\/2024\/04\/bulk-chocolate-covered-peanuts-wholesale-chocolate-peanuts-3-edited.webp 4480w, https:\/\/jxgchocolate.com\/wp-content\/uploads\/2024\/04\/bulk-chocolate-covered-peanuts-wholesale-chocolate-peanuts-3-edited-300x300.webp 300w, https:\/\/jxgchocolate.com\/wp-content\/uploads\/2024\/04\/bulk-chocolate-covered-peanuts-wholesale-chocolate-peanuts-3-edited-150x150.webp 150w, https:\/\/jxgchocolate.com\/wp-content\/uploads\/2024\/04\/bulk-chocolate-covered-peanuts-wholesale-chocolate-peanuts-3-edited-768x768.webp 768w, https:\/\/jxgchocolate.com\/wp-content\/uploads\/2024\/04\/bulk-chocolate-covered-peanuts-wholesale-chocolate-peanuts-3-edited-430x430.webp 430w, https:\/\/jxgchocolate.com\/wp-content\/uploads\/2024\/04\/bulk-chocolate-covered-peanuts-wholesale-chocolate-peanuts-3-edited-700x700.webp 700w\" sizes=\"(max-width: 4480px) 100vw, 4480px\" \/><\/figure>\n<\/div>\n<\/div>\n\n\n\n<p><\/p>","protected":false},"excerpt":{"rendered":"<p>Achetez des cacahu\u00e8tes au chocolat en vrac aupr\u00e8s de l'usine. Nos cacahu\u00e8tes enrob\u00e9es de chocolat noir en vrac fondent parfaitement le riche chocolat noir et les cacahu\u00e8tes croustillantes, offrant une double exp\u00e9rience de bonne sant\u00e9 et de satisfaction. Elles peuvent \u00eatre achet\u00e9es en gros et emball\u00e9es de diverses mani\u00e8res, ce qui convient parfaitement \u00e0 la consommation quotidienne, \u00e0 la personnalisation des cadeaux et aux \u00e9v\u00e9nements professionnels.<\/p>\n<table style=\"border-collapse: collapse; width: 275.02pt;\" border=\"0\" width=\"275\" cellspacing=\"0\" cellpadding=\"0\">\n<tbody>\n<tr style=\"height: 17.60pt;\">\n<td class=\"et3\" style=\"height: 17.60pt; width: 108.35pt;\" width=\"108\" height=\"17\">Fabricant<\/td>\n<td class=\"et3\" style=\"width: 167.10pt;\" width=\"167\">Le fruit de la chance<\/td>\n<\/tr>\n<tr style=\"height: 17.60pt;\">\n<td class=\"et3\" style=\"height: 17.60pt;\" height=\"17\">MOD\u00c8LE NO.<\/td>\n<td class=\"et3\">JXG03<\/td>\n<\/tr>\n<tr style=\"height: 17.60pt;\">\n<td class=\"et3\" style=\"height: 17.60pt;\" height=\"17\">Type<\/td>\n<td class=\"et3\">Cacahu\u00e8tes au chocolat<\/td>\n<\/tr>\n<tr style=\"height: 17.60pt;\">\n<td class=\"et3\" style=\"height: 17.60pt;\" height=\"17\">Emballage<\/td>\n<td class=\"et3\">Emballage en bo\u00eete<\/td>\n<\/tr>\n<tr style=\"height: 17.60pt;\">\n<td class=\"et3\" style=\"height: 17.60pt;\" height=\"17\">Sp\u00e9cifications<\/td>\n<td class=\"et3\">12 sacs*24 bo\u00eetes<\/td>\n<\/tr>\n<tr style=\"height: 17.60pt;\">\n<td class=\"et3\" style=\"height: 17.60pt;\" height=\"17\">Taille du carton<\/td>\n<td class=\"et3\">58,5*33*33 cm<\/td>\n<\/tr>\n<tr style=\"height: 17.60pt;\">\n<td class=\"et3\" style=\"height: 17.60pt;\" height=\"17\">N.W \/SET<\/td>\n<td class=\"et3\">21g*12sacs*24bo\u00eetes<\/td>\n<\/tr>\n<tr style=\"height: 17.60pt;\">\n<td class=\"et3\" style=\"height: 17.60pt;\" height=\"17\">Couleur<\/td>\n<td class=\"et3\">Sombre<\/td>\n<\/tr>\n<tr style=\"height: 17.60pt;\">\n<td class=\"et3\" style=\"height: 17.60pt;\" height=\"17\">MOQ<\/td>\n<td class=\"et3\">500 cartons<\/td>\n<\/tr>\n<tr style=\"height: 17.60pt;\">\n<td class=\"et3\" style=\"height: 17.60pt;\" height=\"17\">Personnalisation<\/td>\n<td class=\"et3\">Emballage\/LOGO<\/td>\n<\/tr>\n<\/tbody>\n<\/table>","protected":false},"featured_media":28381,"comment_status":"closed","ping_status":"closed","template":"","meta":[],"product_cat":[73],"product_tag":[],"class_list":{"0":"post-27382","1":"product","2":"type-product","3":"status-publish","4":"has-post-thumbnail","6":"product_cat-wholesale-chocolate-covered-peanuts","8":"first","9":"instock","10":"shipping-taxable","11":"product-type-simple"},"_links":{"self":[{"href":"https:\/\/jxgchocolate.com\/fr\/wp-json\/wp\/v2\/product\/27382","targetHints":{"allow":["GET"]}}],"collection":[{"href":"https:\/\/jxgchocolate.com\/fr\/wp-json\/wp\/v2\/product"}],"about":[{"href":"https:\/\/jxgchocolate.com\/fr\/wp-json\/wp\/v2\/types\/product"}],"replies":[{"embeddable":true,"href":"https:\/\/jxgchocolate.com\/fr\/wp-json\/wp\/v2\/comments?post=27382"}],"version-history":[{"count":0,"href":"https:\/\/jxgchocolate.com\/fr\/wp-json\/wp\/v2\/product\/27382\/revisions"}],"wp:featuredmedia":[{"embeddable":true,"href":"https:\/\/jxgchocolate.com\/fr\/wp-json\/wp\/v2\/media\/28381"}],"wp:attachment":[{"href":"https:\/\/jxgchocolate.com\/fr\/wp-json\/wp\/v2\/media?parent=27382"}],"wp:term":[{"taxonomy":"product_cat","embeddable":true,"href":"https:\/\/jxgchocolate.com\/fr\/wp-json\/wp\/v2\/product_cat?post=27382"},{"taxonomy":"product_tag","embeddable":true,"href":"https:\/\/jxgchocolate.com\/fr\/wp-json\/wp\/v2\/product_tag?post=27382"}],"curies":[{"name":"wp","href":"https:\/\/api.w.org\/{rel}","templated":true}]}}