{"id":27411,"date":"2024-04-27T09:21:50","date_gmt":"2024-04-27T09:21:50","guid":{"rendered":"https:\/\/jxgchocolate.com\/?post_type=product&#038;p=27411"},"modified":"2024-11-11T02:16:51","modified_gmt":"2024-11-11T02:16:51","slug":"crispy-chocolate-balls-wholesale","status":"publish","type":"product","link":"https:\/\/jxgchocolate.com\/fr\/produit\/crispy-chocolate-balls-wholesale\/","title":{"rendered":"Boules de chocolat croustillantes d\u00e9lectables en gros, boules de malt au chocolat en vrac"},"content":{"rendered":"<div class=\"wp-block-columns is-layout-flex wp-container-core-columns-is-layout-9d6595d7 wp-block-columns-is-layout-flex\">\n<div class=\"wp-block-column is-vertically-aligned-center is-layout-flow wp-block-column-is-layout-flow\">\n<h3 class=\"wp-block-heading\">Boules de chocolat croustillantes de qualit\u00e9 sup\u00e9rieure Caract\u00e9ristiques de gros :<\/h3>\n\n\n\n<ol class=\"wp-block-list\">\n<li><strong>Saveur irr\u00e9sistible :<\/strong> Nos boules de chocolat croustillantes en gros repr\u00e9sentent un go\u00fbt d\u00e9licieux qui combine simplement la richesse du chocolat avec le croquant satisfaisant qui en fait un en-cas tr\u00e8s agr\u00e9able.<\/li>\n\n\n\n<li><strong>Texture croquante : <\/strong>Savourez le croquant \u00e0 chaque bouch\u00e9e avec nos boules de malt au chocolat en vrac, pr\u00e9par\u00e9es pour s'assurer que chaque gramme est suffisamment croquant pour ajouter du plaisir \u00e0 chaque bouch\u00e9e.<\/li>\n\n\n\n<li><strong>Parfait pour la revente :<\/strong> Avec un conditionnement en gros disponible, nos boules de chocolat croustillantes en gros sont certainement id\u00e9ales pour les magasins de d\u00e9tail, les organisateurs d'\u00e9v\u00e9nements et les entreprises qui souhaitent offrir quelque chose de sp\u00e9cial \u00e0 leurs clients ou \u00e0 leurs invit\u00e9s dans le cadre d'une option de collation haut de gamme.<\/li>\n\n\n\n<li><strong>Qualit\u00e9 constante : <\/strong>Nos boules de malt au chocolat en vrac sont pr\u00e9par\u00e9es \u00e0 l'aide d'ingr\u00e9dients de qualit\u00e9 sup\u00e9rieure et d'un processus de fabrication r\u00e9pondant aux normes les plus strictes, afin de garantir un go\u00fbt constant \u00e0 chaque achat, pour une exp\u00e9rience de grignotage agr\u00e9able.<\/li>\n<\/ol>\n<\/div>\n\n\n\n<div class=\"wp-block-column is-layout-flow wp-block-column-is-layout-flow\">\n<figure class=\"wp-block-image size-full\"><img fetchpriority=\"high\" decoding=\"async\" width=\"750\" height=\"750\" src=\"https:\/\/jxgchocolate.com\/wp-content\/uploads\/2024\/04\/mylikes-crispy-chocolate-balls-wholesale-3.webp\" alt=\"mylikes-crispy-chocolate-balls-wholesale-1\" class=\"wp-image-27421\" srcset=\"https:\/\/jxgchocolate.com\/wp-content\/uploads\/2024\/04\/mylikes-crispy-chocolate-balls-wholesale-3.webp 750w, https:\/\/jxgchocolate.com\/wp-content\/uploads\/2024\/04\/mylikes-crispy-chocolate-balls-wholesale-3-300x300.webp 300w, https:\/\/jxgchocolate.com\/wp-content\/uploads\/2024\/04\/mylikes-crispy-chocolate-balls-wholesale-3-150x150.webp 150w, https:\/\/jxgchocolate.com\/wp-content\/uploads\/2024\/04\/mylikes-crispy-chocolate-balls-wholesale-3-430x430.webp 430w, https:\/\/jxgchocolate.com\/wp-content\/uploads\/2024\/04\/mylikes-crispy-chocolate-balls-wholesale-3-700x700.webp 700w\" sizes=\"(max-width: 750px) 100vw, 750px\" \/><\/figure>\n<\/div>\n<\/div>","protected":false},"excerpt":{"rendered":"<p>Bienvenue pour acheter des boules de malt au chocolat en vrac. Nous proposons des boules de chocolat croustillantes en gros avec un service d'emballage personnalis\u00e9, chaque emballage sera une d\u00e9licieuse combinaison de saveur irr\u00e9sistible et de croquant satisfaisant. C'est exactement ce dont toute entreprise a besoin lorsqu'elle cherche \u00e0 offrir un en-cas de qualit\u00e9 \u00e0 ses clients.<\/p>\n<table style=\"border-collapse: collapse; width: 275.02pt;\" border=\"0\" width=\"275\" cellspacing=\"0\" cellpadding=\"0\">\n<tbody>\n<tr style=\"height: 17.60pt;\">\n<td class=\"et3\" style=\"height: 17.60pt; width: 108.35pt;\" width=\"108\" height=\"17\">Fabricant<\/td>\n<td class=\"et3\" style=\"width: 167.10pt;\" width=\"167\">Le fruit de la chance<\/td>\n<\/tr>\n<tr style=\"height: 17.60pt;\">\n<td class=\"et3\" style=\"height: 17.60pt;\" height=\"17\">MOD\u00c8LE NO.<\/td>\n<td class=\"et3\">JXG14<\/td>\n<\/tr>\n<tr style=\"height: 17.60pt;\">\n<td class=\"et3\" style=\"height: 17.60pt;\" height=\"17\">Type<\/td>\n<td class=\"et3\">Boules de chocolat croustillantes<\/td>\n<\/tr>\n<tr style=\"height: 17.60pt;\">\n<td class=\"et3\" style=\"height: 17.60pt;\" height=\"17\">Emballage<\/td>\n<td class=\"et3\">Emballage en bo\u00eete<\/td>\n<\/tr>\n<tr style=\"height: 17.60pt;\">\n<td class=\"et3\" style=\"height: 17.60pt;\" height=\"17\">Sp\u00e9cifications<\/td>\n<td class=\"et3\">30 sacs*20 bo\u00eetes<\/td>\n<\/tr>\n<tr style=\"height: 17.60pt;\">\n<td class=\"et3\" style=\"height: 17.60pt;\" height=\"17\">Taille du carton<\/td>\n<td class=\"et3\">49*40.5*40.5 cm<\/td>\n<\/tr>\n<tr style=\"height: 17.60pt;\">\n<td class=\"et3\" style=\"height: 17.60pt;\" height=\"17\">N.W \/SET<\/td>\n<td class=\"et3\">12g*30bags*20boxes<\/td>\n<\/tr>\n<tr style=\"height: 17.60pt;\">\n<td class=\"et3\" style=\"height: 17.60pt;\" height=\"17\">Couleur<\/td>\n<td class=\"et3\">Sombre<\/td>\n<\/tr>\n<tr style=\"height: 17.60pt;\">\n<td class=\"et3\" style=\"height: 17.60pt;\" height=\"17\">MOQ<\/td>\n<td class=\"et3\">500 cartons<\/td>\n<\/tr>\n<tr style=\"height: 17.60pt;\">\n<td class=\"et3\" style=\"height: 17.60pt;\" height=\"17\">Personnalisation<\/td>\n<td class=\"et3\">Emballage\/LOGO<\/td>\n<\/tr>\n<\/tbody>\n<\/table>","protected":false},"featured_media":28420,"comment_status":"closed","ping_status":"closed","template":"","meta":[],"product_cat":[74],"product_tag":[],"class_list":{"0":"post-27411","1":"product","2":"type-product","3":"status-publish","4":"has-post-thumbnail","6":"product_cat-wholesale-crunchy-chocolate-balls","8":"first","9":"instock","10":"shipping-taxable","11":"product-type-simple"},"_links":{"self":[{"href":"https:\/\/jxgchocolate.com\/fr\/wp-json\/wp\/v2\/product\/27411","targetHints":{"allow":["GET"]}}],"collection":[{"href":"https:\/\/jxgchocolate.com\/fr\/wp-json\/wp\/v2\/product"}],"about":[{"href":"https:\/\/jxgchocolate.com\/fr\/wp-json\/wp\/v2\/types\/product"}],"replies":[{"embeddable":true,"href":"https:\/\/jxgchocolate.com\/fr\/wp-json\/wp\/v2\/comments?post=27411"}],"version-history":[{"count":0,"href":"https:\/\/jxgchocolate.com\/fr\/wp-json\/wp\/v2\/product\/27411\/revisions"}],"wp:featuredmedia":[{"embeddable":true,"href":"https:\/\/jxgchocolate.com\/fr\/wp-json\/wp\/v2\/media\/28420"}],"wp:attachment":[{"href":"https:\/\/jxgchocolate.com\/fr\/wp-json\/wp\/v2\/media?parent=27411"}],"wp:term":[{"taxonomy":"product_cat","embeddable":true,"href":"https:\/\/jxgchocolate.com\/fr\/wp-json\/wp\/v2\/product_cat?post=27411"},{"taxonomy":"product_tag","embeddable":true,"href":"https:\/\/jxgchocolate.com\/fr\/wp-json\/wp\/v2\/product_tag?post=27411"}],"curies":[{"name":"wp","href":"https:\/\/api.w.org\/{rel}","templated":true}]}}