{"id":27412,"date":"2024-04-27T09:21:55","date_gmt":"2024-04-27T09:21:55","guid":{"rendered":"https:\/\/jxgchocolate.com\/?post_type=product&#038;p=27412"},"modified":"2024-11-11T02:04:42","modified_gmt":"2024-11-11T02:04:42","slug":"wholesale-chocolate-crunchy-balls","status":"publish","type":"product","link":"https:\/\/jxgchocolate.com\/fr\/produit\/wholesale-chocolate-crunchy-balls\/","title":{"rendered":"Boules de chocolat croustillantes en gros, boules de chocolat en vrac avec emballage barr\u00e9"},"content":{"rendered":"<div class=\"wp-block-columns is-layout-flex wp-container-core-columns-is-layout-9d6595d7 wp-block-columns-is-layout-flex\">\n<div class=\"wp-block-column is-vertically-aligned-center is-layout-flow wp-block-column-is-layout-flow\">\n<h3 class=\"wp-block-heading\">Premium Wholesale Chocolate Crunchy Balls Caract\u00e9ristiques :<\/h3>\n\n\n\n<ol class=\"wp-block-list\">\n<li><strong>Saveur embl\u00e9matique : <\/strong>Le go\u00fbt de nos boules croquantes au chocolat en gros est irr\u00e9sistible, depuis le chocolat malt\u00e9 jusqu'\u00e0 son attrait pour une large tranche d'\u00e2ge.<\/li>\n\n\n\n<li><strong>Centre croustillant :<\/strong> Chaque centre croustillant de nid d'abeille malt\u00e9 dans chacune de nos boules de chocolat en vrac cr\u00e9e une bouch\u00e9e diff\u00e9rente pour ajouter une dimension suppl\u00e9mentaire de texture \u00e0 chaque bouch\u00e9e.<\/li>\n\n\n\n<li><strong>Conditionnement pratique des f\u00fbts : <\/strong>Conditionn\u00e9es dans un emballage pratique, nos boules chocolat\u00e9es croustillantes en gros sont ce dont les d\u00e9taillants, les organisateurs d'\u00e9v\u00e9nements et les hommes d'affaires ont besoin en termes d'options de pr\u00e9sentation attrayantes et pratiques.<\/li>\n\n\n\n<li><strong>Utilisation polyvalente :<\/strong> Qu'elles soient d\u00e9gust\u00e9es seules, incorpor\u00e9es dans des desserts ou utilis\u00e9es comme garniture pour les glaces et les g\u00e2teaux, nos boules de chocolat en vrac offrent une grande souplesse d'utilisation pour des applications vari\u00e9es dans l'industrie alimentaire.<\/li>\n<\/ol>\n<\/div>\n\n\n\n<div class=\"wp-block-column is-layout-flow wp-block-column-is-layout-flow\">\n<figure class=\"wp-block-image size-full\"><img fetchpriority=\"high\" decoding=\"async\" width=\"750\" height=\"750\" src=\"https:\/\/jxgchocolate.com\/wp-content\/uploads\/2024\/04\/wholesale-maltesers-chocolate-2.webp\" alt=\"Boules croustillantes au chocolat en gros\" class=\"wp-image-27428\" srcset=\"https:\/\/jxgchocolate.com\/wp-content\/uploads\/2024\/04\/wholesale-maltesers-chocolate-2.webp 750w, https:\/\/jxgchocolate.com\/wp-content\/uploads\/2024\/04\/wholesale-maltesers-chocolate-2-300x300.webp 300w, https:\/\/jxgchocolate.com\/wp-content\/uploads\/2024\/04\/wholesale-maltesers-chocolate-2-150x150.webp 150w, https:\/\/jxgchocolate.com\/wp-content\/uploads\/2024\/04\/wholesale-maltesers-chocolate-2-430x430.webp 430w, https:\/\/jxgchocolate.com\/wp-content\/uploads\/2024\/04\/wholesale-maltesers-chocolate-2-700x700.webp 700w\" sizes=\"(max-width: 750px) 100vw, 750px\" \/><\/figure>\n<\/div>\n<\/div>\n\n\n\n<p><\/p>","protected":false},"excerpt":{"rendered":"<p>Bienvenue \u00e0 l'achat de boules de chocolat en vrac. Nos boules de chocolat croustillantes en gros, avec des variations d'emballage en tonneaux, allient une saveur d\u00e9licieuse \u00e0 la commodit\u00e9 de l'achat en vrac, ce qui les rend parfaites pour tout d\u00e9taillant ou entreprise cherchant \u00e0 les vendre. Elles ont ce croquant caract\u00e9ristique et peuvent \u00eatre utilis\u00e9es de nombreuses fa\u00e7ons.<\/p>\n<table style=\"border-collapse: collapse; width: 275.02pt;\" border=\"0\" width=\"275\" cellspacing=\"0\" cellpadding=\"0\">\n<tbody>\n<tr style=\"height: 17.60pt;\">\n<td class=\"et3\" style=\"height: 17.60pt; width: 108.35pt;\" width=\"108\" height=\"17\">Fabricant<\/td>\n<td class=\"et3\" style=\"width: 167.10pt;\" width=\"167\">Le fruit de la chance<\/td>\n<\/tr>\n<tr style=\"height: 17.60pt;\">\n<td class=\"et3\" style=\"height: 17.60pt;\" height=\"17\">MOD\u00c8LE NO.<\/td>\n<td class=\"et3\">JXG15<\/td>\n<\/tr>\n<tr style=\"height: 17.60pt;\">\n<td class=\"et3\" style=\"height: 17.60pt;\" height=\"17\">Type<\/td>\n<td class=\"et3\">Boules de chocolat croustillantes<\/td>\n<\/tr>\n<tr style=\"height: 17.60pt;\">\n<td class=\"et3\" style=\"height: 17.60pt;\" height=\"17\">Emballage<\/td>\n<td class=\"et3\">Emballage des f\u00fbts<\/td>\n<\/tr>\n<tr style=\"height: 17.60pt;\">\n<td class=\"et3\" style=\"height: 17.60pt;\" height=\"17\">Sp\u00e9cifications<\/td>\n<td class=\"et3\">12barils<\/td>\n<\/tr>\n<tr style=\"height: 17.60pt;\">\n<td class=\"et3\" style=\"height: 17.60pt;\" height=\"17\">Taille du carton<\/td>\n<td class=\"et3\">40,5*27,5*28,5 cm<\/td>\n<\/tr>\n<tr style=\"height: 17.60pt;\">\n<td class=\"et3\" style=\"height: 17.60pt;\" height=\"17\">N.W \/SET<\/td>\n<td class=\"et3\">168g*12barils<\/td>\n<\/tr>\n<tr style=\"height: 17.60pt;\">\n<td class=\"et3\" style=\"height: 17.60pt;\" height=\"17\">Couleur<\/td>\n<td class=\"et3\">Sombre<\/td>\n<\/tr>\n<tr style=\"height: 17.60pt;\">\n<td class=\"et3\" style=\"height: 17.60pt;\" height=\"17\">MOQ<\/td>\n<td class=\"et3\">500 cartons<\/td>\n<\/tr>\n<tr style=\"height: 17.60pt;\">\n<td class=\"et3\" style=\"height: 17.60pt;\" height=\"17\">Personnalisation<\/td>\n<td class=\"et3\">Emballage\/LOGO<\/td>\n<\/tr>\n<\/tbody>\n<\/table>","protected":false},"featured_media":27427,"comment_status":"closed","ping_status":"closed","template":"","meta":[],"product_cat":[74],"product_tag":[],"class_list":{"0":"post-27412","1":"product","2":"type-product","3":"status-publish","4":"has-post-thumbnail","6":"product_cat-wholesale-crunchy-chocolate-balls","8":"first","9":"instock","10":"shipping-taxable","11":"product-type-simple"},"_links":{"self":[{"href":"https:\/\/jxgchocolate.com\/fr\/wp-json\/wp\/v2\/product\/27412","targetHints":{"allow":["GET"]}}],"collection":[{"href":"https:\/\/jxgchocolate.com\/fr\/wp-json\/wp\/v2\/product"}],"about":[{"href":"https:\/\/jxgchocolate.com\/fr\/wp-json\/wp\/v2\/types\/product"}],"replies":[{"embeddable":true,"href":"https:\/\/jxgchocolate.com\/fr\/wp-json\/wp\/v2\/comments?post=27412"}],"version-history":[{"count":0,"href":"https:\/\/jxgchocolate.com\/fr\/wp-json\/wp\/v2\/product\/27412\/revisions"}],"wp:featuredmedia":[{"embeddable":true,"href":"https:\/\/jxgchocolate.com\/fr\/wp-json\/wp\/v2\/media\/27427"}],"wp:attachment":[{"href":"https:\/\/jxgchocolate.com\/fr\/wp-json\/wp\/v2\/media?parent=27412"}],"wp:term":[{"taxonomy":"product_cat","embeddable":true,"href":"https:\/\/jxgchocolate.com\/fr\/wp-json\/wp\/v2\/product_cat?post=27412"},{"taxonomy":"product_tag","embeddable":true,"href":"https:\/\/jxgchocolate.com\/fr\/wp-json\/wp\/v2\/product_tag?post=27412"}],"curies":[{"name":"wp","href":"https:\/\/api.w.org\/{rel}","templated":true}]}}